{"id":704,"date":"2018-01-25T14:26:17","date_gmt":"2018-01-25T13:26:17","guid":{"rendered":"http:\/\/knowlitge.de\/?page_id=704"},"modified":"2024-11-14T14:22:18","modified_gmt":"2024-11-14T13:22:18","slug":"anfahrt","status":"publish","type":"page","link":"https:\/\/knowlitge.de\/de\/anfahrt\/","title":{"rendered":"Anfahrt"},"content":{"rendered":"<p>knowlItge GmbH, Hornackerstr. 4, 53840 Troisdorf, Deutschland<\/p>\n","protected":false},"excerpt":{"rendered":"<p>knowlItge GmbH, Hornackerstr. 4, 53840 Troisdorf, Deutschland<\/p>\n","protected":false},"author":1,"featured_media":0,"parent":0,"menu_order":0,"comment_status":"closed","ping_status":"closed","template":"","meta":{"jetpack_post_was_ever_published":false,"footnotes":""},"class_list":["post-704","page","type-page","status-publish","hentry"],"translation":{"provider":"WPGlobus","version":"3.0.2","language":"de","enabled_languages":["en","de"],"languages":{"en":{"title":true,"content":true,"excerpt":false},"de":{"title":false,"content":false,"excerpt":false}}},"yoast_head":"<!-- This site is optimized with the Yoast SEO plugin v27.5 - https:\/\/yoast.com\/product\/yoast-seo-wordpress\/ -->\n<title>Anfahrt - knowlITge<\/title>\n<meta name=\"robots\" content=\"index, follow, max-snippet:-1, max-image-preview:large, max-video-preview:-1\" \/>\n<link rel=\"canonical\" href=\"https:\/\/knowlitge.de\/anfahrt\/\" \/>\n<meta property=\"og:locale\" content=\"de_DE\" \/>\n<meta property=\"og:type\" content=\"article\" \/>\n<meta property=\"og:title\" content=\"Anfahrt - knowlITge\" \/>\n<meta property=\"og:url\" content=\"https:\/\/knowlitge.de\/anfahrt\/\" \/>\n<meta property=\"og:site_name\" content=\"knowlITge\" \/>\n<meta property=\"article:modified_time\" content=\"2024-11-14T13:22:18+00:00\" \/>\n<meta name=\"twitter:card\" content=\"summary_large_image\" \/>\n<meta name=\"twitter:label1\" content=\"Gesch\u00e4tzte Lesezeit\" \/>\n\t<meta name=\"twitter:data1\" content=\"1\u00a0Minute\" \/>\n<script type=\"application\/ld+json\" class=\"yoast-schema-graph\">{\"@context\":\"https:\\\/\\\/schema.org\",\"@graph\":[{\"@type\":\"WebPage\",\"@id\":\"https:\\\/\\\/knowlitge.de\\\/anfahrt\\\/\",\"url\":\"https:\\\/\\\/knowlitge.de\\\/anfahrt\\\/\",\"name\":\"Anfahrt - knowlITge\",\"isPartOf\":{\"@id\":\"https:\\\/\\\/knowlitge.de\\\/#website\"},\"datePublished\":\"2018-01-25T13:26:17+00:00\",\"dateModified\":\"2024-11-14T13:22:18+00:00\",\"description\":\"knowlITge GmbH, K\u00f6ln \\\/ Bonn \\\/ Sankt Augustin - IT-Dienstleister seid \u00fcber 20 Jahren ! Docusnap, F-Secure, Gateprotect, Zabbix Softwarerentwicklung - VB.Net, Access Support - Windows, Linux, Drucker, Telefon, Cloud - Schulung, Workshop, Seminare, Beratung, Consulting\",\"breadcrumb\":{\"@id\":\"https:\\\/\\\/knowlitge.de\\\/anfahrt\\\/#breadcrumb\"},\"inLanguage\":\"de\",\"potentialAction\":[{\"@type\":\"ReadAction\",\"target\":[\"https:\\\/\\\/knowlitge.de\\\/anfahrt\\\/\"]}]},{\"@type\":\"BreadcrumbList\",\"@id\":\"https:\\\/\\\/knowlitge.de\\\/anfahrt\\\/#breadcrumb\",\"itemListElement\":[{\"@type\":\"ListItem\",\"position\":1,\"name\":\"Home\",\"item\":\"https:\\\/\\\/knowlitge.de\\\/\"},{\"@type\":\"ListItem\",\"position\":2,\"name\":\"Anfahrt\"}]},{\"@type\":\"WebSite\",\"@id\":\"https:\\\/\\\/knowlitge.de\\\/#website\",\"url\":\"https:\\\/\\\/knowlitge.de\\\/\",\"name\":\"knowlITge\",\"description\":\"IT Dienstleister\",\"potentialAction\":[{\"@type\":\"SearchAction\",\"target\":{\"@type\":\"EntryPoint\",\"urlTemplate\":\"https:\\\/\\\/knowlitge.de\\\/?s={search_term_string}\"},\"query-input\":{\"@type\":\"PropertyValueSpecification\",\"valueRequired\":true,\"valueName\":\"search_term_string\"}}],\"inLanguage\":\"de\"}]}<\/script>\n<!-- \/ Yoast SEO plugin. -->","yoast_head_json":{"title":"Anfahrt - knowlITge","robots":{"index":"index","follow":"follow","max-snippet":"max-snippet:-1","max-image-preview":"max-image-preview:large","max-video-preview":"max-video-preview:-1"},"canonical":"https:\/\/knowlitge.de\/anfahrt\/","og_locale":"de_DE","og_type":"article","og_title":"Anfahrt - knowlITge","og_url":"https:\/\/knowlitge.de\/anfahrt\/","og_site_name":"knowlITge","article_modified_time":"2024-11-14T13:22:18+00:00","twitter_card":"summary_large_image","twitter_misc":{"Gesch\u00e4tzte Lesezeit":"1\u00a0Minute"},"schema":{"@context":"https:\/\/schema.org","@graph":[{"@type":"WebPage","@id":"https:\/\/knowlitge.de\/anfahrt\/","url":"https:\/\/knowlitge.de\/anfahrt\/","name":"Anfahrt - knowlITge","isPartOf":{"@id":"https:\/\/knowlitge.de\/#website"},"datePublished":"2018-01-25T13:26:17+00:00","dateModified":"2024-11-14T13:22:18+00:00","description":"knowlITge GmbH, K\u00f6ln \/ Bonn \/ Sankt Augustin - IT-Dienstleister seid \u00fcber 20 Jahren ! Docusnap, F-Secure, Gateprotect, Zabbix Softwarerentwicklung - VB.Net, Access Support - Windows, Linux, Drucker, Telefon, Cloud - Schulung, Workshop, Seminare, Beratung, Consulting","breadcrumb":{"@id":"https:\/\/knowlitge.de\/anfahrt\/#breadcrumb"},"inLanguage":"de","potentialAction":[{"@type":"ReadAction","target":["https:\/\/knowlitge.de\/anfahrt\/"]}]},{"@type":"BreadcrumbList","@id":"https:\/\/knowlitge.de\/anfahrt\/#breadcrumb","itemListElement":[{"@type":"ListItem","position":1,"name":"Home","item":"https:\/\/knowlitge.de\/"},{"@type":"ListItem","position":2,"name":"Anfahrt"}]},{"@type":"WebSite","@id":"https:\/\/knowlitge.de\/#website","url":"https:\/\/knowlitge.de\/","name":"knowlITge","description":"IT Dienstleister","potentialAction":[{"@type":"SearchAction","target":{"@type":"EntryPoint","urlTemplate":"https:\/\/knowlitge.de\/?s={search_term_string}"},"query-input":{"@type":"PropertyValueSpecification","valueRequired":true,"valueName":"search_term_string"}}],"inLanguage":"de"}]}},"jetpack_sharing_enabled":false,"jetpack_shortlink":"https:\/\/wp.me\/P6NCzV-bm","jetpack-related-posts":[{"id":7,"url":"https:\/\/knowlitge.de\/de\/kontakt\/","url_meta":{"origin":704,"position":0},"title":"Was d\u00fcrfen wir f\u00fcr Sie tun ?","author":"dvladmin","date":"21. September 2015","format":false,"excerpt":"M\u00f6chten Sie weitere Informationen zu unseren Dienstleistungen oder Produkten haben? Oder ben\u00f6tigen Sie ein individuelles Angebot f\u00fcr eine Software-L\u00f6sung oder eine Schulung? Es stehen Ihnen folgende Kontaktm\u00f6glichkeiten zur Verf\u00fcgung. Wir freuen uns auf Ihre Nachricht ! Wir freuen uns auf das pers\u00f6nliche Gespr\u00e4ch mit Ihnen!","rel":"","context":"\u00c4hnlicher Beitrag","block_context":{"text":"\u00c4hnlicher Beitrag","link":""},"img":{"alt_text":"","src":"https:\/\/i0.wp.com\/knowlitge.de\/wp-content\/uploads\/2018\/01\/contact-us-2993000_1280.jpg?resize=350%2C200&ssl=1","width":350,"height":200,"srcset":"https:\/\/i0.wp.com\/knowlitge.de\/wp-content\/uploads\/2018\/01\/contact-us-2993000_1280.jpg?resize=350%2C200&ssl=1 1x, https:\/\/i0.wp.com\/knowlitge.de\/wp-content\/uploads\/2018\/01\/contact-us-2993000_1280.jpg?resize=525%2C300&ssl=1 1.5x, https:\/\/i0.wp.com\/knowlitge.de\/wp-content\/uploads\/2018\/01\/contact-us-2993000_1280.jpg?resize=700%2C400&ssl=1 2x, https:\/\/i0.wp.com\/knowlitge.de\/wp-content\/uploads\/2018\/01\/contact-us-2993000_1280.jpg?resize=1050%2C600&ssl=1 3x"},"classes":[]},{"id":10,"url":"https:\/\/knowlitge.de\/de\/impressum\/","url_meta":{"origin":704,"position":1},"title":"Impressum","author":"dvladmin","date":"21. September 2015","format":false,"excerpt":"knowlITge GmbH Sitz der Gesellschaft: 53840 Troisdorf . Hornackerstr. 4 Gesch\u00e4ftsf\u00fchrender Gesellschafter: Stefan Schreiner Telefon: 02241. 95581. 0 Telefax: 02241. 95581. 81 E-Mail: info@knowlitge.com AG Siegburg, HR B 7074 . Ust-IdNr.: DE215683362 Verantwortlich im Sinne des MDStV: Stefan Schreiner Quellenangaben f\u00fcr die verwendeten Bilder und Grafiken https:\/\/pixabay.com Lizenz: CC0 Public\u2026","rel":"","context":"\u00c4hnlicher Beitrag","block_context":{"text":"\u00c4hnlicher Beitrag","link":""},"img":{"alt_text":"","src":"","width":0,"height":0},"classes":[]},{"id":169,"url":"https:\/\/knowlitge.de\/de\/","url_meta":{"origin":704,"position":2},"title":"IT-Dienstleister f\u00fcr Unternehmen und \u00f6ffentliche Auftraggeber","author":"dvladmin","date":"7. Oktober 2015","format":false,"excerpt":"Die knowlITge GmbH bietet als langj\u00e4hriger IT-Dienstleister seit 1994 erfolgreich Dienstleistungen in den Bereichen IT-Support, IT-Infrastruktur, IT-Sicherheit, IT-Schulung und Cloud Computing an. Unternehmen, Verb\u00e4nde und \u00f6ffentliche Auftraggeber nutzen das Know-How des IT-System- und Beratungshauses mit Standorten in K\u00f6ln \/ Bonn \/ Sankt Augustin und Berlin. Mehr erfahren... Unsere aktualisierten Datenschutzbestimmungen\u2026","rel":"","context":"\u00c4hnlicher Beitrag","block_context":{"text":"\u00c4hnlicher Beitrag","link":""},"img":{"alt_text":"","src":"","width":0,"height":0},"classes":[]},{"id":15,"url":"https:\/\/knowlitge.de\/de\/ueber-uns\/","url_meta":{"origin":704,"position":3},"title":"\u00dcber uns","author":"dvladmin","date":"21. September 2015","format":false,"excerpt":"Die knowlITge GmbH bietet seit 1994 erfolgreich Dienstleistungen in den Bereichen IT-Support, IT-Infrastruktur, IT-Sicherheit, IT-Schulung und Cloud Computing an. Unternehmen, Verb\u00e4nde und \u00f6ffentliche Auftraggeber nutzen das Know-How des IT-System- und Beratungshauses mit Standorten in Bonn \/ Sankt Augustin und Berlin. Wir freuen uns \u00fcber Ihr Interesse an unserem Unternehmen. Haben\u2026","rel":"","context":"\u00c4hnlicher Beitrag","block_context":{"text":"\u00c4hnlicher Beitrag","link":""},"img":{"alt_text":"","src":"","width":0,"height":0},"classes":[]},{"id":475,"url":"https:\/\/knowlitge.de\/de\/it-schulung\/","url_meta":{"origin":704,"position":4},"title":"IT-Schulung","author":"dvladmin","date":"24. Januar 2018","format":false,"excerpt":"Individuelle Schulungen f\u00fcr Ihr Unternehmen Wir bieten Ihnen umfassende IT-Schulungen f\u00fcr Anf\u00e4nger und Profis aus den Bereichen Dokusnap, F-Secure, Team-Work und Microsoft an. Profitieren Sie vom Know-How langj\u00e4hriger Erfahrung unseres Teams. Wir freuen uns darauf, Ihnen in einem unserer IT-Trainings, Workshops oder Coachings unser Wissen zu vermitteln. Melden Sie sich\u2026","rel":"","context":"\u00c4hnlicher Beitrag","block_context":{"text":"\u00c4hnlicher Beitrag","link":""},"img":{"alt_text":"","src":"https:\/\/i0.wp.com\/knowlitge.de\/wp-content\/uploads\/2015\/10\/coaching-1400x300.png?resize=350%2C200&ssl=1","width":350,"height":200,"srcset":"https:\/\/i0.wp.com\/knowlitge.de\/wp-content\/uploads\/2015\/10\/coaching-1400x300.png?resize=350%2C200&ssl=1 1x, https:\/\/i0.wp.com\/knowlitge.de\/wp-content\/uploads\/2015\/10\/coaching-1400x300.png?resize=525%2C300&ssl=1 1.5x, https:\/\/i0.wp.com\/knowlitge.de\/wp-content\/uploads\/2015\/10\/coaching-1400x300.png?resize=700%2C400&ssl=1 2x, https:\/\/i0.wp.com\/knowlitge.de\/wp-content\/uploads\/2015\/10\/coaching-1400x300.png?resize=1050%2C600&ssl=1 3x, https:\/\/i0.wp.com\/knowlitge.de\/wp-content\/uploads\/2015\/10\/coaching-1400x300.png?resize=1400%2C800&ssl=1 4x"},"classes":[]},{"id":1378,"url":"https:\/\/knowlitge.de\/de\/test2\/","url_meta":{"origin":704,"position":5},"title":"TEST2","author":"dvladmin","date":"11. November 2019","format":false,"excerpt":"TEST","rel":"","context":"\u00c4hnlicher Beitrag","block_context":{"text":"\u00c4hnlicher Beitrag","link":""},"img":{"alt_text":"","src":"","width":0,"height":0},"classes":[]}],"_links":{"self":[{"href":"https:\/\/knowlitge.de\/de\/wp-json\/wp\/v2\/pages\/704","targetHints":{"allow":["GET"]}}],"collection":[{"href":"https:\/\/knowlitge.de\/de\/wp-json\/wp\/v2\/pages"}],"about":[{"href":"https:\/\/knowlitge.de\/de\/wp-json\/wp\/v2\/types\/page"}],"author":[{"embeddable":true,"href":"https:\/\/knowlitge.de\/de\/wp-json\/wp\/v2\/users\/1"}],"replies":[{"embeddable":true,"href":"https:\/\/knowlitge.de\/de\/wp-json\/wp\/v2\/comments?post=704"}],"version-history":[{"count":5,"href":"https:\/\/knowlitge.de\/de\/wp-json\/wp\/v2\/pages\/704\/revisions"}],"predecessor-version":[{"id":1478,"href":"https:\/\/knowlitge.de\/de\/wp-json\/wp\/v2\/pages\/704\/revisions\/1478"}],"wp:attachment":[{"href":"https:\/\/knowlitge.de\/de\/wp-json\/wp\/v2\/media?parent=704"}],"curies":[{"name":"wp","href":"https:\/\/api.w.org\/{rel}","templated":true}]}}