{"id":7,"date":"2015-09-21T14:11:19","date_gmt":"2015-09-21T12:11:19","guid":{"rendered":"http:\/\/144.76.215.140\/?page_id=7"},"modified":"2024-11-14T14:53:26","modified_gmt":"2024-11-14T13:53:26","slug":"kontakt","status":"publish","type":"page","link":"https:\/\/knowlitge.de\/de\/kontakt\/","title":{"rendered":"Was d\u00fcrfen wir f\u00fcr Sie tun ?"},"content":{"rendered":"<p>M\u00f6chten Sie weitere Informationen zu unseren Dienstleistungen oder Produkten haben? Oder ben\u00f6tigen Sie ein individuelles Angebot f\u00fcr eine Software-L\u00f6sung oder eine Schulung? Es stehen Ihnen folgende Kontaktm\u00f6glichkeiten zur Verf\u00fcgung. Wir freuen uns auf Ihre Nachricht !<\/p>\n<div  class=\"lgc-column lgc-grid-parent lgc-grid-40 lgc-tablet-grid-50 lgc-mobile-grid-100 lgc-equal-heights \"><div  class=\"inside-grid-column\">\n<p><a href=\"https:\/\/knowlitge.de\/kontakt\/\"><img data-recalc-dims=\"1\" loading=\"lazy\" decoding=\"async\" data-attachment-id=\"335\" data-permalink=\"https:\/\/knowlitge.de\/de\/kontakt\/contact-us-2993000_1280\/\" data-orig-file=\"https:\/\/i0.wp.com\/knowlitge.de\/wp-content\/uploads\/2018\/01\/contact-us-2993000_1280.jpg?fit=1280%2C847&amp;ssl=1\" data-orig-size=\"1280,847\" data-comments-opened=\"0\" data-image-meta=\"{&quot;aperture&quot;:&quot;0&quot;,&quot;credit&quot;:&quot;&quot;,&quot;camera&quot;:&quot;&quot;,&quot;caption&quot;:&quot;&quot;,&quot;created_timestamp&quot;:&quot;0&quot;,&quot;copyright&quot;:&quot;&quot;,&quot;focal_length&quot;:&quot;0&quot;,&quot;iso&quot;:&quot;0&quot;,&quot;shutter_speed&quot;:&quot;0&quot;,&quot;title&quot;:&quot;&quot;,&quot;orientation&quot;:&quot;0&quot;}\" data-image-title=\"contact-us-2993000_1280\" data-image-description=\"\" data-image-caption=\"\" data-large-file=\"https:\/\/i0.wp.com\/knowlitge.de\/wp-content\/uploads\/2018\/01\/contact-us-2993000_1280.jpg?fit=700%2C463&amp;ssl=1\" class=\"alignnone wp-image-335 \" src=\"https:\/\/i0.wp.com\/knowlitge.de\/wp-content\/uploads\/2018\/01\/contact-us-2993000_1280.jpg?resize=319%2C211&#038;ssl=1\" alt=\"\" width=\"319\" height=\"211\" \/><\/a><\/p>\n<p><\/p><\/div><\/div><div  class=\"lgc-column lgc-grid-parent lgc-grid-30 lgc-tablet-grid-50 lgc-mobile-grid-100 lgc-equal-heights \"><div  class=\"inside-grid-column\">\n<h5><span style=\"color: #808080;\">Firmensitz<\/span><\/h5>\n<p><strong>knowlITge GmbH<\/strong><br \/>\nHornackerstr. 4<br \/>\n53840 Troisdorf<\/p>\n<p><\/p><\/div><\/div><div  class=\"lgc-column lgc-grid-parent lgc-grid-30 lgc-tablet-grid-50 lgc-mobile-grid-100 lgc-equal-heights \"><div  class=\"inside-grid-column\">\n<h5><span style=\"color: #808080;\">Kommunikation<\/span><\/h5>\n<p>Telefon:<strong> +49 2241.95581.0<\/strong><br \/>\nTelefax:<strong> +49 2241.95581.81<\/strong><br \/>\nE-Mail:<strong> \u00a0 info@knowlitge.com<\/strong><\/p>\n<p><\/p><\/div><\/div>\n<p><strong>Wir freuen uns auf das pers\u00f6nliche Gespr\u00e4ch mit Ihnen!<\/strong><\/p>\n","protected":false},"excerpt":{"rendered":"<p>M\u00f6chten Sie weitere Informationen zu unseren Dienstleistungen oder Produkten haben? Oder ben\u00f6tigen Sie ein individuelles Angebot f\u00fcr eine Software-L\u00f6sung oder eine Schulung? Es stehen Ihnen folgende Kontaktm\u00f6glichkeiten zur Verf\u00fcgung. Wir freuen uns auf Ihre Nachricht ! Wir freuen uns auf<\/p>\n","protected":false},"author":1,"featured_media":0,"parent":0,"menu_order":0,"comment_status":"closed","ping_status":"closed","template":"","meta":{"jetpack_post_was_ever_published":false,"footnotes":""},"class_list":["post-7","page","type-page","status-publish","hentry"],"translation":{"provider":"WPGlobus","version":"3.0.2","language":"de","enabled_languages":["en","de"],"languages":{"en":{"title":true,"content":true,"excerpt":false},"de":{"title":false,"content":false,"excerpt":false}}},"yoast_head":"<!-- This site is optimized with the Yoast SEO plugin v27.5 - https:\/\/yoast.com\/product\/yoast-seo-wordpress\/ -->\n<title>Was d\u00fcrfen wir f\u00fcr Sie tun ? - knowlITge<\/title>\n<meta name=\"robots\" content=\"index, follow, max-snippet:-1, max-image-preview:large, max-video-preview:-1\" \/>\n<link rel=\"canonical\" href=\"https:\/\/knowlitge.de\/kontakt\/\" \/>\n<meta property=\"og:locale\" content=\"de_DE\" \/>\n<meta property=\"og:type\" content=\"article\" \/>\n<meta property=\"og:title\" content=\"Was d\u00fcrfen wir f\u00fcr Sie tun ? - knowlITge\" \/>\n<meta property=\"og:url\" content=\"https:\/\/knowlitge.de\/kontakt\/\" \/>\n<meta property=\"og:site_name\" content=\"knowlITge\" \/>\n<meta property=\"article:modified_time\" content=\"2024-11-14T13:53:26+00:00\" \/>\n<meta property=\"og:image\" content=\"https:\/\/knowlitge.de\/wp-content\/uploads\/2018\/01\/contact-us-2993000_1280.jpg\" \/>\n<meta name=\"twitter:card\" content=\"summary_large_image\" \/>\n<meta name=\"twitter:label1\" content=\"Gesch\u00e4tzte Lesezeit\" \/>\n\t<meta name=\"twitter:data1\" content=\"1\u00a0Minute\" \/>\n<script type=\"application\/ld+json\" class=\"yoast-schema-graph\">{\"@context\":\"https:\\\/\\\/schema.org\",\"@graph\":[{\"@type\":\"WebPage\",\"@id\":\"https:\\\/\\\/knowlitge.de\\\/kontakt\\\/\",\"url\":\"https:\\\/\\\/knowlitge.de\\\/kontakt\\\/\",\"name\":\"Was d\u00fcrfen wir f\u00fcr Sie tun ? - knowlITge\",\"isPartOf\":{\"@id\":\"https:\\\/\\\/knowlitge.de\\\/#website\"},\"primaryImageOfPage\":{\"@id\":\"https:\\\/\\\/knowlitge.de\\\/kontakt\\\/#primaryimage\"},\"image\":{\"@id\":\"https:\\\/\\\/knowlitge.de\\\/kontakt\\\/#primaryimage\"},\"thumbnailUrl\":\"https:\\\/\\\/knowlitge.de\\\/wp-content\\\/uploads\\\/2018\\\/01\\\/contact-us-2993000_1280.jpg\",\"datePublished\":\"2015-09-21T12:11:19+00:00\",\"dateModified\":\"2024-11-14T13:53:26+00:00\",\"description\":\"knowlITge GmbH, K\u00f6ln \\\/ Bonn \\\/ Sankt Augustin - IT-Dienstleister seid \u00fcber 20 Jahren ! Docusnap, F-Secure, Gateprotect, Zabbix Softwarerentwicklung - VB.Net, Access Support - Windows, Linux, Drucker, Telefon, Cloud - Schulung, Workshop, Seminare, Beratung, Consulting\",\"breadcrumb\":{\"@id\":\"https:\\\/\\\/knowlitge.de\\\/kontakt\\\/#breadcrumb\"},\"inLanguage\":\"de\",\"potentialAction\":[{\"@type\":\"ReadAction\",\"target\":[\"https:\\\/\\\/knowlitge.de\\\/kontakt\\\/\"]}]},{\"@type\":\"ImageObject\",\"inLanguage\":\"de\",\"@id\":\"https:\\\/\\\/knowlitge.de\\\/kontakt\\\/#primaryimage\",\"url\":\"https:\\\/\\\/knowlitge.de\\\/wp-content\\\/uploads\\\/2018\\\/01\\\/contact-us-2993000_1280.jpg\",\"contentUrl\":\"https:\\\/\\\/knowlitge.de\\\/wp-content\\\/uploads\\\/2018\\\/01\\\/contact-us-2993000_1280.jpg\"},{\"@type\":\"BreadcrumbList\",\"@id\":\"https:\\\/\\\/knowlitge.de\\\/kontakt\\\/#breadcrumb\",\"itemListElement\":[{\"@type\":\"ListItem\",\"position\":1,\"name\":\"Home\",\"item\":\"https:\\\/\\\/knowlitge.de\\\/\"},{\"@type\":\"ListItem\",\"position\":2,\"name\":\"Was d\u00fcrfen wir f\u00fcr Sie tun ?\"}]},{\"@type\":\"WebSite\",\"@id\":\"https:\\\/\\\/knowlitge.de\\\/#website\",\"url\":\"https:\\\/\\\/knowlitge.de\\\/\",\"name\":\"knowlITge\",\"description\":\"IT Dienstleister\",\"potentialAction\":[{\"@type\":\"SearchAction\",\"target\":{\"@type\":\"EntryPoint\",\"urlTemplate\":\"https:\\\/\\\/knowlitge.de\\\/?s={search_term_string}\"},\"query-input\":{\"@type\":\"PropertyValueSpecification\",\"valueRequired\":true,\"valueName\":\"search_term_string\"}}],\"inLanguage\":\"de\"}]}<\/script>\n<!-- \/ Yoast SEO plugin. -->","yoast_head_json":{"title":"Was d\u00fcrfen wir f\u00fcr Sie tun ? - knowlITge","robots":{"index":"index","follow":"follow","max-snippet":"max-snippet:-1","max-image-preview":"max-image-preview:large","max-video-preview":"max-video-preview:-1"},"canonical":"https:\/\/knowlitge.de\/kontakt\/","og_locale":"de_DE","og_type":"article","og_title":"Was d\u00fcrfen wir f\u00fcr Sie tun ? - knowlITge","og_url":"https:\/\/knowlitge.de\/kontakt\/","og_site_name":"knowlITge","article_modified_time":"2024-11-14T13:53:26+00:00","og_image":[{"url":"https:\/\/knowlitge.de\/wp-content\/uploads\/2018\/01\/contact-us-2993000_1280.jpg","type":"","width":"","height":""}],"twitter_card":"summary_large_image","twitter_misc":{"Gesch\u00e4tzte Lesezeit":"1\u00a0Minute"},"schema":{"@context":"https:\/\/schema.org","@graph":[{"@type":"WebPage","@id":"https:\/\/knowlitge.de\/kontakt\/","url":"https:\/\/knowlitge.de\/kontakt\/","name":"Was d\u00fcrfen wir f\u00fcr Sie tun ? - knowlITge","isPartOf":{"@id":"https:\/\/knowlitge.de\/#website"},"primaryImageOfPage":{"@id":"https:\/\/knowlitge.de\/kontakt\/#primaryimage"},"image":{"@id":"https:\/\/knowlitge.de\/kontakt\/#primaryimage"},"thumbnailUrl":"https:\/\/knowlitge.de\/wp-content\/uploads\/2018\/01\/contact-us-2993000_1280.jpg","datePublished":"2015-09-21T12:11:19+00:00","dateModified":"2024-11-14T13:53:26+00:00","description":"knowlITge GmbH, K\u00f6ln \/ Bonn \/ Sankt Augustin - IT-Dienstleister seid \u00fcber 20 Jahren ! Docusnap, F-Secure, Gateprotect, Zabbix Softwarerentwicklung - VB.Net, Access Support - Windows, Linux, Drucker, Telefon, Cloud - Schulung, Workshop, Seminare, Beratung, Consulting","breadcrumb":{"@id":"https:\/\/knowlitge.de\/kontakt\/#breadcrumb"},"inLanguage":"de","potentialAction":[{"@type":"ReadAction","target":["https:\/\/knowlitge.de\/kontakt\/"]}]},{"@type":"ImageObject","inLanguage":"de","@id":"https:\/\/knowlitge.de\/kontakt\/#primaryimage","url":"https:\/\/knowlitge.de\/wp-content\/uploads\/2018\/01\/contact-us-2993000_1280.jpg","contentUrl":"https:\/\/knowlitge.de\/wp-content\/uploads\/2018\/01\/contact-us-2993000_1280.jpg"},{"@type":"BreadcrumbList","@id":"https:\/\/knowlitge.de\/kontakt\/#breadcrumb","itemListElement":[{"@type":"ListItem","position":1,"name":"Home","item":"https:\/\/knowlitge.de\/"},{"@type":"ListItem","position":2,"name":"Was d\u00fcrfen wir f\u00fcr Sie tun ?"}]},{"@type":"WebSite","@id":"https:\/\/knowlitge.de\/#website","url":"https:\/\/knowlitge.de\/","name":"knowlITge","description":"IT Dienstleister","potentialAction":[{"@type":"SearchAction","target":{"@type":"EntryPoint","urlTemplate":"https:\/\/knowlitge.de\/?s={search_term_string}"},"query-input":{"@type":"PropertyValueSpecification","valueRequired":true,"valueName":"search_term_string"}}],"inLanguage":"de"}]}},"jetpack_sharing_enabled":false,"jetpack_shortlink":"https:\/\/wp.me\/P6NCzV-7","jetpack-related-posts":[{"id":423,"url":"https:\/\/knowlitge.de\/de\/drucker-management\/","url_meta":{"origin":7,"position":0},"title":"Drucker Management","author":"dvladmin","date":"23. Januar 2018","format":false,"excerpt":"Druckermanagement \u2013 das Rundum-Sorglos-Paket Delegieren Sie die l\u00e4stige Verantwortung rund um Druckerwartung, Druckerst\u00f6rung, Druckerreparatur und Verbrauchsmaterial. Mit unserem Drucker-Service erhalten Sie ein Rundum-Sorglos-Paket. So k\u00f6nnen Sie die Kosten f\u00fcr Ihre B\u00fcrotechnik vorteilhaft kalkulieren.","rel":"","context":"\u00c4hnlicher Beitrag","block_context":{"text":"\u00c4hnlicher Beitrag","link":""},"img":{"alt_text":"","src":"https:\/\/i0.wp.com\/knowlitge.de\/wp-content\/uploads\/2018\/01\/printer-790396_1920.jpg?resize=350%2C200&ssl=1","width":350,"height":200},"classes":[]},{"id":417,"url":"https:\/\/knowlitge.de\/de\/webseiten-entwicklung\/","url_meta":{"origin":7,"position":1},"title":"Webseiten entwickeln","author":"dvladmin","date":"23. Januar 2018","format":false,"excerpt":"Wir entwickeln und gestalten Ihre individuelle Webseite Wenn Unternehmen online gehen, dann sichern sie sich heute schon die Marktpl\u00e4tze von morgen. Wer mit seinem Betrieb, seinen Produkten und Dienstleistungen offline bleibt, der ist f\u00fcr potenzielle Kunden unsichtbar. Gute Internetseiten sind Visitenkarten im Netz. Untersch\u00e4tzen Sie daher nicht die Bedeutung \u2013\u2026","rel":"","context":"\u00c4hnlicher Beitrag","block_context":{"text":"\u00c4hnlicher Beitrag","link":""},"img":{"alt_text":"","src":"https:\/\/i0.wp.com\/knowlitge.de\/wp-content\/uploads\/2018\/01\/web-1668927_1920-sw.jpg?resize=350%2C200&ssl=1","width":350,"height":200},"classes":[]},{"id":421,"url":"https:\/\/knowlitge.de\/de\/dokumenten-management\/","url_meta":{"origin":7,"position":2},"title":"Dokumenten Management","author":"dvladmin","date":"23. Januar 2018","format":false,"excerpt":"Unterlagen sortieren und archivieren \u2013 einfach und effizient Die ordnungsgem\u00e4\u00dfe Buchf\u00fchrung umfasst nach gesetzlich vorgeschriebenen Aufbewahrungsfristen auch digitale Dokumente. F\u00fcr die t\u00e4gliche Dokumentensuche, das Unterlagen sortieren oder Gesch\u00e4ftsunterlagen aufbewahren, m\u00fcssen Ihre Mitarbeiter Aktenordner, Ablagen, E-Mail-Postf\u00e4cher und Festplatten durchsuchen. Mit einem Dokumenten Management System b\u00fcndeln Sie die Ablageorte Ihrer Gesch\u00e4ftsunterlagen, gestalten\u2026","rel":"","context":"\u00c4hnlicher Beitrag","block_context":{"text":"\u00c4hnlicher Beitrag","link":""},"img":{"alt_text":"","src":"https:\/\/i0.wp.com\/knowlitge.de\/wp-content\/uploads\/2018\/01\/data-bearer-1313000_1920.jpg?resize=350%2C200&ssl=1","width":350,"height":200,"srcset":"https:\/\/i0.wp.com\/knowlitge.de\/wp-content\/uploads\/2018\/01\/data-bearer-1313000_1920.jpg?resize=350%2C200&ssl=1 1x, https:\/\/i0.wp.com\/knowlitge.de\/wp-content\/uploads\/2018\/01\/data-bearer-1313000_1920.jpg?resize=525%2C300&ssl=1 1.5x, https:\/\/i0.wp.com\/knowlitge.de\/wp-content\/uploads\/2018\/01\/data-bearer-1313000_1920.jpg?resize=700%2C400&ssl=1 2x, https:\/\/i0.wp.com\/knowlitge.de\/wp-content\/uploads\/2018\/01\/data-bearer-1313000_1920.jpg?resize=1050%2C600&ssl=1 3x, https:\/\/i0.wp.com\/knowlitge.de\/wp-content\/uploads\/2018\/01\/data-bearer-1313000_1920.jpg?resize=1400%2C800&ssl=1 4x"},"classes":[]},{"id":436,"url":"https:\/\/knowlitge.de\/de\/anti-virus-management\/","url_meta":{"origin":7,"position":3},"title":"Anti-Virus Management","author":"dvladmin","date":"23. Januar 2018","format":false,"excerpt":"Dauerhafte Sicherheit f\u00fcr Ihre IT Es braucht keine t\u00e4glichen Meldungen \u00fcber die Bedrohungen durch Krypto-Trojaner oder Spyware, um Ihnen die Bedeutung eines professionellen Virenschutzes zu verdeutlichen. Schlie\u00dflich wissen Sie am besten, wie wertvoll der sichere Umgang mit Kundendaten, Lieferantenvertr\u00e4gen & Co. f\u00fcr Ihr Unternehmen ist. Mit dem Anti-Virus Management sorgen\u2026","rel":"","context":"\u00c4hnlicher Beitrag","block_context":{"text":"\u00c4hnlicher Beitrag","link":""},"img":{"alt_text":"","src":"https:\/\/i0.wp.com\/knowlitge.de\/wp-content\/uploads\/2018\/01\/antivirus.png?resize=350%2C200&ssl=1","width":350,"height":200},"classes":[]},{"id":433,"url":"https:\/\/knowlitge.de\/de\/it-sicherheitscheck\/","url_meta":{"origin":7,"position":4},"title":"IT-Sicherheitscheck","author":"dvladmin","date":"23. Januar 2018","format":false,"excerpt":"Sich sch\u00fctzen vor externe Risiken und Schwachstellen Ihre IT muss vor externen Risiken ebenso gesch\u00fctzt sein, wie vor internen Schwachstellen. Andernfalls haben Hacker ein leichtes Spiel und Probleme mit Ihrer Hardware und Software f\u00fchren zu unerw\u00fcnschten Ausf\u00e4llen in Ihrem Unternehmen. Mit dem IT-Sicherheits-Check pr\u00fcfen wir Ihre IT kostenlos auf m\u00f6gliche\u2026","rel":"","context":"\u00c4hnlicher Beitrag","block_context":{"text":"\u00c4hnlicher Beitrag","link":""},"img":{"alt_text":"","src":"https:\/\/i0.wp.com\/knowlitge.de\/wp-content\/uploads\/2018\/01\/sicherheit.png?resize=350%2C200&ssl=1","width":350,"height":200},"classes":[]},{"id":438,"url":"https:\/\/knowlitge.de\/de\/backup-management\/","url_meta":{"origin":7,"position":5},"title":"Backup Management","author":"dvladmin","date":"23. Januar 2018","format":false,"excerpt":"Datensicherung, so zuverl\u00e4ssig wie Sie In Ihrem Gesch\u00e4ftsalltag ist Vertrauen das h\u00f6chste Gut: Gegen\u00fcber Ihren Gesch\u00e4ftspartnern und Ihren Kunden genauso wie im Verh\u00e4ltnis zu Ihren Mitarbeitern. Ein Aspekt, auf denen dieses Vertrauen fu\u00dft, ist Ihre F\u00e4higkeit, die Sicherheit der Ihnen zur Verf\u00fcgung gestellten Daten jederzeit zu gew\u00e4hrleisten. Mit dem Backup\u2026","rel":"","context":"\u00c4hnlicher Beitrag","block_context":{"text":"\u00c4hnlicher Beitrag","link":""},"img":{"alt_text":"","src":"https:\/\/i0.wp.com\/knowlitge.de\/wp-content\/uploads\/2018\/01\/backup2.png?resize=350%2C200&ssl=1","width":350,"height":200},"classes":[]}],"_links":{"self":[{"href":"https:\/\/knowlitge.de\/de\/wp-json\/wp\/v2\/pages\/7","targetHints":{"allow":["GET"]}}],"collection":[{"href":"https:\/\/knowlitge.de\/de\/wp-json\/wp\/v2\/pages"}],"about":[{"href":"https:\/\/knowlitge.de\/de\/wp-json\/wp\/v2\/types\/page"}],"author":[{"embeddable":true,"href":"https:\/\/knowlitge.de\/de\/wp-json\/wp\/v2\/users\/1"}],"replies":[{"embeddable":true,"href":"https:\/\/knowlitge.de\/de\/wp-json\/wp\/v2\/comments?post=7"}],"version-history":[{"count":47,"href":"https:\/\/knowlitge.de\/de\/wp-json\/wp\/v2\/pages\/7\/revisions"}],"predecessor-version":[{"id":1480,"href":"https:\/\/knowlitge.de\/de\/wp-json\/wp\/v2\/pages\/7\/revisions\/1480"}],"wp:attachment":[{"href":"https:\/\/knowlitge.de\/de\/wp-json\/wp\/v2\/media?parent=7"}],"curies":[{"name":"wp","href":"https:\/\/api.w.org\/{rel}","templated":true}]}}