{"id":499,"date":"2018-01-24T12:40:26","date_gmt":"2018-01-24T11:40:26","guid":{"rendered":"http:\/\/knowlitge.de\/?page_id=499"},"modified":"2021-11-05T13:56:20","modified_gmt":"2021-11-05T12:56:20","slug":"das-team","status":"publish","type":"page","link":"https:\/\/knowlitge.de\/de\/das-team\/","title":{"rendered":"Das Team"},"content":{"rendered":"<p><strong>Stefan Schreiner<\/strong><br \/>\nManaging Director<br \/>\nTelefon: +49 2241.95581.10<br \/>\nE-Mail: <a href=\"mailto:schreiner@knowlitge.com\" target=\"_blank\" rel=\"noopener\">schreiner@knowlitge.com<\/a><\/p>\n<p><strong>Elke Schmidt<\/strong><br \/>\nFinanzbuchhaltung<br \/>\nTelefon: +49 2241.95581.11<br \/>\nE-Mail: <a href=\"mailto:schmidt@knowlitge.com\" target=\"_blank\" rel=\"noopener\">schmidt@knowlitge.com<\/a><\/p>\n<p><strong>Jens Okkenga<\/strong><br \/>\nSenior System Administrator<br \/>\nTelefon: +49 2241.95581.20<br \/>\nE-Mail: <a href=\"mailto:okkenga@knowlitge.com\" target=\"_blank\" rel=\"noopener\">okkenga@knowlitge.com<\/a><\/p>\n<p>Das Team erg\u00e4nzen wir regelm\u00e4\u00dfig um freie MitarbeiterInnen, die die besonderen Anforderungen unserer Kunden kennen und mit denen wir seit langem vertrauensvoll zusammenarbeiten.<\/p>\n","protected":false},"excerpt":{"rendered":"<p>Stefan Schreiner Managing Director Telefon: +49 2241.95581.10 E-Mail: schreiner@knowlitge.com Elke Schmidt Finanzbuchhaltung Telefon: +49 2241.95581.11 E-Mail: schmidt@knowlitge.com Jens Okkenga Senior System Administrator Telefon: +49 2241.95581.20 E-Mail: okkenga@knowlitge.com Das Team erg\u00e4nzen wir regelm\u00e4\u00dfig um freie MitarbeiterInnen, die die besonderen Anforderungen unserer<\/p>\n","protected":false},"author":1,"featured_media":0,"parent":0,"menu_order":0,"comment_status":"closed","ping_status":"closed","template":"","meta":{"jetpack_post_was_ever_published":false,"footnotes":""},"class_list":["post-499","page","type-page","status-publish","hentry"],"translation":{"provider":"WPGlobus","version":"3.0.2","language":"de","enabled_languages":["en","de"],"languages":{"en":{"title":true,"content":true,"excerpt":false},"de":{"title":false,"content":false,"excerpt":false}}},"yoast_head":"<!-- This site is optimized with the Yoast SEO plugin v27.5 - https:\/\/yoast.com\/product\/yoast-seo-wordpress\/ -->\n<title>Das Team - knowlITge<\/title>\n<meta name=\"robots\" content=\"index, follow, max-snippet:-1, max-image-preview:large, max-video-preview:-1\" \/>\n<link rel=\"canonical\" href=\"https:\/\/knowlitge.de\/das-team\/\" \/>\n<meta property=\"og:locale\" content=\"de_DE\" \/>\n<meta property=\"og:type\" content=\"article\" \/>\n<meta property=\"og:title\" content=\"Das Team - knowlITge\" \/>\n<meta property=\"og:url\" content=\"https:\/\/knowlitge.de\/das-team\/\" \/>\n<meta property=\"og:site_name\" content=\"knowlITge\" \/>\n<meta property=\"article:modified_time\" content=\"2021-11-05T12:56:20+00:00\" \/>\n<meta name=\"twitter:card\" content=\"summary_large_image\" \/>\n<meta name=\"twitter:label1\" content=\"Gesch\u00e4tzte Lesezeit\" \/>\n\t<meta name=\"twitter:data1\" content=\"1\u00a0Minute\" \/>\n<script type=\"application\/ld+json\" class=\"yoast-schema-graph\">{\"@context\":\"https:\\\/\\\/schema.org\",\"@graph\":[{\"@type\":\"WebPage\",\"@id\":\"https:\\\/\\\/knowlitge.de\\\/das-team\\\/\",\"url\":\"https:\\\/\\\/knowlitge.de\\\/das-team\\\/\",\"name\":\"Das Team - knowlITge\",\"isPartOf\":{\"@id\":\"https:\\\/\\\/knowlitge.de\\\/#website\"},\"datePublished\":\"2018-01-24T11:40:26+00:00\",\"dateModified\":\"2021-11-05T12:56:20+00:00\",\"description\":\"knowlITge GmbH, K\u00f6ln \\\/ Bonn \\\/ Sankt Augustin - IT-Dienstleister seid \u00fcber 20 Jahren ! Docusnap, F-Secure, Gateprotect, Zabbix Softwarerentwicklung - VB.Net, Access Support - Windows, Linux, Drucker, Telefon, Cloud - Schulung, Workshop, Seminare, Beratung, Consulting\",\"breadcrumb\":{\"@id\":\"https:\\\/\\\/knowlitge.de\\\/das-team\\\/#breadcrumb\"},\"inLanguage\":\"de\",\"potentialAction\":[{\"@type\":\"ReadAction\",\"target\":[\"https:\\\/\\\/knowlitge.de\\\/das-team\\\/\"]}]},{\"@type\":\"BreadcrumbList\",\"@id\":\"https:\\\/\\\/knowlitge.de\\\/das-team\\\/#breadcrumb\",\"itemListElement\":[{\"@type\":\"ListItem\",\"position\":1,\"name\":\"Home\",\"item\":\"https:\\\/\\\/knowlitge.de\\\/\"},{\"@type\":\"ListItem\",\"position\":2,\"name\":\"Das Team\"}]},{\"@type\":\"WebSite\",\"@id\":\"https:\\\/\\\/knowlitge.de\\\/#website\",\"url\":\"https:\\\/\\\/knowlitge.de\\\/\",\"name\":\"knowlITge\",\"description\":\"IT Dienstleister\",\"potentialAction\":[{\"@type\":\"SearchAction\",\"target\":{\"@type\":\"EntryPoint\",\"urlTemplate\":\"https:\\\/\\\/knowlitge.de\\\/?s={search_term_string}\"},\"query-input\":{\"@type\":\"PropertyValueSpecification\",\"valueRequired\":true,\"valueName\":\"search_term_string\"}}],\"inLanguage\":\"de\"}]}<\/script>\n<!-- \/ Yoast SEO plugin. -->","yoast_head_json":{"title":"Das Team - knowlITge","robots":{"index":"index","follow":"follow","max-snippet":"max-snippet:-1","max-image-preview":"max-image-preview:large","max-video-preview":"max-video-preview:-1"},"canonical":"https:\/\/knowlitge.de\/das-team\/","og_locale":"de_DE","og_type":"article","og_title":"Das Team - knowlITge","og_url":"https:\/\/knowlitge.de\/das-team\/","og_site_name":"knowlITge","article_modified_time":"2021-11-05T12:56:20+00:00","twitter_card":"summary_large_image","twitter_misc":{"Gesch\u00e4tzte Lesezeit":"1\u00a0Minute"},"schema":{"@context":"https:\/\/schema.org","@graph":[{"@type":"WebPage","@id":"https:\/\/knowlitge.de\/das-team\/","url":"https:\/\/knowlitge.de\/das-team\/","name":"Das Team - knowlITge","isPartOf":{"@id":"https:\/\/knowlitge.de\/#website"},"datePublished":"2018-01-24T11:40:26+00:00","dateModified":"2021-11-05T12:56:20+00:00","description":"knowlITge GmbH, K\u00f6ln \/ Bonn \/ Sankt Augustin - IT-Dienstleister seid \u00fcber 20 Jahren ! Docusnap, F-Secure, Gateprotect, Zabbix Softwarerentwicklung - VB.Net, Access Support - Windows, Linux, Drucker, Telefon, Cloud - Schulung, Workshop, Seminare, Beratung, Consulting","breadcrumb":{"@id":"https:\/\/knowlitge.de\/das-team\/#breadcrumb"},"inLanguage":"de","potentialAction":[{"@type":"ReadAction","target":["https:\/\/knowlitge.de\/das-team\/"]}]},{"@type":"BreadcrumbList","@id":"https:\/\/knowlitge.de\/das-team\/#breadcrumb","itemListElement":[{"@type":"ListItem","position":1,"name":"Home","item":"https:\/\/knowlitge.de\/"},{"@type":"ListItem","position":2,"name":"Das Team"}]},{"@type":"WebSite","@id":"https:\/\/knowlitge.de\/#website","url":"https:\/\/knowlitge.de\/","name":"knowlITge","description":"IT Dienstleister","potentialAction":[{"@type":"SearchAction","target":{"@type":"EntryPoint","urlTemplate":"https:\/\/knowlitge.de\/?s={search_term_string}"},"query-input":{"@type":"PropertyValueSpecification","valueRequired":true,"valueName":"search_term_string"}}],"inLanguage":"de"}]}},"jetpack_sharing_enabled":false,"jetpack_shortlink":"https:\/\/wp.me\/P6NCzV-83","jetpack-related-posts":[{"id":7,"url":"https:\/\/knowlitge.de\/de\/kontakt\/","url_meta":{"origin":499,"position":0},"title":"Was d\u00fcrfen wir f\u00fcr Sie tun ?","author":"dvladmin","date":"21. September 2015","format":false,"excerpt":"M\u00f6chten Sie weitere Informationen zu unseren Dienstleistungen oder Produkten haben? Oder ben\u00f6tigen Sie ein individuelles Angebot f\u00fcr eine Software-L\u00f6sung oder eine Schulung? Es stehen Ihnen folgende Kontaktm\u00f6glichkeiten zur Verf\u00fcgung. Wir freuen uns auf Ihre Nachricht ! Wir freuen uns auf das pers\u00f6nliche Gespr\u00e4ch mit Ihnen!","rel":"","context":"\u00c4hnlicher Beitrag","block_context":{"text":"\u00c4hnlicher Beitrag","link":""},"img":{"alt_text":"","src":"https:\/\/i0.wp.com\/knowlitge.de\/wp-content\/uploads\/2018\/01\/contact-us-2993000_1280.jpg?resize=350%2C200&ssl=1","width":350,"height":200,"srcset":"https:\/\/i0.wp.com\/knowlitge.de\/wp-content\/uploads\/2018\/01\/contact-us-2993000_1280.jpg?resize=350%2C200&ssl=1 1x, https:\/\/i0.wp.com\/knowlitge.de\/wp-content\/uploads\/2018\/01\/contact-us-2993000_1280.jpg?resize=525%2C300&ssl=1 1.5x, https:\/\/i0.wp.com\/knowlitge.de\/wp-content\/uploads\/2018\/01\/contact-us-2993000_1280.jpg?resize=700%2C400&ssl=1 2x, https:\/\/i0.wp.com\/knowlitge.de\/wp-content\/uploads\/2018\/01\/contact-us-2993000_1280.jpg?resize=1050%2C600&ssl=1 3x"},"classes":[]},{"id":475,"url":"https:\/\/knowlitge.de\/de\/it-schulung\/","url_meta":{"origin":499,"position":1},"title":"IT-Schulung","author":"dvladmin","date":"24. Januar 2018","format":false,"excerpt":"Individuelle Schulungen f\u00fcr Ihr Unternehmen Wir bieten Ihnen umfassende IT-Schulungen f\u00fcr Anf\u00e4nger und Profis aus den Bereichen Dokusnap, F-Secure, Team-Work und Microsoft an. Profitieren Sie vom Know-How langj\u00e4hriger Erfahrung unseres Teams. Wir freuen uns darauf, Ihnen in einem unserer IT-Trainings, Workshops oder Coachings unser Wissen zu vermitteln. Melden Sie sich\u2026","rel":"","context":"\u00c4hnlicher Beitrag","block_context":{"text":"\u00c4hnlicher Beitrag","link":""},"img":{"alt_text":"","src":"https:\/\/i0.wp.com\/knowlitge.de\/wp-content\/uploads\/2015\/10\/coaching-1400x300.png?resize=350%2C200&ssl=1","width":350,"height":200,"srcset":"https:\/\/i0.wp.com\/knowlitge.de\/wp-content\/uploads\/2015\/10\/coaching-1400x300.png?resize=350%2C200&ssl=1 1x, https:\/\/i0.wp.com\/knowlitge.de\/wp-content\/uploads\/2015\/10\/coaching-1400x300.png?resize=525%2C300&ssl=1 1.5x, https:\/\/i0.wp.com\/knowlitge.de\/wp-content\/uploads\/2015\/10\/coaching-1400x300.png?resize=700%2C400&ssl=1 2x, https:\/\/i0.wp.com\/knowlitge.de\/wp-content\/uploads\/2015\/10\/coaching-1400x300.png?resize=1050%2C600&ssl=1 3x, https:\/\/i0.wp.com\/knowlitge.de\/wp-content\/uploads\/2015\/10\/coaching-1400x300.png?resize=1400%2C800&ssl=1 4x"},"classes":[]},{"id":485,"url":"https:\/\/knowlitge.de\/de\/team-work\/","url_meta":{"origin":499,"position":2},"title":"Team-Work","author":"dvladmin","date":"24. Januar 2018","format":false,"excerpt":"Team-Work und Kollegialit\u00e4t steigert die Motivation Einleitung Die Spielregeln im Seminar \u201eDas klappt nie \u2026\u201c \u2013 verkrustete Strukturen anerkennen und gerade deshalb loslegen \u201eJeder\u201c, \u201eniemand\u201c, \u201eimmer\u201c, \u201enie\u201c \u2013 Diskussionskiller erkennen und vermeiden L\u00e4cheln \u2013 Ihre st\u00e4rkste Waffe und Motivationshilfe \u201eIch\u201c im Team Erwartungen und Bed\u00fcrfnisse Werte und Glaubenss\u00e4tze Selbstmotivation und\u2026","rel":"","context":"\u00c4hnlicher Beitrag","block_context":{"text":"\u00c4hnlicher Beitrag","link":""},"img":{"alt_text":"","src":"","width":0,"height":0},"classes":[]},{"id":10,"url":"https:\/\/knowlitge.de\/de\/impressum\/","url_meta":{"origin":499,"position":3},"title":"Impressum","author":"dvladmin","date":"21. September 2015","format":false,"excerpt":"knowlITge GmbH Sitz der Gesellschaft: 53840 Troisdorf . Hornackerstr. 4 Gesch\u00e4ftsf\u00fchrender Gesellschafter: Stefan Schreiner Telefon: 02241. 95581. 0 Telefax: 02241. 95581. 81 E-Mail: info@knowlitge.com AG Siegburg, HR B 7074 . Ust-IdNr.: DE215683362 Verantwortlich im Sinne des MDStV: Stefan Schreiner Quellenangaben f\u00fcr die verwendeten Bilder und Grafiken https:\/\/pixabay.com Lizenz: CC0 Public\u2026","rel":"","context":"\u00c4hnlicher Beitrag","block_context":{"text":"\u00c4hnlicher Beitrag","link":""},"img":{"alt_text":"","src":"","width":0,"height":0},"classes":[]},{"id":491,"url":"https:\/\/knowlitge.de\/de\/email-archivierung\/","url_meta":{"origin":499,"position":4},"title":"E-Mail Archivierung","author":"dvladmin","date":"24. Januar 2018","format":false,"excerpt":"Mails revisionssicher und benutzerfreundlich archivieren Alle Ihre E-Mails, bei denen es sich dem Charakter nach um digitale Versionen von Handelsbriefen handelt, sind \u00fcber 6 Jahre hinweg aufzubewahren. Besitzen Ihre E-Mails steuerrechtliche Relevanz, sind es sogar 10 Jahre. Soviel zur gesetzlichen Vorgabe. Jetzt haben Pflichten h\u00e4ufig die Eigenart, Einschr\u00e4nkungen mit sich\u2026","rel":"","context":"\u00c4hnlicher Beitrag","block_context":{"text":"\u00c4hnlicher Beitrag","link":""},"img":{"alt_text":"","src":"https:\/\/i0.wp.com\/knowlitge.de\/wp-content\/uploads\/2018\/02\/e-mail-in-cloud.png?resize=350%2C200&ssl=1","width":350,"height":200},"classes":[]},{"id":473,"url":"https:\/\/knowlitge.de\/de\/telefon-over-ip\/","url_meta":{"origin":499,"position":5},"title":"Telefon over IP","author":"dvladmin","date":"24. Januar 2018","format":false,"excerpt":"Verkn\u00fcpfung von PC und Telefon Eine moderne Telekommunikationsanlage bietet Ihnen mehr Flexibilit\u00e4t und kann Arbeitsprozesse deutlich effizienter gestalten. Grundlegend werden dabei zwei m\u00f6gliche Systeme unterschieden: die komplette Auslagerung der Telefonanlage in die Cloud oder die Nutzung eines hybriden Systems, das Ihre station\u00e4re Telefonanlage IP-f\u00e4hig macht und Ihnen so alle Anschlussm\u00f6glichkeiten\u2026","rel":"","context":"\u00c4hnlicher Beitrag","block_context":{"text":"\u00c4hnlicher Beitrag","link":""},"img":{"alt_text":"","src":"https:\/\/i0.wp.com\/knowlitge.de\/wp-content\/uploads\/2018\/01\/Telefon-over-ip.png?resize=350%2C200&ssl=1","width":350,"height":200},"classes":[]}],"_links":{"self":[{"href":"https:\/\/knowlitge.de\/de\/wp-json\/wp\/v2\/pages\/499","targetHints":{"allow":["GET"]}}],"collection":[{"href":"https:\/\/knowlitge.de\/de\/wp-json\/wp\/v2\/pages"}],"about":[{"href":"https:\/\/knowlitge.de\/de\/wp-json\/wp\/v2\/types\/page"}],"author":[{"embeddable":true,"href":"https:\/\/knowlitge.de\/de\/wp-json\/wp\/v2\/users\/1"}],"replies":[{"embeddable":true,"href":"https:\/\/knowlitge.de\/de\/wp-json\/wp\/v2\/comments?post=499"}],"version-history":[{"count":16,"href":"https:\/\/knowlitge.de\/de\/wp-json\/wp\/v2\/pages\/499\/revisions"}],"predecessor-version":[{"id":1417,"href":"https:\/\/knowlitge.de\/de\/wp-json\/wp\/v2\/pages\/499\/revisions\/1417"}],"wp:attachment":[{"href":"https:\/\/knowlitge.de\/de\/wp-json\/wp\/v2\/media?parent=499"}],"curies":[{"name":"wp","href":"https:\/\/api.w.org\/{rel}","templated":true}]}}