{"id":497,"date":"2018-01-24T12:39:16","date_gmt":"2018-01-24T11:39:16","guid":{"rendered":"http:\/\/knowlitge.de\/?page_id=497"},"modified":"2018-02-08T14:20:34","modified_gmt":"2018-02-08T13:20:34","slug":"firewall-in-der-cloud","status":"publish","type":"page","link":"https:\/\/knowlitge.de\/de\/firewall-in-der-cloud\/","title":{"rendered":"Firewall in der Cloud"},"content":{"rendered":"<h6>Unternehmensnetzwerk umfassend absichern<\/h6>\n<p>Wenn Sie mehrere Filialen\/Unternehmensstandorte besitzen, ist die Cloud Firewall eine ideale Erg\u00e4nzung. Gleiches gilt, wenn Sie von Ihrem Sitz aus auf Cloud-Dienste zur\u00fcckgreifen. Und das gilt auch, wenn Sie einen Teil Ihrer Infrastruktur in ein Rechenzentrum ausgelagert haben. Mit einer Firewall in der Cloud sch\u00fctzen Sie Ihr Netzwerk dort, wo sich Ihre Daten b\u00fcndeln. Nat\u00fcrlich k\u00f6nnen Sie auch weiterhin jeden Standort einzeln absichern. Allerdings scheint es deutlich effizienter, die Haust\u00fcr abzuschlie\u00dfen, als jedes einzelne Zimmer zu verriegeln.<\/p>\n<div  class=\"lgc-column lgc-grid-parent lgc-grid-20 lgc-tablet-grid-20 lgc-mobile-grid-100 lgc-equal-heights \"><div  class=\"inside-grid-column\"><img data-recalc-dims=\"1\" loading=\"lazy\" decoding=\"async\" data-attachment-id=\"714\" data-permalink=\"https:\/\/knowlitge.de\/de\/entwicklung-individueller-software\/laptop-2557586_1920\/\" data-orig-file=\"https:\/\/i0.wp.com\/knowlitge.de\/wp-content\/uploads\/2018\/01\/laptop-2557586_1920.jpg?fit=1920%2C1279&amp;ssl=1\" data-orig-size=\"1920,1279\" data-comments-opened=\"0\" data-image-meta=\"{&quot;aperture&quot;:&quot;0&quot;,&quot;credit&quot;:&quot;&quot;,&quot;camera&quot;:&quot;&quot;,&quot;caption&quot;:&quot;&quot;,&quot;created_timestamp&quot;:&quot;0&quot;,&quot;copyright&quot;:&quot;&quot;,&quot;focal_length&quot;:&quot;0&quot;,&quot;iso&quot;:&quot;0&quot;,&quot;shutter_speed&quot;:&quot;0&quot;,&quot;title&quot;:&quot;&quot;,&quot;orientation&quot;:&quot;0&quot;}\" data-image-title=\"laptop-2557586_1920\" data-image-description=\"\" data-image-caption=\"\" data-large-file=\"https:\/\/i0.wp.com\/knowlitge.de\/wp-content\/uploads\/2018\/01\/laptop-2557586_1920.jpg?fit=700%2C466&amp;ssl=1\" class=\"alignnone wp-image-714\" src=\"https:\/\/i0.wp.com\/knowlitge.de\/wp-content\/uploads\/2018\/02\/firewall-in-cloud-klein.png?resize=193%2C90&#038;ssl=1\" alt=\"\" width=\"193\" height=\"90\" \/><br \/>\n<\/div><\/div><div  class=\"lgc-column lgc-grid-parent lgc-grid-80 lgc-tablet-grid-80 lgc-mobile-grid-100 lgc-equal-heights \"><div  class=\"inside-grid-column\">\n<ul>\n<li class=\"col-xs-12 col-sm-4 col-md-12\">Zentrale Absicherung Ihres Firmennetzes: f\u00fcr jeden angeschlossenen Standort<\/li>\n<li class=\"col-xs-12 col-sm-4 col-md-12\">Die cloudbasierten Dienste Ihres Unternehmens werden maximal gesch\u00fctzt<\/li>\n<li class=\"col-xs-12 col-sm-4 col-md-12\">Kosteneffiziente Nutzung: Eine Lizenz erlaubt Zugriff auf alle Funktionen<\/li>\n<\/ul>\n<p><\/p><\/div><\/div>\n<h6>Netzwerksicherheit: Mehrere Standorte, eine Firewall<\/h6>\n<p>Die Firewall ist eines der zentralen Instrumente zur Absicherung Ihres Netzwerks vor unbefugten Zugriffen und Spam-Nachrichten. Nat\u00fcrlich sind weitere Ma\u00dfnahmen notwendig, um Ihre Unternehmens-IT dauerhaft umfassend vor Hacker-Angriffen und Schadsoftware zu sch\u00fctzen. Ist Ihre Firewall in der Cloud aber einmal fachm\u00e4nnisch eingerichtet, werden es Schadsoftware &amp; Co. deutlich schwerer haben, in Ihren Datenverkehr einzudringen. Profitieren Sie von der L\u00f6sung, die sich nahtlos in Ihre vernetzte Infrastruktur integrieren l\u00e4sst.<\/p>\n<div class=\"content_block\" id=\"custom_post_widget-1056\"><h4><span style=\"color: #808080;\">Unsere weiteren Cloud Computing Dienstleistungen<\/span><\/h4>\n<p>Die knowlITge GmbH bietet Ihnen ein ma\u00dfgeschneidertes Komplettpaket f\u00fcr Ihre IT an. Schauen Sie sich hier unsere weiteren Cloud Computing Dienstleistungen an. Weitere Informationen zu unseren Cloud Computing Dienstleistungen erhalten Sie auch hier: <a href=\"https:\/\/knowlitge.de\/Cloud-Computing\/\/\">Die sichere Komplett-L\u00f6sung f\u00fcr Ihr Unternehmen<\/a><\/p>\n<div  class=\"lgc-column lgc-grid-parent lgc-grid-25 lgc-tablet-grid-25 lgc-mobile-grid-100 lgc-equal-heights \"><div  class=\"inside-grid-column\">\n<p><figure id=\"attachment_714\" aria-describedby=\"caption-attachment-714\" style=\"width: 143px\" class=\"wp-caption alignnone\"><a href=\"https:\/\/knowlitge.de\/https:\/\/knowlitge.de\/EMail-Archivierung\/\"><img data-recalc-dims=\"1\" loading=\"lazy\" decoding=\"async\" data-attachment-id=\"714\" data-permalink=\"https:\/\/knowlitge.de\/de\/entwicklung-individueller-software\/laptop-2557586_1920\/\" data-orig-file=\"https:\/\/i0.wp.com\/knowlitge.de\/wp-content\/uploads\/2018\/01\/laptop-2557586_1920.jpg?fit=1920%2C1279&amp;ssl=1\" data-orig-size=\"1920,1279\" data-comments-opened=\"0\" data-image-meta=\"{&quot;aperture&quot;:&quot;0&quot;,&quot;credit&quot;:&quot;&quot;,&quot;camera&quot;:&quot;&quot;,&quot;caption&quot;:&quot;&quot;,&quot;created_timestamp&quot;:&quot;0&quot;,&quot;copyright&quot;:&quot;&quot;,&quot;focal_length&quot;:&quot;0&quot;,&quot;iso&quot;:&quot;0&quot;,&quot;shutter_speed&quot;:&quot;0&quot;,&quot;title&quot;:&quot;&quot;,&quot;orientation&quot;:&quot;0&quot;}\" data-image-title=\"laptop-2557586_1920\" data-image-description=\"\" data-image-caption=\"\" data-large-file=\"https:\/\/i0.wp.com\/knowlitge.de\/wp-content\/uploads\/2018\/01\/laptop-2557586_1920.jpg?fit=700%2C466&amp;ssl=1\" class=\"wp-image-714\" src=\"https:\/\/i0.wp.com\/knowlitge.de\/wp-content\/uploads\/2018\/02\/e-mail-in-cloud.png?resize=143%2C135&#038;ssl=1\" alt=\"\" width=\"143\" height=\"135\" \/><\/a><figcaption id=\"caption-attachment-714\" class=\"wp-caption-text\">E-Mail Archivierung in der Cloud<\/figcaption><\/figure><\/p>\n<p><\/p><\/div><\/div>\n<div  class=\"lgc-column lgc-grid-parent lgc-grid-25 lgc-tablet-grid-25 lgc-mobile-grid-100 lgc-equal-heights \"><div  class=\"inside-grid-column\">\n<p><figure id=\"attachment_714\" aria-describedby=\"caption-attachment-714\" style=\"width: 143px\" class=\"wp-caption alignnone\"><a href=\"https:\/\/knowlitge.de\/backup-in-der-cloud\/\"><img data-recalc-dims=\"1\" loading=\"lazy\" decoding=\"async\" data-attachment-id=\"714\" data-permalink=\"https:\/\/knowlitge.de\/de\/entwicklung-individueller-software\/laptop-2557586_1920\/\" data-orig-file=\"https:\/\/i0.wp.com\/knowlitge.de\/wp-content\/uploads\/2018\/01\/laptop-2557586_1920.jpg?fit=1920%2C1279&amp;ssl=1\" data-orig-size=\"1920,1279\" data-comments-opened=\"0\" data-image-meta=\"{&quot;aperture&quot;:&quot;0&quot;,&quot;credit&quot;:&quot;&quot;,&quot;camera&quot;:&quot;&quot;,&quot;caption&quot;:&quot;&quot;,&quot;created_timestamp&quot;:&quot;0&quot;,&quot;copyright&quot;:&quot;&quot;,&quot;focal_length&quot;:&quot;0&quot;,&quot;iso&quot;:&quot;0&quot;,&quot;shutter_speed&quot;:&quot;0&quot;,&quot;title&quot;:&quot;&quot;,&quot;orientation&quot;:&quot;0&quot;}\" data-image-title=\"laptop-2557586_1920\" data-image-description=\"\" data-image-caption=\"\" data-large-file=\"https:\/\/i0.wp.com\/knowlitge.de\/wp-content\/uploads\/2018\/01\/laptop-2557586_1920.jpg?fit=700%2C466&amp;ssl=1\" class=\"wp-image-714\" src=\"https:\/\/i0.wp.com\/knowlitge.de\/wp-content\/uploads\/2018\/02\/backup-in-cloud-klein.png?resize=143%2C135&#038;ssl=1\" alt=\"\" width=\"143\" height=\"135\" \/><\/a><figcaption id=\"caption-attachment-714\" class=\"wp-caption-text\">Backups in der Cloud<\/figcaption><\/figure><\/p>\n<p><\/p><\/div><\/div>\n<div  class=\"lgc-column lgc-grid-parent lgc-grid-25 lgc-tablet-grid-25 lgc-mobile-grid-100 lgc-equal-heights \"><div  class=\"inside-grid-column\">\n<p><figure id=\"attachment_714\" aria-describedby=\"caption-attachment-714\" style=\"width: 143px\" class=\"wp-caption alignnone\"><a href=\"https:\/\/knowlitge.de\/server-und-arbeitsplaetze-in-der-cloud\/\"><img data-recalc-dims=\"1\" loading=\"lazy\" decoding=\"async\" data-attachment-id=\"714\" data-permalink=\"https:\/\/knowlitge.de\/de\/entwicklung-individueller-software\/laptop-2557586_1920\/\" data-orig-file=\"https:\/\/i0.wp.com\/knowlitge.de\/wp-content\/uploads\/2018\/01\/laptop-2557586_1920.jpg?fit=1920%2C1279&amp;ssl=1\" data-orig-size=\"1920,1279\" data-comments-opened=\"0\" data-image-meta=\"{&quot;aperture&quot;:&quot;0&quot;,&quot;credit&quot;:&quot;&quot;,&quot;camera&quot;:&quot;&quot;,&quot;caption&quot;:&quot;&quot;,&quot;created_timestamp&quot;:&quot;0&quot;,&quot;copyright&quot;:&quot;&quot;,&quot;focal_length&quot;:&quot;0&quot;,&quot;iso&quot;:&quot;0&quot;,&quot;shutter_speed&quot;:&quot;0&quot;,&quot;title&quot;:&quot;&quot;,&quot;orientation&quot;:&quot;0&quot;}\" data-image-title=\"laptop-2557586_1920\" data-image-description=\"\" data-image-caption=\"\" data-large-file=\"https:\/\/i0.wp.com\/knowlitge.de\/wp-content\/uploads\/2018\/01\/laptop-2557586_1920.jpg?fit=700%2C466&amp;ssl=1\" class=\"wp-image-714\" src=\"https:\/\/i0.wp.com\/knowlitge.de\/wp-content\/uploads\/2018\/02\/server-in-cloud-klein.png?resize=143%2C135&#038;ssl=1\" alt=\"\" width=\"143\" height=\"135\" \/><\/a><figcaption id=\"caption-attachment-714\" class=\"wp-caption-text\">Server und Arbeitspl\u00e4tze<\/figcaption><\/figure><\/p>\n<p><\/p><\/div><\/div>\n<div  class=\"lgc-column lgc-grid-parent lgc-grid-25 lgc-tablet-grid-25 lgc-mobile-grid-100 lgc-equal-heights \"><div  class=\"inside-grid-column\">\n<p><figure id=\"attachment_714\" aria-describedby=\"caption-attachment-714\" style=\"width: 143px\" class=\"wp-caption alignnone\"><a href=\"https:\/\/knowlitge.de\/firewall-in-der-cloud\/\"><img data-recalc-dims=\"1\" loading=\"lazy\" decoding=\"async\" data-attachment-id=\"714\" data-permalink=\"https:\/\/knowlitge.de\/de\/entwicklung-individueller-software\/laptop-2557586_1920\/\" data-orig-file=\"https:\/\/i0.wp.com\/knowlitge.de\/wp-content\/uploads\/2018\/01\/laptop-2557586_1920.jpg?fit=1920%2C1279&amp;ssl=1\" data-orig-size=\"1920,1279\" data-comments-opened=\"0\" data-image-meta=\"{&quot;aperture&quot;:&quot;0&quot;,&quot;credit&quot;:&quot;&quot;,&quot;camera&quot;:&quot;&quot;,&quot;caption&quot;:&quot;&quot;,&quot;created_timestamp&quot;:&quot;0&quot;,&quot;copyright&quot;:&quot;&quot;,&quot;focal_length&quot;:&quot;0&quot;,&quot;iso&quot;:&quot;0&quot;,&quot;shutter_speed&quot;:&quot;0&quot;,&quot;title&quot;:&quot;&quot;,&quot;orientation&quot;:&quot;0&quot;}\" data-image-title=\"laptop-2557586_1920\" data-image-description=\"\" data-image-caption=\"\" data-large-file=\"https:\/\/i0.wp.com\/knowlitge.de\/wp-content\/uploads\/2018\/01\/laptop-2557586_1920.jpg?fit=700%2C466&amp;ssl=1\" class=\"wp-image-714\" src=\"https:\/\/i0.wp.com\/knowlitge.de\/wp-content\/uploads\/2018\/02\/firewall-in-cloud-klein.png?resize=143%2C135&#038;ssl=1\" alt=\"\" width=\"143\" height=\"135\" \/><\/a><figcaption id=\"caption-attachment-714\" class=\"wp-caption-text\">Firewall in der Cloud<\/figcaption><\/figure><\/p>\n<p><\/p><\/div><\/div>\n<h4><span style=\"color: #808080;\">Was d\u00fcrfen wir f\u00fcr Sie tun?<\/span><\/h4>\n<p>Kontaktieren Sie uns. Wir informieren und beraten Sie gerne: <a href=\"https:\/\/knowlitge.de\/kontakt\/\">Kontakt<\/a><\/p>\n<\/div>\n","protected":false},"excerpt":{"rendered":"<p>Unternehmensnetzwerk umfassend absichern Wenn Sie mehrere Filialen\/Unternehmensstandorte besitzen, ist die Cloud Firewall eine ideale Erg\u00e4nzung. Gleiches gilt, wenn Sie von Ihrem Sitz aus auf Cloud-Dienste zur\u00fcckgreifen. Und das gilt auch, wenn Sie einen Teil Ihrer Infrastruktur in ein Rechenzentrum ausgelagert<\/p>\n","protected":false},"author":1,"featured_media":0,"parent":0,"menu_order":0,"comment_status":"closed","ping_status":"closed","template":"","meta":{"jetpack_post_was_ever_published":false,"footnotes":""},"class_list":["post-497","page","type-page","status-publish","hentry"],"translation":{"provider":"WPGlobus","version":"3.0.2","language":"de","enabled_languages":["en","de"],"languages":{"en":{"title":true,"content":true,"excerpt":false},"de":{"title":false,"content":false,"excerpt":false}}},"yoast_head":"<!-- This site is optimized with the Yoast SEO plugin v27.4 - https:\/\/yoast.com\/product\/yoast-seo-wordpress\/ -->\n<title>Firewall in der Cloud - knowlITge<\/title>\n<meta name=\"robots\" content=\"index, follow, max-snippet:-1, max-image-preview:large, max-video-preview:-1\" \/>\n<link rel=\"canonical\" href=\"https:\/\/knowlitge.de\/firewall-in-der-cloud\/\" \/>\n<meta property=\"og:locale\" content=\"de_DE\" \/>\n<meta property=\"og:type\" content=\"article\" \/>\n<meta property=\"og:title\" content=\"Firewall in der Cloud - knowlITge\" \/>\n<meta property=\"og:url\" content=\"https:\/\/knowlitge.de\/firewall-in-der-cloud\/\" \/>\n<meta property=\"og:site_name\" content=\"knowlITge\" \/>\n<meta property=\"article:modified_time\" content=\"2018-02-08T13:20:34+00:00\" \/>\n<meta property=\"og:image\" content=\"https:\/\/knowlitge.de\/wp-content\/uploads\/2018\/02\/firewall-in-cloud-klein.png\" \/>\n<meta name=\"twitter:card\" content=\"summary_large_image\" \/>\n<meta name=\"twitter:label1\" content=\"Gesch\u00e4tzte Lesezeit\" \/>\n\t<meta name=\"twitter:data1\" content=\"1\u00a0Minute\" \/>\n<script type=\"application\/ld+json\" class=\"yoast-schema-graph\">{\"@context\":\"https:\\\/\\\/schema.org\",\"@graph\":[{\"@type\":\"WebPage\",\"@id\":\"https:\\\/\\\/knowlitge.de\\\/firewall-in-der-cloud\\\/\",\"url\":\"https:\\\/\\\/knowlitge.de\\\/firewall-in-der-cloud\\\/\",\"name\":\"Firewall in der Cloud - knowlITge\",\"isPartOf\":{\"@id\":\"https:\\\/\\\/knowlitge.de\\\/#website\"},\"primaryImageOfPage\":{\"@id\":\"https:\\\/\\\/knowlitge.de\\\/firewall-in-der-cloud\\\/#primaryimage\"},\"image\":{\"@id\":\"https:\\\/\\\/knowlitge.de\\\/firewall-in-der-cloud\\\/#primaryimage\"},\"thumbnailUrl\":\"https:\\\/\\\/knowlitge.de\\\/wp-content\\\/uploads\\\/2018\\\/02\\\/firewall-in-cloud-klein.png\",\"datePublished\":\"2018-01-24T11:39:16+00:00\",\"dateModified\":\"2018-02-08T13:20:34+00:00\",\"description\":\"knowlITge GmbH, K\u00f6ln \\\/ Bonn \\\/ Sankt Augustin - IT-Dienstleister seid \u00fcber 20 Jahren ! Docusnap, F-Secure, Gateprotect, Zabbix Softwarerentwicklung - VB.Net, Access Support - Windows, Linux, Drucker, Telefon, Cloud - Schulung, Workshop, Seminare, Beratung, Consulting\",\"breadcrumb\":{\"@id\":\"https:\\\/\\\/knowlitge.de\\\/firewall-in-der-cloud\\\/#breadcrumb\"},\"inLanguage\":\"de\",\"potentialAction\":[{\"@type\":\"ReadAction\",\"target\":[\"https:\\\/\\\/knowlitge.de\\\/firewall-in-der-cloud\\\/\"]}]},{\"@type\":\"ImageObject\",\"inLanguage\":\"de\",\"@id\":\"https:\\\/\\\/knowlitge.de\\\/firewall-in-der-cloud\\\/#primaryimage\",\"url\":\"https:\\\/\\\/knowlitge.de\\\/wp-content\\\/uploads\\\/2018\\\/02\\\/firewall-in-cloud-klein.png\",\"contentUrl\":\"https:\\\/\\\/knowlitge.de\\\/wp-content\\\/uploads\\\/2018\\\/02\\\/firewall-in-cloud-klein.png\"},{\"@type\":\"BreadcrumbList\",\"@id\":\"https:\\\/\\\/knowlitge.de\\\/firewall-in-der-cloud\\\/#breadcrumb\",\"itemListElement\":[{\"@type\":\"ListItem\",\"position\":1,\"name\":\"Home\",\"item\":\"https:\\\/\\\/knowlitge.de\\\/\"},{\"@type\":\"ListItem\",\"position\":2,\"name\":\"Firewall in der Cloud\"}]},{\"@type\":\"WebSite\",\"@id\":\"https:\\\/\\\/knowlitge.de\\\/#website\",\"url\":\"https:\\\/\\\/knowlitge.de\\\/\",\"name\":\"knowlITge\",\"description\":\"IT Dienstleister\",\"potentialAction\":[{\"@type\":\"SearchAction\",\"target\":{\"@type\":\"EntryPoint\",\"urlTemplate\":\"https:\\\/\\\/knowlitge.de\\\/?s={search_term_string}\"},\"query-input\":{\"@type\":\"PropertyValueSpecification\",\"valueRequired\":true,\"valueName\":\"search_term_string\"}}],\"inLanguage\":\"de\"}]}<\/script>\n<!-- \/ Yoast SEO plugin. -->","yoast_head_json":{"title":"Firewall in der Cloud - knowlITge","robots":{"index":"index","follow":"follow","max-snippet":"max-snippet:-1","max-image-preview":"max-image-preview:large","max-video-preview":"max-video-preview:-1"},"canonical":"https:\/\/knowlitge.de\/firewall-in-der-cloud\/","og_locale":"de_DE","og_type":"article","og_title":"Firewall in der Cloud - knowlITge","og_url":"https:\/\/knowlitge.de\/firewall-in-der-cloud\/","og_site_name":"knowlITge","article_modified_time":"2018-02-08T13:20:34+00:00","og_image":[{"url":"https:\/\/knowlitge.de\/wp-content\/uploads\/2018\/02\/firewall-in-cloud-klein.png","type":"","width":"","height":""}],"twitter_card":"summary_large_image","twitter_misc":{"Gesch\u00e4tzte Lesezeit":"1\u00a0Minute"},"schema":{"@context":"https:\/\/schema.org","@graph":[{"@type":"WebPage","@id":"https:\/\/knowlitge.de\/firewall-in-der-cloud\/","url":"https:\/\/knowlitge.de\/firewall-in-der-cloud\/","name":"Firewall in der Cloud - knowlITge","isPartOf":{"@id":"https:\/\/knowlitge.de\/#website"},"primaryImageOfPage":{"@id":"https:\/\/knowlitge.de\/firewall-in-der-cloud\/#primaryimage"},"image":{"@id":"https:\/\/knowlitge.de\/firewall-in-der-cloud\/#primaryimage"},"thumbnailUrl":"https:\/\/knowlitge.de\/wp-content\/uploads\/2018\/02\/firewall-in-cloud-klein.png","datePublished":"2018-01-24T11:39:16+00:00","dateModified":"2018-02-08T13:20:34+00:00","description":"knowlITge GmbH, K\u00f6ln \/ Bonn \/ Sankt Augustin - IT-Dienstleister seid \u00fcber 20 Jahren ! Docusnap, F-Secure, Gateprotect, Zabbix Softwarerentwicklung - VB.Net, Access Support - Windows, Linux, Drucker, Telefon, Cloud - Schulung, Workshop, Seminare, Beratung, Consulting","breadcrumb":{"@id":"https:\/\/knowlitge.de\/firewall-in-der-cloud\/#breadcrumb"},"inLanguage":"de","potentialAction":[{"@type":"ReadAction","target":["https:\/\/knowlitge.de\/firewall-in-der-cloud\/"]}]},{"@type":"ImageObject","inLanguage":"de","@id":"https:\/\/knowlitge.de\/firewall-in-der-cloud\/#primaryimage","url":"https:\/\/knowlitge.de\/wp-content\/uploads\/2018\/02\/firewall-in-cloud-klein.png","contentUrl":"https:\/\/knowlitge.de\/wp-content\/uploads\/2018\/02\/firewall-in-cloud-klein.png"},{"@type":"BreadcrumbList","@id":"https:\/\/knowlitge.de\/firewall-in-der-cloud\/#breadcrumb","itemListElement":[{"@type":"ListItem","position":1,"name":"Home","item":"https:\/\/knowlitge.de\/"},{"@type":"ListItem","position":2,"name":"Firewall in der Cloud"}]},{"@type":"WebSite","@id":"https:\/\/knowlitge.de\/#website","url":"https:\/\/knowlitge.de\/","name":"knowlITge","description":"IT Dienstleister","potentialAction":[{"@type":"SearchAction","target":{"@type":"EntryPoint","urlTemplate":"https:\/\/knowlitge.de\/?s={search_term_string}"},"query-input":{"@type":"PropertyValueSpecification","valueRequired":true,"valueName":"search_term_string"}}],"inLanguage":"de"}]}},"jetpack_sharing_enabled":false,"jetpack_shortlink":"https:\/\/wp.me\/P6NCzV-81","jetpack-related-posts":[{"id":440,"url":"https:\/\/knowlitge.de\/de\/firewall-management\/","url_meta":{"origin":497,"position":0},"title":"Firewall Management","author":"dvladmin","date":"23. Januar 2018","format":false,"excerpt":"Netzwerkschutz vor Attacken und Schadsoftware Es gibt zwei M\u00f6glichkeiten: Entweder Sie verzichten auf den Einsatz einer Hardware Firewall und setzen darauf, dass Hacker Ihr Unternehmen zuf\u00e4llig \u00fcbersehen und Ihre Mitarbeiter nur legitime Internetseiten ansteuern - oder Sie setzen auf ein konsequentes Firewall Management. Das sch\u00fctzt Ihr Netzwerk vor Attacken, filtert\u2026","rel":"","context":"\u00c4hnlicher Beitrag","block_context":{"text":"\u00c4hnlicher Beitrag","link":""},"img":{"alt_text":"","src":"https:\/\/i0.wp.com\/knowlitge.de\/wp-content\/uploads\/2018\/01\/firewall.png?resize=350%2C200&ssl=1","width":350,"height":200},"classes":[]},{"id":493,"url":"https:\/\/knowlitge.de\/de\/backup-in-der-cloud\/","url_meta":{"origin":497,"position":1},"title":"Backup in der Cloud","author":"dvladmin","date":"24. Januar 2018","format":false,"excerpt":"Cloud Backup: Ihr hochsicherer Datenspeicher Ihr Gesch\u00e4ft ist von Daten abh\u00e4ngig. Ob es die Rechnungsadressen Ihrer Kunden, die Arbeitspapiere Ihrer Mitarbeiter oder die Vertr\u00e4ge mit Lieferanten sind: Ein Verlust hat schnell gravierende Folgen. Viele L\u00f6sungen zur Sicherung dieser Dokumente setzen weiterhin auf eine lokale, in Ihrem Unternehmen platzierte Datensicherung. Das\u2026","rel":"","context":"\u00c4hnlicher Beitrag","block_context":{"text":"\u00c4hnlicher Beitrag","link":""},"img":{"alt_text":"","src":"https:\/\/i0.wp.com\/knowlitge.de\/wp-content\/uploads\/2018\/02\/backup-in-cloud-klein.png?resize=350%2C200&ssl=1","width":350,"height":200},"classes":[]},{"id":495,"url":"https:\/\/knowlitge.de\/de\/server-und-arbeitsplaetze-in-der-cloud\/","url_meta":{"origin":497,"position":2},"title":"Server und Arbeitspl\u00e4tze in der Cloud","author":"dvladmin","date":"24. Januar 2018","format":false,"excerpt":"Cloud Server: Die Alternative zur eigenen Infrastruktur Server erf\u00fcllen f\u00fcr Ihr Unternehmen wichtige Funktionen, keine Frage. Von der zentralen Datenverwaltung bis zur Verf\u00fcgungstellung von Dienstprogrammen und Ressourcen. Aber wissen Sie, ob Ihre Server im Unternehmen stehen m\u00fcssen? Eins ist klar: Ihre Server in die Cloud auszulagern, f\u00fchrt zu maximal flexiblen\u2026","rel":"","context":"\u00c4hnlicher Beitrag","block_context":{"text":"\u00c4hnlicher Beitrag","link":""},"img":{"alt_text":"","src":"https:\/\/i0.wp.com\/knowlitge.de\/wp-content\/uploads\/2018\/02\/server-in-cloud-klein.png?resize=350%2C200&ssl=1","width":350,"height":200},"classes":[]},{"id":491,"url":"https:\/\/knowlitge.de\/de\/email-archivierung\/","url_meta":{"origin":497,"position":3},"title":"E-Mail Archivierung","author":"dvladmin","date":"24. Januar 2018","format":false,"excerpt":"Mails revisionssicher und benutzerfreundlich archivieren Alle Ihre E-Mails, bei denen es sich dem Charakter nach um digitale Versionen von Handelsbriefen handelt, sind \u00fcber 6 Jahre hinweg aufzubewahren. Besitzen Ihre E-Mails steuerrechtliche Relevanz, sind es sogar 10 Jahre. Soviel zur gesetzlichen Vorgabe. Jetzt haben Pflichten h\u00e4ufig die Eigenart, Einschr\u00e4nkungen mit sich\u2026","rel":"","context":"\u00c4hnlicher Beitrag","block_context":{"text":"\u00c4hnlicher Beitrag","link":""},"img":{"alt_text":"","src":"https:\/\/i0.wp.com\/knowlitge.de\/wp-content\/uploads\/2018\/02\/e-mail-in-cloud.png?resize=350%2C200&ssl=1","width":350,"height":200},"classes":[]},{"id":473,"url":"https:\/\/knowlitge.de\/de\/telefon-over-ip\/","url_meta":{"origin":497,"position":4},"title":"Telefon over IP","author":"dvladmin","date":"24. Januar 2018","format":false,"excerpt":"Verkn\u00fcpfung von PC und Telefon Eine moderne Telekommunikationsanlage bietet Ihnen mehr Flexibilit\u00e4t und kann Arbeitsprozesse deutlich effizienter gestalten. Grundlegend werden dabei zwei m\u00f6gliche Systeme unterschieden: die komplette Auslagerung der Telefonanlage in die Cloud oder die Nutzung eines hybriden Systems, das Ihre station\u00e4re Telefonanlage IP-f\u00e4hig macht und Ihnen so alle Anschlussm\u00f6glichkeiten\u2026","rel":"","context":"\u00c4hnlicher Beitrag","block_context":{"text":"\u00c4hnlicher Beitrag","link":""},"img":{"alt_text":"","src":"https:\/\/i0.wp.com\/knowlitge.de\/wp-content\/uploads\/2018\/01\/Telefon-over-ip.png?resize=350%2C200&ssl=1","width":350,"height":200},"classes":[]},{"id":433,"url":"https:\/\/knowlitge.de\/de\/it-sicherheitscheck\/","url_meta":{"origin":497,"position":5},"title":"IT-Sicherheitscheck","author":"dvladmin","date":"23. Januar 2018","format":false,"excerpt":"Sich sch\u00fctzen vor externe Risiken und Schwachstellen Ihre IT muss vor externen Risiken ebenso gesch\u00fctzt sein, wie vor internen Schwachstellen. Andernfalls haben Hacker ein leichtes Spiel und Probleme mit Ihrer Hardware und Software f\u00fchren zu unerw\u00fcnschten Ausf\u00e4llen in Ihrem Unternehmen. Mit dem IT-Sicherheits-Check pr\u00fcfen wir Ihre IT kostenlos auf m\u00f6gliche\u2026","rel":"","context":"\u00c4hnlicher Beitrag","block_context":{"text":"\u00c4hnlicher Beitrag","link":""},"img":{"alt_text":"","src":"https:\/\/i0.wp.com\/knowlitge.de\/wp-content\/uploads\/2018\/01\/sicherheit.png?resize=350%2C200&ssl=1","width":350,"height":200},"classes":[]}],"_links":{"self":[{"href":"https:\/\/knowlitge.de\/de\/wp-json\/wp\/v2\/pages\/497","targetHints":{"allow":["GET"]}}],"collection":[{"href":"https:\/\/knowlitge.de\/de\/wp-json\/wp\/v2\/pages"}],"about":[{"href":"https:\/\/knowlitge.de\/de\/wp-json\/wp\/v2\/types\/page"}],"author":[{"embeddable":true,"href":"https:\/\/knowlitge.de\/de\/wp-json\/wp\/v2\/users\/1"}],"replies":[{"embeddable":true,"href":"https:\/\/knowlitge.de\/de\/wp-json\/wp\/v2\/comments?post=497"}],"version-history":[{"count":9,"href":"https:\/\/knowlitge.de\/de\/wp-json\/wp\/v2\/pages\/497\/revisions"}],"predecessor-version":[{"id":1183,"href":"https:\/\/knowlitge.de\/de\/wp-json\/wp\/v2\/pages\/497\/revisions\/1183"}],"wp:attachment":[{"href":"https:\/\/knowlitge.de\/de\/wp-json\/wp\/v2\/media?parent=497"}],"curies":[{"name":"wp","href":"https:\/\/api.w.org\/{rel}","templated":true}]}}