{"id":495,"date":"2018-01-24T12:38:29","date_gmt":"2018-01-24T11:38:29","guid":{"rendered":"http:\/\/knowlitge.de\/?page_id=495"},"modified":"2018-02-08T14:25:15","modified_gmt":"2018-02-08T13:25:15","slug":"server-und-arbeitsplaetze-in-der-cloud","status":"publish","type":"page","link":"https:\/\/knowlitge.de\/de\/server-und-arbeitsplaetze-in-der-cloud\/","title":{"rendered":"Server und Arbeitspl\u00e4tze in der Cloud"},"content":{"rendered":"<h6>Cloud Server: Die Alternative zur eigenen Infrastruktur<\/h6>\n<p>Server erf\u00fcllen f\u00fcr Ihr Unternehmen wichtige Funktionen, keine Frage. Von der zentralen Datenverwaltung bis zur Verf\u00fcgungstellung von Dienstprogrammen und Ressourcen. Aber wissen Sie, ob Ihre Server im Unternehmen stehen m\u00fcssen? Eins ist klar: Ihre Server in die Cloud auszulagern, f\u00fchrt zu maximal flexiblen Nutzungsszenarien. Ressourcen und Dienstleistungen k\u00f6nnen je nach Bedarf hinzu- oder wieder abbestellt werden. Zudem finden Betrieb und Betreuung k\u00fcnftig im Rechenzentrum statt. Die Folge: Gro\u00dfe Potenziale, Kosten einzusparen.<\/p>\n<div  class=\"lgc-column lgc-grid-parent lgc-grid-20 lgc-tablet-grid-20 lgc-mobile-grid-100 lgc-equal-heights \"><div  class=\"inside-grid-column\"><img data-recalc-dims=\"1\" loading=\"lazy\" decoding=\"async\" data-attachment-id=\"714\" data-permalink=\"https:\/\/knowlitge.de\/de\/entwicklung-individueller-software\/laptop-2557586_1920\/\" data-orig-file=\"https:\/\/i0.wp.com\/knowlitge.de\/wp-content\/uploads\/2018\/01\/laptop-2557586_1920.jpg?fit=1920%2C1279&amp;ssl=1\" data-orig-size=\"1920,1279\" data-comments-opened=\"0\" data-image-meta=\"{&quot;aperture&quot;:&quot;0&quot;,&quot;credit&quot;:&quot;&quot;,&quot;camera&quot;:&quot;&quot;,&quot;caption&quot;:&quot;&quot;,&quot;created_timestamp&quot;:&quot;0&quot;,&quot;copyright&quot;:&quot;&quot;,&quot;focal_length&quot;:&quot;0&quot;,&quot;iso&quot;:&quot;0&quot;,&quot;shutter_speed&quot;:&quot;0&quot;,&quot;title&quot;:&quot;&quot;,&quot;orientation&quot;:&quot;0&quot;}\" data-image-title=\"laptop-2557586_1920\" data-image-description=\"\" data-image-caption=\"\" data-large-file=\"https:\/\/i0.wp.com\/knowlitge.de\/wp-content\/uploads\/2018\/01\/laptop-2557586_1920.jpg?fit=700%2C466&amp;ssl=1\" class=\"alignnone wp-image-714\" src=\"https:\/\/i0.wp.com\/knowlitge.de\/wp-content\/uploads\/2018\/02\/server-in-cloud-klein.png?resize=193%2C90&#038;ssl=1\" alt=\"\" width=\"193\" height=\"90\" \/><br \/>\n<\/div><\/div><div  class=\"lgc-column lgc-grid-parent lgc-grid-80 lgc-tablet-grid-80 lgc-mobile-grid-100 lgc-equal-heights \"><div  class=\"inside-grid-column\">\n<ul>\n<li class=\"col-xs-12 col-sm-4 col-md-12\">Klare Kostensenkungen: Betrieb und Betreuung im Rechenzentrum<\/li>\n<li class=\"col-xs-12 col-sm-4 col-md-12\">H\u00f6chstm\u00f6gliche Flexibilit\u00e4t: Server-Ressourcen einfach nach Bedarf skalieren<\/li>\n<li class=\"col-xs-12 col-sm-4 col-md-12\">Volle Konzentration auf Ihr Gesch\u00e4ft: Betreuung der Server im Rechenzentrum<\/li>\n<\/ul>\n<p><\/p><\/div><\/div>\n<h6>Online arbeiten leicht gemacht: Die Cloud macht es m\u00f6glich<\/h6>\n<p>Einfach zusammen an Textdokumenten, Pr\u00e4sentationen und Tabellenkalkulationen arbeiten: Was lange Zeit nur unter widrigen Bedingungen oder gar nicht m\u00f6glich war, wird durch die Cloud jetzt stark vereinfacht. Anpassungen k\u00f6nnen in Echtzeit und f\u00fcr jeden sichtbar vorgenommen, Inhalte kommentiert werden. Und auch die Sicherung der Unterlagen findet nach jeder \u00c4nderung automatisch statt. Sorgen vor Stromausf\u00e4llen, Systemabst\u00fcrzen oder sonstigen Zwischenf\u00e4llen wird somit effektiv vorgebeugt. Der Zugriff auf Dateien ist durch die Nutzung der Cloud von jedem IT-System aus m\u00f6glich.<\/p>\n<ul>\n<li class=\"col-xs-12 col-sm-4 col-md-12\">Zugriff auf Ihre Unterlagen von jedem Ort, zu jeder Zeit<\/li>\n<li class=\"col-xs-12 col-sm-4 col-md-12\">Kooperation auf einem neuen Level: direkt gemeinsam an Dokumenten arbeiten<\/li>\n<li class=\"col-xs-12 col-sm-4 col-md-12\">Erweiterbarkeit zu jedem Zeitpunkt: Neue Mitarbeiter einfach hinzuf\u00fcgen<\/li>\n<\/ul>\n<div class=\"content_block\" id=\"custom_post_widget-1056\"><h4><span style=\"color: #808080;\">Unsere weiteren Cloud Computing Dienstleistungen<\/span><\/h4>\n<p>Die knowlITge GmbH bietet Ihnen ein ma\u00dfgeschneidertes Komplettpaket f\u00fcr Ihre IT an. Schauen Sie sich hier unsere weiteren Cloud Computing Dienstleistungen an. Weitere Informationen zu unseren Cloud Computing Dienstleistungen erhalten Sie auch hier: <a href=\"https:\/\/knowlitge.de\/Cloud-Computing\/\/\">Die sichere Komplett-L\u00f6sung f\u00fcr Ihr Unternehmen<\/a><\/p>\n<div  class=\"lgc-column lgc-grid-parent lgc-grid-25 lgc-tablet-grid-25 lgc-mobile-grid-100 lgc-equal-heights \"><div  class=\"inside-grid-column\">\n<p><figure id=\"attachment_714\" aria-describedby=\"caption-attachment-714\" style=\"width: 143px\" class=\"wp-caption alignnone\"><a href=\"https:\/\/knowlitge.de\/https:\/\/knowlitge.de\/EMail-Archivierung\/\"><img data-recalc-dims=\"1\" loading=\"lazy\" decoding=\"async\" data-attachment-id=\"714\" data-permalink=\"https:\/\/knowlitge.de\/de\/entwicklung-individueller-software\/laptop-2557586_1920\/\" data-orig-file=\"https:\/\/i0.wp.com\/knowlitge.de\/wp-content\/uploads\/2018\/01\/laptop-2557586_1920.jpg?fit=1920%2C1279&amp;ssl=1\" data-orig-size=\"1920,1279\" data-comments-opened=\"0\" data-image-meta=\"{&quot;aperture&quot;:&quot;0&quot;,&quot;credit&quot;:&quot;&quot;,&quot;camera&quot;:&quot;&quot;,&quot;caption&quot;:&quot;&quot;,&quot;created_timestamp&quot;:&quot;0&quot;,&quot;copyright&quot;:&quot;&quot;,&quot;focal_length&quot;:&quot;0&quot;,&quot;iso&quot;:&quot;0&quot;,&quot;shutter_speed&quot;:&quot;0&quot;,&quot;title&quot;:&quot;&quot;,&quot;orientation&quot;:&quot;0&quot;}\" data-image-title=\"laptop-2557586_1920\" data-image-description=\"\" data-image-caption=\"\" data-large-file=\"https:\/\/i0.wp.com\/knowlitge.de\/wp-content\/uploads\/2018\/01\/laptop-2557586_1920.jpg?fit=700%2C466&amp;ssl=1\" class=\"wp-image-714\" src=\"https:\/\/i0.wp.com\/knowlitge.de\/wp-content\/uploads\/2018\/02\/e-mail-in-cloud.png?resize=143%2C135&#038;ssl=1\" alt=\"\" width=\"143\" height=\"135\" \/><\/a><figcaption id=\"caption-attachment-714\" class=\"wp-caption-text\">E-Mail Archivierung in der Cloud<\/figcaption><\/figure><\/p>\n<p><\/p><\/div><\/div>\n<div  class=\"lgc-column lgc-grid-parent lgc-grid-25 lgc-tablet-grid-25 lgc-mobile-grid-100 lgc-equal-heights \"><div  class=\"inside-grid-column\">\n<p><figure id=\"attachment_714\" aria-describedby=\"caption-attachment-714\" style=\"width: 143px\" class=\"wp-caption alignnone\"><a href=\"https:\/\/knowlitge.de\/backup-in-der-cloud\/\"><img data-recalc-dims=\"1\" loading=\"lazy\" decoding=\"async\" data-attachment-id=\"714\" data-permalink=\"https:\/\/knowlitge.de\/de\/entwicklung-individueller-software\/laptop-2557586_1920\/\" data-orig-file=\"https:\/\/i0.wp.com\/knowlitge.de\/wp-content\/uploads\/2018\/01\/laptop-2557586_1920.jpg?fit=1920%2C1279&amp;ssl=1\" data-orig-size=\"1920,1279\" data-comments-opened=\"0\" data-image-meta=\"{&quot;aperture&quot;:&quot;0&quot;,&quot;credit&quot;:&quot;&quot;,&quot;camera&quot;:&quot;&quot;,&quot;caption&quot;:&quot;&quot;,&quot;created_timestamp&quot;:&quot;0&quot;,&quot;copyright&quot;:&quot;&quot;,&quot;focal_length&quot;:&quot;0&quot;,&quot;iso&quot;:&quot;0&quot;,&quot;shutter_speed&quot;:&quot;0&quot;,&quot;title&quot;:&quot;&quot;,&quot;orientation&quot;:&quot;0&quot;}\" data-image-title=\"laptop-2557586_1920\" data-image-description=\"\" data-image-caption=\"\" data-large-file=\"https:\/\/i0.wp.com\/knowlitge.de\/wp-content\/uploads\/2018\/01\/laptop-2557586_1920.jpg?fit=700%2C466&amp;ssl=1\" class=\"wp-image-714\" src=\"https:\/\/i0.wp.com\/knowlitge.de\/wp-content\/uploads\/2018\/02\/backup-in-cloud-klein.png?resize=143%2C135&#038;ssl=1\" alt=\"\" width=\"143\" height=\"135\" \/><\/a><figcaption id=\"caption-attachment-714\" class=\"wp-caption-text\">Backups in der Cloud<\/figcaption><\/figure><\/p>\n<p><\/p><\/div><\/div>\n<div  class=\"lgc-column lgc-grid-parent lgc-grid-25 lgc-tablet-grid-25 lgc-mobile-grid-100 lgc-equal-heights \"><div  class=\"inside-grid-column\">\n<p><figure id=\"attachment_714\" aria-describedby=\"caption-attachment-714\" style=\"width: 143px\" class=\"wp-caption alignnone\"><a href=\"https:\/\/knowlitge.de\/server-und-arbeitsplaetze-in-der-cloud\/\"><img data-recalc-dims=\"1\" loading=\"lazy\" decoding=\"async\" data-attachment-id=\"714\" data-permalink=\"https:\/\/knowlitge.de\/de\/entwicklung-individueller-software\/laptop-2557586_1920\/\" data-orig-file=\"https:\/\/i0.wp.com\/knowlitge.de\/wp-content\/uploads\/2018\/01\/laptop-2557586_1920.jpg?fit=1920%2C1279&amp;ssl=1\" data-orig-size=\"1920,1279\" data-comments-opened=\"0\" data-image-meta=\"{&quot;aperture&quot;:&quot;0&quot;,&quot;credit&quot;:&quot;&quot;,&quot;camera&quot;:&quot;&quot;,&quot;caption&quot;:&quot;&quot;,&quot;created_timestamp&quot;:&quot;0&quot;,&quot;copyright&quot;:&quot;&quot;,&quot;focal_length&quot;:&quot;0&quot;,&quot;iso&quot;:&quot;0&quot;,&quot;shutter_speed&quot;:&quot;0&quot;,&quot;title&quot;:&quot;&quot;,&quot;orientation&quot;:&quot;0&quot;}\" data-image-title=\"laptop-2557586_1920\" data-image-description=\"\" data-image-caption=\"\" data-large-file=\"https:\/\/i0.wp.com\/knowlitge.de\/wp-content\/uploads\/2018\/01\/laptop-2557586_1920.jpg?fit=700%2C466&amp;ssl=1\" class=\"wp-image-714\" src=\"https:\/\/i0.wp.com\/knowlitge.de\/wp-content\/uploads\/2018\/02\/server-in-cloud-klein.png?resize=143%2C135&#038;ssl=1\" alt=\"\" width=\"143\" height=\"135\" \/><\/a><figcaption id=\"caption-attachment-714\" class=\"wp-caption-text\">Server und Arbeitspl\u00e4tze<\/figcaption><\/figure><\/p>\n<p><\/p><\/div><\/div>\n<div  class=\"lgc-column lgc-grid-parent lgc-grid-25 lgc-tablet-grid-25 lgc-mobile-grid-100 lgc-equal-heights \"><div  class=\"inside-grid-column\">\n<p><figure id=\"attachment_714\" aria-describedby=\"caption-attachment-714\" style=\"width: 143px\" class=\"wp-caption alignnone\"><a href=\"https:\/\/knowlitge.de\/firewall-in-der-cloud\/\"><img data-recalc-dims=\"1\" loading=\"lazy\" decoding=\"async\" data-attachment-id=\"714\" data-permalink=\"https:\/\/knowlitge.de\/de\/entwicklung-individueller-software\/laptop-2557586_1920\/\" data-orig-file=\"https:\/\/i0.wp.com\/knowlitge.de\/wp-content\/uploads\/2018\/01\/laptop-2557586_1920.jpg?fit=1920%2C1279&amp;ssl=1\" data-orig-size=\"1920,1279\" data-comments-opened=\"0\" data-image-meta=\"{&quot;aperture&quot;:&quot;0&quot;,&quot;credit&quot;:&quot;&quot;,&quot;camera&quot;:&quot;&quot;,&quot;caption&quot;:&quot;&quot;,&quot;created_timestamp&quot;:&quot;0&quot;,&quot;copyright&quot;:&quot;&quot;,&quot;focal_length&quot;:&quot;0&quot;,&quot;iso&quot;:&quot;0&quot;,&quot;shutter_speed&quot;:&quot;0&quot;,&quot;title&quot;:&quot;&quot;,&quot;orientation&quot;:&quot;0&quot;}\" data-image-title=\"laptop-2557586_1920\" data-image-description=\"\" data-image-caption=\"\" data-large-file=\"https:\/\/i0.wp.com\/knowlitge.de\/wp-content\/uploads\/2018\/01\/laptop-2557586_1920.jpg?fit=700%2C466&amp;ssl=1\" class=\"wp-image-714\" src=\"https:\/\/i0.wp.com\/knowlitge.de\/wp-content\/uploads\/2018\/02\/firewall-in-cloud-klein.png?resize=143%2C135&#038;ssl=1\" alt=\"\" width=\"143\" height=\"135\" \/><\/a><figcaption id=\"caption-attachment-714\" class=\"wp-caption-text\">Firewall in der Cloud<\/figcaption><\/figure><\/p>\n<p><\/p><\/div><\/div>\n<h4><span style=\"color: #808080;\">Was d\u00fcrfen wir f\u00fcr Sie tun?<\/span><\/h4>\n<p>Kontaktieren Sie uns. Wir informieren und beraten Sie gerne: <a href=\"https:\/\/knowlitge.de\/kontakt\/\">Kontakt<\/a><\/p>\n<\/div>\n","protected":false},"excerpt":{"rendered":"<p>Cloud Server: Die Alternative zur eigenen Infrastruktur Server erf\u00fcllen f\u00fcr Ihr Unternehmen wichtige Funktionen, keine Frage. Von der zentralen Datenverwaltung bis zur Verf\u00fcgungstellung von Dienstprogrammen und Ressourcen. Aber wissen Sie, ob Ihre Server im Unternehmen stehen m\u00fcssen? Eins ist klar:<\/p>\n","protected":false},"author":1,"featured_media":0,"parent":0,"menu_order":0,"comment_status":"closed","ping_status":"closed","template":"","meta":{"jetpack_post_was_ever_published":false,"footnotes":""},"class_list":["post-495","page","type-page","status-publish","hentry"],"translation":{"provider":"WPGlobus","version":"3.0.2","language":"de","enabled_languages":["en","de"],"languages":{"en":{"title":true,"content":true,"excerpt":false},"de":{"title":false,"content":false,"excerpt":false}}},"yoast_head":"<!-- This site is optimized with the Yoast SEO plugin v27.4 - https:\/\/yoast.com\/product\/yoast-seo-wordpress\/ -->\n<title>Server und Arbeitspl\u00e4tze in der Cloud - knowlITge<\/title>\n<meta name=\"robots\" content=\"index, follow, max-snippet:-1, max-image-preview:large, max-video-preview:-1\" \/>\n<link rel=\"canonical\" href=\"https:\/\/knowlitge.de\/server-und-arbeitsplaetze-in-der-cloud\/\" \/>\n<meta property=\"og:locale\" content=\"de_DE\" \/>\n<meta property=\"og:type\" content=\"article\" \/>\n<meta property=\"og:title\" content=\"Server und Arbeitspl\u00e4tze in der Cloud - knowlITge\" \/>\n<meta property=\"og:url\" content=\"https:\/\/knowlitge.de\/server-und-arbeitsplaetze-in-der-cloud\/\" \/>\n<meta property=\"og:site_name\" content=\"knowlITge\" \/>\n<meta property=\"article:modified_time\" content=\"2018-02-08T13:25:15+00:00\" \/>\n<meta property=\"og:image\" content=\"https:\/\/knowlitge.de\/wp-content\/uploads\/2018\/02\/server-in-cloud-klein.png\" \/>\n<meta name=\"twitter:card\" content=\"summary_large_image\" \/>\n<meta name=\"twitter:label1\" content=\"Gesch\u00e4tzte Lesezeit\" \/>\n\t<meta name=\"twitter:data1\" content=\"1\u00a0Minute\" \/>\n<script type=\"application\/ld+json\" class=\"yoast-schema-graph\">{\"@context\":\"https:\\\/\\\/schema.org\",\"@graph\":[{\"@type\":\"WebPage\",\"@id\":\"https:\\\/\\\/knowlitge.de\\\/server-und-arbeitsplaetze-in-der-cloud\\\/\",\"url\":\"https:\\\/\\\/knowlitge.de\\\/server-und-arbeitsplaetze-in-der-cloud\\\/\",\"name\":\"Server und Arbeitspl\u00e4tze in der Cloud - knowlITge\",\"isPartOf\":{\"@id\":\"https:\\\/\\\/knowlitge.de\\\/#website\"},\"primaryImageOfPage\":{\"@id\":\"https:\\\/\\\/knowlitge.de\\\/server-und-arbeitsplaetze-in-der-cloud\\\/#primaryimage\"},\"image\":{\"@id\":\"https:\\\/\\\/knowlitge.de\\\/server-und-arbeitsplaetze-in-der-cloud\\\/#primaryimage\"},\"thumbnailUrl\":\"https:\\\/\\\/knowlitge.de\\\/wp-content\\\/uploads\\\/2018\\\/02\\\/server-in-cloud-klein.png\",\"datePublished\":\"2018-01-24T11:38:29+00:00\",\"dateModified\":\"2018-02-08T13:25:15+00:00\",\"description\":\"knowlITge GmbH, K\u00f6ln \\\/ Bonn \\\/ Sankt Augustin - IT-Dienstleister seid \u00fcber 20 Jahren ! Docusnap, F-Secure, Gateprotect, Zabbix Softwarerentwicklung - VB.Net, Access Support - Windows, Linux, Drucker, Telefon, Cloud - Schulung, Workshop, Seminare, Beratung, Consulting\",\"breadcrumb\":{\"@id\":\"https:\\\/\\\/knowlitge.de\\\/server-und-arbeitsplaetze-in-der-cloud\\\/#breadcrumb\"},\"inLanguage\":\"de\",\"potentialAction\":[{\"@type\":\"ReadAction\",\"target\":[\"https:\\\/\\\/knowlitge.de\\\/server-und-arbeitsplaetze-in-der-cloud\\\/\"]}]},{\"@type\":\"ImageObject\",\"inLanguage\":\"de\",\"@id\":\"https:\\\/\\\/knowlitge.de\\\/server-und-arbeitsplaetze-in-der-cloud\\\/#primaryimage\",\"url\":\"https:\\\/\\\/knowlitge.de\\\/wp-content\\\/uploads\\\/2018\\\/02\\\/server-in-cloud-klein.png\",\"contentUrl\":\"https:\\\/\\\/knowlitge.de\\\/wp-content\\\/uploads\\\/2018\\\/02\\\/server-in-cloud-klein.png\"},{\"@type\":\"BreadcrumbList\",\"@id\":\"https:\\\/\\\/knowlitge.de\\\/server-und-arbeitsplaetze-in-der-cloud\\\/#breadcrumb\",\"itemListElement\":[{\"@type\":\"ListItem\",\"position\":1,\"name\":\"Home\",\"item\":\"https:\\\/\\\/knowlitge.de\\\/\"},{\"@type\":\"ListItem\",\"position\":2,\"name\":\"Server und Arbeitspl\u00e4tze in der Cloud\"}]},{\"@type\":\"WebSite\",\"@id\":\"https:\\\/\\\/knowlitge.de\\\/#website\",\"url\":\"https:\\\/\\\/knowlitge.de\\\/\",\"name\":\"knowlITge\",\"description\":\"IT Dienstleister\",\"potentialAction\":[{\"@type\":\"SearchAction\",\"target\":{\"@type\":\"EntryPoint\",\"urlTemplate\":\"https:\\\/\\\/knowlitge.de\\\/?s={search_term_string}\"},\"query-input\":{\"@type\":\"PropertyValueSpecification\",\"valueRequired\":true,\"valueName\":\"search_term_string\"}}],\"inLanguage\":\"de\"}]}<\/script>\n<!-- \/ Yoast SEO plugin. -->","yoast_head_json":{"title":"Server und Arbeitspl\u00e4tze in der Cloud - knowlITge","robots":{"index":"index","follow":"follow","max-snippet":"max-snippet:-1","max-image-preview":"max-image-preview:large","max-video-preview":"max-video-preview:-1"},"canonical":"https:\/\/knowlitge.de\/server-und-arbeitsplaetze-in-der-cloud\/","og_locale":"de_DE","og_type":"article","og_title":"Server und Arbeitspl\u00e4tze in der Cloud - knowlITge","og_url":"https:\/\/knowlitge.de\/server-und-arbeitsplaetze-in-der-cloud\/","og_site_name":"knowlITge","article_modified_time":"2018-02-08T13:25:15+00:00","og_image":[{"url":"https:\/\/knowlitge.de\/wp-content\/uploads\/2018\/02\/server-in-cloud-klein.png","type":"","width":"","height":""}],"twitter_card":"summary_large_image","twitter_misc":{"Gesch\u00e4tzte Lesezeit":"1\u00a0Minute"},"schema":{"@context":"https:\/\/schema.org","@graph":[{"@type":"WebPage","@id":"https:\/\/knowlitge.de\/server-und-arbeitsplaetze-in-der-cloud\/","url":"https:\/\/knowlitge.de\/server-und-arbeitsplaetze-in-der-cloud\/","name":"Server und Arbeitspl\u00e4tze in der Cloud - knowlITge","isPartOf":{"@id":"https:\/\/knowlitge.de\/#website"},"primaryImageOfPage":{"@id":"https:\/\/knowlitge.de\/server-und-arbeitsplaetze-in-der-cloud\/#primaryimage"},"image":{"@id":"https:\/\/knowlitge.de\/server-und-arbeitsplaetze-in-der-cloud\/#primaryimage"},"thumbnailUrl":"https:\/\/knowlitge.de\/wp-content\/uploads\/2018\/02\/server-in-cloud-klein.png","datePublished":"2018-01-24T11:38:29+00:00","dateModified":"2018-02-08T13:25:15+00:00","description":"knowlITge GmbH, K\u00f6ln \/ Bonn \/ Sankt Augustin - IT-Dienstleister seid \u00fcber 20 Jahren ! Docusnap, F-Secure, Gateprotect, Zabbix Softwarerentwicklung - VB.Net, Access Support - Windows, Linux, Drucker, Telefon, Cloud - Schulung, Workshop, Seminare, Beratung, Consulting","breadcrumb":{"@id":"https:\/\/knowlitge.de\/server-und-arbeitsplaetze-in-der-cloud\/#breadcrumb"},"inLanguage":"de","potentialAction":[{"@type":"ReadAction","target":["https:\/\/knowlitge.de\/server-und-arbeitsplaetze-in-der-cloud\/"]}]},{"@type":"ImageObject","inLanguage":"de","@id":"https:\/\/knowlitge.de\/server-und-arbeitsplaetze-in-der-cloud\/#primaryimage","url":"https:\/\/knowlitge.de\/wp-content\/uploads\/2018\/02\/server-in-cloud-klein.png","contentUrl":"https:\/\/knowlitge.de\/wp-content\/uploads\/2018\/02\/server-in-cloud-klein.png"},{"@type":"BreadcrumbList","@id":"https:\/\/knowlitge.de\/server-und-arbeitsplaetze-in-der-cloud\/#breadcrumb","itemListElement":[{"@type":"ListItem","position":1,"name":"Home","item":"https:\/\/knowlitge.de\/"},{"@type":"ListItem","position":2,"name":"Server und Arbeitspl\u00e4tze in der Cloud"}]},{"@type":"WebSite","@id":"https:\/\/knowlitge.de\/#website","url":"https:\/\/knowlitge.de\/","name":"knowlITge","description":"IT Dienstleister","potentialAction":[{"@type":"SearchAction","target":{"@type":"EntryPoint","urlTemplate":"https:\/\/knowlitge.de\/?s={search_term_string}"},"query-input":{"@type":"PropertyValueSpecification","valueRequired":true,"valueName":"search_term_string"}}],"inLanguage":"de"}]}},"jetpack_sharing_enabled":false,"jetpack_shortlink":"https:\/\/wp.me\/P6NCzV-7Z","jetpack-related-posts":[{"id":493,"url":"https:\/\/knowlitge.de\/de\/backup-in-der-cloud\/","url_meta":{"origin":495,"position":0},"title":"Backup in der Cloud","author":"dvladmin","date":"24. Januar 2018","format":false,"excerpt":"Cloud Backup: Ihr hochsicherer Datenspeicher Ihr Gesch\u00e4ft ist von Daten abh\u00e4ngig. Ob es die Rechnungsadressen Ihrer Kunden, die Arbeitspapiere Ihrer Mitarbeiter oder die Vertr\u00e4ge mit Lieferanten sind: Ein Verlust hat schnell gravierende Folgen. Viele L\u00f6sungen zur Sicherung dieser Dokumente setzen weiterhin auf eine lokale, in Ihrem Unternehmen platzierte Datensicherung. Das\u2026","rel":"","context":"\u00c4hnlicher Beitrag","block_context":{"text":"\u00c4hnlicher Beitrag","link":""},"img":{"alt_text":"","src":"https:\/\/i0.wp.com\/knowlitge.de\/wp-content\/uploads\/2018\/02\/backup-in-cloud-klein.png?resize=350%2C200&ssl=1","width":350,"height":200},"classes":[]},{"id":497,"url":"https:\/\/knowlitge.de\/de\/firewall-in-der-cloud\/","url_meta":{"origin":495,"position":1},"title":"Firewall in der Cloud","author":"dvladmin","date":"24. Januar 2018","format":false,"excerpt":"Unternehmensnetzwerk umfassend absichern Wenn Sie mehrere Filialen\/Unternehmensstandorte besitzen, ist die Cloud Firewall eine ideale Erg\u00e4nzung. Gleiches gilt, wenn Sie von Ihrem Sitz aus auf Cloud-Dienste zur\u00fcckgreifen. Und das gilt auch, wenn Sie einen Teil Ihrer Infrastruktur in ein Rechenzentrum ausgelagert haben. Mit einer Firewall in der Cloud sch\u00fctzen Sie Ihr\u2026","rel":"","context":"\u00c4hnlicher Beitrag","block_context":{"text":"\u00c4hnlicher Beitrag","link":""},"img":{"alt_text":"","src":"https:\/\/i0.wp.com\/knowlitge.de\/wp-content\/uploads\/2018\/02\/firewall-in-cloud-klein.png?resize=350%2C200&ssl=1","width":350,"height":200},"classes":[]},{"id":425,"url":"https:\/\/knowlitge.de\/de\/server-management\/","url_meta":{"origin":495,"position":2},"title":"Server Management","author":"dvladmin","date":"23. Januar 2018","format":false,"excerpt":"Managed Server: Die Alles-in-einem-Dienstleistung Der Server ist die zentrale Schnittstelle innerhalb einer modernen IT-Umgebung. F\u00e4llt die einmal aus, kommen Arbeitsabl\u00e4ufe schnell zum Erliegen. Lassen Sie es nicht soweit kommen. Wir pr\u00fcfen Ihr Server-System zu jeder Zeit auf m\u00f6gliche St\u00f6rungen und die \u00fcbergeordnete Funktionsf\u00e4higkeit. Liegt einmal ein Problem vor, werden wir\u2026","rel":"","context":"\u00c4hnlicher Beitrag","block_context":{"text":"\u00c4hnlicher Beitrag","link":""},"img":{"alt_text":"","src":"https:\/\/i0.wp.com\/knowlitge.de\/wp-content\/uploads\/2018\/01\/technology-1587673_1920.jpg?resize=350%2C200&ssl=1","width":350,"height":200,"srcset":"https:\/\/i0.wp.com\/knowlitge.de\/wp-content\/uploads\/2018\/01\/technology-1587673_1920.jpg?resize=350%2C200&ssl=1 1x, https:\/\/i0.wp.com\/knowlitge.de\/wp-content\/uploads\/2018\/01\/technology-1587673_1920.jpg?resize=525%2C300&ssl=1 1.5x, https:\/\/i0.wp.com\/knowlitge.de\/wp-content\/uploads\/2018\/01\/technology-1587673_1920.jpg?resize=700%2C400&ssl=1 2x, https:\/\/i0.wp.com\/knowlitge.de\/wp-content\/uploads\/2018\/01\/technology-1587673_1920.jpg?resize=1050%2C600&ssl=1 3x, https:\/\/i0.wp.com\/knowlitge.de\/wp-content\/uploads\/2018\/01\/technology-1587673_1920.jpg?resize=1400%2C800&ssl=1 4x"},"classes":[]},{"id":438,"url":"https:\/\/knowlitge.de\/de\/backup-management\/","url_meta":{"origin":495,"position":3},"title":"Backup Management","author":"dvladmin","date":"23. Januar 2018","format":false,"excerpt":"Datensicherung, so zuverl\u00e4ssig wie Sie In Ihrem Gesch\u00e4ftsalltag ist Vertrauen das h\u00f6chste Gut: Gegen\u00fcber Ihren Gesch\u00e4ftspartnern und Ihren Kunden genauso wie im Verh\u00e4ltnis zu Ihren Mitarbeitern. Ein Aspekt, auf denen dieses Vertrauen fu\u00dft, ist Ihre F\u00e4higkeit, die Sicherheit der Ihnen zur Verf\u00fcgung gestellten Daten jederzeit zu gew\u00e4hrleisten. Mit dem Backup\u2026","rel":"","context":"\u00c4hnlicher Beitrag","block_context":{"text":"\u00c4hnlicher Beitrag","link":""},"img":{"alt_text":"","src":"https:\/\/i0.wp.com\/knowlitge.de\/wp-content\/uploads\/2018\/01\/backup2.png?resize=350%2C200&ssl=1","width":350,"height":200},"classes":[]},{"id":491,"url":"https:\/\/knowlitge.de\/de\/email-archivierung\/","url_meta":{"origin":495,"position":4},"title":"E-Mail Archivierung","author":"dvladmin","date":"24. Januar 2018","format":false,"excerpt":"Mails revisionssicher und benutzerfreundlich archivieren Alle Ihre E-Mails, bei denen es sich dem Charakter nach um digitale Versionen von Handelsbriefen handelt, sind \u00fcber 6 Jahre hinweg aufzubewahren. Besitzen Ihre E-Mails steuerrechtliche Relevanz, sind es sogar 10 Jahre. Soviel zur gesetzlichen Vorgabe. Jetzt haben Pflichten h\u00e4ufig die Eigenart, Einschr\u00e4nkungen mit sich\u2026","rel":"","context":"\u00c4hnlicher Beitrag","block_context":{"text":"\u00c4hnlicher Beitrag","link":""},"img":{"alt_text":"","src":"https:\/\/i0.wp.com\/knowlitge.de\/wp-content\/uploads\/2018\/02\/e-mail-in-cloud.png?resize=350%2C200&ssl=1","width":350,"height":200},"classes":[]},{"id":469,"url":"https:\/\/knowlitge.de\/de\/it-infrastrukturanalyse\/","url_meta":{"origin":495,"position":5},"title":"IT Infrastrukturanalyse","author":"dvladmin","date":"24. Januar 2018","format":false,"excerpt":"IT-Architektur auf Effektivit\u00e4t pr\u00fcfen lassen Die IT-Systeme sind f\u00fcr Sie vermutlich nicht mehr als ein notwendiges Mittel zur Erf\u00fcllung Ihres Gesch\u00e4ftszwecks. Daher ist es nur zu verst\u00e4ndlich, wenn PCs, Server, Router & Co. je nach Bedarf angeschafft werden. Wenn es denn so ist. Denn eine zu gro\u00df dimensionierte Infrastruktur ebenso\u2026","rel":"","context":"\u00c4hnlicher Beitrag","block_context":{"text":"\u00c4hnlicher Beitrag","link":""},"img":{"alt_text":"","src":"https:\/\/i0.wp.com\/knowlitge.de\/wp-content\/uploads\/2018\/01\/infrastruktur.png?resize=350%2C200&ssl=1","width":350,"height":200},"classes":[]}],"_links":{"self":[{"href":"https:\/\/knowlitge.de\/de\/wp-json\/wp\/v2\/pages\/495","targetHints":{"allow":["GET"]}}],"collection":[{"href":"https:\/\/knowlitge.de\/de\/wp-json\/wp\/v2\/pages"}],"about":[{"href":"https:\/\/knowlitge.de\/de\/wp-json\/wp\/v2\/types\/page"}],"author":[{"embeddable":true,"href":"https:\/\/knowlitge.de\/de\/wp-json\/wp\/v2\/users\/1"}],"replies":[{"embeddable":true,"href":"https:\/\/knowlitge.de\/de\/wp-json\/wp\/v2\/comments?post=495"}],"version-history":[{"count":8,"href":"https:\/\/knowlitge.de\/de\/wp-json\/wp\/v2\/pages\/495\/revisions"}],"predecessor-version":[{"id":1182,"href":"https:\/\/knowlitge.de\/de\/wp-json\/wp\/v2\/pages\/495\/revisions\/1182"}],"wp:attachment":[{"href":"https:\/\/knowlitge.de\/de\/wp-json\/wp\/v2\/media?parent=495"}],"curies":[{"name":"wp","href":"https:\/\/api.w.org\/{rel}","templated":true}]}}