{"id":489,"date":"2018-01-24T12:35:25","date_gmt":"2018-01-24T11:35:25","guid":{"rendered":"http:\/\/knowlitge.de\/?page_id=489"},"modified":"2018-02-08T15:33:56","modified_gmt":"2018-02-08T14:33:56","slug":"cloud-computing","status":"publish","type":"page","link":"https:\/\/knowlitge.de\/de\/cloud-computing\/","title":{"rendered":"Cloud Computing"},"content":{"rendered":"<div class=\"content_block\" id=\"custom_post_widget-1086\"><div  class=\"lgc-column lgc-grid-parent lgc-grid-25 lgc-tablet-grid-25 lgc-mobile-grid-100 lgc-equal-heights \"><div  class=\"inside-grid-column\">\n<p><figure id=\"attachment_714\" aria-describedby=\"caption-attachment-714\" style=\"width: 143px\" class=\"wp-caption alignnone\"><a href=\"https:\/\/knowlitge.de\/https:\/\/knowlitge.de\/EMail-Archivierung\/\"><img data-recalc-dims=\"1\" loading=\"lazy\" decoding=\"async\" data-attachment-id=\"714\" data-permalink=\"https:\/\/knowlitge.de\/de\/entwicklung-individueller-software\/laptop-2557586_1920\/\" data-orig-file=\"https:\/\/i0.wp.com\/knowlitge.de\/wp-content\/uploads\/2018\/01\/laptop-2557586_1920.jpg?fit=1920%2C1279&amp;ssl=1\" data-orig-size=\"1920,1279\" data-comments-opened=\"0\" data-image-meta=\"{&quot;aperture&quot;:&quot;0&quot;,&quot;credit&quot;:&quot;&quot;,&quot;camera&quot;:&quot;&quot;,&quot;caption&quot;:&quot;&quot;,&quot;created_timestamp&quot;:&quot;0&quot;,&quot;copyright&quot;:&quot;&quot;,&quot;focal_length&quot;:&quot;0&quot;,&quot;iso&quot;:&quot;0&quot;,&quot;shutter_speed&quot;:&quot;0&quot;,&quot;title&quot;:&quot;&quot;,&quot;orientation&quot;:&quot;0&quot;}\" data-image-title=\"laptop-2557586_1920\" data-image-description=\"\" data-image-caption=\"\" data-large-file=\"https:\/\/i0.wp.com\/knowlitge.de\/wp-content\/uploads\/2018\/01\/laptop-2557586_1920.jpg?fit=700%2C466&amp;ssl=1\" class=\"wp-image-714\" src=\"https:\/\/i0.wp.com\/knowlitge.de\/wp-content\/uploads\/2018\/02\/e-mail-in-cloud.png?resize=143%2C135&#038;ssl=1\" alt=\"\" width=\"143\" height=\"135\" \/><\/a><figcaption id=\"caption-attachment-714\" class=\"wp-caption-text\">E-Mail Archivierung in der Cloud<\/figcaption><\/figure><\/p>\n<p><\/p><\/div><\/div>\n<div  class=\"lgc-column lgc-grid-parent lgc-grid-25 lgc-tablet-grid-25 lgc-mobile-grid-100 lgc-equal-heights \"><div  class=\"inside-grid-column\">\n<p><figure id=\"attachment_714\" aria-describedby=\"caption-attachment-714\" style=\"width: 143px\" class=\"wp-caption alignnone\"><a href=\"https:\/\/knowlitge.de\/backup-in-der-cloud\/\"><img data-recalc-dims=\"1\" loading=\"lazy\" decoding=\"async\" data-attachment-id=\"714\" data-permalink=\"https:\/\/knowlitge.de\/de\/entwicklung-individueller-software\/laptop-2557586_1920\/\" data-orig-file=\"https:\/\/i0.wp.com\/knowlitge.de\/wp-content\/uploads\/2018\/01\/laptop-2557586_1920.jpg?fit=1920%2C1279&amp;ssl=1\" data-orig-size=\"1920,1279\" data-comments-opened=\"0\" data-image-meta=\"{&quot;aperture&quot;:&quot;0&quot;,&quot;credit&quot;:&quot;&quot;,&quot;camera&quot;:&quot;&quot;,&quot;caption&quot;:&quot;&quot;,&quot;created_timestamp&quot;:&quot;0&quot;,&quot;copyright&quot;:&quot;&quot;,&quot;focal_length&quot;:&quot;0&quot;,&quot;iso&quot;:&quot;0&quot;,&quot;shutter_speed&quot;:&quot;0&quot;,&quot;title&quot;:&quot;&quot;,&quot;orientation&quot;:&quot;0&quot;}\" data-image-title=\"laptop-2557586_1920\" data-image-description=\"\" data-image-caption=\"\" data-large-file=\"https:\/\/i0.wp.com\/knowlitge.de\/wp-content\/uploads\/2018\/01\/laptop-2557586_1920.jpg?fit=700%2C466&amp;ssl=1\" class=\"wp-image-714\" src=\"https:\/\/i0.wp.com\/knowlitge.de\/wp-content\/uploads\/2018\/02\/backup-in-cloud-klein.png?resize=143%2C135&#038;ssl=1\" alt=\"\" width=\"143\" height=\"135\" \/><\/a><figcaption id=\"caption-attachment-714\" class=\"wp-caption-text\">Backups in der Cloud<\/figcaption><\/figure><\/p>\n<p><\/p><\/div><\/div>\n<div  class=\"lgc-column lgc-grid-parent lgc-grid-25 lgc-tablet-grid-25 lgc-mobile-grid-100 lgc-equal-heights \"><div  class=\"inside-grid-column\">\n<p><figure id=\"attachment_714\" aria-describedby=\"caption-attachment-714\" style=\"width: 143px\" class=\"wp-caption alignnone\"><a href=\"https:\/\/knowlitge.de\/server-und-arbeitsplaetze-in-der-cloud\/\"><img data-recalc-dims=\"1\" loading=\"lazy\" decoding=\"async\" data-attachment-id=\"714\" data-permalink=\"https:\/\/knowlitge.de\/de\/entwicklung-individueller-software\/laptop-2557586_1920\/\" data-orig-file=\"https:\/\/i0.wp.com\/knowlitge.de\/wp-content\/uploads\/2018\/01\/laptop-2557586_1920.jpg?fit=1920%2C1279&amp;ssl=1\" data-orig-size=\"1920,1279\" data-comments-opened=\"0\" data-image-meta=\"{&quot;aperture&quot;:&quot;0&quot;,&quot;credit&quot;:&quot;&quot;,&quot;camera&quot;:&quot;&quot;,&quot;caption&quot;:&quot;&quot;,&quot;created_timestamp&quot;:&quot;0&quot;,&quot;copyright&quot;:&quot;&quot;,&quot;focal_length&quot;:&quot;0&quot;,&quot;iso&quot;:&quot;0&quot;,&quot;shutter_speed&quot;:&quot;0&quot;,&quot;title&quot;:&quot;&quot;,&quot;orientation&quot;:&quot;0&quot;}\" data-image-title=\"laptop-2557586_1920\" data-image-description=\"\" data-image-caption=\"\" data-large-file=\"https:\/\/i0.wp.com\/knowlitge.de\/wp-content\/uploads\/2018\/01\/laptop-2557586_1920.jpg?fit=700%2C466&amp;ssl=1\" class=\"wp-image-714\" src=\"https:\/\/i0.wp.com\/knowlitge.de\/wp-content\/uploads\/2018\/02\/server-in-cloud-klein.png?resize=143%2C135&#038;ssl=1\" alt=\"\" width=\"143\" height=\"135\" \/><\/a><figcaption id=\"caption-attachment-714\" class=\"wp-caption-text\">Server und Arbeitspl\u00e4tze<\/figcaption><\/figure><\/p>\n<p><\/p><\/div><\/div>\n<div  class=\"lgc-column lgc-grid-parent lgc-grid-25 lgc-tablet-grid-25 lgc-mobile-grid-100 lgc-equal-heights \"><div  class=\"inside-grid-column\">\n<p><figure id=\"attachment_714\" aria-describedby=\"caption-attachment-714\" style=\"width: 143px\" class=\"wp-caption alignnone\"><a href=\"https:\/\/knowlitge.de\/firewall-in-der-cloud\/\"><img data-recalc-dims=\"1\" loading=\"lazy\" decoding=\"async\" data-attachment-id=\"714\" data-permalink=\"https:\/\/knowlitge.de\/de\/entwicklung-individueller-software\/laptop-2557586_1920\/\" data-orig-file=\"https:\/\/i0.wp.com\/knowlitge.de\/wp-content\/uploads\/2018\/01\/laptop-2557586_1920.jpg?fit=1920%2C1279&amp;ssl=1\" data-orig-size=\"1920,1279\" data-comments-opened=\"0\" data-image-meta=\"{&quot;aperture&quot;:&quot;0&quot;,&quot;credit&quot;:&quot;&quot;,&quot;camera&quot;:&quot;&quot;,&quot;caption&quot;:&quot;&quot;,&quot;created_timestamp&quot;:&quot;0&quot;,&quot;copyright&quot;:&quot;&quot;,&quot;focal_length&quot;:&quot;0&quot;,&quot;iso&quot;:&quot;0&quot;,&quot;shutter_speed&quot;:&quot;0&quot;,&quot;title&quot;:&quot;&quot;,&quot;orientation&quot;:&quot;0&quot;}\" data-image-title=\"laptop-2557586_1920\" data-image-description=\"\" data-image-caption=\"\" data-large-file=\"https:\/\/i0.wp.com\/knowlitge.de\/wp-content\/uploads\/2018\/01\/laptop-2557586_1920.jpg?fit=700%2C466&amp;ssl=1\" class=\"wp-image-714\" src=\"https:\/\/i0.wp.com\/knowlitge.de\/wp-content\/uploads\/2018\/02\/firewall-in-cloud-klein.png?resize=143%2C135&#038;ssl=1\" alt=\"\" width=\"143\" height=\"135\" \/><\/a><figcaption id=\"caption-attachment-714\" class=\"wp-caption-text\">Firewall in der Cloud<\/figcaption><\/figure><\/p>\n<p><\/p><\/div><\/div>\n<\/div>\n<h6>Die sichere Komplett-L\u00f6sung f\u00fcr Ihr Unternehmen<\/h6>\n<ul class=\"checklist\">\n<li>Je nach Bedarf frei skalierbare L\u00f6sungen<\/li>\n<li>Erh\u00f6hte Datensicherheit durch Cloud-Backups<\/li>\n<li>Flexible Zug\u00e4nglichkeit Ihrer Daten<\/li>\n<li>Ortsunabh\u00e4ngig in sicheren Rechenzentrum<\/li>\n<\/ul>\n<h6>Cloud: Sicher, unkompliziert, zukunftssicher<\/h6>\n<p>Ortsunabh\u00e4ngig arbeiten und trotzdem schnellen Zugang zu allen wichtigen Daten haben, die Kooperation innerhalb Ihres Unternehmens erleichtern, Dokumente sicher und rechtskonform archivieren \u2013 die Cloud macht es m\u00f6glich. Mit unserem Cloud-Angebot erweitern Sie die M\u00f6glichkeiten Ihrer IT grundlegend \u2013 erh\u00f6hte Sicherheit und Erreichbarkeit inklusive. Bevor wir Cloud-Dienste implementieren, erl\u00e4utern wir genau, an welchen Stellen Ihnen diese Technologie weiterhelfen wird. Nicht nur hier setzen wir auf volle Transparenz: Bei uns wissen Sie immer, wo Ihre Daten gespeichert werden und wer darauf Zugriff hat. Der Schutz unternehmensbezogener Daten hat bei uns oberste Priorit\u00e4t. Mit unseren Dienstleistungen aus dem Bereich Cloud kombinieren Sie neue M\u00f6glichkeiten der Zusammenarbeit mit einem hohen Ma\u00df an Datensicherheit.<\/p>\n<h6>Cloud-Dienste: Risiken Minimieren, Zusammenarbeit erleichtern<\/h6>\n<p>Die Cloud bietet Ihnen zahlreiche M\u00f6glichkeiten, Ihr Unternehmen weiterzuentwickeln. Durch die Auslagerung von Daten, Anwendungen und IT-Systemen in sichere Rechenzentren minimieren Sie nicht nur das Risiko eines Datenverlusts, sondern sparen auch monet\u00e4re und zeitliche Ressourcen. Die Arbeit mit Cloud-Diensten erm\u00f6glicht Ihren Mitarbeitern eine ger\u00e4te\u00fcbergreifende, standortunabh\u00e4ngige Zusammenarbeit. Durch eine E-Mail-Archivierung sorgen Sie f\u00fcr eine gesetzeskonforme und sichere Speicherung gesch\u00e4ftlicher Mails, die auch bei Hardware-Ausf\u00e4llen nicht verloren gehen k\u00f6nnen. Unsere IT-Experten beraten Sie gerne zur Auswahl der richtigen Leistung f\u00fcr Ihr Unternehmen und stehen Ihnen als Ansprechpartner zum Thema Cloud Computing zur Seite.<\/p>\n<p>&nbsp;<\/p>\n<div class=\"content_block\" id=\"custom_post_widget-1047\"><h4><span style=\"color: #808080;\">Unsere weiteren Service-Dienstleistungen<\/span><\/h4>\n<p>Erg\u00e4nzend dazu haben wir weitere Dienstleistungen entwickelt, um Ihr Unternehmen durch eine sichere und zukunftsf\u00e4hige IT zu st\u00e4rken. Erfahren Sie mehr zu unseren Leistungen aus den Bereichen IT-Support, IT-Infrastruktur , IT-Sicherheit, IT-Schulung und Cloud Computing:<\/p>\n<div  class=\"lgc-column lgc-grid-parent lgc-grid-20 lgc-tablet-grid-20 lgc-mobile-grid-100 lgc-equal-heights \"><div  class=\"inside-grid-column\">\n<p><figure id=\"attachment_714\" aria-describedby=\"caption-attachment-714\" style=\"width: 143px\" class=\"wp-caption aligncenter\"><a href=\"https:\/\/knowlitge.de\/it-support-fuer-unternehmen\/\"><img data-recalc-dims=\"1\" loading=\"lazy\" decoding=\"async\" data-attachment-id=\"714\" data-permalink=\"https:\/\/knowlitge.de\/de\/entwicklung-individueller-software\/laptop-2557586_1920\/\" data-orig-file=\"https:\/\/i0.wp.com\/knowlitge.de\/wp-content\/uploads\/2018\/01\/laptop-2557586_1920.jpg?fit=1920%2C1279&amp;ssl=1\" data-orig-size=\"1920,1279\" data-comments-opened=\"0\" data-image-meta=\"{&quot;aperture&quot;:&quot;0&quot;,&quot;credit&quot;:&quot;&quot;,&quot;camera&quot;:&quot;&quot;,&quot;caption&quot;:&quot;&quot;,&quot;created_timestamp&quot;:&quot;0&quot;,&quot;copyright&quot;:&quot;&quot;,&quot;focal_length&quot;:&quot;0&quot;,&quot;iso&quot;:&quot;0&quot;,&quot;shutter_speed&quot;:&quot;0&quot;,&quot;title&quot;:&quot;&quot;,&quot;orientation&quot;:&quot;0&quot;}\" data-image-title=\"laptop-2557586_1920\" data-image-description=\"\" data-image-caption=\"\" data-large-file=\"https:\/\/i0.wp.com\/knowlitge.de\/wp-content\/uploads\/2018\/01\/laptop-2557586_1920.jpg?fit=700%2C466&amp;ssl=1\" class=\"wp-image-714\" src=\"https:\/\/i0.wp.com\/knowlitge.de\/wp-content\/uploads\/2018\/02\/monitoring1.jpg?resize=143%2C135&#038;ssl=1\" alt=\"\" width=\"143\" height=\"135\" \/><\/a><figcaption id=\"caption-attachment-714\" class=\"wp-caption-text\">IT-Support<\/figcaption><\/figure><\/p>\n<p><\/p><\/div><\/div>\n<div  class=\"lgc-column lgc-grid-parent lgc-grid-20 lgc-tablet-grid-20 lgc-mobile-grid-100 lgc-equal-heights \"><div  class=\"inside-grid-column\">\n<p><figure id=\"attachment_714\" aria-describedby=\"caption-attachment-714\" style=\"width: 143px\" class=\"wp-caption aligncenter\"><a href=\"https:\/\/knowlitge.de\/IT-Infrastruktur\/\"><img data-recalc-dims=\"1\" loading=\"lazy\" decoding=\"async\" data-attachment-id=\"714\" data-permalink=\"https:\/\/knowlitge.de\/de\/entwicklung-individueller-software\/laptop-2557586_1920\/\" data-orig-file=\"https:\/\/i0.wp.com\/knowlitge.de\/wp-content\/uploads\/2018\/01\/laptop-2557586_1920.jpg?fit=1920%2C1279&amp;ssl=1\" data-orig-size=\"1920,1279\" data-comments-opened=\"0\" data-image-meta=\"{&quot;aperture&quot;:&quot;0&quot;,&quot;credit&quot;:&quot;&quot;,&quot;camera&quot;:&quot;&quot;,&quot;caption&quot;:&quot;&quot;,&quot;created_timestamp&quot;:&quot;0&quot;,&quot;copyright&quot;:&quot;&quot;,&quot;focal_length&quot;:&quot;0&quot;,&quot;iso&quot;:&quot;0&quot;,&quot;shutter_speed&quot;:&quot;0&quot;,&quot;title&quot;:&quot;&quot;,&quot;orientation&quot;:&quot;0&quot;}\" data-image-title=\"laptop-2557586_1920\" data-image-description=\"\" data-image-caption=\"\" data-large-file=\"https:\/\/i0.wp.com\/knowlitge.de\/wp-content\/uploads\/2018\/01\/laptop-2557586_1920.jpg?fit=700%2C466&amp;ssl=1\" class=\"wp-image-714\" src=\"https:\/\/i0.wp.com\/knowlitge.de\/wp-content\/uploads\/2015\/10\/Zahnr%C3%A4der-1400x300.png?resize=143%2C135&#038;ssl=1\" alt=\"\" width=\"143\" height=\"135\" \/><\/a><figcaption id=\"caption-attachment-714\" class=\"wp-caption-text\">IT-Infrastruktur<\/figcaption><\/figure><\/p>\n<p><\/p><\/div><\/div>\n<div  class=\"lgc-column lgc-grid-parent lgc-grid-20 lgc-tablet-grid-20 lgc-mobile-grid-100 lgc-equal-heights \"><div  class=\"inside-grid-column\">\n<p><figure id=\"attachment_714\" aria-describedby=\"caption-attachment-714\" style=\"width: 143px\" class=\"wp-caption aligncenter\"><a href=\"https:\/\/knowlitge.de\/IT-Sicherheit\/\"><img data-recalc-dims=\"1\" loading=\"lazy\" decoding=\"async\" data-attachment-id=\"714\" data-permalink=\"https:\/\/knowlitge.de\/de\/entwicklung-individueller-software\/laptop-2557586_1920\/\" data-orig-file=\"https:\/\/i0.wp.com\/knowlitge.de\/wp-content\/uploads\/2018\/01\/laptop-2557586_1920.jpg?fit=1920%2C1279&amp;ssl=1\" data-orig-size=\"1920,1279\" data-comments-opened=\"0\" data-image-meta=\"{&quot;aperture&quot;:&quot;0&quot;,&quot;credit&quot;:&quot;&quot;,&quot;camera&quot;:&quot;&quot;,&quot;caption&quot;:&quot;&quot;,&quot;created_timestamp&quot;:&quot;0&quot;,&quot;copyright&quot;:&quot;&quot;,&quot;focal_length&quot;:&quot;0&quot;,&quot;iso&quot;:&quot;0&quot;,&quot;shutter_speed&quot;:&quot;0&quot;,&quot;title&quot;:&quot;&quot;,&quot;orientation&quot;:&quot;0&quot;}\" data-image-title=\"laptop-2557586_1920\" data-image-description=\"\" data-image-caption=\"\" data-large-file=\"https:\/\/i0.wp.com\/knowlitge.de\/wp-content\/uploads\/2018\/01\/laptop-2557586_1920.jpg?fit=700%2C466&amp;ssl=1\" class=\"wp-image-714\" src=\"https:\/\/i0.wp.com\/knowlitge.de\/wp-content\/uploads\/2015\/10\/kette-1400x300.png?resize=143%2C135&#038;ssl=1\" alt=\"\" width=\"143\" height=\"135\" \/><\/a><figcaption id=\"caption-attachment-714\" class=\"wp-caption-text\">IT-Sicherheit<\/figcaption><\/figure><\/p>\n<p><\/p><\/div><\/div>\n<div  class=\"lgc-column lgc-grid-parent lgc-grid-20 lgc-tablet-grid-20 lgc-mobile-grid-100 lgc-equal-heights \"><div  class=\"inside-grid-column\">\n<p><figure id=\"attachment_714\" aria-describedby=\"caption-attachment-714\" style=\"width: 143px\" class=\"wp-caption aligncenter\"><a href=\"https:\/\/knowlitge.de\/IT-Schulung\/\"><img data-recalc-dims=\"1\" loading=\"lazy\" decoding=\"async\" data-attachment-id=\"714\" data-permalink=\"https:\/\/knowlitge.de\/de\/entwicklung-individueller-software\/laptop-2557586_1920\/\" data-orig-file=\"https:\/\/i0.wp.com\/knowlitge.de\/wp-content\/uploads\/2018\/01\/laptop-2557586_1920.jpg?fit=1920%2C1279&amp;ssl=1\" data-orig-size=\"1920,1279\" data-comments-opened=\"0\" data-image-meta=\"{&quot;aperture&quot;:&quot;0&quot;,&quot;credit&quot;:&quot;&quot;,&quot;camera&quot;:&quot;&quot;,&quot;caption&quot;:&quot;&quot;,&quot;created_timestamp&quot;:&quot;0&quot;,&quot;copyright&quot;:&quot;&quot;,&quot;focal_length&quot;:&quot;0&quot;,&quot;iso&quot;:&quot;0&quot;,&quot;shutter_speed&quot;:&quot;0&quot;,&quot;title&quot;:&quot;&quot;,&quot;orientation&quot;:&quot;0&quot;}\" data-image-title=\"laptop-2557586_1920\" data-image-description=\"\" data-image-caption=\"\" data-large-file=\"https:\/\/i0.wp.com\/knowlitge.de\/wp-content\/uploads\/2018\/01\/laptop-2557586_1920.jpg?fit=700%2C466&amp;ssl=1\" class=\"wp-image-714\" src=\"https:\/\/i0.wp.com\/knowlitge.de\/wp-content\/uploads\/2015\/10\/tastatur-dunkel-1400x300.jpg?resize=143%2C135&#038;ssl=1\" alt=\"\" width=\"143\" height=\"135\" \/><\/a><figcaption id=\"caption-attachment-714\" class=\"wp-caption-text\">IT-Schulung<\/figcaption><\/figure><\/p>\n<p><\/p><\/div><\/div>\n<div  class=\"lgc-column lgc-grid-parent lgc-grid-20 lgc-tablet-grid-20 lgc-mobile-grid-100 lgc-equal-heights \"><div  class=\"inside-grid-column\">\n<p><figure id=\"attachment_714\" aria-describedby=\"caption-attachment-714\" style=\"width: 143px\" class=\"wp-caption aligncenter\"><a href=\"https:\/\/knowlitge.de\/Cloud-Computing\/\"><img data-recalc-dims=\"1\" loading=\"lazy\" decoding=\"async\" data-attachment-id=\"714\" data-permalink=\"https:\/\/knowlitge.de\/de\/entwicklung-individueller-software\/laptop-2557586_1920\/\" data-orig-file=\"https:\/\/i0.wp.com\/knowlitge.de\/wp-content\/uploads\/2018\/01\/laptop-2557586_1920.jpg?fit=1920%2C1279&amp;ssl=1\" data-orig-size=\"1920,1279\" data-comments-opened=\"0\" data-image-meta=\"{&quot;aperture&quot;:&quot;0&quot;,&quot;credit&quot;:&quot;&quot;,&quot;camera&quot;:&quot;&quot;,&quot;caption&quot;:&quot;&quot;,&quot;created_timestamp&quot;:&quot;0&quot;,&quot;copyright&quot;:&quot;&quot;,&quot;focal_length&quot;:&quot;0&quot;,&quot;iso&quot;:&quot;0&quot;,&quot;shutter_speed&quot;:&quot;0&quot;,&quot;title&quot;:&quot;&quot;,&quot;orientation&quot;:&quot;0&quot;}\" data-image-title=\"laptop-2557586_1920\" data-image-description=\"\" data-image-caption=\"\" data-large-file=\"https:\/\/i0.wp.com\/knowlitge.de\/wp-content\/uploads\/2018\/01\/laptop-2557586_1920.jpg?fit=700%2C466&amp;ssl=1\" class=\"wp-image-714\" src=\"https:\/\/i0.wp.com\/knowlitge.de\/wp-content\/uploads\/2018\/01\/Cloud-2-1400-x-300-1.png?resize=143%2C135&#038;ssl=1\" alt=\"\" width=\"143\" height=\"135\" \/><\/a><figcaption id=\"caption-attachment-714\" class=\"wp-caption-text\">Cloud Computing<\/figcaption><\/figure><\/p>\n<p><\/p><\/div><\/div>\n<h4><span style=\"color: #808080;\">Was d\u00fcrfen wir f\u00fcr Sie tun?<\/span><\/h4>\n<p>Kontaktieren Sie uns. Wir informieren und beraten Sie gerne: <a href=\"https:\/\/knowlitge.de\/kontakt\/\">Kontakt<\/a><\/p>\n<\/div>\n","protected":false},"excerpt":{"rendered":"<p>Die sichere Komplett-L\u00f6sung f\u00fcr Ihr Unternehmen Je nach Bedarf frei skalierbare L\u00f6sungen Erh\u00f6hte Datensicherheit durch Cloud-Backups Flexible Zug\u00e4nglichkeit Ihrer Daten Ortsunabh\u00e4ngig in sicheren Rechenzentrum Cloud: Sicher, unkompliziert, zukunftssicher Ortsunabh\u00e4ngig arbeiten und trotzdem schnellen Zugang zu allen wichtigen Daten haben, die<\/p>\n","protected":false},"author":1,"featured_media":0,"parent":0,"menu_order":0,"comment_status":"closed","ping_status":"closed","template":"","meta":{"jetpack_post_was_ever_published":false,"footnotes":""},"class_list":["post-489","page","type-page","status-publish","hentry"],"translation":{"provider":"WPGlobus","version":"3.0.2","language":"de","enabled_languages":["en","de"],"languages":{"en":{"title":true,"content":true,"excerpt":false},"de":{"title":false,"content":false,"excerpt":false}}},"yoast_head":"<!-- This site is optimized with the Yoast SEO plugin v27.5 - https:\/\/yoast.com\/product\/yoast-seo-wordpress\/ -->\n<title>Cloud Computing - knowlITge<\/title>\n<meta name=\"robots\" content=\"index, follow, max-snippet:-1, max-image-preview:large, max-video-preview:-1\" \/>\n<link rel=\"canonical\" href=\"https:\/\/knowlitge.de\/cloud-computing\/\" \/>\n<meta property=\"og:locale\" content=\"de_DE\" \/>\n<meta property=\"og:type\" content=\"article\" \/>\n<meta property=\"og:title\" content=\"Cloud Computing - knowlITge\" \/>\n<meta property=\"og:url\" content=\"https:\/\/knowlitge.de\/cloud-computing\/\" \/>\n<meta property=\"og:site_name\" content=\"knowlITge\" \/>\n<meta property=\"article:modified_time\" content=\"2018-02-08T14:33:56+00:00\" \/>\n<meta name=\"twitter:card\" content=\"summary_large_image\" \/>\n<meta name=\"twitter:label1\" content=\"Gesch\u00e4tzte Lesezeit\" \/>\n\t<meta name=\"twitter:data1\" content=\"1\u00a0Minute\" \/>\n<script type=\"application\/ld+json\" class=\"yoast-schema-graph\">{\"@context\":\"https:\\\/\\\/schema.org\",\"@graph\":[{\"@type\":\"WebPage\",\"@id\":\"https:\\\/\\\/knowlitge.de\\\/cloud-computing\\\/\",\"url\":\"https:\\\/\\\/knowlitge.de\\\/cloud-computing\\\/\",\"name\":\"Cloud Computing - knowlITge\",\"isPartOf\":{\"@id\":\"https:\\\/\\\/knowlitge.de\\\/#website\"},\"datePublished\":\"2018-01-24T11:35:25+00:00\",\"dateModified\":\"2018-02-08T14:33:56+00:00\",\"description\":\"knowlITge GmbH, K\u00f6ln \\\/ Bonn \\\/ Sankt Augustin - IT-Dienstleister seid \u00fcber 20 Jahren ! Docusnap, F-Secure, Gateprotect, Zabbix Softwarerentwicklung - VB.Net, Access Support - Windows, Linux, Drucker, Telefon, Cloud - Schulung, Workshop, Seminare, Beratung, Consulting\",\"breadcrumb\":{\"@id\":\"https:\\\/\\\/knowlitge.de\\\/cloud-computing\\\/#breadcrumb\"},\"inLanguage\":\"de\",\"potentialAction\":[{\"@type\":\"ReadAction\",\"target\":[\"https:\\\/\\\/knowlitge.de\\\/cloud-computing\\\/\"]}]},{\"@type\":\"BreadcrumbList\",\"@id\":\"https:\\\/\\\/knowlitge.de\\\/cloud-computing\\\/#breadcrumb\",\"itemListElement\":[{\"@type\":\"ListItem\",\"position\":1,\"name\":\"Home\",\"item\":\"https:\\\/\\\/knowlitge.de\\\/\"},{\"@type\":\"ListItem\",\"position\":2,\"name\":\"Cloud Computing\"}]},{\"@type\":\"WebSite\",\"@id\":\"https:\\\/\\\/knowlitge.de\\\/#website\",\"url\":\"https:\\\/\\\/knowlitge.de\\\/\",\"name\":\"knowlITge\",\"description\":\"IT Dienstleister\",\"potentialAction\":[{\"@type\":\"SearchAction\",\"target\":{\"@type\":\"EntryPoint\",\"urlTemplate\":\"https:\\\/\\\/knowlitge.de\\\/?s={search_term_string}\"},\"query-input\":{\"@type\":\"PropertyValueSpecification\",\"valueRequired\":true,\"valueName\":\"search_term_string\"}}],\"inLanguage\":\"de\"}]}<\/script>\n<!-- \/ Yoast SEO plugin. -->","yoast_head_json":{"title":"Cloud Computing - knowlITge","robots":{"index":"index","follow":"follow","max-snippet":"max-snippet:-1","max-image-preview":"max-image-preview:large","max-video-preview":"max-video-preview:-1"},"canonical":"https:\/\/knowlitge.de\/cloud-computing\/","og_locale":"de_DE","og_type":"article","og_title":"Cloud Computing - knowlITge","og_url":"https:\/\/knowlitge.de\/cloud-computing\/","og_site_name":"knowlITge","article_modified_time":"2018-02-08T14:33:56+00:00","twitter_card":"summary_large_image","twitter_misc":{"Gesch\u00e4tzte Lesezeit":"1\u00a0Minute"},"schema":{"@context":"https:\/\/schema.org","@graph":[{"@type":"WebPage","@id":"https:\/\/knowlitge.de\/cloud-computing\/","url":"https:\/\/knowlitge.de\/cloud-computing\/","name":"Cloud Computing - knowlITge","isPartOf":{"@id":"https:\/\/knowlitge.de\/#website"},"datePublished":"2018-01-24T11:35:25+00:00","dateModified":"2018-02-08T14:33:56+00:00","description":"knowlITge GmbH, K\u00f6ln \/ Bonn \/ Sankt Augustin - IT-Dienstleister seid \u00fcber 20 Jahren ! Docusnap, F-Secure, Gateprotect, Zabbix Softwarerentwicklung - VB.Net, Access Support - Windows, Linux, Drucker, Telefon, Cloud - Schulung, Workshop, Seminare, Beratung, Consulting","breadcrumb":{"@id":"https:\/\/knowlitge.de\/cloud-computing\/#breadcrumb"},"inLanguage":"de","potentialAction":[{"@type":"ReadAction","target":["https:\/\/knowlitge.de\/cloud-computing\/"]}]},{"@type":"BreadcrumbList","@id":"https:\/\/knowlitge.de\/cloud-computing\/#breadcrumb","itemListElement":[{"@type":"ListItem","position":1,"name":"Home","item":"https:\/\/knowlitge.de\/"},{"@type":"ListItem","position":2,"name":"Cloud Computing"}]},{"@type":"WebSite","@id":"https:\/\/knowlitge.de\/#website","url":"https:\/\/knowlitge.de\/","name":"knowlITge","description":"IT Dienstleister","potentialAction":[{"@type":"SearchAction","target":{"@type":"EntryPoint","urlTemplate":"https:\/\/knowlitge.de\/?s={search_term_string}"},"query-input":{"@type":"PropertyValueSpecification","valueRequired":true,"valueName":"search_term_string"}}],"inLanguage":"de"}]}},"jetpack_sharing_enabled":false,"jetpack_shortlink":"https:\/\/wp.me\/P6NCzV-7T","jetpack-related-posts":[],"_links":{"self":[{"href":"https:\/\/knowlitge.de\/de\/wp-json\/wp\/v2\/pages\/489","targetHints":{"allow":["GET"]}}],"collection":[{"href":"https:\/\/knowlitge.de\/de\/wp-json\/wp\/v2\/pages"}],"about":[{"href":"https:\/\/knowlitge.de\/de\/wp-json\/wp\/v2\/types\/page"}],"author":[{"embeddable":true,"href":"https:\/\/knowlitge.de\/de\/wp-json\/wp\/v2\/users\/1"}],"replies":[{"embeddable":true,"href":"https:\/\/knowlitge.de\/de\/wp-json\/wp\/v2\/comments?post=489"}],"version-history":[{"count":8,"href":"https:\/\/knowlitge.de\/de\/wp-json\/wp\/v2\/pages\/489\/revisions"}],"predecessor-version":[{"id":1165,"href":"https:\/\/knowlitge.de\/de\/wp-json\/wp\/v2\/pages\/489\/revisions\/1165"}],"wp:attachment":[{"href":"https:\/\/knowlitge.de\/de\/wp-json\/wp\/v2\/media?parent=489"}],"curies":[{"name":"wp","href":"https:\/\/api.w.org\/{rel}","templated":true}]}}