{"id":487,"date":"2018-01-24T12:34:19","date_gmt":"2018-01-24T11:34:19","guid":{"rendered":"http:\/\/knowlitge.de\/?page_id=487"},"modified":"2018-02-08T14:27:55","modified_gmt":"2018-02-08T13:27:55","slug":"webinare","status":"publish","type":"page","link":"https:\/\/knowlitge.de\/de\/webinare\/","title":{"rendered":"Webinare"},"content":{"rendered":"<h6>Individuelle Online-Schulungen<\/h6>\n<p>Als Teilnehmer eines Webinars besuchen Sie eine Online-Schulung. Bequem und zeitsparend direkt vom eigenen Schreibtisch aus. In unserem virtuellen Seminarraum sehen Sie den Bildschirm des Referenten und verfolgen seine Pr\u00e4sentation in Echtzeit. \u00dcber verschiedene Wege, z.B. \u00fcber Telefon oder via Chat, stehen Sie im direkten Kontakt mit dem Seminarleiter, k\u00f6nnen Fragen stellen oder auch mit den anderen Teilnehmern kommunizieren.<\/p>\n<div  class=\"lgc-column lgc-grid-parent lgc-grid-20 lgc-tablet-grid-20 lgc-mobile-grid-100 lgc-equal-heights \"><div  class=\"inside-grid-column\"><img data-recalc-dims=\"1\" loading=\"lazy\" decoding=\"async\" data-attachment-id=\"714\" data-permalink=\"https:\/\/knowlitge.de\/de\/entwicklung-individueller-software\/laptop-2557586_1920\/\" data-orig-file=\"https:\/\/i0.wp.com\/knowlitge.de\/wp-content\/uploads\/2018\/01\/laptop-2557586_1920.jpg?fit=1920%2C1279&amp;ssl=1\" data-orig-size=\"1920,1279\" data-comments-opened=\"0\" data-image-meta=\"{&quot;aperture&quot;:&quot;0&quot;,&quot;credit&quot;:&quot;&quot;,&quot;camera&quot;:&quot;&quot;,&quot;caption&quot;:&quot;&quot;,&quot;created_timestamp&quot;:&quot;0&quot;,&quot;copyright&quot;:&quot;&quot;,&quot;focal_length&quot;:&quot;0&quot;,&quot;iso&quot;:&quot;0&quot;,&quot;shutter_speed&quot;:&quot;0&quot;,&quot;title&quot;:&quot;&quot;,&quot;orientation&quot;:&quot;0&quot;}\" data-image-title=\"laptop-2557586_1920\" data-image-description=\"\" data-image-caption=\"\" data-large-file=\"https:\/\/i0.wp.com\/knowlitge.de\/wp-content\/uploads\/2018\/01\/laptop-2557586_1920.jpg?fit=700%2C466&amp;ssl=1\" class=\"alignnone wp-image-714\" src=\"https:\/\/i0.wp.com\/knowlitge.de\/wp-content\/uploads\/2018\/01\/webinar.png?resize=143%2C70&#038;ssl=1\" alt=\"\" width=\"143\" height=\"70\" \/><br \/>\n<\/div><\/div><div  class=\"lgc-column lgc-grid-parent lgc-grid-80 lgc-tablet-grid-80 lgc-mobile-grid-100 lgc-equal-heights \"><div  class=\"inside-grid-column\">\n<ul>\n<li class=\"col-xs-12 col-sm-4 col-md-12\">Bequem und zeitsparend<\/li>\n<li class=\"col-xs-12 col-sm-4 col-md-12\">Direkt am eigenen Schreibtisch<\/li>\n<li class=\"col-xs-12 col-sm-4 col-md-12\">Direkter Kontakt zum Seminarleiter<\/li>\n<\/ul>\n<p><\/p><\/div><\/div>\n<h6>Schulung nach Ma\u00df<\/h6>\n<p>Alle Schulungen werden ausschlie\u00dflich von qualifizierten Dozenten durchgef\u00fchrt. Deren jahrelange Erfahrung im Bereich IT-Dokumentation garantiert den Teilnehmern einen kompakten und praxisnahen Wissenstransfer. Bitte beachten Sie, dass wir f\u00fcr die Profischulungen das entsprechende Wissen der Einsteigerschulung voraussetzen. Die Schulungen werden auf Ihre W\u00fcnsche individuell ausgerichtet. Die Preise erfahren Sie per Anfrage.<\/p>\n<div class=\"content_block\" id=\"custom_post_widget-1025\"><h4><span style=\"color: #808080;\">Unsere weiteren Schulungs-Themen<\/span><\/h4>\n<p>Wir bieten Schulungen und Trainings f\u00fcr verschiedene Bereiche an. Tiefergehende Informationen \u00fcber Kosten und Bedingungen finden Sie hier: <a href=\"https:\/\/knowlitge.de\/IT-Schulung\/\">Individuelle Schulungen f\u00fcr Ihr Unternehmen<\/a><\/p>\n<div  class=\"lgc-column lgc-grid-parent lgc-grid-25 lgc-tablet-grid-25 lgc-mobile-grid-100 lgc-equal-heights \"><div  class=\"inside-grid-column\">\n<p><figure id=\"attachment_714\" aria-describedby=\"caption-attachment-714\" style=\"width: 143px\" class=\"wp-caption alignnone\"><a href=\"https:\/\/knowlitge.de\/https:\/\/knowlitge.de\/dokusnap\/\"><img data-recalc-dims=\"1\" loading=\"lazy\" decoding=\"async\" data-attachment-id=\"714\" data-permalink=\"https:\/\/knowlitge.de\/de\/entwicklung-individueller-software\/laptop-2557586_1920\/\" data-orig-file=\"https:\/\/i0.wp.com\/knowlitge.de\/wp-content\/uploads\/2018\/01\/laptop-2557586_1920.jpg?fit=1920%2C1279&amp;ssl=1\" data-orig-size=\"1920,1279\" data-comments-opened=\"0\" data-image-meta=\"{&quot;aperture&quot;:&quot;0&quot;,&quot;credit&quot;:&quot;&quot;,&quot;camera&quot;:&quot;&quot;,&quot;caption&quot;:&quot;&quot;,&quot;created_timestamp&quot;:&quot;0&quot;,&quot;copyright&quot;:&quot;&quot;,&quot;focal_length&quot;:&quot;0&quot;,&quot;iso&quot;:&quot;0&quot;,&quot;shutter_speed&quot;:&quot;0&quot;,&quot;title&quot;:&quot;&quot;,&quot;orientation&quot;:&quot;0&quot;}\" data-image-title=\"laptop-2557586_1920\" data-image-description=\"\" data-image-caption=\"\" data-large-file=\"https:\/\/i0.wp.com\/knowlitge.de\/wp-content\/uploads\/2018\/01\/laptop-2557586_1920.jpg?fit=700%2C466&amp;ssl=1\" class=\"wp-image-714\" src=\"https:\/\/i0.wp.com\/knowlitge.de\/wp-content\/uploads\/2018\/01\/docusnap-2.png?resize=143%2C135&#038;ssl=1\" alt=\"\" width=\"143\" height=\"135\" \/><\/a><figcaption id=\"caption-attachment-714\" class=\"wp-caption-text\">Dokusnap<\/figcaption><\/figure><\/p>\n<p><\/p><\/div><\/div>\n<div  class=\"lgc-column lgc-grid-parent lgc-grid-25 lgc-tablet-grid-25 lgc-mobile-grid-100 lgc-equal-heights \"><div  class=\"inside-grid-column\">\n<p><figure id=\"attachment_714\" aria-describedby=\"caption-attachment-714\" style=\"width: 143px\" class=\"wp-caption alignnone\"><a href=\"https:\/\/knowlitge.de\/f-Secure\/\"><img data-recalc-dims=\"1\" loading=\"lazy\" decoding=\"async\" data-attachment-id=\"714\" data-permalink=\"https:\/\/knowlitge.de\/de\/entwicklung-individueller-software\/laptop-2557586_1920\/\" data-orig-file=\"https:\/\/i0.wp.com\/knowlitge.de\/wp-content\/uploads\/2018\/01\/laptop-2557586_1920.jpg?fit=1920%2C1279&amp;ssl=1\" data-orig-size=\"1920,1279\" data-comments-opened=\"0\" data-image-meta=\"{&quot;aperture&quot;:&quot;0&quot;,&quot;credit&quot;:&quot;&quot;,&quot;camera&quot;:&quot;&quot;,&quot;caption&quot;:&quot;&quot;,&quot;created_timestamp&quot;:&quot;0&quot;,&quot;copyright&quot;:&quot;&quot;,&quot;focal_length&quot;:&quot;0&quot;,&quot;iso&quot;:&quot;0&quot;,&quot;shutter_speed&quot;:&quot;0&quot;,&quot;title&quot;:&quot;&quot;,&quot;orientation&quot;:&quot;0&quot;}\" data-image-title=\"laptop-2557586_1920\" data-image-description=\"\" data-image-caption=\"\" data-large-file=\"https:\/\/i0.wp.com\/knowlitge.de\/wp-content\/uploads\/2018\/01\/laptop-2557586_1920.jpg?fit=700%2C466&amp;ssl=1\" class=\"wp-image-714\" src=\"https:\/\/i0.wp.com\/knowlitge.de\/wp-content\/uploads\/2018\/01\/f-secure-3.png?resize=143%2C135&#038;ssl=1\" alt=\"\" width=\"143\" height=\"135\" \/><\/a><figcaption id=\"caption-attachment-714\" class=\"wp-caption-text\">F-Secure<\/figcaption><\/figure><\/p>\n<p><\/p><\/div><\/div>\n<div  class=\"lgc-column lgc-grid-parent lgc-grid-25 lgc-tablet-grid-25 lgc-mobile-grid-100 lgc-equal-heights \"><div  class=\"inside-grid-column\">\n<p><figure id=\"attachment_714\" aria-describedby=\"caption-attachment-714\" style=\"width: 143px\" class=\"wp-caption alignnone\"><a href=\"https:\/\/knowlitge.de\/team-work\/\"><img data-recalc-dims=\"1\" loading=\"lazy\" decoding=\"async\" data-attachment-id=\"714\" data-permalink=\"https:\/\/knowlitge.de\/de\/entwicklung-individueller-software\/laptop-2557586_1920\/\" data-orig-file=\"https:\/\/i0.wp.com\/knowlitge.de\/wp-content\/uploads\/2018\/01\/laptop-2557586_1920.jpg?fit=1920%2C1279&amp;ssl=1\" data-orig-size=\"1920,1279\" data-comments-opened=\"0\" data-image-meta=\"{&quot;aperture&quot;:&quot;0&quot;,&quot;credit&quot;:&quot;&quot;,&quot;camera&quot;:&quot;&quot;,&quot;caption&quot;:&quot;&quot;,&quot;created_timestamp&quot;:&quot;0&quot;,&quot;copyright&quot;:&quot;&quot;,&quot;focal_length&quot;:&quot;0&quot;,&quot;iso&quot;:&quot;0&quot;,&quot;shutter_speed&quot;:&quot;0&quot;,&quot;title&quot;:&quot;&quot;,&quot;orientation&quot;:&quot;0&quot;}\" data-image-title=\"laptop-2557586_1920\" data-image-description=\"\" data-image-caption=\"\" data-large-file=\"https:\/\/i0.wp.com\/knowlitge.de\/wp-content\/uploads\/2018\/01\/laptop-2557586_1920.jpg?fit=700%2C466&amp;ssl=1\" class=\"wp-image-714\" src=\"https:\/\/i0.wp.com\/knowlitge.de\/wp-content\/uploads\/2018\/01\/teamwork.png?resize=143%2C135&#038;ssl=1\" alt=\"\" width=\"143\" height=\"135\" \/><\/a><figcaption id=\"caption-attachment-714\" class=\"wp-caption-text\">Team-Work<\/figcaption><\/figure><\/p>\n<p><\/p><\/div><\/div>\n<div  class=\"lgc-column lgc-grid-parent lgc-grid-25 lgc-tablet-grid-25 lgc-mobile-grid-100 lgc-equal-heights \"><div  class=\"inside-grid-column\">\n<p><figure id=\"attachment_714\" aria-describedby=\"caption-attachment-714\" style=\"width: 143px\" class=\"wp-caption alignnone\"><a href=\"https:\/\/knowlitge.de\/webinare\/\"><img data-recalc-dims=\"1\" loading=\"lazy\" decoding=\"async\" data-attachment-id=\"714\" data-permalink=\"https:\/\/knowlitge.de\/de\/entwicklung-individueller-software\/laptop-2557586_1920\/\" data-orig-file=\"https:\/\/i0.wp.com\/knowlitge.de\/wp-content\/uploads\/2018\/01\/laptop-2557586_1920.jpg?fit=1920%2C1279&amp;ssl=1\" data-orig-size=\"1920,1279\" data-comments-opened=\"0\" data-image-meta=\"{&quot;aperture&quot;:&quot;0&quot;,&quot;credit&quot;:&quot;&quot;,&quot;camera&quot;:&quot;&quot;,&quot;caption&quot;:&quot;&quot;,&quot;created_timestamp&quot;:&quot;0&quot;,&quot;copyright&quot;:&quot;&quot;,&quot;focal_length&quot;:&quot;0&quot;,&quot;iso&quot;:&quot;0&quot;,&quot;shutter_speed&quot;:&quot;0&quot;,&quot;title&quot;:&quot;&quot;,&quot;orientation&quot;:&quot;0&quot;}\" data-image-title=\"laptop-2557586_1920\" data-image-description=\"\" data-image-caption=\"\" data-large-file=\"https:\/\/i0.wp.com\/knowlitge.de\/wp-content\/uploads\/2018\/01\/laptop-2557586_1920.jpg?fit=700%2C466&amp;ssl=1\" class=\"wp-image-714\" src=\"https:\/\/i0.wp.com\/knowlitge.de\/wp-content\/uploads\/2018\/01\/webinar.png?resize=143%2C135&#038;ssl=1\" alt=\"\" width=\"143\" height=\"135\" \/><\/a><figcaption id=\"caption-attachment-714\" class=\"wp-caption-text\">Webinare<\/figcaption><\/figure><\/p>\n<p><\/p><\/div><\/div>\n<h4><span style=\"color: #808080;\">Was d\u00fcrfen wir f\u00fcr Sie tun?<\/span><\/h4>\n<p>Kontaktieren Sie uns. Wir informieren und beraten Sie gerne: <a href=\"https:\/\/knowlitge.de\/kontakt\/\">Kontakt<\/a><\/p>\n<\/div>\n","protected":false},"excerpt":{"rendered":"<p>Individuelle Online-Schulungen Als Teilnehmer eines Webinars besuchen Sie eine Online-Schulung. Bequem und zeitsparend direkt vom eigenen Schreibtisch aus. In unserem virtuellen Seminarraum sehen Sie den Bildschirm des Referenten und verfolgen seine Pr\u00e4sentation in Echtzeit. \u00dcber verschiedene Wege, z.B. \u00fcber Telefon<\/p>\n","protected":false},"author":1,"featured_media":0,"parent":0,"menu_order":0,"comment_status":"closed","ping_status":"closed","template":"","meta":{"jetpack_post_was_ever_published":false,"footnotes":""},"class_list":["post-487","page","type-page","status-publish","hentry"],"translation":{"provider":"WPGlobus","version":"3.0.2","language":"de","enabled_languages":["en","de"],"languages":{"en":{"title":true,"content":true,"excerpt":false},"de":{"title":false,"content":false,"excerpt":false}}},"yoast_head":"<!-- This site is optimized with the Yoast SEO plugin v27.5 - https:\/\/yoast.com\/product\/yoast-seo-wordpress\/ -->\n<title>Webinare - knowlITge<\/title>\n<meta name=\"robots\" content=\"index, follow, max-snippet:-1, max-image-preview:large, max-video-preview:-1\" \/>\n<link rel=\"canonical\" href=\"https:\/\/knowlitge.de\/webinare\/\" \/>\n<meta property=\"og:locale\" content=\"de_DE\" \/>\n<meta property=\"og:type\" content=\"article\" \/>\n<meta property=\"og:title\" content=\"Webinare - knowlITge\" \/>\n<meta property=\"og:url\" content=\"https:\/\/knowlitge.de\/webinare\/\" \/>\n<meta property=\"og:site_name\" content=\"knowlITge\" \/>\n<meta property=\"article:modified_time\" content=\"2018-02-08T13:27:55+00:00\" \/>\n<meta property=\"og:image\" content=\"https:\/\/knowlitge.de\/wp-content\/uploads\/2018\/01\/webinar.png\" \/>\n<meta name=\"twitter:card\" content=\"summary_large_image\" \/>\n<meta name=\"twitter:label1\" content=\"Gesch\u00e4tzte Lesezeit\" \/>\n\t<meta name=\"twitter:data1\" content=\"1\u00a0Minute\" \/>\n<script type=\"application\/ld+json\" class=\"yoast-schema-graph\">{\"@context\":\"https:\\\/\\\/schema.org\",\"@graph\":[{\"@type\":\"WebPage\",\"@id\":\"https:\\\/\\\/knowlitge.de\\\/webinare\\\/\",\"url\":\"https:\\\/\\\/knowlitge.de\\\/webinare\\\/\",\"name\":\"Webinare - knowlITge\",\"isPartOf\":{\"@id\":\"https:\\\/\\\/knowlitge.de\\\/#website\"},\"primaryImageOfPage\":{\"@id\":\"https:\\\/\\\/knowlitge.de\\\/webinare\\\/#primaryimage\"},\"image\":{\"@id\":\"https:\\\/\\\/knowlitge.de\\\/webinare\\\/#primaryimage\"},\"thumbnailUrl\":\"https:\\\/\\\/knowlitge.de\\\/wp-content\\\/uploads\\\/2018\\\/01\\\/webinar.png\",\"datePublished\":\"2018-01-24T11:34:19+00:00\",\"dateModified\":\"2018-02-08T13:27:55+00:00\",\"description\":\"knowlITge GmbH, K\u00f6ln \\\/ Bonn \\\/ Sankt Augustin - IT-Dienstleister seid \u00fcber 20 Jahren ! Docusnap, F-Secure, Gateprotect, Zabbix Softwarerentwicklung - VB.Net, Access Support - Windows, Linux, Drucker, Telefon, Cloud - Schulung, Workshop, Seminare, Beratung, Consulting\",\"breadcrumb\":{\"@id\":\"https:\\\/\\\/knowlitge.de\\\/webinare\\\/#breadcrumb\"},\"inLanguage\":\"de\",\"potentialAction\":[{\"@type\":\"ReadAction\",\"target\":[\"https:\\\/\\\/knowlitge.de\\\/webinare\\\/\"]}]},{\"@type\":\"ImageObject\",\"inLanguage\":\"de\",\"@id\":\"https:\\\/\\\/knowlitge.de\\\/webinare\\\/#primaryimage\",\"url\":\"https:\\\/\\\/knowlitge.de\\\/wp-content\\\/uploads\\\/2018\\\/01\\\/webinar.png\",\"contentUrl\":\"https:\\\/\\\/knowlitge.de\\\/wp-content\\\/uploads\\\/2018\\\/01\\\/webinar.png\"},{\"@type\":\"BreadcrumbList\",\"@id\":\"https:\\\/\\\/knowlitge.de\\\/webinare\\\/#breadcrumb\",\"itemListElement\":[{\"@type\":\"ListItem\",\"position\":1,\"name\":\"Home\",\"item\":\"https:\\\/\\\/knowlitge.de\\\/\"},{\"@type\":\"ListItem\",\"position\":2,\"name\":\"Webinare\"}]},{\"@type\":\"WebSite\",\"@id\":\"https:\\\/\\\/knowlitge.de\\\/#website\",\"url\":\"https:\\\/\\\/knowlitge.de\\\/\",\"name\":\"knowlITge\",\"description\":\"IT Dienstleister\",\"potentialAction\":[{\"@type\":\"SearchAction\",\"target\":{\"@type\":\"EntryPoint\",\"urlTemplate\":\"https:\\\/\\\/knowlitge.de\\\/?s={search_term_string}\"},\"query-input\":{\"@type\":\"PropertyValueSpecification\",\"valueRequired\":true,\"valueName\":\"search_term_string\"}}],\"inLanguage\":\"de\"}]}<\/script>\n<!-- \/ Yoast SEO plugin. -->","yoast_head_json":{"title":"Webinare - knowlITge","robots":{"index":"index","follow":"follow","max-snippet":"max-snippet:-1","max-image-preview":"max-image-preview:large","max-video-preview":"max-video-preview:-1"},"canonical":"https:\/\/knowlitge.de\/webinare\/","og_locale":"de_DE","og_type":"article","og_title":"Webinare - knowlITge","og_url":"https:\/\/knowlitge.de\/webinare\/","og_site_name":"knowlITge","article_modified_time":"2018-02-08T13:27:55+00:00","og_image":[{"url":"https:\/\/knowlitge.de\/wp-content\/uploads\/2018\/01\/webinar.png","type":"","width":"","height":""}],"twitter_card":"summary_large_image","twitter_misc":{"Gesch\u00e4tzte Lesezeit":"1\u00a0Minute"},"schema":{"@context":"https:\/\/schema.org","@graph":[{"@type":"WebPage","@id":"https:\/\/knowlitge.de\/webinare\/","url":"https:\/\/knowlitge.de\/webinare\/","name":"Webinare - knowlITge","isPartOf":{"@id":"https:\/\/knowlitge.de\/#website"},"primaryImageOfPage":{"@id":"https:\/\/knowlitge.de\/webinare\/#primaryimage"},"image":{"@id":"https:\/\/knowlitge.de\/webinare\/#primaryimage"},"thumbnailUrl":"https:\/\/knowlitge.de\/wp-content\/uploads\/2018\/01\/webinar.png","datePublished":"2018-01-24T11:34:19+00:00","dateModified":"2018-02-08T13:27:55+00:00","description":"knowlITge GmbH, K\u00f6ln \/ Bonn \/ Sankt Augustin - IT-Dienstleister seid \u00fcber 20 Jahren ! Docusnap, F-Secure, Gateprotect, Zabbix Softwarerentwicklung - VB.Net, Access Support - Windows, Linux, Drucker, Telefon, Cloud - Schulung, Workshop, Seminare, Beratung, Consulting","breadcrumb":{"@id":"https:\/\/knowlitge.de\/webinare\/#breadcrumb"},"inLanguage":"de","potentialAction":[{"@type":"ReadAction","target":["https:\/\/knowlitge.de\/webinare\/"]}]},{"@type":"ImageObject","inLanguage":"de","@id":"https:\/\/knowlitge.de\/webinare\/#primaryimage","url":"https:\/\/knowlitge.de\/wp-content\/uploads\/2018\/01\/webinar.png","contentUrl":"https:\/\/knowlitge.de\/wp-content\/uploads\/2018\/01\/webinar.png"},{"@type":"BreadcrumbList","@id":"https:\/\/knowlitge.de\/webinare\/#breadcrumb","itemListElement":[{"@type":"ListItem","position":1,"name":"Home","item":"https:\/\/knowlitge.de\/"},{"@type":"ListItem","position":2,"name":"Webinare"}]},{"@type":"WebSite","@id":"https:\/\/knowlitge.de\/#website","url":"https:\/\/knowlitge.de\/","name":"knowlITge","description":"IT Dienstleister","potentialAction":[{"@type":"SearchAction","target":{"@type":"EntryPoint","urlTemplate":"https:\/\/knowlitge.de\/?s={search_term_string}"},"query-input":{"@type":"PropertyValueSpecification","valueRequired":true,"valueName":"search_term_string"}}],"inLanguage":"de"}]}},"jetpack_sharing_enabled":false,"jetpack_shortlink":"https:\/\/wp.me\/P6NCzV-7R","jetpack-related-posts":[{"id":477,"url":"https:\/\/knowlitge.de\/de\/dokusnap\/","url_meta":{"origin":487,"position":0},"title":"Dokusnap","author":"dvladmin","date":"24. Januar 2018","format":false,"excerpt":"Dokusnap-Schulung f\u00fcr IT-Mitarbeiter Die Inhalte und der Ablauf der Docusnap-Schulungen sind darauf ausgerichtet, den Teilnehmern die bestm\u00f6gliche Nutzung der Softwarefunktionen beizubringen. Neben dem Wissen aus dem Handbuch werden viele Tipps aus der Praxis vermittelt. Die Schulungen sind in drei Einheiten gegliedert: Schulung nach Ma\u00df Alle Schulungen werden ausschlie\u00dflich von qualifizierten\u2026","rel":"","context":"\u00c4hnlicher Beitrag","block_context":{"text":"\u00c4hnlicher Beitrag","link":""},"img":{"alt_text":"","src":"https:\/\/i0.wp.com\/knowlitge.de\/wp-content\/uploads\/2018\/01\/docusnap-2.png?resize=350%2C200&ssl=1","width":350,"height":200},"classes":[]},{"id":483,"url":"https:\/\/knowlitge.de\/de\/f-secure\/","url_meta":{"origin":487,"position":1},"title":"F-Secure","author":"dvladmin","date":"24. Januar 2018","format":false,"excerpt":"F-Secure Schulung f\u00fcr IT-Mitarbeiter Die Inhalte und der Ablauf der F-Secure Schulungen sind darauf ausgerichtet, den Teilnehmern die bestm\u00f6gliche Nutzung der Softwarefunktionen beizubringen. Neben dem Wissen aus dem Handbuch werden viele Tipps aus der Praxis vermittelt. Die Schulungen sind in drei Einheiten gegliedert: Schulung nach Ma\u00df Alle Schulungen werden ausschlie\u00dflich\u2026","rel":"","context":"\u00c4hnlicher Beitrag","block_context":{"text":"\u00c4hnlicher Beitrag","link":""},"img":{"alt_text":"","src":"https:\/\/i0.wp.com\/knowlitge.de\/wp-content\/uploads\/2018\/01\/f-secure-3.png?resize=350%2C200&ssl=1","width":350,"height":200},"classes":[]},{"id":7,"url":"https:\/\/knowlitge.de\/de\/kontakt\/","url_meta":{"origin":487,"position":2},"title":"Was d\u00fcrfen wir f\u00fcr Sie tun ?","author":"dvladmin","date":"21. September 2015","format":false,"excerpt":"M\u00f6chten Sie weitere Informationen zu unseren Dienstleistungen oder Produkten haben? Oder ben\u00f6tigen Sie ein individuelles Angebot f\u00fcr eine Software-L\u00f6sung oder eine Schulung? Es stehen Ihnen folgende Kontaktm\u00f6glichkeiten zur Verf\u00fcgung. Wir freuen uns auf Ihre Nachricht ! Wir freuen uns auf das pers\u00f6nliche Gespr\u00e4ch mit Ihnen!","rel":"","context":"\u00c4hnlicher Beitrag","block_context":{"text":"\u00c4hnlicher Beitrag","link":""},"img":{"alt_text":"","src":"https:\/\/i0.wp.com\/knowlitge.de\/wp-content\/uploads\/2018\/01\/contact-us-2993000_1280.jpg?resize=350%2C200&ssl=1","width":350,"height":200,"srcset":"https:\/\/i0.wp.com\/knowlitge.de\/wp-content\/uploads\/2018\/01\/contact-us-2993000_1280.jpg?resize=350%2C200&ssl=1 1x, https:\/\/i0.wp.com\/knowlitge.de\/wp-content\/uploads\/2018\/01\/contact-us-2993000_1280.jpg?resize=525%2C300&ssl=1 1.5x, https:\/\/i0.wp.com\/knowlitge.de\/wp-content\/uploads\/2018\/01\/contact-us-2993000_1280.jpg?resize=700%2C400&ssl=1 2x, https:\/\/i0.wp.com\/knowlitge.de\/wp-content\/uploads\/2018\/01\/contact-us-2993000_1280.jpg?resize=1050%2C600&ssl=1 3x"},"classes":[]},{"id":427,"url":"https:\/\/knowlitge.de\/de\/desktop-management\/","url_meta":{"origin":487,"position":3},"title":"Desktop Management","author":"dvladmin","date":"23. Januar 2018","format":false,"excerpt":"PC-Service f\u00fcr Ihr Unternehmen nutzen Programmaktualisierungen aufspielen, die Datensicherung auf Fehlerfreiheit pr\u00fcfen, genau wissen, welche Soft- und Hardware im Einsatz ist: Sparen Sie die Zeit ein, sich selbst darum zu k\u00fcmmern. Mit unserem Desktop Management nehmen wir Ihnen diese wichtigen Aufgaben ab und k\u00fcmmern uns darum, dass Ihre PCs und\u2026","rel":"","context":"\u00c4hnlicher Beitrag","block_context":{"text":"\u00c4hnlicher Beitrag","link":""},"img":{"alt_text":"","src":"https:\/\/i0.wp.com\/knowlitge.de\/wp-content\/uploads\/2018\/01\/workstation-336369_1920.jpg?resize=350%2C200&ssl=1","width":350,"height":200},"classes":[]},{"id":417,"url":"https:\/\/knowlitge.de\/de\/webseiten-entwicklung\/","url_meta":{"origin":487,"position":4},"title":"Webseiten entwickeln","author":"dvladmin","date":"23. Januar 2018","format":false,"excerpt":"Wir entwickeln und gestalten Ihre individuelle Webseite Wenn Unternehmen online gehen, dann sichern sie sich heute schon die Marktpl\u00e4tze von morgen. Wer mit seinem Betrieb, seinen Produkten und Dienstleistungen offline bleibt, der ist f\u00fcr potenzielle Kunden unsichtbar. Gute Internetseiten sind Visitenkarten im Netz. Untersch\u00e4tzen Sie daher nicht die Bedeutung \u2013\u2026","rel":"","context":"\u00c4hnlicher Beitrag","block_context":{"text":"\u00c4hnlicher Beitrag","link":""},"img":{"alt_text":"","src":"https:\/\/i0.wp.com\/knowlitge.de\/wp-content\/uploads\/2018\/01\/web-1668927_1920-sw.jpg?resize=350%2C200&ssl=1","width":350,"height":200},"classes":[]},{"id":442,"url":"https:\/\/knowlitge.de\/de\/update-management\/","url_meta":{"origin":487,"position":5},"title":"Update Management","author":"dvladmin","date":"23. Januar 2018","format":false,"excerpt":"Programme auf dem neuesten Stand St\u00e4ndig erinnern Pop-Ups Sie und Ihre Mitarbeiter daran, dass Sie Ihre Software durch ein Update auf den aktuellen Stand bringen sollten. Im hektischen Arbeitsalltag haben Sie allerdings nicht die Zeit, sich durch die mitgelieferten Argumente zu lesen, die Sie \u00fcberzeugen sollen, die Aktualisierung durchzuf\u00fchren. Die\u2026","rel":"","context":"\u00c4hnlicher Beitrag","block_context":{"text":"\u00c4hnlicher Beitrag","link":""},"img":{"alt_text":"","src":"https:\/\/i0.wp.com\/knowlitge.de\/wp-content\/uploads\/2018\/01\/update2.png?resize=350%2C200&ssl=1","width":350,"height":200},"classes":[]}],"_links":{"self":[{"href":"https:\/\/knowlitge.de\/de\/wp-json\/wp\/v2\/pages\/487","targetHints":{"allow":["GET"]}}],"collection":[{"href":"https:\/\/knowlitge.de\/de\/wp-json\/wp\/v2\/pages"}],"about":[{"href":"https:\/\/knowlitge.de\/de\/wp-json\/wp\/v2\/types\/page"}],"author":[{"embeddable":true,"href":"https:\/\/knowlitge.de\/de\/wp-json\/wp\/v2\/users\/1"}],"replies":[{"embeddable":true,"href":"https:\/\/knowlitge.de\/de\/wp-json\/wp\/v2\/comments?post=487"}],"version-history":[{"count":8,"href":"https:\/\/knowlitge.de\/de\/wp-json\/wp\/v2\/pages\/487\/revisions"}],"predecessor-version":[{"id":1179,"href":"https:\/\/knowlitge.de\/de\/wp-json\/wp\/v2\/pages\/487\/revisions\/1179"}],"wp:attachment":[{"href":"https:\/\/knowlitge.de\/de\/wp-json\/wp\/v2\/media?parent=487"}],"curies":[{"name":"wp","href":"https:\/\/api.w.org\/{rel}","templated":true}]}}