{"id":485,"date":"2018-01-24T12:33:53","date_gmt":"2018-01-24T11:33:53","guid":{"rendered":"http:\/\/knowlitge.de\/?page_id=485"},"modified":"2018-02-08T14:25:51","modified_gmt":"2018-02-08T13:25:51","slug":"team-work","status":"publish","type":"page","link":"https:\/\/knowlitge.de\/de\/team-work\/","title":{"rendered":"Team-Work"},"content":{"rendered":"<h6>Team-Work und Kollegialit\u00e4t steigert die Motivation<\/h6>\n<p><strong>Einleitung<\/strong><\/p>\n<ul>\n<li>Die Spielregeln im Seminar<\/li>\n<li>\u201eDas klappt nie \u2026\u201c \u2013 verkrustete Strukturen anerkennen und gerade deshalb loslegen<\/li>\n<li>\u201eJeder\u201c, \u201eniemand\u201c, \u201eimmer\u201c, \u201enie\u201c \u2013 Diskussionskiller erkennen und vermeiden<\/li>\n<li>L\u00e4cheln \u2013 Ihre st\u00e4rkste Waffe und Motivationshilfe<\/li>\n<\/ul>\n<p><strong>\u201eIch\u201c im Team<\/strong><\/p>\n<ul>\n<li>Erwartungen und Bed\u00fcrfnisse<\/li>\n<li>Werte und Glaubenss\u00e4tze<\/li>\n<li>Selbstmotivation und Selbstmanagement<\/li>\n<li>Umgang mit \u00c4rger und Wut<\/li>\n<li>K\u00f6rpersignale wahrnehmen und zuordnen<\/li>\n<li>Kraftressourcen: Selbstmanagement und St\u00e4rkung der inneren Widerstandsf\u00e4higkeit<\/li>\n<\/ul>\n<p><strong>Praxis 1<\/strong>: Was treibt mich an und was hemmt mich?<\/p>\n<p><strong>Das Team \u2013 ein hochsensibler Organismus<\/strong><\/p>\n<ul>\n<li>Die Phasen der Teamentwicklung<\/li>\n<li>Gruppendynamische Prozesse verstehen<\/li>\n<li>Teamf\u00e4higkeit: Unterschiede respektieren und Gemeinschaft bilden<\/li>\n<li>Meine Rolle und Position im Team<\/li>\n<li>Unterschiedliche Verhaltenspr\u00e4ferenzen und Wertvorstellungen<\/li>\n<li>Beziehungen im Team erfolgreich gestalten<\/li>\n<\/ul>\n<p><strong>Praxis 2<\/strong>: Das Leben der Anderen \u2013 Gedanken, Gef\u00fchle und Handlungen nachempfinden.<\/p>\n<p><strong>Kleiner Exkurs: M\u00e4nner und Frauen im Team<\/strong><br \/>\nVon Gleichwertigkeit und Nicht-Gleich-Sein.<\/p>\n<p><strong>Kommunikation im Team<\/strong><\/p>\n<ul>\n<li>Kommunikation und Kooperation gezielt einsetzen<\/li>\n<\/ul>\n<ul>\n<li>Reden hilft: Einf\u00fchrung in die Gewaltfreie Kommunikation nach Rosenberg<\/li>\n<li>Konfliktkultur und Umgang mit Fehlern<\/li>\n<li>Konflikte im Team erkennen und partnerschaftlich l\u00f6sen<\/li>\n<\/ul>\n<p><strong>Praxis 3<\/strong>: Tools zur Konfliktl\u00f6sung<br \/>\n<strong>Praxis 4<\/strong>: Tools zur Gespr\u00e4chsf\u00fchrung<\/p>\n<p><strong>Ziele gemeinsam erreichen<\/strong><\/p>\n<ul>\n<li>Wohin geht die Reise: Zieldefinition im Team<\/li>\n<li>Gegenseitige Motivation und Unterst\u00fctzung<\/li>\n<li>Entscheidungsfindung im Team<\/li>\n<\/ul>\n<p><strong>Praxis 5<\/strong>: Tools zur Entscheidungsfindung<\/p>\n<p><strong>Alles super \u2013 und selbst?<\/strong><\/p>\n<ul>\n<li>Die Ressource Zeit<\/li>\n<li>Vom halb leeren zum halb vollen Glas: Reframing (Umdeutung)<\/li>\n<li>Lernen Sie \u201eNein\u201c zu sagen<br \/>\nVon der Konsequenz der Absage und dem Preis der Zusage<\/li>\n<li>Komplexit\u00e4t reduzieren: Zu viele Optionen f\u00fchren zu Stress<\/li>\n<li>Pers\u00f6nliche Grenzen und W\u00fcnsche erkennen und mitteilen<\/li>\n<\/ul>\n<p><strong>Praxis 6<\/strong>: L\u00f6sungen im Team bewerten<\/p>\n<p><strong>Seminardauer: <\/strong>3-t\u00e4gig<\/p>\n<p><strong>Termine offene Kurse <\/strong>(Veranstaltungsort: Sankt Augustin)<\/p>\n<p>Auf Anfrage<\/p>\n<p><strong>Wochenend-Kurse<\/strong> (Veranstaltungsort: Sankt Augustin)<\/p>\n<p>Auf Anfrage<\/p>\n<p><strong>Firmenkurse<\/strong>: Jederzeit nach Terminabsprache m\u00f6glich.<\/p>\n<p><strong>Seminarpreis<\/strong><\/p>\n<p>Anders als \u00fcblich gestalten sich auch die Seminarpreise f\u00fcr diesen Workshop.<\/p>\n<p><strong>Einzelpersonen<\/strong> k\u00f6nnen sich gerne f\u00fcr einen der offenen Kurse anmelden, diesen f\u00fchren wir ab vier Teilnehmer\/innen durch. <strong>Pro Person kostet dieser Kurs 900,&#8211; EUR<\/strong>. \u00a0F\u00fcr Firmen und andere vorsteuerabzugsberechtigte Teilnehmer\/innen versteht sich der Preis zuz\u00fcglich Mehrwertsteuer. Bitte geben Sie dies bei der Anmeldung an.<\/p>\n<p>An den <strong>Wochenend-Kursen <\/strong>gibt es <strong>keinen festgelegten Seminarpreis<\/strong>. <strong>\u00a0<\/strong>jeder Teilnehmer wird gebeten den Preis zu zahlen, der ihm \/ ihr m\u00f6glich ist und angemessen erscheint. Damit m\u00f6chten wir auch denjenigen die Teilnahme erm\u00f6glichen, die keine F\u00f6rderung durch den Arbeitgeber erhalten.<\/p>\n<p>Gute Workshop-Ergebnisse k\u00f6nnen wir in einer Gruppengr\u00f6\u00dfe von 4 bis 8 Teilnehmer\/innen erzielen. In Firmenkursen k\u00f6nnen andere Gruppengr\u00f6\u00dfen vorher mit uns abgesprochen werden.<\/p>\n<p>F\u00fcr <strong>Firmenkunden<\/strong> bieten wir diesen Workshop auch im Unternehmen vor Ort oder an anderen Seminarorten an. Hierzu erstellen wir Ihnen gerne ein passendes Angebot.<\/p>\n<p>Alle Preise verstehen sich inklusive Seminarunterlagen und der Verpflegung w\u00e4hrend der Seminarzeiten.<\/p>\n<p><strong>Anmeldungen:<\/strong> per E-Mail: <a href=\"mailto:workshop@knowlitge.com\">workshop@knowlitge.com<\/a> oder telefonisch 02241\/95581-0<\/p>\n<div class=\"content_block\" id=\"custom_post_widget-1025\"><h4><span style=\"color: #808080;\">Unsere weiteren Schulungs-Themen<\/span><\/h4>\n<p>Wir bieten Schulungen und Trainings f\u00fcr verschiedene Bereiche an. Tiefergehende Informationen \u00fcber Kosten und Bedingungen finden Sie hier: <a href=\"https:\/\/knowlitge.de\/IT-Schulung\/\">Individuelle Schulungen f\u00fcr Ihr Unternehmen<\/a><\/p>\n<div  class=\"lgc-column lgc-grid-parent lgc-grid-25 lgc-tablet-grid-25 lgc-mobile-grid-100 lgc-equal-heights \"><div  class=\"inside-grid-column\">\n<p><figure id=\"attachment_714\" aria-describedby=\"caption-attachment-714\" style=\"width: 143px\" class=\"wp-caption alignnone\"><a href=\"https:\/\/knowlitge.de\/https:\/\/knowlitge.de\/dokusnap\/\"><img data-recalc-dims=\"1\" loading=\"lazy\" decoding=\"async\" data-attachment-id=\"714\" data-permalink=\"https:\/\/knowlitge.de\/de\/entwicklung-individueller-software\/laptop-2557586_1920\/\" data-orig-file=\"https:\/\/i0.wp.com\/knowlitge.de\/wp-content\/uploads\/2018\/01\/laptop-2557586_1920.jpg?fit=1920%2C1279&amp;ssl=1\" data-orig-size=\"1920,1279\" data-comments-opened=\"0\" data-image-meta=\"{&quot;aperture&quot;:&quot;0&quot;,&quot;credit&quot;:&quot;&quot;,&quot;camera&quot;:&quot;&quot;,&quot;caption&quot;:&quot;&quot;,&quot;created_timestamp&quot;:&quot;0&quot;,&quot;copyright&quot;:&quot;&quot;,&quot;focal_length&quot;:&quot;0&quot;,&quot;iso&quot;:&quot;0&quot;,&quot;shutter_speed&quot;:&quot;0&quot;,&quot;title&quot;:&quot;&quot;,&quot;orientation&quot;:&quot;0&quot;}\" data-image-title=\"laptop-2557586_1920\" data-image-description=\"\" data-image-caption=\"\" data-large-file=\"https:\/\/i0.wp.com\/knowlitge.de\/wp-content\/uploads\/2018\/01\/laptop-2557586_1920.jpg?fit=700%2C466&amp;ssl=1\" class=\"wp-image-714\" src=\"https:\/\/i0.wp.com\/knowlitge.de\/wp-content\/uploads\/2018\/01\/docusnap-2.png?resize=143%2C135&#038;ssl=1\" alt=\"\" width=\"143\" height=\"135\" \/><\/a><figcaption id=\"caption-attachment-714\" class=\"wp-caption-text\">Dokusnap<\/figcaption><\/figure><\/p>\n<p><\/p><\/div><\/div>\n<div  class=\"lgc-column lgc-grid-parent lgc-grid-25 lgc-tablet-grid-25 lgc-mobile-grid-100 lgc-equal-heights \"><div  class=\"inside-grid-column\">\n<p><figure id=\"attachment_714\" aria-describedby=\"caption-attachment-714\" style=\"width: 143px\" class=\"wp-caption alignnone\"><a href=\"https:\/\/knowlitge.de\/f-Secure\/\"><img data-recalc-dims=\"1\" loading=\"lazy\" decoding=\"async\" data-attachment-id=\"714\" data-permalink=\"https:\/\/knowlitge.de\/de\/entwicklung-individueller-software\/laptop-2557586_1920\/\" data-orig-file=\"https:\/\/i0.wp.com\/knowlitge.de\/wp-content\/uploads\/2018\/01\/laptop-2557586_1920.jpg?fit=1920%2C1279&amp;ssl=1\" data-orig-size=\"1920,1279\" data-comments-opened=\"0\" data-image-meta=\"{&quot;aperture&quot;:&quot;0&quot;,&quot;credit&quot;:&quot;&quot;,&quot;camera&quot;:&quot;&quot;,&quot;caption&quot;:&quot;&quot;,&quot;created_timestamp&quot;:&quot;0&quot;,&quot;copyright&quot;:&quot;&quot;,&quot;focal_length&quot;:&quot;0&quot;,&quot;iso&quot;:&quot;0&quot;,&quot;shutter_speed&quot;:&quot;0&quot;,&quot;title&quot;:&quot;&quot;,&quot;orientation&quot;:&quot;0&quot;}\" data-image-title=\"laptop-2557586_1920\" data-image-description=\"\" data-image-caption=\"\" data-large-file=\"https:\/\/i0.wp.com\/knowlitge.de\/wp-content\/uploads\/2018\/01\/laptop-2557586_1920.jpg?fit=700%2C466&amp;ssl=1\" class=\"wp-image-714\" src=\"https:\/\/i0.wp.com\/knowlitge.de\/wp-content\/uploads\/2018\/01\/f-secure-3.png?resize=143%2C135&#038;ssl=1\" alt=\"\" width=\"143\" height=\"135\" \/><\/a><figcaption id=\"caption-attachment-714\" class=\"wp-caption-text\">F-Secure<\/figcaption><\/figure><\/p>\n<p><\/p><\/div><\/div>\n<div  class=\"lgc-column lgc-grid-parent lgc-grid-25 lgc-tablet-grid-25 lgc-mobile-grid-100 lgc-equal-heights \"><div  class=\"inside-grid-column\">\n<p><figure id=\"attachment_714\" aria-describedby=\"caption-attachment-714\" style=\"width: 143px\" class=\"wp-caption alignnone\"><a href=\"https:\/\/knowlitge.de\/team-work\/\"><img data-recalc-dims=\"1\" loading=\"lazy\" decoding=\"async\" data-attachment-id=\"714\" data-permalink=\"https:\/\/knowlitge.de\/de\/entwicklung-individueller-software\/laptop-2557586_1920\/\" data-orig-file=\"https:\/\/i0.wp.com\/knowlitge.de\/wp-content\/uploads\/2018\/01\/laptop-2557586_1920.jpg?fit=1920%2C1279&amp;ssl=1\" data-orig-size=\"1920,1279\" data-comments-opened=\"0\" data-image-meta=\"{&quot;aperture&quot;:&quot;0&quot;,&quot;credit&quot;:&quot;&quot;,&quot;camera&quot;:&quot;&quot;,&quot;caption&quot;:&quot;&quot;,&quot;created_timestamp&quot;:&quot;0&quot;,&quot;copyright&quot;:&quot;&quot;,&quot;focal_length&quot;:&quot;0&quot;,&quot;iso&quot;:&quot;0&quot;,&quot;shutter_speed&quot;:&quot;0&quot;,&quot;title&quot;:&quot;&quot;,&quot;orientation&quot;:&quot;0&quot;}\" data-image-title=\"laptop-2557586_1920\" data-image-description=\"\" data-image-caption=\"\" data-large-file=\"https:\/\/i0.wp.com\/knowlitge.de\/wp-content\/uploads\/2018\/01\/laptop-2557586_1920.jpg?fit=700%2C466&amp;ssl=1\" class=\"wp-image-714\" src=\"https:\/\/i0.wp.com\/knowlitge.de\/wp-content\/uploads\/2018\/01\/teamwork.png?resize=143%2C135&#038;ssl=1\" alt=\"\" width=\"143\" height=\"135\" \/><\/a><figcaption id=\"caption-attachment-714\" class=\"wp-caption-text\">Team-Work<\/figcaption><\/figure><\/p>\n<p><\/p><\/div><\/div>\n<div  class=\"lgc-column lgc-grid-parent lgc-grid-25 lgc-tablet-grid-25 lgc-mobile-grid-100 lgc-equal-heights \"><div  class=\"inside-grid-column\">\n<p><figure id=\"attachment_714\" aria-describedby=\"caption-attachment-714\" style=\"width: 143px\" class=\"wp-caption alignnone\"><a href=\"https:\/\/knowlitge.de\/webinare\/\"><img data-recalc-dims=\"1\" loading=\"lazy\" decoding=\"async\" data-attachment-id=\"714\" data-permalink=\"https:\/\/knowlitge.de\/de\/entwicklung-individueller-software\/laptop-2557586_1920\/\" data-orig-file=\"https:\/\/i0.wp.com\/knowlitge.de\/wp-content\/uploads\/2018\/01\/laptop-2557586_1920.jpg?fit=1920%2C1279&amp;ssl=1\" data-orig-size=\"1920,1279\" data-comments-opened=\"0\" data-image-meta=\"{&quot;aperture&quot;:&quot;0&quot;,&quot;credit&quot;:&quot;&quot;,&quot;camera&quot;:&quot;&quot;,&quot;caption&quot;:&quot;&quot;,&quot;created_timestamp&quot;:&quot;0&quot;,&quot;copyright&quot;:&quot;&quot;,&quot;focal_length&quot;:&quot;0&quot;,&quot;iso&quot;:&quot;0&quot;,&quot;shutter_speed&quot;:&quot;0&quot;,&quot;title&quot;:&quot;&quot;,&quot;orientation&quot;:&quot;0&quot;}\" data-image-title=\"laptop-2557586_1920\" data-image-description=\"\" data-image-caption=\"\" data-large-file=\"https:\/\/i0.wp.com\/knowlitge.de\/wp-content\/uploads\/2018\/01\/laptop-2557586_1920.jpg?fit=700%2C466&amp;ssl=1\" class=\"wp-image-714\" src=\"https:\/\/i0.wp.com\/knowlitge.de\/wp-content\/uploads\/2018\/01\/webinar.png?resize=143%2C135&#038;ssl=1\" alt=\"\" width=\"143\" height=\"135\" \/><\/a><figcaption id=\"caption-attachment-714\" class=\"wp-caption-text\">Webinare<\/figcaption><\/figure><\/p>\n<p><\/p><\/div><\/div>\n<h4><span style=\"color: #808080;\">Was d\u00fcrfen wir f\u00fcr Sie tun?<\/span><\/h4>\n<p>Kontaktieren Sie uns. Wir informieren und beraten Sie gerne: <a href=\"https:\/\/knowlitge.de\/kontakt\/\">Kontakt<\/a><\/p>\n<\/div>\n","protected":false},"excerpt":{"rendered":"<p>Team-Work und Kollegialit\u00e4t steigert die Motivation Einleitung Die Spielregeln im Seminar \u201eDas klappt nie \u2026\u201c \u2013 verkrustete Strukturen anerkennen und gerade deshalb loslegen \u201eJeder\u201c, \u201eniemand\u201c, \u201eimmer\u201c, \u201enie\u201c \u2013 Diskussionskiller erkennen und vermeiden L\u00e4cheln \u2013 Ihre st\u00e4rkste Waffe und Motivationshilfe \u201eIch\u201c<\/p>\n","protected":false},"author":1,"featured_media":0,"parent":0,"menu_order":0,"comment_status":"closed","ping_status":"closed","template":"","meta":{"jetpack_post_was_ever_published":false,"footnotes":""},"class_list":["post-485","page","type-page","status-publish","hentry"],"translation":{"provider":"WPGlobus","version":"3.0.2","language":"de","enabled_languages":["en","de"],"languages":{"en":{"title":true,"content":true,"excerpt":false},"de":{"title":false,"content":false,"excerpt":false}}},"yoast_head":"<!-- This site is optimized with the Yoast SEO plugin v27.4 - https:\/\/yoast.com\/product\/yoast-seo-wordpress\/ -->\n<title>Team-Work - knowlITge<\/title>\n<meta name=\"robots\" content=\"index, follow, max-snippet:-1, max-image-preview:large, max-video-preview:-1\" \/>\n<link rel=\"canonical\" href=\"https:\/\/knowlitge.de\/team-work\/\" \/>\n<meta property=\"og:locale\" content=\"de_DE\" \/>\n<meta property=\"og:type\" content=\"article\" \/>\n<meta property=\"og:title\" content=\"Team-Work - knowlITge\" \/>\n<meta property=\"og:url\" content=\"https:\/\/knowlitge.de\/team-work\/\" \/>\n<meta property=\"og:site_name\" content=\"knowlITge\" \/>\n<meta property=\"article:modified_time\" content=\"2018-02-08T13:25:51+00:00\" \/>\n<meta name=\"twitter:card\" content=\"summary_large_image\" \/>\n<meta name=\"twitter:label1\" content=\"Gesch\u00e4tzte Lesezeit\" \/>\n\t<meta name=\"twitter:data1\" content=\"2\u00a0Minuten\" \/>\n<script type=\"application\/ld+json\" class=\"yoast-schema-graph\">{\"@context\":\"https:\\\/\\\/schema.org\",\"@graph\":[{\"@type\":\"WebPage\",\"@id\":\"https:\\\/\\\/knowlitge.de\\\/team-work\\\/\",\"url\":\"https:\\\/\\\/knowlitge.de\\\/team-work\\\/\",\"name\":\"Team-Work - knowlITge\",\"isPartOf\":{\"@id\":\"https:\\\/\\\/knowlitge.de\\\/#website\"},\"datePublished\":\"2018-01-24T11:33:53+00:00\",\"dateModified\":\"2018-02-08T13:25:51+00:00\",\"description\":\"knowlITge GmbH, K\u00f6ln \\\/ Bonn \\\/ Sankt Augustin - IT-Dienstleister seid \u00fcber 20 Jahren ! Docusnap, F-Secure, Gateprotect, Zabbix Softwarerentwicklung - VB.Net, Access Support - Windows, Linux, Drucker, Telefon, Cloud - Schulung, Workshop, Seminare, Beratung, Consulting\",\"breadcrumb\":{\"@id\":\"https:\\\/\\\/knowlitge.de\\\/team-work\\\/#breadcrumb\"},\"inLanguage\":\"de\",\"potentialAction\":[{\"@type\":\"ReadAction\",\"target\":[\"https:\\\/\\\/knowlitge.de\\\/team-work\\\/\"]}]},{\"@type\":\"BreadcrumbList\",\"@id\":\"https:\\\/\\\/knowlitge.de\\\/team-work\\\/#breadcrumb\",\"itemListElement\":[{\"@type\":\"ListItem\",\"position\":1,\"name\":\"Home\",\"item\":\"https:\\\/\\\/knowlitge.de\\\/\"},{\"@type\":\"ListItem\",\"position\":2,\"name\":\"Team-Work\"}]},{\"@type\":\"WebSite\",\"@id\":\"https:\\\/\\\/knowlitge.de\\\/#website\",\"url\":\"https:\\\/\\\/knowlitge.de\\\/\",\"name\":\"knowlITge\",\"description\":\"IT Dienstleister\",\"potentialAction\":[{\"@type\":\"SearchAction\",\"target\":{\"@type\":\"EntryPoint\",\"urlTemplate\":\"https:\\\/\\\/knowlitge.de\\\/?s={search_term_string}\"},\"query-input\":{\"@type\":\"PropertyValueSpecification\",\"valueRequired\":true,\"valueName\":\"search_term_string\"}}],\"inLanguage\":\"de\"}]}<\/script>\n<!-- \/ Yoast SEO plugin. -->","yoast_head_json":{"title":"Team-Work - knowlITge","robots":{"index":"index","follow":"follow","max-snippet":"max-snippet:-1","max-image-preview":"max-image-preview:large","max-video-preview":"max-video-preview:-1"},"canonical":"https:\/\/knowlitge.de\/team-work\/","og_locale":"de_DE","og_type":"article","og_title":"Team-Work - knowlITge","og_url":"https:\/\/knowlitge.de\/team-work\/","og_site_name":"knowlITge","article_modified_time":"2018-02-08T13:25:51+00:00","twitter_card":"summary_large_image","twitter_misc":{"Gesch\u00e4tzte Lesezeit":"2\u00a0Minuten"},"schema":{"@context":"https:\/\/schema.org","@graph":[{"@type":"WebPage","@id":"https:\/\/knowlitge.de\/team-work\/","url":"https:\/\/knowlitge.de\/team-work\/","name":"Team-Work - knowlITge","isPartOf":{"@id":"https:\/\/knowlitge.de\/#website"},"datePublished":"2018-01-24T11:33:53+00:00","dateModified":"2018-02-08T13:25:51+00:00","description":"knowlITge GmbH, K\u00f6ln \/ Bonn \/ Sankt Augustin - IT-Dienstleister seid \u00fcber 20 Jahren ! Docusnap, F-Secure, Gateprotect, Zabbix Softwarerentwicklung - VB.Net, Access Support - Windows, Linux, Drucker, Telefon, Cloud - Schulung, Workshop, Seminare, Beratung, Consulting","breadcrumb":{"@id":"https:\/\/knowlitge.de\/team-work\/#breadcrumb"},"inLanguage":"de","potentialAction":[{"@type":"ReadAction","target":["https:\/\/knowlitge.de\/team-work\/"]}]},{"@type":"BreadcrumbList","@id":"https:\/\/knowlitge.de\/team-work\/#breadcrumb","itemListElement":[{"@type":"ListItem","position":1,"name":"Home","item":"https:\/\/knowlitge.de\/"},{"@type":"ListItem","position":2,"name":"Team-Work"}]},{"@type":"WebSite","@id":"https:\/\/knowlitge.de\/#website","url":"https:\/\/knowlitge.de\/","name":"knowlITge","description":"IT Dienstleister","potentialAction":[{"@type":"SearchAction","target":{"@type":"EntryPoint","urlTemplate":"https:\/\/knowlitge.de\/?s={search_term_string}"},"query-input":{"@type":"PropertyValueSpecification","valueRequired":true,"valueName":"search_term_string"}}],"inLanguage":"de"}]}},"jetpack_sharing_enabled":false,"jetpack_shortlink":"https:\/\/wp.me\/P6NCzV-7P","jetpack-related-posts":[{"id":475,"url":"https:\/\/knowlitge.de\/de\/it-schulung\/","url_meta":{"origin":485,"position":0},"title":"IT-Schulung","author":"dvladmin","date":"24. Januar 2018","format":false,"excerpt":"Individuelle Schulungen f\u00fcr Ihr Unternehmen Wir bieten Ihnen umfassende IT-Schulungen f\u00fcr Anf\u00e4nger und Profis aus den Bereichen Dokusnap, F-Secure, Team-Work und Microsoft an. Profitieren Sie vom Know-How langj\u00e4hriger Erfahrung unseres Teams. Wir freuen uns darauf, Ihnen in einem unserer IT-Trainings, Workshops oder Coachings unser Wissen zu vermitteln. Melden Sie sich\u2026","rel":"","context":"\u00c4hnlicher Beitrag","block_context":{"text":"\u00c4hnlicher Beitrag","link":""},"img":{"alt_text":"","src":"https:\/\/i0.wp.com\/knowlitge.de\/wp-content\/uploads\/2015\/10\/coaching-1400x300.png?resize=350%2C200&ssl=1","width":350,"height":200,"srcset":"https:\/\/i0.wp.com\/knowlitge.de\/wp-content\/uploads\/2015\/10\/coaching-1400x300.png?resize=350%2C200&ssl=1 1x, https:\/\/i0.wp.com\/knowlitge.de\/wp-content\/uploads\/2015\/10\/coaching-1400x300.png?resize=525%2C300&ssl=1 1.5x, https:\/\/i0.wp.com\/knowlitge.de\/wp-content\/uploads\/2015\/10\/coaching-1400x300.png?resize=700%2C400&ssl=1 2x, https:\/\/i0.wp.com\/knowlitge.de\/wp-content\/uploads\/2015\/10\/coaching-1400x300.png?resize=1050%2C600&ssl=1 3x, https:\/\/i0.wp.com\/knowlitge.de\/wp-content\/uploads\/2015\/10\/coaching-1400x300.png?resize=1400%2C800&ssl=1 4x"},"classes":[]},{"id":499,"url":"https:\/\/knowlitge.de\/de\/das-team\/","url_meta":{"origin":485,"position":1},"title":"Das Team","author":"dvladmin","date":"24. Januar 2018","format":false,"excerpt":"Stefan Schreiner Managing Director Telefon: +49 2241.95581.10 E-Mail: schreiner@knowlitge.com Elke Schmidt Finanzbuchhaltung Telefon: +49 2241.95581.11 E-Mail: schmidt@knowlitge.com Jens Okkenga Senior System Administrator Telefon: +49 2241.95581.20 E-Mail: okkenga@knowlitge.com Das Team erg\u00e4nzen wir regelm\u00e4\u00dfig um freie MitarbeiterInnen, die die besonderen Anforderungen unserer Kunden kennen und mit denen wir seit langem vertrauensvoll zusammenarbeiten.","rel":"","context":"\u00c4hnlicher Beitrag","block_context":{"text":"\u00c4hnlicher Beitrag","link":""},"img":{"alt_text":"","src":"","width":0,"height":0},"classes":[]},{"id":427,"url":"https:\/\/knowlitge.de\/de\/desktop-management\/","url_meta":{"origin":485,"position":2},"title":"Desktop Management","author":"dvladmin","date":"23. Januar 2018","format":false,"excerpt":"PC-Service f\u00fcr Ihr Unternehmen nutzen Programmaktualisierungen aufspielen, die Datensicherung auf Fehlerfreiheit pr\u00fcfen, genau wissen, welche Soft- und Hardware im Einsatz ist: Sparen Sie die Zeit ein, sich selbst darum zu k\u00fcmmern. Mit unserem Desktop Management nehmen wir Ihnen diese wichtigen Aufgaben ab und k\u00fcmmern uns darum, dass Ihre PCs und\u2026","rel":"","context":"\u00c4hnlicher Beitrag","block_context":{"text":"\u00c4hnlicher Beitrag","link":""},"img":{"alt_text":"","src":"https:\/\/i0.wp.com\/knowlitge.de\/wp-content\/uploads\/2018\/01\/workstation-336369_1920.jpg?resize=350%2C200&ssl=1","width":350,"height":200},"classes":[]},{"id":362,"url":"https:\/\/knowlitge.de\/de\/it-support-fuer-unternehmen\/","url_meta":{"origin":485,"position":3},"title":"IT-Support","author":"dvladmin","date":"19. Januar 2018","format":false,"excerpt":"IT-Komplettpaket f\u00fcr Unternehmen Mit uns als Ihrem professionellen Partner f\u00fcr IT-Outsourcing erhalten Sie eine konstant funktionsf\u00e4hige, zuverl\u00e4ssig laufende IT-Umgebung, egal ob auf Arbeitsplatz- oder Server-Ebene. Mit Services zu den Themen Desktop Management und Server Management bieten wir Ihnen genau die Leistungsbausteine, die Ihre IT ben\u00f6tigt, um Ihr Gesch\u00e4ft im Alltag\u2026","rel":"","context":"\u00c4hnlicher Beitrag","block_context":{"text":"\u00c4hnlicher Beitrag","link":""},"img":{"alt_text":"","src":"https:\/\/i0.wp.com\/knowlitge.de\/wp-content\/uploads\/2015\/10\/Zahnr%C3%A4der-1400x300.png?fit=1200%2C257&ssl=1&resize=350%2C200","width":350,"height":200,"srcset":"https:\/\/i0.wp.com\/knowlitge.de\/wp-content\/uploads\/2015\/10\/Zahnr%C3%A4der-1400x300.png?fit=1200%2C257&ssl=1&resize=350%2C200 1x, https:\/\/i0.wp.com\/knowlitge.de\/wp-content\/uploads\/2015\/10\/Zahnr%C3%A4der-1400x300.png?fit=1200%2C257&ssl=1&resize=525%2C300 1.5x, https:\/\/i0.wp.com\/knowlitge.de\/wp-content\/uploads\/2015\/10\/Zahnr%C3%A4der-1400x300.png?fit=1200%2C257&ssl=1&resize=700%2C400 2x, https:\/\/i0.wp.com\/knowlitge.de\/wp-content\/uploads\/2015\/10\/Zahnr%C3%A4der-1400x300.png?fit=1200%2C257&ssl=1&resize=1050%2C600 3x"},"classes":[]},{"id":419,"url":"https:\/\/knowlitge.de\/de\/software-management\/","url_meta":{"origin":485,"position":4},"title":"Software Management von den Software-Spezialisten","author":"dvladmin","date":"23. Januar 2018","format":false,"excerpt":"Software Management nach Ma\u00df f\u00fcr Ihr Unternehmen Als langj\u00e4hriger IT-Dienstleister haben wir viel Erfahrung mit den verschiedensten Softwaresystemen wie zum Beispiel mit ZABBIX, Docusnap, Gateprotect, F-Secure, Windows, Linux, Office, Wordpress, vTiger, etc. sammeln k\u00f6nnen. Diese Erfahrung geben wir gerne an Sie weiter. Profitieren Sie davon! Das Rundum-sorglos-Paket Wir installieren, administrieren,\u2026","rel":"","context":"\u00c4hnlicher Beitrag","block_context":{"text":"\u00c4hnlicher Beitrag","link":""},"img":{"alt_text":"","src":"https:\/\/i0.wp.com\/knowlitge.de\/wp-content\/uploads\/2015\/09\/docusnap-190x90.png?resize=350%2C200","width":350,"height":200},"classes":[]},{"id":423,"url":"https:\/\/knowlitge.de\/de\/drucker-management\/","url_meta":{"origin":485,"position":5},"title":"Drucker Management","author":"dvladmin","date":"23. Januar 2018","format":false,"excerpt":"Druckermanagement \u2013 das Rundum-Sorglos-Paket Delegieren Sie die l\u00e4stige Verantwortung rund um Druckerwartung, Druckerst\u00f6rung, Druckerreparatur und Verbrauchsmaterial. Mit unserem Drucker-Service erhalten Sie ein Rundum-Sorglos-Paket. So k\u00f6nnen Sie die Kosten f\u00fcr Ihre B\u00fcrotechnik vorteilhaft kalkulieren.","rel":"","context":"\u00c4hnlicher Beitrag","block_context":{"text":"\u00c4hnlicher Beitrag","link":""},"img":{"alt_text":"","src":"https:\/\/i0.wp.com\/knowlitge.de\/wp-content\/uploads\/2018\/01\/printer-790396_1920.jpg?resize=350%2C200&ssl=1","width":350,"height":200},"classes":[]}],"_links":{"self":[{"href":"https:\/\/knowlitge.de\/de\/wp-json\/wp\/v2\/pages\/485","targetHints":{"allow":["GET"]}}],"collection":[{"href":"https:\/\/knowlitge.de\/de\/wp-json\/wp\/v2\/pages"}],"about":[{"href":"https:\/\/knowlitge.de\/de\/wp-json\/wp\/v2\/types\/page"}],"author":[{"embeddable":true,"href":"https:\/\/knowlitge.de\/de\/wp-json\/wp\/v2\/users\/1"}],"replies":[{"embeddable":true,"href":"https:\/\/knowlitge.de\/de\/wp-json\/wp\/v2\/comments?post=485"}],"version-history":[{"count":10,"href":"https:\/\/knowlitge.de\/de\/wp-json\/wp\/v2\/pages\/485\/revisions"}],"predecessor-version":[{"id":1178,"href":"https:\/\/knowlitge.de\/de\/wp-json\/wp\/v2\/pages\/485\/revisions\/1178"}],"wp:attachment":[{"href":"https:\/\/knowlitge.de\/de\/wp-json\/wp\/v2\/media?parent=485"}],"curies":[{"name":"wp","href":"https:\/\/api.w.org\/{rel}","templated":true}]}}