{"id":473,"date":"2018-01-24T12:21:46","date_gmt":"2018-01-24T11:21:46","guid":{"rendered":"http:\/\/knowlitge.de\/?page_id=473"},"modified":"2018-02-08T14:26:11","modified_gmt":"2018-02-08T13:26:11","slug":"telefon-over-ip","status":"publish","type":"page","link":"https:\/\/knowlitge.de\/de\/telefon-over-ip\/","title":{"rendered":"Telefon over IP"},"content":{"rendered":"<h6>Verkn\u00fcpfung von PC und Telefon<\/h6>\n<p>Eine moderne Telekommunikationsanlage bietet Ihnen mehr Flexibilit\u00e4t und kann Arbeitsprozesse deutlich effizienter gestalten. Grundlegend werden dabei zwei m\u00f6gliche Systeme unterschieden: die komplette Auslagerung der Telefonanlage in die Cloud oder die Nutzung eines hybriden Systems, das Ihre station\u00e4re Telefonanlage IP-f\u00e4hig macht und Ihnen so alle Anschlussm\u00f6glichkeiten offen l\u00e4sst. Welches System f\u00fcr Sie sinnvoll ist, liegt letztendlich auch an den technischen Gegebenheiten vor Ort, wie der Ihnen zur Verf\u00fcgung stehenden Bandbreite und den vorhandenen Endger\u00e4ten. Wir pr\u00fcfen diese Voraussetzungen individuell und bieten Ihnen eine ma\u00dfgeschneiderte, zukunftsf\u00e4hige L\u00f6sung f\u00fcr Ihre Telekommunikation an.<\/p>\n<div  class=\"lgc-column lgc-grid-parent lgc-grid-20 lgc-tablet-grid-20 lgc-mobile-grid-100 lgc-equal-heights \"><div  class=\"inside-grid-column\"><img data-recalc-dims=\"1\" loading=\"lazy\" decoding=\"async\" data-attachment-id=\"714\" data-permalink=\"https:\/\/knowlitge.de\/de\/entwicklung-individueller-software\/laptop-2557586_1920\/\" data-orig-file=\"https:\/\/i0.wp.com\/knowlitge.de\/wp-content\/uploads\/2018\/01\/laptop-2557586_1920.jpg?fit=1920%2C1279&amp;ssl=1\" data-orig-size=\"1920,1279\" data-comments-opened=\"0\" data-image-meta=\"{&quot;aperture&quot;:&quot;0&quot;,&quot;credit&quot;:&quot;&quot;,&quot;camera&quot;:&quot;&quot;,&quot;caption&quot;:&quot;&quot;,&quot;created_timestamp&quot;:&quot;0&quot;,&quot;copyright&quot;:&quot;&quot;,&quot;focal_length&quot;:&quot;0&quot;,&quot;iso&quot;:&quot;0&quot;,&quot;shutter_speed&quot;:&quot;0&quot;,&quot;title&quot;:&quot;&quot;,&quot;orientation&quot;:&quot;0&quot;}\" data-image-title=\"laptop-2557586_1920\" data-image-description=\"\" data-image-caption=\"\" data-large-file=\"https:\/\/i0.wp.com\/knowlitge.de\/wp-content\/uploads\/2018\/01\/laptop-2557586_1920.jpg?fit=700%2C466&amp;ssl=1\" class=\"alignnone wp-image-714\" src=\"https:\/\/i0.wp.com\/knowlitge.de\/wp-content\/uploads\/2018\/01\/Telefon-over-ip.png?resize=143%2C90&#038;ssl=1\" alt=\"\" width=\"143\" height=\"90\" \/><br \/>\n<\/div><\/div><div  class=\"lgc-column lgc-grid-parent lgc-grid-80 lgc-tablet-grid-80 lgc-mobile-grid-100 lgc-equal-heights \"><div  class=\"inside-grid-column\">\n<ul>\n<li class=\"col-xs-12 col-sm-4 col-md-12\">Zentrales System f\u00fcr individuelle Anrufbeantworter und Faxboxen<\/li>\n<li class=\"col-xs-12 col-sm-4 col-md-12\">Passgenaue L\u00f6sung zur Integration, wie die Anbindung an die Warenwirtschaft<\/li>\n<li class=\"col-xs-12 col-sm-4 col-md-12\">Fl\u00e4chendeckende Erreichbarkeit von Schnurlostelefonen<\/li>\n<li class=\"col-xs-12 col-sm-4 col-md-12\">Zukunftsf\u00e4hige L\u00f6sung f\u00fcr Ihre Telekommunikation<\/li>\n<\/ul>\n<p><\/p><\/div><\/div>\n<div class=\"content_block\" id=\"custom_post_widget-1012\"><h4><span style=\"color: #808080;\">Unsere weiteren IT-Infrastruktur Dienstleistungen<\/span><\/h4>\n<p>Die knowlITge GmbH bietet Ihnen ein ma\u00dfgeschneidertes Komplettpaket f\u00fcr Ihre IT an. Schauen Sie sich hier unsere weiteren IT-Infrastruktur Dienstleistungen an. Weitere Informationen zu unseren IT-Infrastruktur Dienstleistungen erhalten Sie auch hier: <a href=\"https:\/\/knowlitge.de\/IT-Infrastruktur\/\/\">Das Fundament f\u00fcr Ihr Unternehmen<\/a><\/p>\n<div  class=\"lgc-column lgc-grid-parent lgc-grid-25 lgc-tablet-grid-25 lgc-mobile-grid-100 lgc-equal-heights \"><div  class=\"inside-grid-column\">\n<p><figure id=\"attachment_714\" aria-describedby=\"caption-attachment-714\" style=\"width: 143px\" class=\"wp-caption alignnone\"><a href=\"https:\/\/knowlitge.de\/https:\/\/knowlitge.de\/hard-und-software\/\"><img data-recalc-dims=\"1\" loading=\"lazy\" decoding=\"async\" data-attachment-id=\"714\" data-permalink=\"https:\/\/knowlitge.de\/de\/entwicklung-individueller-software\/laptop-2557586_1920\/\" data-orig-file=\"https:\/\/i0.wp.com\/knowlitge.de\/wp-content\/uploads\/2018\/01\/laptop-2557586_1920.jpg?fit=1920%2C1279&amp;ssl=1\" data-orig-size=\"1920,1279\" data-comments-opened=\"0\" data-image-meta=\"{&quot;aperture&quot;:&quot;0&quot;,&quot;credit&quot;:&quot;&quot;,&quot;camera&quot;:&quot;&quot;,&quot;caption&quot;:&quot;&quot;,&quot;created_timestamp&quot;:&quot;0&quot;,&quot;copyright&quot;:&quot;&quot;,&quot;focal_length&quot;:&quot;0&quot;,&quot;iso&quot;:&quot;0&quot;,&quot;shutter_speed&quot;:&quot;0&quot;,&quot;title&quot;:&quot;&quot;,&quot;orientation&quot;:&quot;0&quot;}\" data-image-title=\"laptop-2557586_1920\" data-image-description=\"\" data-image-caption=\"\" data-large-file=\"https:\/\/i0.wp.com\/knowlitge.de\/wp-content\/uploads\/2018\/01\/laptop-2557586_1920.jpg?fit=700%2C466&amp;ssl=1\" class=\"wp-image-714\" src=\"https:\/\/i0.wp.com\/knowlitge.de\/wp-content\/uploads\/2018\/01\/Hard-und-Software.png?resize=143%2C135&#038;ssl=1\" alt=\"\" width=\"143\" height=\"135\" \/><\/a><figcaption id=\"caption-attachment-714\" class=\"wp-caption-text\">Hard- und Software<\/figcaption><\/figure><\/p>\n<p><\/p><\/div><\/div>\n<div  class=\"lgc-column lgc-grid-parent lgc-grid-25 lgc-tablet-grid-25 lgc-mobile-grid-100 lgc-equal-heights \"><div  class=\"inside-grid-column\">\n<p><figure id=\"attachment_714\" aria-describedby=\"caption-attachment-714\" style=\"width: 143px\" class=\"wp-caption alignnone\"><a href=\"https:\/\/knowlitge.de\/it-infrastrukturanalyse\/\"><img data-recalc-dims=\"1\" loading=\"lazy\" decoding=\"async\" data-attachment-id=\"714\" data-permalink=\"https:\/\/knowlitge.de\/de\/entwicklung-individueller-software\/laptop-2557586_1920\/\" data-orig-file=\"https:\/\/i0.wp.com\/knowlitge.de\/wp-content\/uploads\/2018\/01\/laptop-2557586_1920.jpg?fit=1920%2C1279&amp;ssl=1\" data-orig-size=\"1920,1279\" data-comments-opened=\"0\" data-image-meta=\"{&quot;aperture&quot;:&quot;0&quot;,&quot;credit&quot;:&quot;&quot;,&quot;camera&quot;:&quot;&quot;,&quot;caption&quot;:&quot;&quot;,&quot;created_timestamp&quot;:&quot;0&quot;,&quot;copyright&quot;:&quot;&quot;,&quot;focal_length&quot;:&quot;0&quot;,&quot;iso&quot;:&quot;0&quot;,&quot;shutter_speed&quot;:&quot;0&quot;,&quot;title&quot;:&quot;&quot;,&quot;orientation&quot;:&quot;0&quot;}\" data-image-title=\"laptop-2557586_1920\" data-image-description=\"\" data-image-caption=\"\" data-large-file=\"https:\/\/i0.wp.com\/knowlitge.de\/wp-content\/uploads\/2018\/01\/laptop-2557586_1920.jpg?fit=700%2C466&amp;ssl=1\" class=\"wp-image-714\" src=\"https:\/\/i0.wp.com\/knowlitge.de\/wp-content\/uploads\/2018\/01\/infrastruktur.png?resize=143%2C135&#038;ssl=1\" alt=\"\" width=\"143\" height=\"135\" \/><\/a><figcaption id=\"caption-attachment-714\" class=\"wp-caption-text\">IT Strukturanalyse<\/figcaption><\/figure><\/p>\n<p><\/p><\/div><\/div>\n<div  class=\"lgc-column lgc-grid-parent lgc-grid-25 lgc-tablet-grid-25 lgc-mobile-grid-100 lgc-equal-heights \"><div  class=\"inside-grid-column\">\n<p><figure id=\"attachment_714\" aria-describedby=\"caption-attachment-714\" style=\"width: 143px\" class=\"wp-caption alignnone\"><a href=\"https:\/\/knowlitge.de\/Virtualisierung\/\"><img data-recalc-dims=\"1\" loading=\"lazy\" decoding=\"async\" data-attachment-id=\"714\" data-permalink=\"https:\/\/knowlitge.de\/de\/entwicklung-individueller-software\/laptop-2557586_1920\/\" data-orig-file=\"https:\/\/i0.wp.com\/knowlitge.de\/wp-content\/uploads\/2018\/01\/laptop-2557586_1920.jpg?fit=1920%2C1279&amp;ssl=1\" data-orig-size=\"1920,1279\" data-comments-opened=\"0\" data-image-meta=\"{&quot;aperture&quot;:&quot;0&quot;,&quot;credit&quot;:&quot;&quot;,&quot;camera&quot;:&quot;&quot;,&quot;caption&quot;:&quot;&quot;,&quot;created_timestamp&quot;:&quot;0&quot;,&quot;copyright&quot;:&quot;&quot;,&quot;focal_length&quot;:&quot;0&quot;,&quot;iso&quot;:&quot;0&quot;,&quot;shutter_speed&quot;:&quot;0&quot;,&quot;title&quot;:&quot;&quot;,&quot;orientation&quot;:&quot;0&quot;}\" data-image-title=\"laptop-2557586_1920\" data-image-description=\"\" data-image-caption=\"\" data-large-file=\"https:\/\/i0.wp.com\/knowlitge.de\/wp-content\/uploads\/2018\/01\/laptop-2557586_1920.jpg?fit=700%2C466&amp;ssl=1\" class=\"wp-image-714\" src=\"https:\/\/i0.wp.com\/knowlitge.de\/wp-content\/uploads\/2018\/01\/virtualisierung.png?resize=143%2C135&#038;ssl=1\" alt=\"\" width=\"143\" height=\"135\" \/><\/a><figcaption id=\"caption-attachment-714\" class=\"wp-caption-text\">Virtualisierung<\/figcaption><\/figure><\/p>\n<p><\/p><\/div><\/div>\n<div  class=\"lgc-column lgc-grid-parent lgc-grid-25 lgc-tablet-grid-25 lgc-mobile-grid-100 lgc-equal-heights \"><div  class=\"inside-grid-column\">\n<p><figure id=\"attachment_714\" aria-describedby=\"caption-attachment-714\" style=\"width: 143px\" class=\"wp-caption alignnone\"><a href=\"https:\/\/knowlitge.de\/Telefon-over-IP\/\"><img data-recalc-dims=\"1\" loading=\"lazy\" decoding=\"async\" data-attachment-id=\"714\" data-permalink=\"https:\/\/knowlitge.de\/de\/entwicklung-individueller-software\/laptop-2557586_1920\/\" data-orig-file=\"https:\/\/i0.wp.com\/knowlitge.de\/wp-content\/uploads\/2018\/01\/laptop-2557586_1920.jpg?fit=1920%2C1279&amp;ssl=1\" data-orig-size=\"1920,1279\" data-comments-opened=\"0\" data-image-meta=\"{&quot;aperture&quot;:&quot;0&quot;,&quot;credit&quot;:&quot;&quot;,&quot;camera&quot;:&quot;&quot;,&quot;caption&quot;:&quot;&quot;,&quot;created_timestamp&quot;:&quot;0&quot;,&quot;copyright&quot;:&quot;&quot;,&quot;focal_length&quot;:&quot;0&quot;,&quot;iso&quot;:&quot;0&quot;,&quot;shutter_speed&quot;:&quot;0&quot;,&quot;title&quot;:&quot;&quot;,&quot;orientation&quot;:&quot;0&quot;}\" data-image-title=\"laptop-2557586_1920\" data-image-description=\"\" data-image-caption=\"\" data-large-file=\"https:\/\/i0.wp.com\/knowlitge.de\/wp-content\/uploads\/2018\/01\/laptop-2557586_1920.jpg?fit=700%2C466&amp;ssl=1\" class=\"wp-image-714\" src=\"https:\/\/i0.wp.com\/knowlitge.de\/wp-content\/uploads\/2018\/01\/Telefon-over-ip.png?resize=143%2C135&#038;ssl=1\" alt=\"\" width=\"143\" height=\"135\" \/><\/a><figcaption id=\"caption-attachment-714\" class=\"wp-caption-text\">Telefon over IP<\/figcaption><\/figure><\/p>\n<p><\/p><\/div><\/div>\n<h4><span style=\"color: #808080;\">Was d\u00fcrfen wir f\u00fcr Sie tun?<\/span><\/h4>\n<p>Kontaktieren Sie uns. Wir informieren und beraten Sie gerne: <a href=\"https:\/\/knowlitge.de\/kontakt\/\">Kontakt<\/a><\/p>\n<\/div>\n","protected":false},"excerpt":{"rendered":"<p>Verkn\u00fcpfung von PC und Telefon Eine moderne Telekommunikationsanlage bietet Ihnen mehr Flexibilit\u00e4t und kann Arbeitsprozesse deutlich effizienter gestalten. Grundlegend werden dabei zwei m\u00f6gliche Systeme unterschieden: die komplette Auslagerung der Telefonanlage in die Cloud oder die Nutzung eines hybriden Systems, das<\/p>\n","protected":false},"author":1,"featured_media":0,"parent":0,"menu_order":0,"comment_status":"closed","ping_status":"closed","template":"","meta":{"jetpack_post_was_ever_published":false,"footnotes":""},"class_list":["post-473","page","type-page","status-publish","hentry"],"translation":{"provider":"WPGlobus","version":"3.0.2","language":"de","enabled_languages":["en","de"],"languages":{"en":{"title":true,"content":true,"excerpt":false},"de":{"title":false,"content":false,"excerpt":false}}},"yoast_head":"<!-- This site is optimized with the Yoast SEO plugin v27.4 - https:\/\/yoast.com\/product\/yoast-seo-wordpress\/ -->\n<title>Telefon over IP - knowlITge<\/title>\n<meta name=\"robots\" content=\"index, follow, max-snippet:-1, max-image-preview:large, max-video-preview:-1\" \/>\n<link rel=\"canonical\" href=\"https:\/\/knowlitge.de\/telefon-over-ip\/\" \/>\n<meta property=\"og:locale\" content=\"de_DE\" \/>\n<meta property=\"og:type\" content=\"article\" \/>\n<meta property=\"og:title\" content=\"Telefon over IP - knowlITge\" \/>\n<meta property=\"og:url\" content=\"https:\/\/knowlitge.de\/telefon-over-ip\/\" \/>\n<meta property=\"og:site_name\" content=\"knowlITge\" \/>\n<meta property=\"article:modified_time\" content=\"2018-02-08T13:26:11+00:00\" \/>\n<meta property=\"og:image\" content=\"https:\/\/knowlitge.de\/wp-content\/uploads\/2018\/01\/Telefon-over-ip.png\" \/>\n<meta name=\"twitter:card\" content=\"summary_large_image\" \/>\n<meta name=\"twitter:label1\" content=\"Gesch\u00e4tzte Lesezeit\" \/>\n\t<meta name=\"twitter:data1\" content=\"1\u00a0Minute\" \/>\n<script type=\"application\/ld+json\" class=\"yoast-schema-graph\">{\"@context\":\"https:\\\/\\\/schema.org\",\"@graph\":[{\"@type\":\"WebPage\",\"@id\":\"https:\\\/\\\/knowlitge.de\\\/telefon-over-ip\\\/\",\"url\":\"https:\\\/\\\/knowlitge.de\\\/telefon-over-ip\\\/\",\"name\":\"Telefon over IP - knowlITge\",\"isPartOf\":{\"@id\":\"https:\\\/\\\/knowlitge.de\\\/#website\"},\"primaryImageOfPage\":{\"@id\":\"https:\\\/\\\/knowlitge.de\\\/telefon-over-ip\\\/#primaryimage\"},\"image\":{\"@id\":\"https:\\\/\\\/knowlitge.de\\\/telefon-over-ip\\\/#primaryimage\"},\"thumbnailUrl\":\"https:\\\/\\\/knowlitge.de\\\/wp-content\\\/uploads\\\/2018\\\/01\\\/Telefon-over-ip.png\",\"datePublished\":\"2018-01-24T11:21:46+00:00\",\"dateModified\":\"2018-02-08T13:26:11+00:00\",\"description\":\"knowlITge GmbH, K\u00f6ln \\\/ Bonn \\\/ Sankt Augustin - IT-Dienstleister seid \u00fcber 20 Jahren ! Docusnap, F-Secure, Gateprotect, Zabbix Softwarerentwicklung - VB.Net, Access Support - Windows, Linux, Drucker, Telefon, Cloud - Schulung, Workshop, Seminare, Beratung, Consulting\",\"breadcrumb\":{\"@id\":\"https:\\\/\\\/knowlitge.de\\\/telefon-over-ip\\\/#breadcrumb\"},\"inLanguage\":\"de\",\"potentialAction\":[{\"@type\":\"ReadAction\",\"target\":[\"https:\\\/\\\/knowlitge.de\\\/telefon-over-ip\\\/\"]}]},{\"@type\":\"ImageObject\",\"inLanguage\":\"de\",\"@id\":\"https:\\\/\\\/knowlitge.de\\\/telefon-over-ip\\\/#primaryimage\",\"url\":\"https:\\\/\\\/knowlitge.de\\\/wp-content\\\/uploads\\\/2018\\\/01\\\/Telefon-over-ip.png\",\"contentUrl\":\"https:\\\/\\\/knowlitge.de\\\/wp-content\\\/uploads\\\/2018\\\/01\\\/Telefon-over-ip.png\"},{\"@type\":\"BreadcrumbList\",\"@id\":\"https:\\\/\\\/knowlitge.de\\\/telefon-over-ip\\\/#breadcrumb\",\"itemListElement\":[{\"@type\":\"ListItem\",\"position\":1,\"name\":\"Home\",\"item\":\"https:\\\/\\\/knowlitge.de\\\/\"},{\"@type\":\"ListItem\",\"position\":2,\"name\":\"Telefon over IP\"}]},{\"@type\":\"WebSite\",\"@id\":\"https:\\\/\\\/knowlitge.de\\\/#website\",\"url\":\"https:\\\/\\\/knowlitge.de\\\/\",\"name\":\"knowlITge\",\"description\":\"IT Dienstleister\",\"potentialAction\":[{\"@type\":\"SearchAction\",\"target\":{\"@type\":\"EntryPoint\",\"urlTemplate\":\"https:\\\/\\\/knowlitge.de\\\/?s={search_term_string}\"},\"query-input\":{\"@type\":\"PropertyValueSpecification\",\"valueRequired\":true,\"valueName\":\"search_term_string\"}}],\"inLanguage\":\"de\"}]}<\/script>\n<!-- \/ Yoast SEO plugin. -->","yoast_head_json":{"title":"Telefon over IP - knowlITge","robots":{"index":"index","follow":"follow","max-snippet":"max-snippet:-1","max-image-preview":"max-image-preview:large","max-video-preview":"max-video-preview:-1"},"canonical":"https:\/\/knowlitge.de\/telefon-over-ip\/","og_locale":"de_DE","og_type":"article","og_title":"Telefon over IP - knowlITge","og_url":"https:\/\/knowlitge.de\/telefon-over-ip\/","og_site_name":"knowlITge","article_modified_time":"2018-02-08T13:26:11+00:00","og_image":[{"url":"https:\/\/knowlitge.de\/wp-content\/uploads\/2018\/01\/Telefon-over-ip.png","type":"","width":"","height":""}],"twitter_card":"summary_large_image","twitter_misc":{"Gesch\u00e4tzte Lesezeit":"1\u00a0Minute"},"schema":{"@context":"https:\/\/schema.org","@graph":[{"@type":"WebPage","@id":"https:\/\/knowlitge.de\/telefon-over-ip\/","url":"https:\/\/knowlitge.de\/telefon-over-ip\/","name":"Telefon over IP - knowlITge","isPartOf":{"@id":"https:\/\/knowlitge.de\/#website"},"primaryImageOfPage":{"@id":"https:\/\/knowlitge.de\/telefon-over-ip\/#primaryimage"},"image":{"@id":"https:\/\/knowlitge.de\/telefon-over-ip\/#primaryimage"},"thumbnailUrl":"https:\/\/knowlitge.de\/wp-content\/uploads\/2018\/01\/Telefon-over-ip.png","datePublished":"2018-01-24T11:21:46+00:00","dateModified":"2018-02-08T13:26:11+00:00","description":"knowlITge GmbH, K\u00f6ln \/ Bonn \/ Sankt Augustin - IT-Dienstleister seid \u00fcber 20 Jahren ! Docusnap, F-Secure, Gateprotect, Zabbix Softwarerentwicklung - VB.Net, Access Support - Windows, Linux, Drucker, Telefon, Cloud - Schulung, Workshop, Seminare, Beratung, Consulting","breadcrumb":{"@id":"https:\/\/knowlitge.de\/telefon-over-ip\/#breadcrumb"},"inLanguage":"de","potentialAction":[{"@type":"ReadAction","target":["https:\/\/knowlitge.de\/telefon-over-ip\/"]}]},{"@type":"ImageObject","inLanguage":"de","@id":"https:\/\/knowlitge.de\/telefon-over-ip\/#primaryimage","url":"https:\/\/knowlitge.de\/wp-content\/uploads\/2018\/01\/Telefon-over-ip.png","contentUrl":"https:\/\/knowlitge.de\/wp-content\/uploads\/2018\/01\/Telefon-over-ip.png"},{"@type":"BreadcrumbList","@id":"https:\/\/knowlitge.de\/telefon-over-ip\/#breadcrumb","itemListElement":[{"@type":"ListItem","position":1,"name":"Home","item":"https:\/\/knowlitge.de\/"},{"@type":"ListItem","position":2,"name":"Telefon over IP"}]},{"@type":"WebSite","@id":"https:\/\/knowlitge.de\/#website","url":"https:\/\/knowlitge.de\/","name":"knowlITge","description":"IT Dienstleister","potentialAction":[{"@type":"SearchAction","target":{"@type":"EntryPoint","urlTemplate":"https:\/\/knowlitge.de\/?s={search_term_string}"},"query-input":{"@type":"PropertyValueSpecification","valueRequired":true,"valueName":"search_term_string"}}],"inLanguage":"de"}]}},"jetpack_sharing_enabled":false,"jetpack_shortlink":"https:\/\/wp.me\/P6NCzV-7D","jetpack-related-posts":[{"id":7,"url":"https:\/\/knowlitge.de\/de\/kontakt\/","url_meta":{"origin":473,"position":0},"title":"Was d\u00fcrfen wir f\u00fcr Sie tun ?","author":"dvladmin","date":"21. September 2015","format":false,"excerpt":"M\u00f6chten Sie weitere Informationen zu unseren Dienstleistungen oder Produkten haben? Oder ben\u00f6tigen Sie ein individuelles Angebot f\u00fcr eine Software-L\u00f6sung oder eine Schulung? Es stehen Ihnen folgende Kontaktm\u00f6glichkeiten zur Verf\u00fcgung. Wir freuen uns auf Ihre Nachricht ! Wir freuen uns auf das pers\u00f6nliche Gespr\u00e4ch mit Ihnen!","rel":"","context":"\u00c4hnlicher Beitrag","block_context":{"text":"\u00c4hnlicher Beitrag","link":""},"img":{"alt_text":"","src":"https:\/\/i0.wp.com\/knowlitge.de\/wp-content\/uploads\/2018\/01\/contact-us-2993000_1280.jpg?resize=350%2C200&ssl=1","width":350,"height":200,"srcset":"https:\/\/i0.wp.com\/knowlitge.de\/wp-content\/uploads\/2018\/01\/contact-us-2993000_1280.jpg?resize=350%2C200&ssl=1 1x, https:\/\/i0.wp.com\/knowlitge.de\/wp-content\/uploads\/2018\/01\/contact-us-2993000_1280.jpg?resize=525%2C300&ssl=1 1.5x, https:\/\/i0.wp.com\/knowlitge.de\/wp-content\/uploads\/2018\/01\/contact-us-2993000_1280.jpg?resize=700%2C400&ssl=1 2x, https:\/\/i0.wp.com\/knowlitge.de\/wp-content\/uploads\/2018\/01\/contact-us-2993000_1280.jpg?resize=1050%2C600&ssl=1 3x"},"classes":[]},{"id":487,"url":"https:\/\/knowlitge.de\/de\/webinare\/","url_meta":{"origin":473,"position":1},"title":"Webinare","author":"dvladmin","date":"24. Januar 2018","format":false,"excerpt":"Individuelle Online-Schulungen Als Teilnehmer eines Webinars besuchen Sie eine Online-Schulung. Bequem und zeitsparend direkt vom eigenen Schreibtisch aus. In unserem virtuellen Seminarraum sehen Sie den Bildschirm des Referenten und verfolgen seine Pr\u00e4sentation in Echtzeit. \u00dcber verschiedene Wege, z.B. \u00fcber Telefon oder via Chat, stehen Sie im direkten Kontakt mit dem\u2026","rel":"","context":"\u00c4hnlicher Beitrag","block_context":{"text":"\u00c4hnlicher Beitrag","link":""},"img":{"alt_text":"","src":"https:\/\/i0.wp.com\/knowlitge.de\/wp-content\/uploads\/2018\/01\/webinar.png?resize=350%2C200&ssl=1","width":350,"height":200},"classes":[]},{"id":466,"url":"https:\/\/knowlitge.de\/de\/hard-und-software\/","url_meta":{"origin":473,"position":2},"title":"Hard- und Software","author":"dvladmin","date":"24. Januar 2018","format":false,"excerpt":"Kompetente und g\u00fcnstige IT-Beschaffung Machen Sie die IT nicht zu Ihrem Thema, k\u00fcmmern Sie sich um Ihr Tagesgesch\u00e4ft. Auch dann, wenn es an der Zeit ist, Ihre PCs, Laptops, Server & die dazu passende Software auf einen neuen Stand zu bringen. Wir sorgen daf\u00fcr, dass Sie leistungsstarke und bedarfsgerechte IT-Systeme\u2026","rel":"","context":"\u00c4hnlicher Beitrag","block_context":{"text":"\u00c4hnlicher Beitrag","link":""},"img":{"alt_text":"","src":"https:\/\/i0.wp.com\/knowlitge.de\/wp-content\/uploads\/2018\/01\/Hard-und-Software.png?resize=350%2C200&ssl=1","width":350,"height":200},"classes":[]},{"id":421,"url":"https:\/\/knowlitge.de\/de\/dokumenten-management\/","url_meta":{"origin":473,"position":3},"title":"Dokumenten Management","author":"dvladmin","date":"23. Januar 2018","format":false,"excerpt":"Unterlagen sortieren und archivieren \u2013 einfach und effizient Die ordnungsgem\u00e4\u00dfe Buchf\u00fchrung umfasst nach gesetzlich vorgeschriebenen Aufbewahrungsfristen auch digitale Dokumente. F\u00fcr die t\u00e4gliche Dokumentensuche, das Unterlagen sortieren oder Gesch\u00e4ftsunterlagen aufbewahren, m\u00fcssen Ihre Mitarbeiter Aktenordner, Ablagen, E-Mail-Postf\u00e4cher und Festplatten durchsuchen. Mit einem Dokumenten Management System b\u00fcndeln Sie die Ablageorte Ihrer Gesch\u00e4ftsunterlagen, gestalten\u2026","rel":"","context":"\u00c4hnlicher Beitrag","block_context":{"text":"\u00c4hnlicher Beitrag","link":""},"img":{"alt_text":"","src":"https:\/\/i0.wp.com\/knowlitge.de\/wp-content\/uploads\/2018\/01\/data-bearer-1313000_1920.jpg?resize=350%2C200&ssl=1","width":350,"height":200,"srcset":"https:\/\/i0.wp.com\/knowlitge.de\/wp-content\/uploads\/2018\/01\/data-bearer-1313000_1920.jpg?resize=350%2C200&ssl=1 1x, https:\/\/i0.wp.com\/knowlitge.de\/wp-content\/uploads\/2018\/01\/data-bearer-1313000_1920.jpg?resize=525%2C300&ssl=1 1.5x, https:\/\/i0.wp.com\/knowlitge.de\/wp-content\/uploads\/2018\/01\/data-bearer-1313000_1920.jpg?resize=700%2C400&ssl=1 2x, https:\/\/i0.wp.com\/knowlitge.de\/wp-content\/uploads\/2018\/01\/data-bearer-1313000_1920.jpg?resize=1050%2C600&ssl=1 3x, https:\/\/i0.wp.com\/knowlitge.de\/wp-content\/uploads\/2018\/01\/data-bearer-1313000_1920.jpg?resize=1400%2C800&ssl=1 4x"},"classes":[]},{"id":425,"url":"https:\/\/knowlitge.de\/de\/server-management\/","url_meta":{"origin":473,"position":4},"title":"Server Management","author":"dvladmin","date":"23. Januar 2018","format":false,"excerpt":"Managed Server: Die Alles-in-einem-Dienstleistung Der Server ist die zentrale Schnittstelle innerhalb einer modernen IT-Umgebung. F\u00e4llt die einmal aus, kommen Arbeitsabl\u00e4ufe schnell zum Erliegen. Lassen Sie es nicht soweit kommen. Wir pr\u00fcfen Ihr Server-System zu jeder Zeit auf m\u00f6gliche St\u00f6rungen und die \u00fcbergeordnete Funktionsf\u00e4higkeit. Liegt einmal ein Problem vor, werden wir\u2026","rel":"","context":"\u00c4hnlicher Beitrag","block_context":{"text":"\u00c4hnlicher Beitrag","link":""},"img":{"alt_text":"","src":"https:\/\/i0.wp.com\/knowlitge.de\/wp-content\/uploads\/2018\/01\/technology-1587673_1920.jpg?resize=350%2C200&ssl=1","width":350,"height":200,"srcset":"https:\/\/i0.wp.com\/knowlitge.de\/wp-content\/uploads\/2018\/01\/technology-1587673_1920.jpg?resize=350%2C200&ssl=1 1x, https:\/\/i0.wp.com\/knowlitge.de\/wp-content\/uploads\/2018\/01\/technology-1587673_1920.jpg?resize=525%2C300&ssl=1 1.5x, https:\/\/i0.wp.com\/knowlitge.de\/wp-content\/uploads\/2018\/01\/technology-1587673_1920.jpg?resize=700%2C400&ssl=1 2x, https:\/\/i0.wp.com\/knowlitge.de\/wp-content\/uploads\/2018\/01\/technology-1587673_1920.jpg?resize=1050%2C600&ssl=1 3x, https:\/\/i0.wp.com\/knowlitge.de\/wp-content\/uploads\/2018\/01\/technology-1587673_1920.jpg?resize=1400%2C800&ssl=1 4x"},"classes":[]},{"id":436,"url":"https:\/\/knowlitge.de\/de\/anti-virus-management\/","url_meta":{"origin":473,"position":5},"title":"Anti-Virus Management","author":"dvladmin","date":"23. Januar 2018","format":false,"excerpt":"Dauerhafte Sicherheit f\u00fcr Ihre IT Es braucht keine t\u00e4glichen Meldungen \u00fcber die Bedrohungen durch Krypto-Trojaner oder Spyware, um Ihnen die Bedeutung eines professionellen Virenschutzes zu verdeutlichen. Schlie\u00dflich wissen Sie am besten, wie wertvoll der sichere Umgang mit Kundendaten, Lieferantenvertr\u00e4gen & Co. f\u00fcr Ihr Unternehmen ist. Mit dem Anti-Virus Management sorgen\u2026","rel":"","context":"\u00c4hnlicher Beitrag","block_context":{"text":"\u00c4hnlicher Beitrag","link":""},"img":{"alt_text":"","src":"https:\/\/i0.wp.com\/knowlitge.de\/wp-content\/uploads\/2018\/01\/antivirus.png?resize=350%2C200&ssl=1","width":350,"height":200},"classes":[]}],"_links":{"self":[{"href":"https:\/\/knowlitge.de\/de\/wp-json\/wp\/v2\/pages\/473","targetHints":{"allow":["GET"]}}],"collection":[{"href":"https:\/\/knowlitge.de\/de\/wp-json\/wp\/v2\/pages"}],"about":[{"href":"https:\/\/knowlitge.de\/de\/wp-json\/wp\/v2\/types\/page"}],"author":[{"embeddable":true,"href":"https:\/\/knowlitge.de\/de\/wp-json\/wp\/v2\/users\/1"}],"replies":[{"embeddable":true,"href":"https:\/\/knowlitge.de\/de\/wp-json\/wp\/v2\/comments?post=473"}],"version-history":[{"count":10,"href":"https:\/\/knowlitge.de\/de\/wp-json\/wp\/v2\/pages\/473\/revisions"}],"predecessor-version":[{"id":1169,"href":"https:\/\/knowlitge.de\/de\/wp-json\/wp\/v2\/pages\/473\/revisions\/1169"}],"wp:attachment":[{"href":"https:\/\/knowlitge.de\/de\/wp-json\/wp\/v2\/media?parent=473"}],"curies":[{"name":"wp","href":"https:\/\/api.w.org\/{rel}","templated":true}]}}