{"id":471,"date":"2018-01-24T12:21:00","date_gmt":"2018-01-24T11:21:00","guid":{"rendered":"http:\/\/knowlitge.de\/?page_id=471"},"modified":"2018-02-08T14:27:23","modified_gmt":"2018-02-08T13:27:23","slug":"virtualisierung","status":"publish","type":"page","link":"https:\/\/knowlitge.de\/de\/virtualisierung\/","title":{"rendered":"Virtualisierung"},"content":{"rendered":"<h6>Server Virtualisierung als Hebel zur Optimierung der IT<\/h6>\n<p>Haben Sie mehrere Server im Einsatz? Dann ist bereits der Punkt erreicht, an eine Virtualisierung innerhalb Ihrer Infrastruktur Sinn macht. Denn mithilfe virtueller Maschinen sind Sie in der Lage, die Effektivit\u00e4t und Ausfallsicherheit deutlich zu erh\u00f6hen. Unterschiedlichste Dienstprogramme k\u00f6nnen auf einem System betrieben werden, das System selbst einfach gespiegelt werden. F\u00e4llt eine der Komponenten einmal aus, \u00fcbernimmt das innerhalb des Netzwerks vorhandene Duplikat einfach die Aufgabenlast. Server Virtualisierung erh\u00f6ht aber nicht nur die Stabilit\u00e4t der IT, sondern senkt auch die Kosten.<\/p>\n<div  class=\"lgc-column lgc-grid-parent lgc-grid-20 lgc-tablet-grid-20 lgc-mobile-grid-100 lgc-equal-heights \"><div  class=\"inside-grid-column\"><img data-recalc-dims=\"1\" loading=\"lazy\" decoding=\"async\" data-attachment-id=\"714\" data-permalink=\"https:\/\/knowlitge.de\/de\/entwicklung-individueller-software\/laptop-2557586_1920\/\" data-orig-file=\"https:\/\/i0.wp.com\/knowlitge.de\/wp-content\/uploads\/2018\/01\/laptop-2557586_1920.jpg?fit=1920%2C1279&amp;ssl=1\" data-orig-size=\"1920,1279\" data-comments-opened=\"0\" data-image-meta=\"{&quot;aperture&quot;:&quot;0&quot;,&quot;credit&quot;:&quot;&quot;,&quot;camera&quot;:&quot;&quot;,&quot;caption&quot;:&quot;&quot;,&quot;created_timestamp&quot;:&quot;0&quot;,&quot;copyright&quot;:&quot;&quot;,&quot;focal_length&quot;:&quot;0&quot;,&quot;iso&quot;:&quot;0&quot;,&quot;shutter_speed&quot;:&quot;0&quot;,&quot;title&quot;:&quot;&quot;,&quot;orientation&quot;:&quot;0&quot;}\" data-image-title=\"laptop-2557586_1920\" data-image-description=\"\" data-image-caption=\"\" data-large-file=\"https:\/\/i0.wp.com\/knowlitge.de\/wp-content\/uploads\/2018\/01\/laptop-2557586_1920.jpg?fit=700%2C466&amp;ssl=1\" class=\"alignnone wp-image-714\" src=\"https:\/\/i0.wp.com\/knowlitge.de\/wp-content\/uploads\/2018\/01\/virtualisierung.png?resize=143%2C110&#038;ssl=1\" alt=\"\" width=\"143\" height=\"110\" \/><br \/>\n<\/div><\/div><div  class=\"lgc-column lgc-grid-parent lgc-grid-80 lgc-tablet-grid-80 lgc-mobile-grid-100 lgc-equal-heights \"><div  class=\"inside-grid-column\">\n<ul>\n<li class=\"col-xs-12 col-sm-4 col-md-12\">Sie werden in die Lage versetzt, die Energieverbr\u00e4uche deutlich zu minimieren<\/li>\n<li class=\"col-xs-12 col-sm-4 col-md-12\">Signifikante Kostensenkungen durch die Einsparung von Hardware und Energie<\/li>\n<li class=\"col-xs-12 col-sm-4 col-md-12\">Aktuelle Programme sind weiterhin lauff\u00e4hig<\/li>\n<li class=\"col-xs-12 col-sm-4 col-md-12\">Sie sparen Platz ein<\/li>\n<\/ul>\n<p><\/p><\/div><\/div>\n<div class=\"content_block\" id=\"custom_post_widget-1012\"><h4><span style=\"color: #808080;\">Unsere weiteren IT-Infrastruktur Dienstleistungen<\/span><\/h4>\n<p>Die knowlITge GmbH bietet Ihnen ein ma\u00dfgeschneidertes Komplettpaket f\u00fcr Ihre IT an. Schauen Sie sich hier unsere weiteren IT-Infrastruktur Dienstleistungen an. Weitere Informationen zu unseren IT-Infrastruktur Dienstleistungen erhalten Sie auch hier: <a href=\"https:\/\/knowlitge.de\/IT-Infrastruktur\/\/\">Das Fundament f\u00fcr Ihr Unternehmen<\/a><\/p>\n<div  class=\"lgc-column lgc-grid-parent lgc-grid-25 lgc-tablet-grid-25 lgc-mobile-grid-100 lgc-equal-heights \"><div  class=\"inside-grid-column\">\n<p><figure id=\"attachment_714\" aria-describedby=\"caption-attachment-714\" style=\"width: 143px\" class=\"wp-caption alignnone\"><a href=\"https:\/\/knowlitge.de\/https:\/\/knowlitge.de\/hard-und-software\/\"><img data-recalc-dims=\"1\" loading=\"lazy\" decoding=\"async\" data-attachment-id=\"714\" data-permalink=\"https:\/\/knowlitge.de\/de\/entwicklung-individueller-software\/laptop-2557586_1920\/\" data-orig-file=\"https:\/\/i0.wp.com\/knowlitge.de\/wp-content\/uploads\/2018\/01\/laptop-2557586_1920.jpg?fit=1920%2C1279&amp;ssl=1\" data-orig-size=\"1920,1279\" data-comments-opened=\"0\" data-image-meta=\"{&quot;aperture&quot;:&quot;0&quot;,&quot;credit&quot;:&quot;&quot;,&quot;camera&quot;:&quot;&quot;,&quot;caption&quot;:&quot;&quot;,&quot;created_timestamp&quot;:&quot;0&quot;,&quot;copyright&quot;:&quot;&quot;,&quot;focal_length&quot;:&quot;0&quot;,&quot;iso&quot;:&quot;0&quot;,&quot;shutter_speed&quot;:&quot;0&quot;,&quot;title&quot;:&quot;&quot;,&quot;orientation&quot;:&quot;0&quot;}\" data-image-title=\"laptop-2557586_1920\" data-image-description=\"\" data-image-caption=\"\" data-large-file=\"https:\/\/i0.wp.com\/knowlitge.de\/wp-content\/uploads\/2018\/01\/laptop-2557586_1920.jpg?fit=700%2C466&amp;ssl=1\" class=\"wp-image-714\" src=\"https:\/\/i0.wp.com\/knowlitge.de\/wp-content\/uploads\/2018\/01\/Hard-und-Software.png?resize=143%2C135&#038;ssl=1\" alt=\"\" width=\"143\" height=\"135\" \/><\/a><figcaption id=\"caption-attachment-714\" class=\"wp-caption-text\">Hard- und Software<\/figcaption><\/figure><\/p>\n<p><\/p><\/div><\/div>\n<div  class=\"lgc-column lgc-grid-parent lgc-grid-25 lgc-tablet-grid-25 lgc-mobile-grid-100 lgc-equal-heights \"><div  class=\"inside-grid-column\">\n<p><figure id=\"attachment_714\" aria-describedby=\"caption-attachment-714\" style=\"width: 143px\" class=\"wp-caption alignnone\"><a href=\"https:\/\/knowlitge.de\/it-infrastrukturanalyse\/\"><img data-recalc-dims=\"1\" loading=\"lazy\" decoding=\"async\" data-attachment-id=\"714\" data-permalink=\"https:\/\/knowlitge.de\/de\/entwicklung-individueller-software\/laptop-2557586_1920\/\" data-orig-file=\"https:\/\/i0.wp.com\/knowlitge.de\/wp-content\/uploads\/2018\/01\/laptop-2557586_1920.jpg?fit=1920%2C1279&amp;ssl=1\" data-orig-size=\"1920,1279\" data-comments-opened=\"0\" data-image-meta=\"{&quot;aperture&quot;:&quot;0&quot;,&quot;credit&quot;:&quot;&quot;,&quot;camera&quot;:&quot;&quot;,&quot;caption&quot;:&quot;&quot;,&quot;created_timestamp&quot;:&quot;0&quot;,&quot;copyright&quot;:&quot;&quot;,&quot;focal_length&quot;:&quot;0&quot;,&quot;iso&quot;:&quot;0&quot;,&quot;shutter_speed&quot;:&quot;0&quot;,&quot;title&quot;:&quot;&quot;,&quot;orientation&quot;:&quot;0&quot;}\" data-image-title=\"laptop-2557586_1920\" data-image-description=\"\" data-image-caption=\"\" data-large-file=\"https:\/\/i0.wp.com\/knowlitge.de\/wp-content\/uploads\/2018\/01\/laptop-2557586_1920.jpg?fit=700%2C466&amp;ssl=1\" class=\"wp-image-714\" src=\"https:\/\/i0.wp.com\/knowlitge.de\/wp-content\/uploads\/2018\/01\/infrastruktur.png?resize=143%2C135&#038;ssl=1\" alt=\"\" width=\"143\" height=\"135\" \/><\/a><figcaption id=\"caption-attachment-714\" class=\"wp-caption-text\">IT Strukturanalyse<\/figcaption><\/figure><\/p>\n<p><\/p><\/div><\/div>\n<div  class=\"lgc-column lgc-grid-parent lgc-grid-25 lgc-tablet-grid-25 lgc-mobile-grid-100 lgc-equal-heights \"><div  class=\"inside-grid-column\">\n<p><figure id=\"attachment_714\" aria-describedby=\"caption-attachment-714\" style=\"width: 143px\" class=\"wp-caption alignnone\"><a href=\"https:\/\/knowlitge.de\/Virtualisierung\/\"><img data-recalc-dims=\"1\" loading=\"lazy\" decoding=\"async\" data-attachment-id=\"714\" data-permalink=\"https:\/\/knowlitge.de\/de\/entwicklung-individueller-software\/laptop-2557586_1920\/\" data-orig-file=\"https:\/\/i0.wp.com\/knowlitge.de\/wp-content\/uploads\/2018\/01\/laptop-2557586_1920.jpg?fit=1920%2C1279&amp;ssl=1\" data-orig-size=\"1920,1279\" data-comments-opened=\"0\" data-image-meta=\"{&quot;aperture&quot;:&quot;0&quot;,&quot;credit&quot;:&quot;&quot;,&quot;camera&quot;:&quot;&quot;,&quot;caption&quot;:&quot;&quot;,&quot;created_timestamp&quot;:&quot;0&quot;,&quot;copyright&quot;:&quot;&quot;,&quot;focal_length&quot;:&quot;0&quot;,&quot;iso&quot;:&quot;0&quot;,&quot;shutter_speed&quot;:&quot;0&quot;,&quot;title&quot;:&quot;&quot;,&quot;orientation&quot;:&quot;0&quot;}\" data-image-title=\"laptop-2557586_1920\" data-image-description=\"\" data-image-caption=\"\" data-large-file=\"https:\/\/i0.wp.com\/knowlitge.de\/wp-content\/uploads\/2018\/01\/laptop-2557586_1920.jpg?fit=700%2C466&amp;ssl=1\" class=\"wp-image-714\" src=\"https:\/\/i0.wp.com\/knowlitge.de\/wp-content\/uploads\/2018\/01\/virtualisierung.png?resize=143%2C135&#038;ssl=1\" alt=\"\" width=\"143\" height=\"135\" \/><\/a><figcaption id=\"caption-attachment-714\" class=\"wp-caption-text\">Virtualisierung<\/figcaption><\/figure><\/p>\n<p><\/p><\/div><\/div>\n<div  class=\"lgc-column lgc-grid-parent lgc-grid-25 lgc-tablet-grid-25 lgc-mobile-grid-100 lgc-equal-heights \"><div  class=\"inside-grid-column\">\n<p><figure id=\"attachment_714\" aria-describedby=\"caption-attachment-714\" style=\"width: 143px\" class=\"wp-caption alignnone\"><a href=\"https:\/\/knowlitge.de\/Telefon-over-IP\/\"><img data-recalc-dims=\"1\" loading=\"lazy\" decoding=\"async\" data-attachment-id=\"714\" data-permalink=\"https:\/\/knowlitge.de\/de\/entwicklung-individueller-software\/laptop-2557586_1920\/\" data-orig-file=\"https:\/\/i0.wp.com\/knowlitge.de\/wp-content\/uploads\/2018\/01\/laptop-2557586_1920.jpg?fit=1920%2C1279&amp;ssl=1\" data-orig-size=\"1920,1279\" data-comments-opened=\"0\" data-image-meta=\"{&quot;aperture&quot;:&quot;0&quot;,&quot;credit&quot;:&quot;&quot;,&quot;camera&quot;:&quot;&quot;,&quot;caption&quot;:&quot;&quot;,&quot;created_timestamp&quot;:&quot;0&quot;,&quot;copyright&quot;:&quot;&quot;,&quot;focal_length&quot;:&quot;0&quot;,&quot;iso&quot;:&quot;0&quot;,&quot;shutter_speed&quot;:&quot;0&quot;,&quot;title&quot;:&quot;&quot;,&quot;orientation&quot;:&quot;0&quot;}\" data-image-title=\"laptop-2557586_1920\" data-image-description=\"\" data-image-caption=\"\" data-large-file=\"https:\/\/i0.wp.com\/knowlitge.de\/wp-content\/uploads\/2018\/01\/laptop-2557586_1920.jpg?fit=700%2C466&amp;ssl=1\" class=\"wp-image-714\" src=\"https:\/\/i0.wp.com\/knowlitge.de\/wp-content\/uploads\/2018\/01\/Telefon-over-ip.png?resize=143%2C135&#038;ssl=1\" alt=\"\" width=\"143\" height=\"135\" \/><\/a><figcaption id=\"caption-attachment-714\" class=\"wp-caption-text\">Telefon over IP<\/figcaption><\/figure><\/p>\n<p><\/p><\/div><\/div>\n<h4><span style=\"color: #808080;\">Was d\u00fcrfen wir f\u00fcr Sie tun?<\/span><\/h4>\n<p>Kontaktieren Sie uns. Wir informieren und beraten Sie gerne: <a href=\"https:\/\/knowlitge.de\/kontakt\/\">Kontakt<\/a><\/p>\n<\/div>\n","protected":false},"excerpt":{"rendered":"<p>Server Virtualisierung als Hebel zur Optimierung der IT Haben Sie mehrere Server im Einsatz? Dann ist bereits der Punkt erreicht, an eine Virtualisierung innerhalb Ihrer Infrastruktur Sinn macht. Denn mithilfe virtueller Maschinen sind Sie in der Lage, die Effektivit\u00e4t und<\/p>\n","protected":false},"author":1,"featured_media":0,"parent":0,"menu_order":0,"comment_status":"closed","ping_status":"closed","template":"","meta":{"jetpack_post_was_ever_published":false,"footnotes":""},"class_list":["post-471","page","type-page","status-publish","hentry"],"translation":{"provider":"WPGlobus","version":"3.0.2","language":"de","enabled_languages":["en","de"],"languages":{"en":{"title":true,"content":true,"excerpt":false},"de":{"title":false,"content":false,"excerpt":false}}},"yoast_head":"<!-- This site is optimized with the Yoast SEO plugin v27.5 - https:\/\/yoast.com\/product\/yoast-seo-wordpress\/ -->\n<title>Virtualisierung - knowlITge<\/title>\n<meta name=\"robots\" content=\"index, follow, max-snippet:-1, max-image-preview:large, max-video-preview:-1\" \/>\n<link rel=\"canonical\" href=\"https:\/\/knowlitge.de\/virtualisierung\/\" \/>\n<meta property=\"og:locale\" content=\"de_DE\" \/>\n<meta property=\"og:type\" content=\"article\" \/>\n<meta property=\"og:title\" content=\"Virtualisierung - knowlITge\" \/>\n<meta property=\"og:url\" content=\"https:\/\/knowlitge.de\/virtualisierung\/\" \/>\n<meta property=\"og:site_name\" content=\"knowlITge\" \/>\n<meta property=\"article:modified_time\" content=\"2018-02-08T13:27:23+00:00\" \/>\n<meta property=\"og:image\" content=\"https:\/\/knowlitge.de\/wp-content\/uploads\/2018\/01\/virtualisierung.png\" \/>\n<meta name=\"twitter:card\" content=\"summary_large_image\" \/>\n<meta name=\"twitter:label1\" content=\"Gesch\u00e4tzte Lesezeit\" \/>\n\t<meta name=\"twitter:data1\" content=\"1\u00a0Minute\" \/>\n<script type=\"application\/ld+json\" class=\"yoast-schema-graph\">{\"@context\":\"https:\\\/\\\/schema.org\",\"@graph\":[{\"@type\":\"WebPage\",\"@id\":\"https:\\\/\\\/knowlitge.de\\\/virtualisierung\\\/\",\"url\":\"https:\\\/\\\/knowlitge.de\\\/virtualisierung\\\/\",\"name\":\"Virtualisierung - knowlITge\",\"isPartOf\":{\"@id\":\"https:\\\/\\\/knowlitge.de\\\/#website\"},\"primaryImageOfPage\":{\"@id\":\"https:\\\/\\\/knowlitge.de\\\/virtualisierung\\\/#primaryimage\"},\"image\":{\"@id\":\"https:\\\/\\\/knowlitge.de\\\/virtualisierung\\\/#primaryimage\"},\"thumbnailUrl\":\"https:\\\/\\\/knowlitge.de\\\/wp-content\\\/uploads\\\/2018\\\/01\\\/virtualisierung.png\",\"datePublished\":\"2018-01-24T11:21:00+00:00\",\"dateModified\":\"2018-02-08T13:27:23+00:00\",\"description\":\"knowlITge GmbH, K\u00f6ln \\\/ Bonn \\\/ Sankt Augustin - IT-Dienstleister seid \u00fcber 20 Jahren ! Docusnap, F-Secure, Gateprotect, Zabbix Softwarerentwicklung - VB.Net, Access Support - Windows, Linux, Drucker, Telefon, Cloud - Schulung, Workshop, Seminare, Beratung, Consulting\",\"breadcrumb\":{\"@id\":\"https:\\\/\\\/knowlitge.de\\\/virtualisierung\\\/#breadcrumb\"},\"inLanguage\":\"de\",\"potentialAction\":[{\"@type\":\"ReadAction\",\"target\":[\"https:\\\/\\\/knowlitge.de\\\/virtualisierung\\\/\"]}]},{\"@type\":\"ImageObject\",\"inLanguage\":\"de\",\"@id\":\"https:\\\/\\\/knowlitge.de\\\/virtualisierung\\\/#primaryimage\",\"url\":\"https:\\\/\\\/knowlitge.de\\\/wp-content\\\/uploads\\\/2018\\\/01\\\/virtualisierung.png\",\"contentUrl\":\"https:\\\/\\\/knowlitge.de\\\/wp-content\\\/uploads\\\/2018\\\/01\\\/virtualisierung.png\"},{\"@type\":\"BreadcrumbList\",\"@id\":\"https:\\\/\\\/knowlitge.de\\\/virtualisierung\\\/#breadcrumb\",\"itemListElement\":[{\"@type\":\"ListItem\",\"position\":1,\"name\":\"Home\",\"item\":\"https:\\\/\\\/knowlitge.de\\\/\"},{\"@type\":\"ListItem\",\"position\":2,\"name\":\"Virtualisierung\"}]},{\"@type\":\"WebSite\",\"@id\":\"https:\\\/\\\/knowlitge.de\\\/#website\",\"url\":\"https:\\\/\\\/knowlitge.de\\\/\",\"name\":\"knowlITge\",\"description\":\"IT Dienstleister\",\"potentialAction\":[{\"@type\":\"SearchAction\",\"target\":{\"@type\":\"EntryPoint\",\"urlTemplate\":\"https:\\\/\\\/knowlitge.de\\\/?s={search_term_string}\"},\"query-input\":{\"@type\":\"PropertyValueSpecification\",\"valueRequired\":true,\"valueName\":\"search_term_string\"}}],\"inLanguage\":\"de\"}]}<\/script>\n<!-- \/ Yoast SEO plugin. -->","yoast_head_json":{"title":"Virtualisierung - knowlITge","robots":{"index":"index","follow":"follow","max-snippet":"max-snippet:-1","max-image-preview":"max-image-preview:large","max-video-preview":"max-video-preview:-1"},"canonical":"https:\/\/knowlitge.de\/virtualisierung\/","og_locale":"de_DE","og_type":"article","og_title":"Virtualisierung - knowlITge","og_url":"https:\/\/knowlitge.de\/virtualisierung\/","og_site_name":"knowlITge","article_modified_time":"2018-02-08T13:27:23+00:00","og_image":[{"url":"https:\/\/knowlitge.de\/wp-content\/uploads\/2018\/01\/virtualisierung.png","type":"","width":"","height":""}],"twitter_card":"summary_large_image","twitter_misc":{"Gesch\u00e4tzte Lesezeit":"1\u00a0Minute"},"schema":{"@context":"https:\/\/schema.org","@graph":[{"@type":"WebPage","@id":"https:\/\/knowlitge.de\/virtualisierung\/","url":"https:\/\/knowlitge.de\/virtualisierung\/","name":"Virtualisierung - knowlITge","isPartOf":{"@id":"https:\/\/knowlitge.de\/#website"},"primaryImageOfPage":{"@id":"https:\/\/knowlitge.de\/virtualisierung\/#primaryimage"},"image":{"@id":"https:\/\/knowlitge.de\/virtualisierung\/#primaryimage"},"thumbnailUrl":"https:\/\/knowlitge.de\/wp-content\/uploads\/2018\/01\/virtualisierung.png","datePublished":"2018-01-24T11:21:00+00:00","dateModified":"2018-02-08T13:27:23+00:00","description":"knowlITge GmbH, K\u00f6ln \/ Bonn \/ Sankt Augustin - IT-Dienstleister seid \u00fcber 20 Jahren ! Docusnap, F-Secure, Gateprotect, Zabbix Softwarerentwicklung - VB.Net, Access Support - Windows, Linux, Drucker, Telefon, Cloud - Schulung, Workshop, Seminare, Beratung, Consulting","breadcrumb":{"@id":"https:\/\/knowlitge.de\/virtualisierung\/#breadcrumb"},"inLanguage":"de","potentialAction":[{"@type":"ReadAction","target":["https:\/\/knowlitge.de\/virtualisierung\/"]}]},{"@type":"ImageObject","inLanguage":"de","@id":"https:\/\/knowlitge.de\/virtualisierung\/#primaryimage","url":"https:\/\/knowlitge.de\/wp-content\/uploads\/2018\/01\/virtualisierung.png","contentUrl":"https:\/\/knowlitge.de\/wp-content\/uploads\/2018\/01\/virtualisierung.png"},{"@type":"BreadcrumbList","@id":"https:\/\/knowlitge.de\/virtualisierung\/#breadcrumb","itemListElement":[{"@type":"ListItem","position":1,"name":"Home","item":"https:\/\/knowlitge.de\/"},{"@type":"ListItem","position":2,"name":"Virtualisierung"}]},{"@type":"WebSite","@id":"https:\/\/knowlitge.de\/#website","url":"https:\/\/knowlitge.de\/","name":"knowlITge","description":"IT Dienstleister","potentialAction":[{"@type":"SearchAction","target":{"@type":"EntryPoint","urlTemplate":"https:\/\/knowlitge.de\/?s={search_term_string}"},"query-input":{"@type":"PropertyValueSpecification","valueRequired":true,"valueName":"search_term_string"}}],"inLanguage":"de"}]}},"jetpack_sharing_enabled":false,"jetpack_shortlink":"https:\/\/wp.me\/P6NCzV-7B","jetpack-related-posts":[{"id":425,"url":"https:\/\/knowlitge.de\/de\/server-management\/","url_meta":{"origin":471,"position":0},"title":"Server Management","author":"dvladmin","date":"23. Januar 2018","format":false,"excerpt":"Managed Server: Die Alles-in-einem-Dienstleistung Der Server ist die zentrale Schnittstelle innerhalb einer modernen IT-Umgebung. F\u00e4llt die einmal aus, kommen Arbeitsabl\u00e4ufe schnell zum Erliegen. Lassen Sie es nicht soweit kommen. Wir pr\u00fcfen Ihr Server-System zu jeder Zeit auf m\u00f6gliche St\u00f6rungen und die \u00fcbergeordnete Funktionsf\u00e4higkeit. Liegt einmal ein Problem vor, werden wir\u2026","rel":"","context":"\u00c4hnlicher Beitrag","block_context":{"text":"\u00c4hnlicher Beitrag","link":""},"img":{"alt_text":"","src":"https:\/\/i0.wp.com\/knowlitge.de\/wp-content\/uploads\/2018\/01\/technology-1587673_1920.jpg?resize=350%2C200&ssl=1","width":350,"height":200,"srcset":"https:\/\/i0.wp.com\/knowlitge.de\/wp-content\/uploads\/2018\/01\/technology-1587673_1920.jpg?resize=350%2C200&ssl=1 1x, https:\/\/i0.wp.com\/knowlitge.de\/wp-content\/uploads\/2018\/01\/technology-1587673_1920.jpg?resize=525%2C300&ssl=1 1.5x, https:\/\/i0.wp.com\/knowlitge.de\/wp-content\/uploads\/2018\/01\/technology-1587673_1920.jpg?resize=700%2C400&ssl=1 2x, https:\/\/i0.wp.com\/knowlitge.de\/wp-content\/uploads\/2018\/01\/technology-1587673_1920.jpg?resize=1050%2C600&ssl=1 3x, https:\/\/i0.wp.com\/knowlitge.de\/wp-content\/uploads\/2018\/01\/technology-1587673_1920.jpg?resize=1400%2C800&ssl=1 4x"},"classes":[]},{"id":469,"url":"https:\/\/knowlitge.de\/de\/it-infrastrukturanalyse\/","url_meta":{"origin":471,"position":1},"title":"IT Infrastrukturanalyse","author":"dvladmin","date":"24. Januar 2018","format":false,"excerpt":"IT-Architektur auf Effektivit\u00e4t pr\u00fcfen lassen Die IT-Systeme sind f\u00fcr Sie vermutlich nicht mehr als ein notwendiges Mittel zur Erf\u00fcllung Ihres Gesch\u00e4ftszwecks. Daher ist es nur zu verst\u00e4ndlich, wenn PCs, Server, Router & Co. je nach Bedarf angeschafft werden. Wenn es denn so ist. Denn eine zu gro\u00df dimensionierte Infrastruktur ebenso\u2026","rel":"","context":"\u00c4hnlicher Beitrag","block_context":{"text":"\u00c4hnlicher Beitrag","link":""},"img":{"alt_text":"","src":"https:\/\/i0.wp.com\/knowlitge.de\/wp-content\/uploads\/2018\/01\/infrastruktur.png?resize=350%2C200&ssl=1","width":350,"height":200},"classes":[]},{"id":495,"url":"https:\/\/knowlitge.de\/de\/server-und-arbeitsplaetze-in-der-cloud\/","url_meta":{"origin":471,"position":2},"title":"Server und Arbeitspl\u00e4tze in der Cloud","author":"dvladmin","date":"24. Januar 2018","format":false,"excerpt":"Cloud Server: Die Alternative zur eigenen Infrastruktur Server erf\u00fcllen f\u00fcr Ihr Unternehmen wichtige Funktionen, keine Frage. Von der zentralen Datenverwaltung bis zur Verf\u00fcgungstellung von Dienstprogrammen und Ressourcen. Aber wissen Sie, ob Ihre Server im Unternehmen stehen m\u00fcssen? Eins ist klar: Ihre Server in die Cloud auszulagern, f\u00fchrt zu maximal flexiblen\u2026","rel":"","context":"\u00c4hnlicher Beitrag","block_context":{"text":"\u00c4hnlicher Beitrag","link":""},"img":{"alt_text":"","src":"https:\/\/i0.wp.com\/knowlitge.de\/wp-content\/uploads\/2018\/02\/server-in-cloud-klein.png?resize=350%2C200&ssl=1","width":350,"height":200},"classes":[]},{"id":466,"url":"https:\/\/knowlitge.de\/de\/hard-und-software\/","url_meta":{"origin":471,"position":3},"title":"Hard- und Software","author":"dvladmin","date":"24. Januar 2018","format":false,"excerpt":"Kompetente und g\u00fcnstige IT-Beschaffung Machen Sie die IT nicht zu Ihrem Thema, k\u00fcmmern Sie sich um Ihr Tagesgesch\u00e4ft. Auch dann, wenn es an der Zeit ist, Ihre PCs, Laptops, Server & die dazu passende Software auf einen neuen Stand zu bringen. Wir sorgen daf\u00fcr, dass Sie leistungsstarke und bedarfsgerechte IT-Systeme\u2026","rel":"","context":"\u00c4hnlicher Beitrag","block_context":{"text":"\u00c4hnlicher Beitrag","link":""},"img":{"alt_text":"","src":"https:\/\/i0.wp.com\/knowlitge.de\/wp-content\/uploads\/2018\/01\/Hard-und-Software.png?resize=350%2C200&ssl=1","width":350,"height":200},"classes":[]},{"id":433,"url":"https:\/\/knowlitge.de\/de\/it-sicherheitscheck\/","url_meta":{"origin":471,"position":4},"title":"IT-Sicherheitscheck","author":"dvladmin","date":"23. Januar 2018","format":false,"excerpt":"Sich sch\u00fctzen vor externe Risiken und Schwachstellen Ihre IT muss vor externen Risiken ebenso gesch\u00fctzt sein, wie vor internen Schwachstellen. Andernfalls haben Hacker ein leichtes Spiel und Probleme mit Ihrer Hardware und Software f\u00fchren zu unerw\u00fcnschten Ausf\u00e4llen in Ihrem Unternehmen. Mit dem IT-Sicherheits-Check pr\u00fcfen wir Ihre IT kostenlos auf m\u00f6gliche\u2026","rel":"","context":"\u00c4hnlicher Beitrag","block_context":{"text":"\u00c4hnlicher Beitrag","link":""},"img":{"alt_text":"","src":"https:\/\/i0.wp.com\/knowlitge.de\/wp-content\/uploads\/2018\/01\/sicherheit.png?resize=350%2C200&ssl=1","width":350,"height":200},"classes":[]},{"id":421,"url":"https:\/\/knowlitge.de\/de\/dokumenten-management\/","url_meta":{"origin":471,"position":5},"title":"Dokumenten Management","author":"dvladmin","date":"23. Januar 2018","format":false,"excerpt":"Unterlagen sortieren und archivieren \u2013 einfach und effizient Die ordnungsgem\u00e4\u00dfe Buchf\u00fchrung umfasst nach gesetzlich vorgeschriebenen Aufbewahrungsfristen auch digitale Dokumente. F\u00fcr die t\u00e4gliche Dokumentensuche, das Unterlagen sortieren oder Gesch\u00e4ftsunterlagen aufbewahren, m\u00fcssen Ihre Mitarbeiter Aktenordner, Ablagen, E-Mail-Postf\u00e4cher und Festplatten durchsuchen. Mit einem Dokumenten Management System b\u00fcndeln Sie die Ablageorte Ihrer Gesch\u00e4ftsunterlagen, gestalten\u2026","rel":"","context":"\u00c4hnlicher Beitrag","block_context":{"text":"\u00c4hnlicher Beitrag","link":""},"img":{"alt_text":"","src":"https:\/\/i0.wp.com\/knowlitge.de\/wp-content\/uploads\/2018\/01\/data-bearer-1313000_1920.jpg?resize=350%2C200&ssl=1","width":350,"height":200,"srcset":"https:\/\/i0.wp.com\/knowlitge.de\/wp-content\/uploads\/2018\/01\/data-bearer-1313000_1920.jpg?resize=350%2C200&ssl=1 1x, https:\/\/i0.wp.com\/knowlitge.de\/wp-content\/uploads\/2018\/01\/data-bearer-1313000_1920.jpg?resize=525%2C300&ssl=1 1.5x, https:\/\/i0.wp.com\/knowlitge.de\/wp-content\/uploads\/2018\/01\/data-bearer-1313000_1920.jpg?resize=700%2C400&ssl=1 2x, https:\/\/i0.wp.com\/knowlitge.de\/wp-content\/uploads\/2018\/01\/data-bearer-1313000_1920.jpg?resize=1050%2C600&ssl=1 3x, https:\/\/i0.wp.com\/knowlitge.de\/wp-content\/uploads\/2018\/01\/data-bearer-1313000_1920.jpg?resize=1400%2C800&ssl=1 4x"},"classes":[]}],"_links":{"self":[{"href":"https:\/\/knowlitge.de\/de\/wp-json\/wp\/v2\/pages\/471","targetHints":{"allow":["GET"]}}],"collection":[{"href":"https:\/\/knowlitge.de\/de\/wp-json\/wp\/v2\/pages"}],"about":[{"href":"https:\/\/knowlitge.de\/de\/wp-json\/wp\/v2\/types\/page"}],"author":[{"embeddable":true,"href":"https:\/\/knowlitge.de\/de\/wp-json\/wp\/v2\/users\/1"}],"replies":[{"embeddable":true,"href":"https:\/\/knowlitge.de\/de\/wp-json\/wp\/v2\/comments?post=471"}],"version-history":[{"count":9,"href":"https:\/\/knowlitge.de\/de\/wp-json\/wp\/v2\/pages\/471\/revisions"}],"predecessor-version":[{"id":1168,"href":"https:\/\/knowlitge.de\/de\/wp-json\/wp\/v2\/pages\/471\/revisions\/1168"}],"wp:attachment":[{"href":"https:\/\/knowlitge.de\/de\/wp-json\/wp\/v2\/media?parent=471"}],"curies":[{"name":"wp","href":"https:\/\/api.w.org\/{rel}","templated":true}]}}