{"id":440,"date":"2018-01-23T15:07:00","date_gmt":"2018-01-23T14:07:00","guid":{"rendered":"http:\/\/knowlitge.de\/?page_id=440"},"modified":"2018-02-08T14:20:50","modified_gmt":"2018-02-08T13:20:50","slug":"firewall-management","status":"publish","type":"page","link":"https:\/\/knowlitge.de\/de\/firewall-management\/","title":{"rendered":"Firewall Management"},"content":{"rendered":"<h6>Netzwerkschutz vor Attacken und Schadsoftware<\/h6>\n<p>Es gibt zwei M\u00f6glichkeiten: Entweder Sie verzichten auf den Einsatz einer Hardware Firewall und setzen darauf, dass Hacker Ihr Unternehmen zuf\u00e4llig \u00fcbersehen und Ihre Mitarbeiter nur legitime Internetseiten ansteuern &#8211; oder Sie setzen auf ein konsequentes Firewall Management. Das sch\u00fctzt Ihr Netzwerk vor Attacken, filtert st\u00f6renden Spam heraus und gibt Ihnen die M\u00f6glichkeit, klare Zugriffsregeln f\u00fcr Ihre Mitarbeiter festzulegen. Dar\u00fcber hinaus erlaubt unsere L\u00f6sung die einfache Einbindung von weiteren Filialen und Home-Office-Umgebungen.<\/p>\n<div  class=\"lgc-column lgc-grid-parent lgc-grid-20 lgc-tablet-grid-20 lgc-mobile-grid-100 lgc-equal-heights \"><div  class=\"inside-grid-column\"><img data-recalc-dims=\"1\" loading=\"lazy\" decoding=\"async\" data-attachment-id=\"714\" data-permalink=\"https:\/\/knowlitge.de\/de\/entwicklung-individueller-software\/laptop-2557586_1920\/\" data-orig-file=\"https:\/\/i0.wp.com\/knowlitge.de\/wp-content\/uploads\/2018\/01\/laptop-2557586_1920.jpg?fit=1920%2C1279&amp;ssl=1\" data-orig-size=\"1920,1279\" data-comments-opened=\"0\" data-image-meta=\"{&quot;aperture&quot;:&quot;0&quot;,&quot;credit&quot;:&quot;&quot;,&quot;camera&quot;:&quot;&quot;,&quot;caption&quot;:&quot;&quot;,&quot;created_timestamp&quot;:&quot;0&quot;,&quot;copyright&quot;:&quot;&quot;,&quot;focal_length&quot;:&quot;0&quot;,&quot;iso&quot;:&quot;0&quot;,&quot;shutter_speed&quot;:&quot;0&quot;,&quot;title&quot;:&quot;&quot;,&quot;orientation&quot;:&quot;0&quot;}\" data-image-title=\"laptop-2557586_1920\" data-image-description=\"\" data-image-caption=\"\" data-large-file=\"https:\/\/i0.wp.com\/knowlitge.de\/wp-content\/uploads\/2018\/01\/laptop-2557586_1920.jpg?fit=700%2C466&amp;ssl=1\" class=\"alignnone wp-image-714\" src=\"https:\/\/i0.wp.com\/knowlitge.de\/wp-content\/uploads\/2018\/01\/firewall.png?resize=193%2C90&#038;ssl=1\" alt=\"\" width=\"193\" height=\"90\" \/><br \/>\n<\/div><\/div><div  class=\"lgc-column lgc-grid-parent lgc-grid-80 lgc-tablet-grid-80 lgc-mobile-grid-100 lgc-equal-heights \"><div  class=\"inside-grid-column\">\n<ul>\n<li class=\"col-xs-12 col-sm-4 col-md-12\">Schutz vor webbasierten Angriffen auf Ihr Netzwerk<\/li>\n<li class=\"col-xs-12 col-sm-4 col-md-12\">Absicherung des internen Datenverkehrs und der Internetverbindung<\/li>\n<li class=\"col-xs-12 col-sm-4 col-md-12\">Nutzung der VPN-Technologie zur Anbindung von Filialen &amp; Co.<\/li>\n<\/ul>\n<p><\/p><\/div><\/div>\n<div class=\"content_block\" id=\"custom_post_widget-1018\"><h4><span style=\"color: #808080;\">Unsere weiteren IT-Sicherheits Dienstleistungen<\/span><\/h4>\n<p>Die knowlITge GmbH bietet Ihnen ein ma\u00dfgeschneidertes Komplettpaket f\u00fcr Ihre IT an. Schauen Sie sich hier unsere weiteren IT-Sicherheits Dienstleistungen an. Weitere Informationen zu unseren IT-Sicherheits Dienstleistungen erhalten Sie auch hier: <a href=\"https:\/\/knowlitge.de\/it-sicherheit\/\/\">Sicherheit umfassend und mit System<\/a><\/p>\n<div  class=\"lgc-column lgc-grid-parent lgc-grid-20 lgc-tablet-grid-20 lgc-mobile-grid-100 lgc-equal-heights \"><div  class=\"inside-grid-column\">\n<p><figure id=\"attachment_714\" aria-describedby=\"caption-attachment-714\" style=\"width: 143px\" class=\"wp-caption alignnone\"><a href=\"https:\/\/knowlitge.de\/https:\/\/knowlitge.de\/it-sicherheitscheck\/\"><img data-recalc-dims=\"1\" loading=\"lazy\" decoding=\"async\" data-attachment-id=\"714\" data-permalink=\"https:\/\/knowlitge.de\/de\/entwicklung-individueller-software\/laptop-2557586_1920\/\" data-orig-file=\"https:\/\/i0.wp.com\/knowlitge.de\/wp-content\/uploads\/2018\/01\/laptop-2557586_1920.jpg?fit=1920%2C1279&amp;ssl=1\" data-orig-size=\"1920,1279\" data-comments-opened=\"0\" data-image-meta=\"{&quot;aperture&quot;:&quot;0&quot;,&quot;credit&quot;:&quot;&quot;,&quot;camera&quot;:&quot;&quot;,&quot;caption&quot;:&quot;&quot;,&quot;created_timestamp&quot;:&quot;0&quot;,&quot;copyright&quot;:&quot;&quot;,&quot;focal_length&quot;:&quot;0&quot;,&quot;iso&quot;:&quot;0&quot;,&quot;shutter_speed&quot;:&quot;0&quot;,&quot;title&quot;:&quot;&quot;,&quot;orientation&quot;:&quot;0&quot;}\" data-image-title=\"laptop-2557586_1920\" data-image-description=\"\" data-image-caption=\"\" data-large-file=\"https:\/\/i0.wp.com\/knowlitge.de\/wp-content\/uploads\/2018\/01\/laptop-2557586_1920.jpg?fit=700%2C466&amp;ssl=1\" class=\"wp-image-714\" src=\"https:\/\/i0.wp.com\/knowlitge.de\/wp-content\/uploads\/2018\/01\/sicherheit.png?resize=143%2C135&#038;ssl=1\" alt=\"\" width=\"143\" height=\"135\" \/><\/a><figcaption id=\"caption-attachment-714\" class=\"wp-caption-text\">IT-Sicherheitscheck<\/figcaption><\/figure><\/p>\n<p><\/p><\/div><\/div>\n<div  class=\"lgc-column lgc-grid-parent lgc-grid-20 lgc-tablet-grid-20 lgc-mobile-grid-100 lgc-equal-heights \"><div  class=\"inside-grid-column\">\n<p><figure id=\"attachment_714\" aria-describedby=\"caption-attachment-714\" style=\"width: 143px\" class=\"wp-caption alignnone\"><a href=\"https:\/\/knowlitge.de\/anti-virus-management\/\"><img data-recalc-dims=\"1\" loading=\"lazy\" decoding=\"async\" data-attachment-id=\"714\" data-permalink=\"https:\/\/knowlitge.de\/de\/entwicklung-individueller-software\/laptop-2557586_1920\/\" data-orig-file=\"https:\/\/i0.wp.com\/knowlitge.de\/wp-content\/uploads\/2018\/01\/laptop-2557586_1920.jpg?fit=1920%2C1279&amp;ssl=1\" data-orig-size=\"1920,1279\" data-comments-opened=\"0\" data-image-meta=\"{&quot;aperture&quot;:&quot;0&quot;,&quot;credit&quot;:&quot;&quot;,&quot;camera&quot;:&quot;&quot;,&quot;caption&quot;:&quot;&quot;,&quot;created_timestamp&quot;:&quot;0&quot;,&quot;copyright&quot;:&quot;&quot;,&quot;focal_length&quot;:&quot;0&quot;,&quot;iso&quot;:&quot;0&quot;,&quot;shutter_speed&quot;:&quot;0&quot;,&quot;title&quot;:&quot;&quot;,&quot;orientation&quot;:&quot;0&quot;}\" data-image-title=\"laptop-2557586_1920\" data-image-description=\"\" data-image-caption=\"\" data-large-file=\"https:\/\/i0.wp.com\/knowlitge.de\/wp-content\/uploads\/2018\/01\/laptop-2557586_1920.jpg?fit=700%2C466&amp;ssl=1\" class=\"wp-image-714\" src=\"https:\/\/i0.wp.com\/knowlitge.de\/wp-content\/uploads\/2018\/01\/antivirus.png?resize=143%2C135&#038;ssl=1\" alt=\"\" width=\"143\" height=\"135\" \/><\/a><figcaption id=\"caption-attachment-714\" class=\"wp-caption-text\">Anti-Virus Management<\/figcaption><\/figure><\/p>\n<p><\/p><\/div><\/div>\n<div  class=\"lgc-column lgc-grid-parent lgc-grid-20 lgc-tablet-grid-20 lgc-mobile-grid-100 lgc-equal-heights \"><div  class=\"inside-grid-column\">\n<p><figure id=\"attachment_714\" aria-describedby=\"caption-attachment-714\" style=\"width: 143px\" class=\"wp-caption alignnone\"><a href=\"https:\/\/knowlitge.de\/backup-management\/\"><img data-recalc-dims=\"1\" loading=\"lazy\" decoding=\"async\" data-attachment-id=\"714\" data-permalink=\"https:\/\/knowlitge.de\/de\/entwicklung-individueller-software\/laptop-2557586_1920\/\" data-orig-file=\"https:\/\/i0.wp.com\/knowlitge.de\/wp-content\/uploads\/2018\/01\/laptop-2557586_1920.jpg?fit=1920%2C1279&amp;ssl=1\" data-orig-size=\"1920,1279\" data-comments-opened=\"0\" data-image-meta=\"{&quot;aperture&quot;:&quot;0&quot;,&quot;credit&quot;:&quot;&quot;,&quot;camera&quot;:&quot;&quot;,&quot;caption&quot;:&quot;&quot;,&quot;created_timestamp&quot;:&quot;0&quot;,&quot;copyright&quot;:&quot;&quot;,&quot;focal_length&quot;:&quot;0&quot;,&quot;iso&quot;:&quot;0&quot;,&quot;shutter_speed&quot;:&quot;0&quot;,&quot;title&quot;:&quot;&quot;,&quot;orientation&quot;:&quot;0&quot;}\" data-image-title=\"laptop-2557586_1920\" data-image-description=\"\" data-image-caption=\"\" data-large-file=\"https:\/\/i0.wp.com\/knowlitge.de\/wp-content\/uploads\/2018\/01\/laptop-2557586_1920.jpg?fit=700%2C466&amp;ssl=1\" class=\"wp-image-714\" src=\"https:\/\/i0.wp.com\/knowlitge.de\/wp-content\/uploads\/2018\/01\/backup2.png?resize=143%2C135&#038;ssl=1\" alt=\"\" width=\"143\" height=\"135\" \/><\/a><figcaption id=\"caption-attachment-714\" class=\"wp-caption-text\">Backup Management<\/figcaption><\/figure><\/p>\n<p><\/p><\/div><\/div>\n<div  class=\"lgc-column lgc-grid-parent lgc-grid-20 lgc-tablet-grid-20 lgc-mobile-grid-100 lgc-equal-heights \"><div  class=\"inside-grid-column\">\n<p><figure id=\"attachment_714\" aria-describedby=\"caption-attachment-714\" style=\"width: 143px\" class=\"wp-caption alignnone\"><a href=\"https:\/\/knowlitge.de\/firewall-management\/\"><img data-recalc-dims=\"1\" loading=\"lazy\" decoding=\"async\" data-attachment-id=\"714\" data-permalink=\"https:\/\/knowlitge.de\/de\/entwicklung-individueller-software\/laptop-2557586_1920\/\" data-orig-file=\"https:\/\/i0.wp.com\/knowlitge.de\/wp-content\/uploads\/2018\/01\/laptop-2557586_1920.jpg?fit=1920%2C1279&amp;ssl=1\" data-orig-size=\"1920,1279\" data-comments-opened=\"0\" data-image-meta=\"{&quot;aperture&quot;:&quot;0&quot;,&quot;credit&quot;:&quot;&quot;,&quot;camera&quot;:&quot;&quot;,&quot;caption&quot;:&quot;&quot;,&quot;created_timestamp&quot;:&quot;0&quot;,&quot;copyright&quot;:&quot;&quot;,&quot;focal_length&quot;:&quot;0&quot;,&quot;iso&quot;:&quot;0&quot;,&quot;shutter_speed&quot;:&quot;0&quot;,&quot;title&quot;:&quot;&quot;,&quot;orientation&quot;:&quot;0&quot;}\" data-image-title=\"laptop-2557586_1920\" data-image-description=\"\" data-image-caption=\"\" data-large-file=\"https:\/\/i0.wp.com\/knowlitge.de\/wp-content\/uploads\/2018\/01\/laptop-2557586_1920.jpg?fit=700%2C466&amp;ssl=1\" class=\"wp-image-714\" src=\"https:\/\/i0.wp.com\/knowlitge.de\/wp-content\/uploads\/2018\/01\/firewall.png?resize=143%2C135&#038;ssl=1\" alt=\"\" width=\"143\" height=\"135\" \/><\/a><figcaption id=\"caption-attachment-714\" class=\"wp-caption-text\">Firewall Management<\/figcaption><\/figure><\/p>\n<p><\/p><\/div><\/div>\n<div  class=\"lgc-column lgc-grid-parent lgc-grid-20 lgc-tablet-grid-20 lgc-mobile-grid-100 lgc-equal-heights \"><div  class=\"inside-grid-column\">\n<p><figure id=\"attachment_714\" aria-describedby=\"caption-attachment-714\" style=\"width: 143px\" class=\"wp-caption alignnone\"><a href=\"https:\/\/knowlitge.de\/update-management\/\"><img data-recalc-dims=\"1\" loading=\"lazy\" decoding=\"async\" data-attachment-id=\"714\" data-permalink=\"https:\/\/knowlitge.de\/de\/entwicklung-individueller-software\/laptop-2557586_1920\/\" data-orig-file=\"https:\/\/i0.wp.com\/knowlitge.de\/wp-content\/uploads\/2018\/01\/laptop-2557586_1920.jpg?fit=1920%2C1279&amp;ssl=1\" data-orig-size=\"1920,1279\" data-comments-opened=\"0\" data-image-meta=\"{&quot;aperture&quot;:&quot;0&quot;,&quot;credit&quot;:&quot;&quot;,&quot;camera&quot;:&quot;&quot;,&quot;caption&quot;:&quot;&quot;,&quot;created_timestamp&quot;:&quot;0&quot;,&quot;copyright&quot;:&quot;&quot;,&quot;focal_length&quot;:&quot;0&quot;,&quot;iso&quot;:&quot;0&quot;,&quot;shutter_speed&quot;:&quot;0&quot;,&quot;title&quot;:&quot;&quot;,&quot;orientation&quot;:&quot;0&quot;}\" data-image-title=\"laptop-2557586_1920\" data-image-description=\"\" data-image-caption=\"\" data-large-file=\"https:\/\/i0.wp.com\/knowlitge.de\/wp-content\/uploads\/2018\/01\/laptop-2557586_1920.jpg?fit=700%2C466&amp;ssl=1\" class=\"wp-image-714\" src=\"https:\/\/i0.wp.com\/knowlitge.de\/wp-content\/uploads\/2018\/01\/update2.png?resize=143%2C135&#038;ssl=1\" alt=\"\" width=\"143\" height=\"135\" \/><\/a><figcaption id=\"caption-attachment-714\" class=\"wp-caption-text\">Update Management<\/figcaption><\/figure><\/p>\n<p><\/p><\/div><\/div>\n<h4><span style=\"color: #808080;\">Was d\u00fcrfen wir f\u00fcr Sie tun?<\/span><\/h4>\n<p>Kontaktieren Sie uns. Wir informieren und beraten Sie gerne: <a href=\"https:\/\/knowlitge.de\/kontakt\/\">Kontakt<\/a><\/p>\n<\/div><\/p>\n","protected":false},"excerpt":{"rendered":"<p>Netzwerkschutz vor Attacken und Schadsoftware Es gibt zwei M\u00f6glichkeiten: Entweder Sie verzichten auf den Einsatz einer Hardware Firewall und setzen darauf, dass Hacker Ihr Unternehmen zuf\u00e4llig \u00fcbersehen und Ihre Mitarbeiter nur legitime Internetseiten ansteuern &#8211; oder Sie setzen auf ein<\/p>\n","protected":false},"author":1,"featured_media":0,"parent":0,"menu_order":0,"comment_status":"closed","ping_status":"closed","template":"","meta":{"jetpack_post_was_ever_published":false,"footnotes":""},"class_list":["post-440","page","type-page","status-publish","hentry"],"translation":{"provider":"WPGlobus","version":"3.0.2","language":"de","enabled_languages":["en","de"],"languages":{"en":{"title":true,"content":true,"excerpt":false},"de":{"title":false,"content":false,"excerpt":false}}},"yoast_head":"<!-- This site is optimized with the Yoast SEO plugin v27.4 - https:\/\/yoast.com\/product\/yoast-seo-wordpress\/ -->\n<title>Firewall Management - knowlITge<\/title>\n<meta name=\"robots\" content=\"index, follow, max-snippet:-1, max-image-preview:large, max-video-preview:-1\" \/>\n<link rel=\"canonical\" href=\"https:\/\/knowlitge.de\/firewall-management\/\" \/>\n<meta property=\"og:locale\" content=\"de_DE\" \/>\n<meta property=\"og:type\" content=\"article\" \/>\n<meta property=\"og:title\" content=\"Firewall Management - knowlITge\" \/>\n<meta property=\"og:url\" content=\"https:\/\/knowlitge.de\/firewall-management\/\" \/>\n<meta property=\"og:site_name\" content=\"knowlITge\" \/>\n<meta property=\"article:modified_time\" content=\"2018-02-08T13:20:50+00:00\" \/>\n<meta property=\"og:image\" content=\"https:\/\/knowlitge.de\/wp-content\/uploads\/2018\/01\/firewall.png\" \/>\n<meta name=\"twitter:card\" content=\"summary_large_image\" \/>\n<meta name=\"twitter:label1\" content=\"Gesch\u00e4tzte Lesezeit\" \/>\n\t<meta name=\"twitter:data1\" content=\"1\u00a0Minute\" \/>\n<script type=\"application\/ld+json\" class=\"yoast-schema-graph\">{\"@context\":\"https:\\\/\\\/schema.org\",\"@graph\":[{\"@type\":\"WebPage\",\"@id\":\"https:\\\/\\\/knowlitge.de\\\/firewall-management\\\/\",\"url\":\"https:\\\/\\\/knowlitge.de\\\/firewall-management\\\/\",\"name\":\"Firewall Management - knowlITge\",\"isPartOf\":{\"@id\":\"https:\\\/\\\/knowlitge.de\\\/#website\"},\"primaryImageOfPage\":{\"@id\":\"https:\\\/\\\/knowlitge.de\\\/firewall-management\\\/#primaryimage\"},\"image\":{\"@id\":\"https:\\\/\\\/knowlitge.de\\\/firewall-management\\\/#primaryimage\"},\"thumbnailUrl\":\"https:\\\/\\\/knowlitge.de\\\/wp-content\\\/uploads\\\/2018\\\/01\\\/firewall.png\",\"datePublished\":\"2018-01-23T14:07:00+00:00\",\"dateModified\":\"2018-02-08T13:20:50+00:00\",\"description\":\"knowlITge GmbH, K\u00f6ln \\\/ Bonn \\\/ Sankt Augustin - IT-Dienstleister seid \u00fcber 20 Jahren ! Docusnap, F-Secure, Gateprotect, Zabbix Softwarerentwicklung - VB.Net, Access Support - Windows, Linux, Drucker, Telefon, Cloud - Schulung, Workshop, Seminare, Beratung, Consulting\",\"breadcrumb\":{\"@id\":\"https:\\\/\\\/knowlitge.de\\\/firewall-management\\\/#breadcrumb\"},\"inLanguage\":\"de\",\"potentialAction\":[{\"@type\":\"ReadAction\",\"target\":[\"https:\\\/\\\/knowlitge.de\\\/firewall-management\\\/\"]}]},{\"@type\":\"ImageObject\",\"inLanguage\":\"de\",\"@id\":\"https:\\\/\\\/knowlitge.de\\\/firewall-management\\\/#primaryimage\",\"url\":\"https:\\\/\\\/knowlitge.de\\\/wp-content\\\/uploads\\\/2018\\\/01\\\/firewall.png\",\"contentUrl\":\"https:\\\/\\\/knowlitge.de\\\/wp-content\\\/uploads\\\/2018\\\/01\\\/firewall.png\"},{\"@type\":\"BreadcrumbList\",\"@id\":\"https:\\\/\\\/knowlitge.de\\\/firewall-management\\\/#breadcrumb\",\"itemListElement\":[{\"@type\":\"ListItem\",\"position\":1,\"name\":\"Home\",\"item\":\"https:\\\/\\\/knowlitge.de\\\/\"},{\"@type\":\"ListItem\",\"position\":2,\"name\":\"Firewall Management\"}]},{\"@type\":\"WebSite\",\"@id\":\"https:\\\/\\\/knowlitge.de\\\/#website\",\"url\":\"https:\\\/\\\/knowlitge.de\\\/\",\"name\":\"knowlITge\",\"description\":\"IT Dienstleister\",\"potentialAction\":[{\"@type\":\"SearchAction\",\"target\":{\"@type\":\"EntryPoint\",\"urlTemplate\":\"https:\\\/\\\/knowlitge.de\\\/?s={search_term_string}\"},\"query-input\":{\"@type\":\"PropertyValueSpecification\",\"valueRequired\":true,\"valueName\":\"search_term_string\"}}],\"inLanguage\":\"de\"}]}<\/script>\n<!-- \/ Yoast SEO plugin. -->","yoast_head_json":{"title":"Firewall Management - knowlITge","robots":{"index":"index","follow":"follow","max-snippet":"max-snippet:-1","max-image-preview":"max-image-preview:large","max-video-preview":"max-video-preview:-1"},"canonical":"https:\/\/knowlitge.de\/firewall-management\/","og_locale":"de_DE","og_type":"article","og_title":"Firewall Management - knowlITge","og_url":"https:\/\/knowlitge.de\/firewall-management\/","og_site_name":"knowlITge","article_modified_time":"2018-02-08T13:20:50+00:00","og_image":[{"url":"https:\/\/knowlitge.de\/wp-content\/uploads\/2018\/01\/firewall.png","type":"","width":"","height":""}],"twitter_card":"summary_large_image","twitter_misc":{"Gesch\u00e4tzte Lesezeit":"1\u00a0Minute"},"schema":{"@context":"https:\/\/schema.org","@graph":[{"@type":"WebPage","@id":"https:\/\/knowlitge.de\/firewall-management\/","url":"https:\/\/knowlitge.de\/firewall-management\/","name":"Firewall Management - knowlITge","isPartOf":{"@id":"https:\/\/knowlitge.de\/#website"},"primaryImageOfPage":{"@id":"https:\/\/knowlitge.de\/firewall-management\/#primaryimage"},"image":{"@id":"https:\/\/knowlitge.de\/firewall-management\/#primaryimage"},"thumbnailUrl":"https:\/\/knowlitge.de\/wp-content\/uploads\/2018\/01\/firewall.png","datePublished":"2018-01-23T14:07:00+00:00","dateModified":"2018-02-08T13:20:50+00:00","description":"knowlITge GmbH, K\u00f6ln \/ Bonn \/ Sankt Augustin - IT-Dienstleister seid \u00fcber 20 Jahren ! Docusnap, F-Secure, Gateprotect, Zabbix Softwarerentwicklung - VB.Net, Access Support - Windows, Linux, Drucker, Telefon, Cloud - Schulung, Workshop, Seminare, Beratung, Consulting","breadcrumb":{"@id":"https:\/\/knowlitge.de\/firewall-management\/#breadcrumb"},"inLanguage":"de","potentialAction":[{"@type":"ReadAction","target":["https:\/\/knowlitge.de\/firewall-management\/"]}]},{"@type":"ImageObject","inLanguage":"de","@id":"https:\/\/knowlitge.de\/firewall-management\/#primaryimage","url":"https:\/\/knowlitge.de\/wp-content\/uploads\/2018\/01\/firewall.png","contentUrl":"https:\/\/knowlitge.de\/wp-content\/uploads\/2018\/01\/firewall.png"},{"@type":"BreadcrumbList","@id":"https:\/\/knowlitge.de\/firewall-management\/#breadcrumb","itemListElement":[{"@type":"ListItem","position":1,"name":"Home","item":"https:\/\/knowlitge.de\/"},{"@type":"ListItem","position":2,"name":"Firewall Management"}]},{"@type":"WebSite","@id":"https:\/\/knowlitge.de\/#website","url":"https:\/\/knowlitge.de\/","name":"knowlITge","description":"IT Dienstleister","potentialAction":[{"@type":"SearchAction","target":{"@type":"EntryPoint","urlTemplate":"https:\/\/knowlitge.de\/?s={search_term_string}"},"query-input":{"@type":"PropertyValueSpecification","valueRequired":true,"valueName":"search_term_string"}}],"inLanguage":"de"}]}},"jetpack_sharing_enabled":false,"jetpack_shortlink":"https:\/\/wp.me\/P6NCzV-76","jetpack-related-posts":[{"id":497,"url":"https:\/\/knowlitge.de\/de\/firewall-in-der-cloud\/","url_meta":{"origin":440,"position":0},"title":"Firewall in der Cloud","author":"dvladmin","date":"24. Januar 2018","format":false,"excerpt":"Unternehmensnetzwerk umfassend absichern Wenn Sie mehrere Filialen\/Unternehmensstandorte besitzen, ist die Cloud Firewall eine ideale Erg\u00e4nzung. Gleiches gilt, wenn Sie von Ihrem Sitz aus auf Cloud-Dienste zur\u00fcckgreifen. Und das gilt auch, wenn Sie einen Teil Ihrer Infrastruktur in ein Rechenzentrum ausgelagert haben. Mit einer Firewall in der Cloud sch\u00fctzen Sie Ihr\u2026","rel":"","context":"\u00c4hnlicher Beitrag","block_context":{"text":"\u00c4hnlicher Beitrag","link":""},"img":{"alt_text":"","src":"https:\/\/i0.wp.com\/knowlitge.de\/wp-content\/uploads\/2018\/02\/firewall-in-cloud-klein.png?resize=350%2C200&ssl=1","width":350,"height":200},"classes":[]},{"id":425,"url":"https:\/\/knowlitge.de\/de\/server-management\/","url_meta":{"origin":440,"position":1},"title":"Server Management","author":"dvladmin","date":"23. Januar 2018","format":false,"excerpt":"Managed Server: Die Alles-in-einem-Dienstleistung Der Server ist die zentrale Schnittstelle innerhalb einer modernen IT-Umgebung. F\u00e4llt die einmal aus, kommen Arbeitsabl\u00e4ufe schnell zum Erliegen. Lassen Sie es nicht soweit kommen. Wir pr\u00fcfen Ihr Server-System zu jeder Zeit auf m\u00f6gliche St\u00f6rungen und die \u00fcbergeordnete Funktionsf\u00e4higkeit. Liegt einmal ein Problem vor, werden wir\u2026","rel":"","context":"\u00c4hnlicher Beitrag","block_context":{"text":"\u00c4hnlicher Beitrag","link":""},"img":{"alt_text":"","src":"https:\/\/i0.wp.com\/knowlitge.de\/wp-content\/uploads\/2018\/01\/technology-1587673_1920.jpg?resize=350%2C200&ssl=1","width":350,"height":200,"srcset":"https:\/\/i0.wp.com\/knowlitge.de\/wp-content\/uploads\/2018\/01\/technology-1587673_1920.jpg?resize=350%2C200&ssl=1 1x, https:\/\/i0.wp.com\/knowlitge.de\/wp-content\/uploads\/2018\/01\/technology-1587673_1920.jpg?resize=525%2C300&ssl=1 1.5x, https:\/\/i0.wp.com\/knowlitge.de\/wp-content\/uploads\/2018\/01\/technology-1587673_1920.jpg?resize=700%2C400&ssl=1 2x, https:\/\/i0.wp.com\/knowlitge.de\/wp-content\/uploads\/2018\/01\/technology-1587673_1920.jpg?resize=1050%2C600&ssl=1 3x, https:\/\/i0.wp.com\/knowlitge.de\/wp-content\/uploads\/2018\/01\/technology-1587673_1920.jpg?resize=1400%2C800&ssl=1 4x"},"classes":[]},{"id":438,"url":"https:\/\/knowlitge.de\/de\/backup-management\/","url_meta":{"origin":440,"position":2},"title":"Backup Management","author":"dvladmin","date":"23. Januar 2018","format":false,"excerpt":"Datensicherung, so zuverl\u00e4ssig wie Sie In Ihrem Gesch\u00e4ftsalltag ist Vertrauen das h\u00f6chste Gut: Gegen\u00fcber Ihren Gesch\u00e4ftspartnern und Ihren Kunden genauso wie im Verh\u00e4ltnis zu Ihren Mitarbeitern. Ein Aspekt, auf denen dieses Vertrauen fu\u00dft, ist Ihre F\u00e4higkeit, die Sicherheit der Ihnen zur Verf\u00fcgung gestellten Daten jederzeit zu gew\u00e4hrleisten. Mit dem Backup\u2026","rel":"","context":"\u00c4hnlicher Beitrag","block_context":{"text":"\u00c4hnlicher Beitrag","link":""},"img":{"alt_text":"","src":"https:\/\/i0.wp.com\/knowlitge.de\/wp-content\/uploads\/2018\/01\/backup2.png?resize=350%2C200&ssl=1","width":350,"height":200},"classes":[]},{"id":421,"url":"https:\/\/knowlitge.de\/de\/dokumenten-management\/","url_meta":{"origin":440,"position":3},"title":"Dokumenten Management","author":"dvladmin","date":"23. Januar 2018","format":false,"excerpt":"Unterlagen sortieren und archivieren \u2013 einfach und effizient Die ordnungsgem\u00e4\u00dfe Buchf\u00fchrung umfasst nach gesetzlich vorgeschriebenen Aufbewahrungsfristen auch digitale Dokumente. F\u00fcr die t\u00e4gliche Dokumentensuche, das Unterlagen sortieren oder Gesch\u00e4ftsunterlagen aufbewahren, m\u00fcssen Ihre Mitarbeiter Aktenordner, Ablagen, E-Mail-Postf\u00e4cher und Festplatten durchsuchen. Mit einem Dokumenten Management System b\u00fcndeln Sie die Ablageorte Ihrer Gesch\u00e4ftsunterlagen, gestalten\u2026","rel":"","context":"\u00c4hnlicher Beitrag","block_context":{"text":"\u00c4hnlicher Beitrag","link":""},"img":{"alt_text":"","src":"https:\/\/i0.wp.com\/knowlitge.de\/wp-content\/uploads\/2018\/01\/data-bearer-1313000_1920.jpg?resize=350%2C200&ssl=1","width":350,"height":200,"srcset":"https:\/\/i0.wp.com\/knowlitge.de\/wp-content\/uploads\/2018\/01\/data-bearer-1313000_1920.jpg?resize=350%2C200&ssl=1 1x, https:\/\/i0.wp.com\/knowlitge.de\/wp-content\/uploads\/2018\/01\/data-bearer-1313000_1920.jpg?resize=525%2C300&ssl=1 1.5x, https:\/\/i0.wp.com\/knowlitge.de\/wp-content\/uploads\/2018\/01\/data-bearer-1313000_1920.jpg?resize=700%2C400&ssl=1 2x, https:\/\/i0.wp.com\/knowlitge.de\/wp-content\/uploads\/2018\/01\/data-bearer-1313000_1920.jpg?resize=1050%2C600&ssl=1 3x, https:\/\/i0.wp.com\/knowlitge.de\/wp-content\/uploads\/2018\/01\/data-bearer-1313000_1920.jpg?resize=1400%2C800&ssl=1 4x"},"classes":[]},{"id":427,"url":"https:\/\/knowlitge.de\/de\/desktop-management\/","url_meta":{"origin":440,"position":4},"title":"Desktop Management","author":"dvladmin","date":"23. Januar 2018","format":false,"excerpt":"PC-Service f\u00fcr Ihr Unternehmen nutzen Programmaktualisierungen aufspielen, die Datensicherung auf Fehlerfreiheit pr\u00fcfen, genau wissen, welche Soft- und Hardware im Einsatz ist: Sparen Sie die Zeit ein, sich selbst darum zu k\u00fcmmern. Mit unserem Desktop Management nehmen wir Ihnen diese wichtigen Aufgaben ab und k\u00fcmmern uns darum, dass Ihre PCs und\u2026","rel":"","context":"\u00c4hnlicher Beitrag","block_context":{"text":"\u00c4hnlicher Beitrag","link":""},"img":{"alt_text":"","src":"https:\/\/i0.wp.com\/knowlitge.de\/wp-content\/uploads\/2018\/01\/workstation-336369_1920.jpg?resize=350%2C200&ssl=1","width":350,"height":200},"classes":[]},{"id":442,"url":"https:\/\/knowlitge.de\/de\/update-management\/","url_meta":{"origin":440,"position":5},"title":"Update Management","author":"dvladmin","date":"23. Januar 2018","format":false,"excerpt":"Programme auf dem neuesten Stand St\u00e4ndig erinnern Pop-Ups Sie und Ihre Mitarbeiter daran, dass Sie Ihre Software durch ein Update auf den aktuellen Stand bringen sollten. Im hektischen Arbeitsalltag haben Sie allerdings nicht die Zeit, sich durch die mitgelieferten Argumente zu lesen, die Sie \u00fcberzeugen sollen, die Aktualisierung durchzuf\u00fchren. Die\u2026","rel":"","context":"\u00c4hnlicher Beitrag","block_context":{"text":"\u00c4hnlicher Beitrag","link":""},"img":{"alt_text":"","src":"https:\/\/i0.wp.com\/knowlitge.de\/wp-content\/uploads\/2018\/01\/update2.png?resize=350%2C200&ssl=1","width":350,"height":200},"classes":[]}],"_links":{"self":[{"href":"https:\/\/knowlitge.de\/de\/wp-json\/wp\/v2\/pages\/440","targetHints":{"allow":["GET"]}}],"collection":[{"href":"https:\/\/knowlitge.de\/de\/wp-json\/wp\/v2\/pages"}],"about":[{"href":"https:\/\/knowlitge.de\/de\/wp-json\/wp\/v2\/types\/page"}],"author":[{"embeddable":true,"href":"https:\/\/knowlitge.de\/de\/wp-json\/wp\/v2\/users\/1"}],"replies":[{"embeddable":true,"href":"https:\/\/knowlitge.de\/de\/wp-json\/wp\/v2\/comments?post=440"}],"version-history":[{"count":8,"href":"https:\/\/knowlitge.de\/de\/wp-json\/wp\/v2\/pages\/440\/revisions"}],"predecessor-version":[{"id":1173,"href":"https:\/\/knowlitge.de\/de\/wp-json\/wp\/v2\/pages\/440\/revisions\/1173"}],"wp:attachment":[{"href":"https:\/\/knowlitge.de\/de\/wp-json\/wp\/v2\/media?parent=440"}],"curies":[{"name":"wp","href":"https:\/\/api.w.org\/{rel}","templated":true}]}}