{"id":199,"date":"2016-05-10T15:29:20","date_gmt":"2016-05-10T13:29:20","guid":{"rendered":"http:\/\/knowlitge.de\/?page_id=199"},"modified":"2018-02-08T14:27:07","modified_gmt":"2018-02-08T13:27:07","slug":"vertragsbedingungen","status":"publish","type":"page","link":"https:\/\/knowlitge.de\/de\/vertragsbedingungen\/","title":{"rendered":"Vertragsbedingungen"},"content":{"rendered":"<p>&nbsp;<\/p>\n<p><a href=\"https:\/\/knowlitge.de\/downloads\/Allgemeine%20Vertragsbedingungen%20AGB-A%20Stand%2001-2011.pdf\" target=\"_blank\" rel=\"noopener\">Allgemeine Vertragsbedingungen AGB-A<\/a><\/p>\n<p><a href=\"https:\/\/knowlitge.de\/downloads\/Sonderbedingungen fuer Dienstleistungen (SB-D) Stand 01-2011.pdf\" target=\"_blank\" rel=\"noopener\">Sonderbedingungen fuer Dienstleistungen (SB-D) <\/a><\/p>\n<p><a href=\"https:\/\/knowlitge.de\/downloads\/Vertragsbedingungen Stand 01-2011.pdf\" target=\"_blank\" rel=\"noopener\">Vertragsbedingungen<\/a><\/p>\n","protected":false},"excerpt":{"rendered":"<p>&nbsp; Allgemeine Vertragsbedingungen AGB-A Sonderbedingungen fuer Dienstleistungen (SB-D) Vertragsbedingungen<\/p>\n","protected":false},"author":1,"featured_media":0,"parent":0,"menu_order":0,"comment_status":"closed","ping_status":"closed","template":"","meta":{"jetpack_post_was_ever_published":false,"footnotes":""},"class_list":["post-199","page","type-page","status-publish","hentry"],"translation":{"provider":"WPGlobus","version":"3.0.2","language":"de","enabled_languages":["en","de"],"languages":{"en":{"title":true,"content":true,"excerpt":false},"de":{"title":false,"content":false,"excerpt":false}}},"yoast_head":"<!-- This site is optimized with the Yoast SEO plugin v27.5 - https:\/\/yoast.com\/product\/yoast-seo-wordpress\/ -->\n<title>Vertragsbedingungen - knowlITge<\/title>\n<meta name=\"robots\" content=\"index, follow, max-snippet:-1, max-image-preview:large, max-video-preview:-1\" \/>\n<link rel=\"canonical\" href=\"https:\/\/knowlitge.de\/vertragsbedingungen\/\" \/>\n<meta property=\"og:locale\" content=\"de_DE\" \/>\n<meta property=\"og:type\" content=\"article\" \/>\n<meta property=\"og:title\" content=\"Vertragsbedingungen - knowlITge\" \/>\n<meta property=\"og:url\" content=\"https:\/\/knowlitge.de\/vertragsbedingungen\/\" \/>\n<meta property=\"og:site_name\" content=\"knowlITge\" \/>\n<meta property=\"article:modified_time\" content=\"2018-02-08T13:27:07+00:00\" \/>\n<meta name=\"twitter:card\" content=\"summary_large_image\" \/>\n<script type=\"application\/ld+json\" class=\"yoast-schema-graph\">{\"@context\":\"https:\\\/\\\/schema.org\",\"@graph\":[{\"@type\":\"WebPage\",\"@id\":\"https:\\\/\\\/knowlitge.de\\\/vertragsbedingungen\\\/\",\"url\":\"https:\\\/\\\/knowlitge.de\\\/vertragsbedingungen\\\/\",\"name\":\"Vertragsbedingungen - knowlITge\",\"isPartOf\":{\"@id\":\"https:\\\/\\\/knowlitge.de\\\/#website\"},\"datePublished\":\"2016-05-10T13:29:20+00:00\",\"dateModified\":\"2018-02-08T13:27:07+00:00\",\"description\":\"knowlITge GmbH, K\u00f6ln \\\/ Bonn \\\/ Sankt Augustin - IT-Dienstleister seid \u00fcber 20 Jahren ! Docusnap, F-Secure, Gateprotect, Zabbix Softwarerentwicklung - VB.Net, Access Support - Windows, Linux, Drucker, Telefon, Cloud - Schulung, Workshop, Seminare, Beratung, Consulting\",\"breadcrumb\":{\"@id\":\"https:\\\/\\\/knowlitge.de\\\/vertragsbedingungen\\\/#breadcrumb\"},\"inLanguage\":\"de\",\"potentialAction\":[{\"@type\":\"ReadAction\",\"target\":[\"https:\\\/\\\/knowlitge.de\\\/vertragsbedingungen\\\/\"]}]},{\"@type\":\"BreadcrumbList\",\"@id\":\"https:\\\/\\\/knowlitge.de\\\/vertragsbedingungen\\\/#breadcrumb\",\"itemListElement\":[{\"@type\":\"ListItem\",\"position\":1,\"name\":\"Home\",\"item\":\"https:\\\/\\\/knowlitge.de\\\/\"},{\"@type\":\"ListItem\",\"position\":2,\"name\":\"Vertragsbedingungen\"}]},{\"@type\":\"WebSite\",\"@id\":\"https:\\\/\\\/knowlitge.de\\\/#website\",\"url\":\"https:\\\/\\\/knowlitge.de\\\/\",\"name\":\"knowlITge\",\"description\":\"IT Dienstleister\",\"potentialAction\":[{\"@type\":\"SearchAction\",\"target\":{\"@type\":\"EntryPoint\",\"urlTemplate\":\"https:\\\/\\\/knowlitge.de\\\/?s={search_term_string}\"},\"query-input\":{\"@type\":\"PropertyValueSpecification\",\"valueRequired\":true,\"valueName\":\"search_term_string\"}}],\"inLanguage\":\"de\"}]}<\/script>\n<!-- \/ Yoast SEO plugin. -->","yoast_head_json":{"title":"Vertragsbedingungen - knowlITge","robots":{"index":"index","follow":"follow","max-snippet":"max-snippet:-1","max-image-preview":"max-image-preview:large","max-video-preview":"max-video-preview:-1"},"canonical":"https:\/\/knowlitge.de\/vertragsbedingungen\/","og_locale":"de_DE","og_type":"article","og_title":"Vertragsbedingungen - knowlITge","og_url":"https:\/\/knowlitge.de\/vertragsbedingungen\/","og_site_name":"knowlITge","article_modified_time":"2018-02-08T13:27:07+00:00","twitter_card":"summary_large_image","schema":{"@context":"https:\/\/schema.org","@graph":[{"@type":"WebPage","@id":"https:\/\/knowlitge.de\/vertragsbedingungen\/","url":"https:\/\/knowlitge.de\/vertragsbedingungen\/","name":"Vertragsbedingungen - knowlITge","isPartOf":{"@id":"https:\/\/knowlitge.de\/#website"},"datePublished":"2016-05-10T13:29:20+00:00","dateModified":"2018-02-08T13:27:07+00:00","description":"knowlITge GmbH, K\u00f6ln \/ Bonn \/ Sankt Augustin - IT-Dienstleister seid \u00fcber 20 Jahren ! Docusnap, F-Secure, Gateprotect, Zabbix Softwarerentwicklung - VB.Net, Access Support - Windows, Linux, Drucker, Telefon, Cloud - Schulung, Workshop, Seminare, Beratung, Consulting","breadcrumb":{"@id":"https:\/\/knowlitge.de\/vertragsbedingungen\/#breadcrumb"},"inLanguage":"de","potentialAction":[{"@type":"ReadAction","target":["https:\/\/knowlitge.de\/vertragsbedingungen\/"]}]},{"@type":"BreadcrumbList","@id":"https:\/\/knowlitge.de\/vertragsbedingungen\/#breadcrumb","itemListElement":[{"@type":"ListItem","position":1,"name":"Home","item":"https:\/\/knowlitge.de\/"},{"@type":"ListItem","position":2,"name":"Vertragsbedingungen"}]},{"@type":"WebSite","@id":"https:\/\/knowlitge.de\/#website","url":"https:\/\/knowlitge.de\/","name":"knowlITge","description":"IT Dienstleister","potentialAction":[{"@type":"SearchAction","target":{"@type":"EntryPoint","urlTemplate":"https:\/\/knowlitge.de\/?s={search_term_string}"},"query-input":{"@type":"PropertyValueSpecification","valueRequired":true,"valueName":"search_term_string"}}],"inLanguage":"de"}]}},"jetpack_sharing_enabled":false,"jetpack_shortlink":"https:\/\/wp.me\/P6NCzV-3d","jetpack-related-posts":[{"id":169,"url":"https:\/\/knowlitge.de\/de\/","url_meta":{"origin":199,"position":0},"title":"IT-Dienstleister f\u00fcr Unternehmen und \u00f6ffentliche Auftraggeber","author":"dvladmin","date":"7. Oktober 2015","format":false,"excerpt":"Die knowlITge GmbH bietet als langj\u00e4hriger IT-Dienstleister seit 1994 erfolgreich Dienstleistungen in den Bereichen IT-Support, IT-Infrastruktur, IT-Sicherheit, IT-Schulung und Cloud Computing an. Unternehmen, Verb\u00e4nde und \u00f6ffentliche Auftraggeber nutzen das Know-How des IT-System- und Beratungshauses mit Standorten in K\u00f6ln \/ Bonn \/ Sankt Augustin und Berlin. Mehr erfahren... Unsere aktualisierten Datenschutzbestimmungen\u2026","rel":"","context":"\u00c4hnlicher Beitrag","block_context":{"text":"\u00c4hnlicher Beitrag","link":""},"img":{"alt_text":"","src":"","width":0,"height":0},"classes":[]},{"id":442,"url":"https:\/\/knowlitge.de\/de\/update-management\/","url_meta":{"origin":199,"position":1},"title":"Update Management","author":"dvladmin","date":"23. Januar 2018","format":false,"excerpt":"Programme auf dem neuesten Stand St\u00e4ndig erinnern Pop-Ups Sie und Ihre Mitarbeiter daran, dass Sie Ihre Software durch ein Update auf den aktuellen Stand bringen sollten. Im hektischen Arbeitsalltag haben Sie allerdings nicht die Zeit, sich durch die mitgelieferten Argumente zu lesen, die Sie \u00fcberzeugen sollen, die Aktualisierung durchzuf\u00fchren. Die\u2026","rel":"","context":"\u00c4hnlicher Beitrag","block_context":{"text":"\u00c4hnlicher Beitrag","link":""},"img":{"alt_text":"","src":"https:\/\/i0.wp.com\/knowlitge.de\/wp-content\/uploads\/2018\/01\/update2.png?resize=350%2C200&ssl=1","width":350,"height":200},"classes":[]},{"id":495,"url":"https:\/\/knowlitge.de\/de\/server-und-arbeitsplaetze-in-der-cloud\/","url_meta":{"origin":199,"position":2},"title":"Server und Arbeitspl\u00e4tze in der Cloud","author":"dvladmin","date":"24. Januar 2018","format":false,"excerpt":"Cloud Server: Die Alternative zur eigenen Infrastruktur Server erf\u00fcllen f\u00fcr Ihr Unternehmen wichtige Funktionen, keine Frage. Von der zentralen Datenverwaltung bis zur Verf\u00fcgungstellung von Dienstprogrammen und Ressourcen. Aber wissen Sie, ob Ihre Server im Unternehmen stehen m\u00fcssen? Eins ist klar: Ihre Server in die Cloud auszulagern, f\u00fchrt zu maximal flexiblen\u2026","rel":"","context":"\u00c4hnlicher Beitrag","block_context":{"text":"\u00c4hnlicher Beitrag","link":""},"img":{"alt_text":"","src":"https:\/\/i0.wp.com\/knowlitge.de\/wp-content\/uploads\/2018\/02\/server-in-cloud-klein.png?resize=350%2C200&ssl=1","width":350,"height":200},"classes":[]},{"id":497,"url":"https:\/\/knowlitge.de\/de\/firewall-in-der-cloud\/","url_meta":{"origin":199,"position":3},"title":"Firewall in der Cloud","author":"dvladmin","date":"24. Januar 2018","format":false,"excerpt":"Unternehmensnetzwerk umfassend absichern Wenn Sie mehrere Filialen\/Unternehmensstandorte besitzen, ist die Cloud Firewall eine ideale Erg\u00e4nzung. Gleiches gilt, wenn Sie von Ihrem Sitz aus auf Cloud-Dienste zur\u00fcckgreifen. Und das gilt auch, wenn Sie einen Teil Ihrer Infrastruktur in ein Rechenzentrum ausgelagert haben. Mit einer Firewall in der Cloud sch\u00fctzen Sie Ihr\u2026","rel":"","context":"\u00c4hnlicher Beitrag","block_context":{"text":"\u00c4hnlicher Beitrag","link":""},"img":{"alt_text":"","src":"https:\/\/i0.wp.com\/knowlitge.de\/wp-content\/uploads\/2018\/02\/firewall-in-cloud-klein.png?resize=350%2C200&ssl=1","width":350,"height":200},"classes":[]},{"id":436,"url":"https:\/\/knowlitge.de\/de\/anti-virus-management\/","url_meta":{"origin":199,"position":4},"title":"Anti-Virus Management","author":"dvladmin","date":"23. Januar 2018","format":false,"excerpt":"Dauerhafte Sicherheit f\u00fcr Ihre IT Es braucht keine t\u00e4glichen Meldungen \u00fcber die Bedrohungen durch Krypto-Trojaner oder Spyware, um Ihnen die Bedeutung eines professionellen Virenschutzes zu verdeutlichen. Schlie\u00dflich wissen Sie am besten, wie wertvoll der sichere Umgang mit Kundendaten, Lieferantenvertr\u00e4gen & Co. f\u00fcr Ihr Unternehmen ist. Mit dem Anti-Virus Management sorgen\u2026","rel":"","context":"\u00c4hnlicher Beitrag","block_context":{"text":"\u00c4hnlicher Beitrag","link":""},"img":{"alt_text":"","src":"https:\/\/i0.wp.com\/knowlitge.de\/wp-content\/uploads\/2018\/01\/antivirus.png?resize=350%2C200&ssl=1","width":350,"height":200},"classes":[]},{"id":15,"url":"https:\/\/knowlitge.de\/de\/ueber-uns\/","url_meta":{"origin":199,"position":5},"title":"\u00dcber uns","author":"dvladmin","date":"21. September 2015","format":false,"excerpt":"Die knowlITge GmbH bietet seit 1994 erfolgreich Dienstleistungen in den Bereichen IT-Support, IT-Infrastruktur, IT-Sicherheit, IT-Schulung und Cloud Computing an. Unternehmen, Verb\u00e4nde und \u00f6ffentliche Auftraggeber nutzen das Know-How des IT-System- und Beratungshauses mit Standorten in Bonn \/ Sankt Augustin und Berlin. Wir freuen uns \u00fcber Ihr Interesse an unserem Unternehmen. Haben\u2026","rel":"","context":"\u00c4hnlicher Beitrag","block_context":{"text":"\u00c4hnlicher Beitrag","link":""},"img":{"alt_text":"","src":"","width":0,"height":0},"classes":[]}],"_links":{"self":[{"href":"https:\/\/knowlitge.de\/de\/wp-json\/wp\/v2\/pages\/199","targetHints":{"allow":["GET"]}}],"collection":[{"href":"https:\/\/knowlitge.de\/de\/wp-json\/wp\/v2\/pages"}],"about":[{"href":"https:\/\/knowlitge.de\/de\/wp-json\/wp\/v2\/types\/page"}],"author":[{"embeddable":true,"href":"https:\/\/knowlitge.de\/de\/wp-json\/wp\/v2\/users\/1"}],"replies":[{"embeddable":true,"href":"https:\/\/knowlitge.de\/de\/wp-json\/wp\/v2\/comments?post=199"}],"version-history":[{"count":3,"href":"https:\/\/knowlitge.de\/de\/wp-json\/wp\/v2\/pages\/199\/revisions"}],"predecessor-version":[{"id":348,"href":"https:\/\/knowlitge.de\/de\/wp-json\/wp\/v2\/pages\/199\/revisions\/348"}],"wp:attachment":[{"href":"https:\/\/knowlitge.de\/de\/wp-json\/wp\/v2\/media?parent=199"}],"curies":[{"name":"wp","href":"https:\/\/api.w.org\/{rel}","templated":true}]}}