{"id":169,"date":"2015-10-07T14:52:01","date_gmt":"2015-10-07T12:52:01","guid":{"rendered":"http:\/\/knowlitge.de\/?page_id=169"},"modified":"2019-01-14T11:07:26","modified_gmt":"2019-01-14T10:07:26","slug":"it-dienstleister-fuer-unternehmen-und-oeffentliche-auftraggeber","status":"publish","type":"page","link":"https:\/\/knowlitge.de\/de\/","title":{"rendered":"IT-Dienstleister f\u00fcr Unternehmen und \u00f6ffentliche Auftraggeber"},"content":{"rendered":"<p>Die <strong>knowlITge GmbH<\/strong> bietet als langj\u00e4hriger IT-Dienstleister seit 1994 erfolgreich Dienstleistungen in den Bereichen IT-Support, IT-Infrastruktur, IT-Sicherheit, IT-Schulung und Cloud Computing an. Unternehmen, Verb\u00e4nde und \u00f6ffentliche Auftraggeber nutzen das Know-How des IT-System- und Beratungshauses mit Standorten in K\u00f6ln \/ Bonn \/ Sankt Augustin und Berlin. <a href=\"https:\/\/knowlitge.de\/ueber-uns\/\">Mehr erfahren&#8230;<\/a><br \/>\n<div class=\"content_block\" id=\"custom_post_widget-1091\"><div  class=\"lgc-column lgc-grid-parent lgc-grid-20 lgc-tablet-grid-20 lgc-mobile-grid-100 lgc-equal-heights \"><div  class=\"inside-grid-column\">\n\n\n<div class=\"wp-block-image\">\n<figure class=\"aligncenter is-resized\"><a href=\"https:\/\/knowlitge.de\/it-support-fuer-unternehmen\/\"><img data-recalc-dims=\"1\" decoding=\"async\" data-attachment-id=\"714\" data-permalink=\"https:\/\/knowlitge.de\/de\/entwicklung-individueller-software\/laptop-2557586_1920\/\" data-orig-file=\"https:\/\/i0.wp.com\/knowlitge.de\/wp-content\/uploads\/2018\/01\/laptop-2557586_1920.jpg?fit=1920%2C1279&amp;ssl=1\" data-orig-size=\"1920,1279\" data-comments-opened=\"0\" data-image-meta=\"{&quot;aperture&quot;:&quot;0&quot;,&quot;credit&quot;:&quot;&quot;,&quot;camera&quot;:&quot;&quot;,&quot;caption&quot;:&quot;&quot;,&quot;created_timestamp&quot;:&quot;0&quot;,&quot;copyright&quot;:&quot;&quot;,&quot;focal_length&quot;:&quot;0&quot;,&quot;iso&quot;:&quot;0&quot;,&quot;shutter_speed&quot;:&quot;0&quot;,&quot;title&quot;:&quot;&quot;,&quot;orientation&quot;:&quot;0&quot;}\" data-image-title=\"laptop-2557586_1920\" data-image-description=\"\" data-image-caption=\"\" data-large-file=\"https:\/\/i0.wp.com\/knowlitge.de\/wp-content\/uploads\/2018\/01\/laptop-2557586_1920.jpg?fit=700%2C466&amp;ssl=1\" src=\"https:\/\/i0.wp.com\/knowlitge.de\/wp-content\/uploads\/2018\/02\/monitoring1.jpg?w=700&#038;ssl=1\" alt=\"\" class=\"wp-image-714\" style=\"object-fit:cover;width:143px;height:135px\"\/><\/a><figcaption class=\"wp-element-caption\"><a href=\"https:\/\/knowlitge.de\/it-support-fuer-unternehmen\/\">IT-Support<\/a><\/figcaption><\/figure>\n<\/div>\n\n\n<p><\/p><\/div><\/div>\n\n\n<div  class=\"lgc-column lgc-grid-parent lgc-grid-20 lgc-tablet-grid-20 lgc-mobile-grid-100 lgc-equal-heights \"><div  class=\"inside-grid-column\">\n\n\n<div class=\"wp-block-image\">\n<figure class=\"aligncenter is-resized\"><a href=\"https:\/\/knowlitge.de\/IT-Infrastruktur\/\"><img loading=\"lazy\" data-recalc-dims=\"1\" height=\"150\" width=\"700\" decoding=\"async\" data-attachment-id=\"714\" data-permalink=\"https:\/\/knowlitge.de\/de\/entwicklung-individueller-software\/laptop-2557586_1920\/\" data-orig-file=\"https:\/\/i0.wp.com\/knowlitge.de\/wp-content\/uploads\/2018\/01\/laptop-2557586_1920.jpg?fit=1920%2C1279&amp;ssl=1\" data-orig-size=\"1920,1279\" data-comments-opened=\"0\" data-image-meta=\"{&quot;aperture&quot;:&quot;0&quot;,&quot;credit&quot;:&quot;&quot;,&quot;camera&quot;:&quot;&quot;,&quot;caption&quot;:&quot;&quot;,&quot;created_timestamp&quot;:&quot;0&quot;,&quot;copyright&quot;:&quot;&quot;,&quot;focal_length&quot;:&quot;0&quot;,&quot;iso&quot;:&quot;0&quot;,&quot;shutter_speed&quot;:&quot;0&quot;,&quot;title&quot;:&quot;&quot;,&quot;orientation&quot;:&quot;0&quot;}\" data-image-title=\"laptop-2557586_1920\" data-image-description=\"\" data-image-caption=\"\" data-large-file=\"https:\/\/i0.wp.com\/knowlitge.de\/wp-content\/uploads\/2018\/01\/laptop-2557586_1920.jpg?fit=700%2C466&amp;ssl=1\" src=\"https:\/\/i0.wp.com\/knowlitge.de\/wp-content\/uploads\/2015\/10\/Zahnr%C3%A4der-1400x300.png?resize=700%2C150&#038;ssl=1\" alt=\"\" class=\"wp-image-714\" style=\"object-fit:cover;width:143px;height:135px\"\/><\/a><figcaption class=\"wp-element-caption\"><a href=\"https:\/\/knowlitge.de\/IT-Infrastruktur\/\">IT-Infrastruktur<\/a><\/figcaption><\/figure>\n<\/div>\n\n\n<p><\/p><\/div><\/div>\n\n\n<div  class=\"lgc-column lgc-grid-parent lgc-grid-20 lgc-tablet-grid-20 lgc-mobile-grid-100 lgc-equal-heights \"><div  class=\"inside-grid-column\">\n\n\n<div class=\"wp-block-image\">\n<figure class=\"aligncenter is-resized\"><a href=\"https:\/\/knowlitge.de\/IT-Sicherheit\/\"><img loading=\"lazy\" data-recalc-dims=\"1\" height=\"150\" width=\"700\" decoding=\"async\" data-attachment-id=\"714\" data-permalink=\"https:\/\/knowlitge.de\/de\/entwicklung-individueller-software\/laptop-2557586_1920\/\" data-orig-file=\"https:\/\/i0.wp.com\/knowlitge.de\/wp-content\/uploads\/2018\/01\/laptop-2557586_1920.jpg?fit=1920%2C1279&amp;ssl=1\" data-orig-size=\"1920,1279\" data-comments-opened=\"0\" data-image-meta=\"{&quot;aperture&quot;:&quot;0&quot;,&quot;credit&quot;:&quot;&quot;,&quot;camera&quot;:&quot;&quot;,&quot;caption&quot;:&quot;&quot;,&quot;created_timestamp&quot;:&quot;0&quot;,&quot;copyright&quot;:&quot;&quot;,&quot;focal_length&quot;:&quot;0&quot;,&quot;iso&quot;:&quot;0&quot;,&quot;shutter_speed&quot;:&quot;0&quot;,&quot;title&quot;:&quot;&quot;,&quot;orientation&quot;:&quot;0&quot;}\" data-image-title=\"laptop-2557586_1920\" data-image-description=\"\" data-image-caption=\"\" data-large-file=\"https:\/\/i0.wp.com\/knowlitge.de\/wp-content\/uploads\/2018\/01\/laptop-2557586_1920.jpg?fit=700%2C466&amp;ssl=1\" src=\"https:\/\/i0.wp.com\/knowlitge.de\/wp-content\/uploads\/2015\/10\/kette-1400x300.png?resize=700%2C150&#038;ssl=1\" alt=\"\" class=\"wp-image-714\" style=\"object-fit:cover;width:143px;height:135px\"\/><\/a><figcaption class=\"wp-element-caption\"><a href=\"https:\/\/knowlitge.de\/IT-Sicherheit\/\">IT-Sicherheit<\/a><\/figcaption><\/figure>\n<\/div>\n\n\n<p><\/p><\/div><\/div>\n\n\n<div  class=\"lgc-column lgc-grid-parent lgc-grid-20 lgc-tablet-grid-20 lgc-mobile-grid-100 lgc-equal-heights \"><div  class=\"inside-grid-column\">\n\n\n<div class=\"wp-block-image\">\n<figure class=\"aligncenter is-resized\"><a href=\"https:\/\/knowlitge.de\/IT-Schulung\/\"><img loading=\"lazy\" data-recalc-dims=\"1\" height=\"150\" width=\"700\" decoding=\"async\" data-attachment-id=\"714\" data-permalink=\"https:\/\/knowlitge.de\/de\/entwicklung-individueller-software\/laptop-2557586_1920\/\" data-orig-file=\"https:\/\/i0.wp.com\/knowlitge.de\/wp-content\/uploads\/2018\/01\/laptop-2557586_1920.jpg?fit=1920%2C1279&amp;ssl=1\" data-orig-size=\"1920,1279\" data-comments-opened=\"0\" data-image-meta=\"{&quot;aperture&quot;:&quot;0&quot;,&quot;credit&quot;:&quot;&quot;,&quot;camera&quot;:&quot;&quot;,&quot;caption&quot;:&quot;&quot;,&quot;created_timestamp&quot;:&quot;0&quot;,&quot;copyright&quot;:&quot;&quot;,&quot;focal_length&quot;:&quot;0&quot;,&quot;iso&quot;:&quot;0&quot;,&quot;shutter_speed&quot;:&quot;0&quot;,&quot;title&quot;:&quot;&quot;,&quot;orientation&quot;:&quot;0&quot;}\" data-image-title=\"laptop-2557586_1920\" data-image-description=\"\" data-image-caption=\"\" data-large-file=\"https:\/\/i0.wp.com\/knowlitge.de\/wp-content\/uploads\/2018\/01\/laptop-2557586_1920.jpg?fit=700%2C466&amp;ssl=1\" src=\"https:\/\/i0.wp.com\/knowlitge.de\/wp-content\/uploads\/2015\/10\/tastatur-dunkel-1400x300.jpg?resize=700%2C150&#038;ssl=1\" alt=\"\" class=\"wp-image-714\" style=\"object-fit:cover;width:143px;height:135px\"\/><\/a><figcaption class=\"wp-element-caption\"><a href=\"https:\/\/knowlitge.de\/IT-Schulung\/\">IT-Schulung<\/a><\/figcaption><\/figure>\n<\/div>\n\n\n<p><\/p><\/div><\/div>\n\n\n<div  class=\"lgc-column lgc-grid-parent lgc-grid-20 lgc-tablet-grid-20 lgc-mobile-grid-100 lgc-equal-heights \"><div  class=\"inside-grid-column\">\n\n\n<div class=\"wp-block-image\">\n<figure class=\"aligncenter is-resized\"><a href=\"https:\/\/knowlitge.de\/Cloud-Computing\/\"><img data-recalc-dims=\"1\" decoding=\"async\" data-attachment-id=\"714\" data-permalink=\"https:\/\/knowlitge.de\/de\/entwicklung-individueller-software\/laptop-2557586_1920\/\" data-orig-file=\"https:\/\/i0.wp.com\/knowlitge.de\/wp-content\/uploads\/2018\/01\/laptop-2557586_1920.jpg?fit=1920%2C1279&amp;ssl=1\" data-orig-size=\"1920,1279\" data-comments-opened=\"0\" data-image-meta=\"{&quot;aperture&quot;:&quot;0&quot;,&quot;credit&quot;:&quot;&quot;,&quot;camera&quot;:&quot;&quot;,&quot;caption&quot;:&quot;&quot;,&quot;created_timestamp&quot;:&quot;0&quot;,&quot;copyright&quot;:&quot;&quot;,&quot;focal_length&quot;:&quot;0&quot;,&quot;iso&quot;:&quot;0&quot;,&quot;shutter_speed&quot;:&quot;0&quot;,&quot;title&quot;:&quot;&quot;,&quot;orientation&quot;:&quot;0&quot;}\" data-image-title=\"laptop-2557586_1920\" data-image-description=\"\" data-image-caption=\"\" data-large-file=\"https:\/\/i0.wp.com\/knowlitge.de\/wp-content\/uploads\/2018\/01\/laptop-2557586_1920.jpg?fit=700%2C466&amp;ssl=1\" src=\"https:\/\/i0.wp.com\/knowlitge.de\/wp-content\/uploads\/2018\/01\/Cloud-2-1400-x-300-1.png?w=700&#038;ssl=1\" alt=\"\" class=\"wp-image-714\" style=\"object-fit:cover;width:143px;height:135px\"\/><\/a><figcaption class=\"wp-element-caption\"><a href=\"https:\/\/knowlitge.de\/Cloud-Computing\/\">Cloud Computing<\/a><\/figcaption><\/figure>\n<\/div>\n\n\n<p><\/p><\/div><\/div>\n<\/div><\/p>\n<p style=\"text-align: center;\">Unsere aktualisierten Datenschutzbestimmungen finden Sie <a href=\"https:\/\/knowlitge.de\/datenschutzerklaerung\/\">hier<\/a>.<\/p>\n<p>&nbsp;<\/p>\n","protected":false},"excerpt":{"rendered":"<p>Die knowlITge GmbH bietet als langj\u00e4hriger IT-Dienstleister seit 1994 erfolgreich Dienstleistungen in den Bereichen IT-Support, IT-Infrastruktur, IT-Sicherheit, IT-Schulung und Cloud Computing an. Unternehmen, Verb\u00e4nde und \u00f6ffentliche Auftraggeber nutzen das Know-How des IT-System- und Beratungshauses mit Standorten in K\u00f6ln \/ Bonn<\/p>\n","protected":false},"author":1,"featured_media":0,"parent":0,"menu_order":0,"comment_status":"closed","ping_status":"closed","template":"","meta":{"jetpack_post_was_ever_published":false,"footnotes":""},"class_list":["post-169","page","type-page","status-publish","hentry"],"translation":{"provider":"WPGlobus","version":"3.0.2","language":"de","enabled_languages":["en","de"],"languages":{"en":{"title":true,"content":true,"excerpt":false},"de":{"title":false,"content":false,"excerpt":false}}},"yoast_head":"<!-- This site is optimized with the Yoast SEO plugin v27.5 - https:\/\/yoast.com\/product\/yoast-seo-wordpress\/ -->\n<title>IT-Dienstleister f\u00fcr Unternehmen und \u00f6ffentliche Auftraggeber - knowlITge<\/title>\n<meta name=\"robots\" content=\"index, follow, max-snippet:-1, max-image-preview:large, max-video-preview:-1\" \/>\n<link rel=\"canonical\" href=\"https:\/\/knowlitge.de\/\" \/>\n<meta property=\"og:locale\" content=\"de_DE\" \/>\n<meta property=\"og:type\" content=\"article\" \/>\n<meta property=\"og:title\" content=\"IT-Dienstleister f\u00fcr Unternehmen und \u00f6ffentliche Auftraggeber - knowlITge\" \/>\n<meta property=\"og:url\" content=\"https:\/\/knowlitge.de\/\" \/>\n<meta property=\"og:site_name\" content=\"knowlITge\" \/>\n<meta property=\"article:modified_time\" content=\"2019-01-14T10:07:26+00:00\" \/>\n<meta name=\"twitter:card\" content=\"summary_large_image\" \/>\n<script type=\"application\/ld+json\" class=\"yoast-schema-graph\">{\"@context\":\"https:\\\/\\\/schema.org\",\"@graph\":[{\"@type\":\"WebPage\",\"@id\":\"https:\\\/\\\/knowlitge.de\\\/\",\"url\":\"https:\\\/\\\/knowlitge.de\\\/\",\"name\":\"IT-Dienstleister f\u00fcr Unternehmen und \u00f6ffentliche Auftraggeber - knowlITge\",\"isPartOf\":{\"@id\":\"https:\\\/\\\/knowlitge.de\\\/#website\"},\"datePublished\":\"2015-10-07T12:52:01+00:00\",\"dateModified\":\"2019-01-14T10:07:26+00:00\",\"description\":\"knowlITge GmbH, K\u00f6ln \\\/ Bonn \\\/ Sankt Augustin - IT-Dienstleister seid \u00fcber 20 Jahren ! Docusnap, F-Secure, Gateprotect, Zabbix Softwarerentwicklung - VB.Net, Access Support - Windows, Linux, Drucker, Telefon, Cloud - Schulung, Workshop, Seminare, Beratung, Consulting\",\"breadcrumb\":{\"@id\":\"https:\\\/\\\/knowlitge.de\\\/#breadcrumb\"},\"inLanguage\":\"de\",\"potentialAction\":[{\"@type\":\"ReadAction\",\"target\":[\"https:\\\/\\\/knowlitge.de\\\/\"]}]},{\"@type\":\"BreadcrumbList\",\"@id\":\"https:\\\/\\\/knowlitge.de\\\/#breadcrumb\",\"itemListElement\":[{\"@type\":\"ListItem\",\"position\":1,\"name\":\"Home\",\"item\":\"https:\\\/\\\/knowlitge.de\\\/\"},{\"@type\":\"ListItem\",\"position\":2,\"name\":\"IT-Dienstleister f\u00fcr Unternehmen und \u00f6ffentliche Auftraggeber\"}]},{\"@type\":\"WebSite\",\"@id\":\"https:\\\/\\\/knowlitge.de\\\/#website\",\"url\":\"https:\\\/\\\/knowlitge.de\\\/\",\"name\":\"knowlITge\",\"description\":\"IT Dienstleister\",\"potentialAction\":[{\"@type\":\"SearchAction\",\"target\":{\"@type\":\"EntryPoint\",\"urlTemplate\":\"https:\\\/\\\/knowlitge.de\\\/?s={search_term_string}\"},\"query-input\":{\"@type\":\"PropertyValueSpecification\",\"valueRequired\":true,\"valueName\":\"search_term_string\"}}],\"inLanguage\":\"de\"}]}<\/script>\n<!-- \/ Yoast SEO plugin. -->","yoast_head_json":{"title":"IT-Dienstleister f\u00fcr Unternehmen und \u00f6ffentliche Auftraggeber - knowlITge","robots":{"index":"index","follow":"follow","max-snippet":"max-snippet:-1","max-image-preview":"max-image-preview:large","max-video-preview":"max-video-preview:-1"},"canonical":"https:\/\/knowlitge.de\/","og_locale":"de_DE","og_type":"article","og_title":"IT-Dienstleister f\u00fcr Unternehmen und \u00f6ffentliche Auftraggeber - knowlITge","og_url":"https:\/\/knowlitge.de\/","og_site_name":"knowlITge","article_modified_time":"2019-01-14T10:07:26+00:00","twitter_card":"summary_large_image","schema":{"@context":"https:\/\/schema.org","@graph":[{"@type":"WebPage","@id":"https:\/\/knowlitge.de\/","url":"https:\/\/knowlitge.de\/","name":"IT-Dienstleister f\u00fcr Unternehmen und \u00f6ffentliche Auftraggeber - knowlITge","isPartOf":{"@id":"https:\/\/knowlitge.de\/#website"},"datePublished":"2015-10-07T12:52:01+00:00","dateModified":"2019-01-14T10:07:26+00:00","description":"knowlITge GmbH, K\u00f6ln \/ Bonn \/ Sankt Augustin - IT-Dienstleister seid \u00fcber 20 Jahren ! Docusnap, F-Secure, Gateprotect, Zabbix Softwarerentwicklung - VB.Net, Access Support - Windows, Linux, Drucker, Telefon, Cloud - Schulung, Workshop, Seminare, Beratung, Consulting","breadcrumb":{"@id":"https:\/\/knowlitge.de\/#breadcrumb"},"inLanguage":"de","potentialAction":[{"@type":"ReadAction","target":["https:\/\/knowlitge.de\/"]}]},{"@type":"BreadcrumbList","@id":"https:\/\/knowlitge.de\/#breadcrumb","itemListElement":[{"@type":"ListItem","position":1,"name":"Home","item":"https:\/\/knowlitge.de\/"},{"@type":"ListItem","position":2,"name":"IT-Dienstleister f\u00fcr Unternehmen und \u00f6ffentliche Auftraggeber"}]},{"@type":"WebSite","@id":"https:\/\/knowlitge.de\/#website","url":"https:\/\/knowlitge.de\/","name":"knowlITge","description":"IT Dienstleister","potentialAction":[{"@type":"SearchAction","target":{"@type":"EntryPoint","urlTemplate":"https:\/\/knowlitge.de\/?s={search_term_string}"},"query-input":{"@type":"PropertyValueSpecification","valueRequired":true,"valueName":"search_term_string"}}],"inLanguage":"de"}]}},"jetpack_sharing_enabled":true,"jetpack_shortlink":"https:\/\/wp.me\/P6NCzV-2J","jetpack-related-posts":[{"id":15,"url":"https:\/\/knowlitge.de\/de\/ueber-uns\/","url_meta":{"origin":169,"position":0},"title":"\u00dcber uns","author":"dvladmin","date":"21. September 2015","format":false,"excerpt":"Die knowlITge GmbH bietet seit 1994 erfolgreich Dienstleistungen in den Bereichen IT-Support, IT-Infrastruktur, IT-Sicherheit, IT-Schulung und Cloud Computing an. Unternehmen, Verb\u00e4nde und \u00f6ffentliche Auftraggeber nutzen das Know-How des IT-System- und Beratungshauses mit Standorten in Bonn \/ Sankt Augustin und Berlin. Wir freuen uns \u00fcber Ihr Interesse an unserem Unternehmen. Haben\u2026","rel":"","context":"\u00c4hnlicher Beitrag","block_context":{"text":"\u00c4hnlicher Beitrag","link":""},"img":{"alt_text":"","src":"","width":0,"height":0},"classes":[]},{"id":431,"url":"https:\/\/knowlitge.de\/de\/it-sicherheit\/","url_meta":{"origin":169,"position":1},"title":"IT-Sicherheit","author":"dvladmin","date":"23. Januar 2018","format":false,"excerpt":"Sicherheit umfassend und mit System Passgenaues IT-Sicherheitskonzept f\u00fcr Ihr Unternehmen Optimaler Schutz vor Viren, Trojanern und Hackern F\u00fcr eine rundum sichere Unternehmens-IT IT-Security: So sch\u00fctzen Sie sich vor Cyberkriminellen IT-Sicherheit wird f\u00fcr kleinere und mittelgro\u00dfe Unternehmen ein immer wichtigeres Thema. Das von Cyberangriffen ausgehende Risiko steigt kontinuierlich an, w\u00e4hrend die\u2026","rel":"","context":"\u00c4hnlicher Beitrag","block_context":{"text":"\u00c4hnlicher Beitrag","link":""},"img":{"alt_text":"","src":"","width":0,"height":0},"classes":[]},{"id":489,"url":"https:\/\/knowlitge.de\/de\/cloud-computing\/","url_meta":{"origin":169,"position":2},"title":"Cloud Computing","author":"dvladmin","date":"24. Januar 2018","format":false,"excerpt":"Die sichere Komplett-L\u00f6sung f\u00fcr Ihr Unternehmen Je nach Bedarf frei skalierbare L\u00f6sungen Erh\u00f6hte Datensicherheit durch Cloud-Backups Flexible Zug\u00e4nglichkeit Ihrer Daten Ortsunabh\u00e4ngig in sicheren Rechenzentrum Cloud: Sicher, unkompliziert, zukunftssicher Ortsunabh\u00e4ngig arbeiten und trotzdem schnellen Zugang zu allen wichtigen Daten haben, die Kooperation innerhalb Ihres Unternehmens erleichtern, Dokumente sicher und rechtskonform archivieren\u2026","rel":"","context":"\u00c4hnlicher Beitrag","block_context":{"text":"\u00c4hnlicher Beitrag","link":""},"img":{"alt_text":"","src":"","width":0,"height":0},"classes":[]},{"id":362,"url":"https:\/\/knowlitge.de\/de\/it-support-fuer-unternehmen\/","url_meta":{"origin":169,"position":3},"title":"IT-Support","author":"dvladmin","date":"19. Januar 2018","format":false,"excerpt":"IT-Komplettpaket f\u00fcr Unternehmen Mit uns als Ihrem professionellen Partner f\u00fcr IT-Outsourcing erhalten Sie eine konstant funktionsf\u00e4hige, zuverl\u00e4ssig laufende IT-Umgebung, egal ob auf Arbeitsplatz- oder Server-Ebene. Mit Services zu den Themen Desktop Management und Server Management bieten wir Ihnen genau die Leistungsbausteine, die Ihre IT ben\u00f6tigt, um Ihr Gesch\u00e4ft im Alltag\u2026","rel":"","context":"\u00c4hnlicher Beitrag","block_context":{"text":"\u00c4hnlicher Beitrag","link":""},"img":{"alt_text":"","src":"https:\/\/i0.wp.com\/knowlitge.de\/wp-content\/uploads\/2015\/10\/Zahnr%C3%A4der-1400x300.png?fit=1200%2C257&ssl=1&resize=350%2C200","width":350,"height":200,"srcset":"https:\/\/i0.wp.com\/knowlitge.de\/wp-content\/uploads\/2015\/10\/Zahnr%C3%A4der-1400x300.png?fit=1200%2C257&ssl=1&resize=350%2C200 1x, https:\/\/i0.wp.com\/knowlitge.de\/wp-content\/uploads\/2015\/10\/Zahnr%C3%A4der-1400x300.png?fit=1200%2C257&ssl=1&resize=525%2C300 1.5x, https:\/\/i0.wp.com\/knowlitge.de\/wp-content\/uploads\/2015\/10\/Zahnr%C3%A4der-1400x300.png?fit=1200%2C257&ssl=1&resize=700%2C400 2x, https:\/\/i0.wp.com\/knowlitge.de\/wp-content\/uploads\/2015\/10\/Zahnr%C3%A4der-1400x300.png?fit=1200%2C257&ssl=1&resize=1050%2C600 3x"},"classes":[]},{"id":464,"url":"https:\/\/knowlitge.de\/de\/it-infrastruktur\/","url_meta":{"origin":169,"position":4},"title":"IT-Infrastruktur","author":"dvladmin","date":"24. Januar 2018","format":false,"excerpt":"Das Fundament f\u00fcr Ihr Unternehmen Genaue Analysen f\u00fcr eine optimierte IT-Umgebung Einfache Beschaffung leistungsf\u00e4higer Hard- und Software Kostenschonende Miete von IT-Systemen IT-Strategie - Grundlage f\u00fcr Aufbau und Optimierung Alle Weiterentwicklungen, Leistungssteigerungen und die Selbstverst\u00e4ndlichkeit, mit der heute IT-Systeme genutzt werden, k\u00f6nnen \u00fcber eines nicht hinwegt\u00e4uschen: IT ist und bleibt \u00e4u\u00dferst\u2026","rel":"","context":"\u00c4hnlicher Beitrag","block_context":{"text":"\u00c4hnlicher Beitrag","link":""},"img":{"alt_text":"","src":"","width":0,"height":0},"classes":[]},{"id":475,"url":"https:\/\/knowlitge.de\/de\/it-schulung\/","url_meta":{"origin":169,"position":5},"title":"IT-Schulung","author":"dvladmin","date":"24. Januar 2018","format":false,"excerpt":"Individuelle Schulungen f\u00fcr Ihr Unternehmen Wir bieten Ihnen umfassende IT-Schulungen f\u00fcr Anf\u00e4nger und Profis aus den Bereichen Dokusnap, F-Secure, Team-Work und Microsoft an. Profitieren Sie vom Know-How langj\u00e4hriger Erfahrung unseres Teams. Wir freuen uns darauf, Ihnen in einem unserer IT-Trainings, Workshops oder Coachings unser Wissen zu vermitteln. Melden Sie sich\u2026","rel":"","context":"\u00c4hnlicher Beitrag","block_context":{"text":"\u00c4hnlicher Beitrag","link":""},"img":{"alt_text":"","src":"https:\/\/i0.wp.com\/knowlitge.de\/wp-content\/uploads\/2015\/10\/coaching-1400x300.png?resize=350%2C200&ssl=1","width":350,"height":200,"srcset":"https:\/\/i0.wp.com\/knowlitge.de\/wp-content\/uploads\/2015\/10\/coaching-1400x300.png?resize=350%2C200&ssl=1 1x, https:\/\/i0.wp.com\/knowlitge.de\/wp-content\/uploads\/2015\/10\/coaching-1400x300.png?resize=525%2C300&ssl=1 1.5x, https:\/\/i0.wp.com\/knowlitge.de\/wp-content\/uploads\/2015\/10\/coaching-1400x300.png?resize=700%2C400&ssl=1 2x, https:\/\/i0.wp.com\/knowlitge.de\/wp-content\/uploads\/2015\/10\/coaching-1400x300.png?resize=1050%2C600&ssl=1 3x, https:\/\/i0.wp.com\/knowlitge.de\/wp-content\/uploads\/2015\/10\/coaching-1400x300.png?resize=1400%2C800&ssl=1 4x"},"classes":[]}],"_links":{"self":[{"href":"https:\/\/knowlitge.de\/de\/wp-json\/wp\/v2\/pages\/169","targetHints":{"allow":["GET"]}}],"collection":[{"href":"https:\/\/knowlitge.de\/de\/wp-json\/wp\/v2\/pages"}],"about":[{"href":"https:\/\/knowlitge.de\/de\/wp-json\/wp\/v2\/types\/page"}],"author":[{"embeddable":true,"href":"https:\/\/knowlitge.de\/de\/wp-json\/wp\/v2\/users\/1"}],"replies":[{"embeddable":true,"href":"https:\/\/knowlitge.de\/de\/wp-json\/wp\/v2\/comments?post=169"}],"version-history":[{"count":61,"href":"https:\/\/knowlitge.de\/de\/wp-json\/wp\/v2\/pages\/169\/revisions"}],"predecessor-version":[{"id":1448,"href":"https:\/\/knowlitge.de\/de\/wp-json\/wp\/v2\/pages\/169\/revisions\/1448"}],"wp:attachment":[{"href":"https:\/\/knowlitge.de\/de\/wp-json\/wp\/v2\/media?parent=169"}],"curies":[{"name":"wp","href":"https:\/\/api.w.org\/{rel}","templated":true}]}}