{"id":15,"date":"2015-09-21T14:58:01","date_gmt":"2015-09-21T12:58:01","guid":{"rendered":"http:\/\/144.76.215.140\/?page_id=15"},"modified":"2018-02-23T20:05:51","modified_gmt":"2018-02-23T19:05:51","slug":"ueber-uns","status":"publish","type":"page","link":"https:\/\/knowlitge.de\/de\/ueber-uns\/","title":{"rendered":"\u00dcber uns"},"content":{"rendered":"<p>Die <strong>knowlITge GmbH<\/strong> bietet seit 1994 erfolgreich Dienstleistungen in den Bereichen IT-Support, IT-Infrastruktur, IT-Sicherheit, IT-Schulung und Cloud Computing an.<br \/>\nUnternehmen, Verb\u00e4nde und \u00f6ffentliche Auftraggeber nutzen das Know-How des IT-System- und Beratungshauses mit Standorten in Bonn \/ Sankt Augustin und Berlin.<\/p>\n<p>Wir freuen uns \u00fcber Ihr Interesse an unserem Unternehmen.<br \/>\nHaben Sie uns zuf\u00e4llig bei der Suche nach einem IT-Systemhaus gefunden oder wurden wir Ihnen von zufriedenen Kunden empfohlen?<br \/>\nEin Gro\u00dfteil unserer Beratungs- und Support-Mandate im gesamten deutschsprachigen Raum beruht auf solchen Empfehlungen.<\/p>\n<p>Auch Ihnen stehen wir mit unserer langj\u00e4hrigen Erfahrung, unserer fachlichen Kompetenz und Kreativit\u00e4t und unserem pers\u00f6nlichen Engagement gerne zur Verf\u00fcgung.<br \/>\nVereinbaren Sie einfach einen ersten und unverbindlichen Gespr\u00e4chstermin.<br \/>\nSie erreichen uns meist auch noch au\u00dferhalb der \u00fcblichen B\u00fcrozeiten.<\/p>\n<h6><span style=\"color: #808080;\">Ihr Partner<\/span><\/h6>\n<p><strong>Unabh\u00e4ngig, kompetent, verl\u00e4sslich<\/strong><\/p>\n<p>Wir verstehen uns als verl\u00e4sslicher Partner unserer Kunden und Auftraggeber.<br \/>\nPers\u00f6nliche Ansprechpartner f\u00fcr unsere Kunden und langj\u00e4hrige vertrauensvolle Kundenbeziehungen sind unser Anspruch.<br \/>\nWir konzentrieren uns auf unsere Kernkompetenzen:<br \/>\nWir entwerfen, implementieren und unterst\u00fctzen sichere und verl\u00e4ssliche L\u00f6sungen, die den aktuellen und zuk\u00fcnftigen Anforderungen im Unternehmensumfeld entsprechen.<\/p>\n<p>Mit unseren Kunden l\u00f6sen wir strategische und konzeptionelle Herausforderungen und begleiten sie aktiv bei der Umsetzung.<br \/>\nIn unseren Projekten \u00fcbernehmen wir Verantwortung und streben konsequent und kompetent nach Qualit\u00e4t und Zufriedenheit.<br \/>\nDas garantieren wir gerne. Auf uns k\u00f6nnen Sie z\u00e4hlen &#8211; wenn es Ihre Anforderungen erfordern 24 Stunden am Tag und 365 Tage im Jahr.<\/p>\n<h6><span style=\"color: #808080;\">Mehr als ein Arbeitsplatz<\/span><\/h6>\n<p><strong>Respektvolle Kollegialit\u00e4t<\/strong><\/p>\n<p>Unsere Unternehmenskultur ist gepr\u00e4gt durch Kollegialit\u00e4t, Respekt und Innovation.<br \/>\nEin regelm\u00e4\u00dfiger Austausch an Ideen und das Respektieren anderer Meinungen sind die Basis unseres t\u00e4glichen Miteinanders. Hierarchien spielen dabei keine Rolle.<\/p>\n<p>Respekt gegen\u00fcber Kollegen, Kunden und Dienstleistern ist Fundament unserer Unternehmenskultur.<br \/>\nEr schafft die Basis f\u00fcr eine vertrauensvolles Zusammenarbeit und eine partnerschaftliche Beziehung zu unseren Kunden.<br \/>\nWir betreiben nicht Innovation um der Innovation willen, vielmehr steht das Erschlie\u00dfen neuer L\u00f6sungen zur Optimierung des ITK-Betriebs unserer Kunden im Vordergrund.<\/p>\n","protected":false},"excerpt":{"rendered":"<p>Die knowlITge GmbH bietet seit 1994 erfolgreich Dienstleistungen in den Bereichen IT-Support, IT-Infrastruktur, IT-Sicherheit, IT-Schulung und Cloud Computing an. Unternehmen, Verb\u00e4nde und \u00f6ffentliche Auftraggeber nutzen das Know-How des IT-System- und Beratungshauses mit Standorten in Bonn \/ Sankt Augustin und Berlin.<\/p>\n","protected":false},"author":1,"featured_media":0,"parent":0,"menu_order":0,"comment_status":"closed","ping_status":"closed","template":"","meta":{"jetpack_post_was_ever_published":false,"footnotes":""},"class_list":["post-15","page","type-page","status-publish","hentry"],"translation":{"provider":"WPGlobus","version":"3.0.2","language":"de","enabled_languages":["en","de"],"languages":{"en":{"title":true,"content":true,"excerpt":false},"de":{"title":false,"content":false,"excerpt":false}}},"yoast_head":"<!-- This site is optimized with the Yoast SEO plugin v27.5 - https:\/\/yoast.com\/product\/yoast-seo-wordpress\/ -->\n<title>knowlITge GmbH - IT-Dienstleistungen aus einer Hand !<\/title>\n<meta name=\"robots\" content=\"index, follow, max-snippet:-1, max-image-preview:large, max-video-preview:-1\" \/>\n<link rel=\"canonical\" href=\"https:\/\/knowlitge.de\/ueber-uns\/\" \/>\n<meta property=\"og:locale\" content=\"de_DE\" \/>\n<meta property=\"og:type\" content=\"article\" \/>\n<meta property=\"og:title\" content=\"\u00dcber uns - knowlITge\" \/>\n<meta property=\"og:url\" content=\"https:\/\/knowlitge.de\/ueber-uns\/\" \/>\n<meta property=\"og:site_name\" content=\"knowlITge\" \/>\n<meta property=\"article:modified_time\" content=\"2018-02-23T19:05:51+00:00\" \/>\n<meta name=\"twitter:card\" content=\"summary_large_image\" \/>\n<meta name=\"twitter:label1\" content=\"Gesch\u00e4tzte Lesezeit\" \/>\n\t<meta name=\"twitter:data1\" content=\"2\u00a0Minuten\" \/>\n<script type=\"application\/ld+json\" class=\"yoast-schema-graph\">{\"@context\":\"https:\\\/\\\/schema.org\",\"@graph\":[{\"@type\":\"WebPage\",\"@id\":\"https:\\\/\\\/knowlitge.de\\\/ueber-uns\\\/\",\"url\":\"https:\\\/\\\/knowlitge.de\\\/ueber-uns\\\/\",\"name\":\"knowlITge GmbH - IT-Dienstleistungen aus einer Hand !\",\"isPartOf\":{\"@id\":\"https:\\\/\\\/knowlitge.de\\\/#website\"},\"datePublished\":\"2015-09-21T12:58:01+00:00\",\"dateModified\":\"2018-02-23T19:05:51+00:00\",\"description\":\"knowlITge GmbH, K\u00f6ln \\\/ Bonn \\\/ Sankt Augustin - IT-Dienstleister seid \u00fcber 20 Jahren ! Docusnap, F-Secure, Gateprotect, Zabbix Softwarerentwicklung - VB.Net, Access Support - Windows, Linux, Drucker, Telefon, Cloud - Schulung, Workshop, Seminare, Beratung, Consulting\",\"breadcrumb\":{\"@id\":\"https:\\\/\\\/knowlitge.de\\\/ueber-uns\\\/#breadcrumb\"},\"inLanguage\":\"de\",\"potentialAction\":[{\"@type\":\"ReadAction\",\"target\":[\"https:\\\/\\\/knowlitge.de\\\/ueber-uns\\\/\"]}]},{\"@type\":\"BreadcrumbList\",\"@id\":\"https:\\\/\\\/knowlitge.de\\\/ueber-uns\\\/#breadcrumb\",\"itemListElement\":[{\"@type\":\"ListItem\",\"position\":1,\"name\":\"Home\",\"item\":\"https:\\\/\\\/knowlitge.de\\\/\"},{\"@type\":\"ListItem\",\"position\":2,\"name\":\"\u00dcber uns\"}]},{\"@type\":\"WebSite\",\"@id\":\"https:\\\/\\\/knowlitge.de\\\/#website\",\"url\":\"https:\\\/\\\/knowlitge.de\\\/\",\"name\":\"knowlITge\",\"description\":\"IT Dienstleister\",\"potentialAction\":[{\"@type\":\"SearchAction\",\"target\":{\"@type\":\"EntryPoint\",\"urlTemplate\":\"https:\\\/\\\/knowlitge.de\\\/?s={search_term_string}\"},\"query-input\":{\"@type\":\"PropertyValueSpecification\",\"valueRequired\":true,\"valueName\":\"search_term_string\"}}],\"inLanguage\":\"de\"}]}<\/script>\n<!-- \/ Yoast SEO plugin. -->","yoast_head_json":{"title":"knowlITge GmbH - IT-Dienstleistungen aus einer Hand !","robots":{"index":"index","follow":"follow","max-snippet":"max-snippet:-1","max-image-preview":"max-image-preview:large","max-video-preview":"max-video-preview:-1"},"canonical":"https:\/\/knowlitge.de\/ueber-uns\/","og_locale":"de_DE","og_type":"article","og_title":"\u00dcber uns - knowlITge","og_url":"https:\/\/knowlitge.de\/ueber-uns\/","og_site_name":"knowlITge","article_modified_time":"2018-02-23T19:05:51+00:00","twitter_card":"summary_large_image","twitter_misc":{"Gesch\u00e4tzte Lesezeit":"2\u00a0Minuten"},"schema":{"@context":"https:\/\/schema.org","@graph":[{"@type":"WebPage","@id":"https:\/\/knowlitge.de\/ueber-uns\/","url":"https:\/\/knowlitge.de\/ueber-uns\/","name":"knowlITge GmbH - IT-Dienstleistungen aus einer Hand !","isPartOf":{"@id":"https:\/\/knowlitge.de\/#website"},"datePublished":"2015-09-21T12:58:01+00:00","dateModified":"2018-02-23T19:05:51+00:00","description":"knowlITge GmbH, K\u00f6ln \/ Bonn \/ Sankt Augustin - IT-Dienstleister seid \u00fcber 20 Jahren ! Docusnap, F-Secure, Gateprotect, Zabbix Softwarerentwicklung - VB.Net, Access Support - Windows, Linux, Drucker, Telefon, Cloud - Schulung, Workshop, Seminare, Beratung, Consulting","breadcrumb":{"@id":"https:\/\/knowlitge.de\/ueber-uns\/#breadcrumb"},"inLanguage":"de","potentialAction":[{"@type":"ReadAction","target":["https:\/\/knowlitge.de\/ueber-uns\/"]}]},{"@type":"BreadcrumbList","@id":"https:\/\/knowlitge.de\/ueber-uns\/#breadcrumb","itemListElement":[{"@type":"ListItem","position":1,"name":"Home","item":"https:\/\/knowlitge.de\/"},{"@type":"ListItem","position":2,"name":"\u00dcber uns"}]},{"@type":"WebSite","@id":"https:\/\/knowlitge.de\/#website","url":"https:\/\/knowlitge.de\/","name":"knowlITge","description":"IT Dienstleister","potentialAction":[{"@type":"SearchAction","target":{"@type":"EntryPoint","urlTemplate":"https:\/\/knowlitge.de\/?s={search_term_string}"},"query-input":{"@type":"PropertyValueSpecification","valueRequired":true,"valueName":"search_term_string"}}],"inLanguage":"de"}]}},"jetpack_sharing_enabled":false,"jetpack_shortlink":"https:\/\/wp.me\/P6NCzV-f","jetpack-related-posts":[{"id":169,"url":"https:\/\/knowlitge.de\/de\/","url_meta":{"origin":15,"position":0},"title":"IT-Dienstleister f\u00fcr Unternehmen und \u00f6ffentliche Auftraggeber","author":"dvladmin","date":"7. Oktober 2015","format":false,"excerpt":"Die knowlITge GmbH bietet als langj\u00e4hriger IT-Dienstleister seit 1994 erfolgreich Dienstleistungen in den Bereichen IT-Support, IT-Infrastruktur, IT-Sicherheit, IT-Schulung und Cloud Computing an. Unternehmen, Verb\u00e4nde und \u00f6ffentliche Auftraggeber nutzen das Know-How des IT-System- und Beratungshauses mit Standorten in K\u00f6ln \/ Bonn \/ Sankt Augustin und Berlin. Mehr erfahren... Unsere aktualisierten Datenschutzbestimmungen\u2026","rel":"","context":"\u00c4hnlicher Beitrag","block_context":{"text":"\u00c4hnlicher Beitrag","link":""},"img":{"alt_text":"","src":"","width":0,"height":0},"classes":[]},{"id":362,"url":"https:\/\/knowlitge.de\/de\/it-support-fuer-unternehmen\/","url_meta":{"origin":15,"position":1},"title":"IT-Support","author":"dvladmin","date":"19. Januar 2018","format":false,"excerpt":"IT-Komplettpaket f\u00fcr Unternehmen Mit uns als Ihrem professionellen Partner f\u00fcr IT-Outsourcing erhalten Sie eine konstant funktionsf\u00e4hige, zuverl\u00e4ssig laufende IT-Umgebung, egal ob auf Arbeitsplatz- oder Server-Ebene. Mit Services zu den Themen Desktop Management und Server Management bieten wir Ihnen genau die Leistungsbausteine, die Ihre IT ben\u00f6tigt, um Ihr Gesch\u00e4ft im Alltag\u2026","rel":"","context":"\u00c4hnlicher Beitrag","block_context":{"text":"\u00c4hnlicher Beitrag","link":""},"img":{"alt_text":"","src":"https:\/\/i0.wp.com\/knowlitge.de\/wp-content\/uploads\/2015\/10\/Zahnr%C3%A4der-1400x300.png?fit=1200%2C257&ssl=1&resize=350%2C200","width":350,"height":200,"srcset":"https:\/\/i0.wp.com\/knowlitge.de\/wp-content\/uploads\/2015\/10\/Zahnr%C3%A4der-1400x300.png?fit=1200%2C257&ssl=1&resize=350%2C200 1x, https:\/\/i0.wp.com\/knowlitge.de\/wp-content\/uploads\/2015\/10\/Zahnr%C3%A4der-1400x300.png?fit=1200%2C257&ssl=1&resize=525%2C300 1.5x, https:\/\/i0.wp.com\/knowlitge.de\/wp-content\/uploads\/2015\/10\/Zahnr%C3%A4der-1400x300.png?fit=1200%2C257&ssl=1&resize=700%2C400 2x, https:\/\/i0.wp.com\/knowlitge.de\/wp-content\/uploads\/2015\/10\/Zahnr%C3%A4der-1400x300.png?fit=1200%2C257&ssl=1&resize=1050%2C600 3x"},"classes":[]},{"id":464,"url":"https:\/\/knowlitge.de\/de\/it-infrastruktur\/","url_meta":{"origin":15,"position":2},"title":"IT-Infrastruktur","author":"dvladmin","date":"24. Januar 2018","format":false,"excerpt":"Das Fundament f\u00fcr Ihr Unternehmen Genaue Analysen f\u00fcr eine optimierte IT-Umgebung Einfache Beschaffung leistungsf\u00e4higer Hard- und Software Kostenschonende Miete von IT-Systemen IT-Strategie - Grundlage f\u00fcr Aufbau und Optimierung Alle Weiterentwicklungen, Leistungssteigerungen und die Selbstverst\u00e4ndlichkeit, mit der heute IT-Systeme genutzt werden, k\u00f6nnen \u00fcber eines nicht hinwegt\u00e4uschen: IT ist und bleibt \u00e4u\u00dferst\u2026","rel":"","context":"\u00c4hnlicher Beitrag","block_context":{"text":"\u00c4hnlicher Beitrag","link":""},"img":{"alt_text":"","src":"","width":0,"height":0},"classes":[]},{"id":433,"url":"https:\/\/knowlitge.de\/de\/it-sicherheitscheck\/","url_meta":{"origin":15,"position":3},"title":"IT-Sicherheitscheck","author":"dvladmin","date":"23. Januar 2018","format":false,"excerpt":"Sich sch\u00fctzen vor externe Risiken und Schwachstellen Ihre IT muss vor externen Risiken ebenso gesch\u00fctzt sein, wie vor internen Schwachstellen. Andernfalls haben Hacker ein leichtes Spiel und Probleme mit Ihrer Hardware und Software f\u00fchren zu unerw\u00fcnschten Ausf\u00e4llen in Ihrem Unternehmen. Mit dem IT-Sicherheits-Check pr\u00fcfen wir Ihre IT kostenlos auf m\u00f6gliche\u2026","rel":"","context":"\u00c4hnlicher Beitrag","block_context":{"text":"\u00c4hnlicher Beitrag","link":""},"img":{"alt_text":"","src":"https:\/\/i0.wp.com\/knowlitge.de\/wp-content\/uploads\/2018\/01\/sicherheit.png?resize=350%2C200&ssl=1","width":350,"height":200},"classes":[]},{"id":489,"url":"https:\/\/knowlitge.de\/de\/cloud-computing\/","url_meta":{"origin":15,"position":4},"title":"Cloud Computing","author":"dvladmin","date":"24. Januar 2018","format":false,"excerpt":"Die sichere Komplett-L\u00f6sung f\u00fcr Ihr Unternehmen Je nach Bedarf frei skalierbare L\u00f6sungen Erh\u00f6hte Datensicherheit durch Cloud-Backups Flexible Zug\u00e4nglichkeit Ihrer Daten Ortsunabh\u00e4ngig in sicheren Rechenzentrum Cloud: Sicher, unkompliziert, zukunftssicher Ortsunabh\u00e4ngig arbeiten und trotzdem schnellen Zugang zu allen wichtigen Daten haben, die Kooperation innerhalb Ihres Unternehmens erleichtern, Dokumente sicher und rechtskonform archivieren\u2026","rel":"","context":"\u00c4hnlicher Beitrag","block_context":{"text":"\u00c4hnlicher Beitrag","link":""},"img":{"alt_text":"","src":"","width":0,"height":0},"classes":[]},{"id":419,"url":"https:\/\/knowlitge.de\/de\/software-management\/","url_meta":{"origin":15,"position":5},"title":"Software Management von den Software-Spezialisten","author":"dvladmin","date":"23. Januar 2018","format":false,"excerpt":"Software Management nach Ma\u00df f\u00fcr Ihr Unternehmen Als langj\u00e4hriger IT-Dienstleister haben wir viel Erfahrung mit den verschiedensten Softwaresystemen wie zum Beispiel mit ZABBIX, Docusnap, Gateprotect, F-Secure, Windows, Linux, Office, Wordpress, vTiger, etc. sammeln k\u00f6nnen. Diese Erfahrung geben wir gerne an Sie weiter. Profitieren Sie davon! Das Rundum-sorglos-Paket Wir installieren, administrieren,\u2026","rel":"","context":"\u00c4hnlicher Beitrag","block_context":{"text":"\u00c4hnlicher Beitrag","link":""},"img":{"alt_text":"","src":"https:\/\/i0.wp.com\/knowlitge.de\/wp-content\/uploads\/2015\/09\/docusnap-190x90.png?resize=350%2C200","width":350,"height":200},"classes":[]}],"_links":{"self":[{"href":"https:\/\/knowlitge.de\/de\/wp-json\/wp\/v2\/pages\/15","targetHints":{"allow":["GET"]}}],"collection":[{"href":"https:\/\/knowlitge.de\/de\/wp-json\/wp\/v2\/pages"}],"about":[{"href":"https:\/\/knowlitge.de\/de\/wp-json\/wp\/v2\/types\/page"}],"author":[{"embeddable":true,"href":"https:\/\/knowlitge.de\/de\/wp-json\/wp\/v2\/users\/1"}],"replies":[{"embeddable":true,"href":"https:\/\/knowlitge.de\/de\/wp-json\/wp\/v2\/comments?post=15"}],"version-history":[{"count":20,"href":"https:\/\/knowlitge.de\/de\/wp-json\/wp\/v2\/pages\/15\/revisions"}],"predecessor-version":[{"id":1249,"href":"https:\/\/knowlitge.de\/de\/wp-json\/wp\/v2\/pages\/15\/revisions\/1249"}],"wp:attachment":[{"href":"https:\/\/knowlitge.de\/de\/wp-json\/wp\/v2\/media?parent=15"}],"curies":[{"name":"wp","href":"https:\/\/api.w.org\/{rel}","templated":true}]}}