{"id":1251,"date":"2018-05-24T19:18:18","date_gmt":"2018-05-24T17:18:18","guid":{"rendered":"http:\/\/knowlitge.de\/?page_id=1251"},"modified":"2018-05-24T19:18:18","modified_gmt":"2018-05-24T17:18:18","slug":"datenschutzerklaerung","status":"publish","type":"page","link":"https:\/\/knowlitge.de\/de\/datenschutzerklaerung\/","title":{"rendered":"Datenschutzerkl\u00e4rung"},"content":{"rendered":"<p><strong><span style=\"font-family: 'Calibri',sans-serif;\">Allgemeine Datenschutzerkl\u00e4rung<\/span><\/strong><\/p>\n<p>Durch die Nutzung unserer Website erkl\u00e4ren Sie sich mit der Erhebung, Verarbeitung und Nutzung von Daten gem\u00e4\u00df der nachfolgenden Beschreibung einverstanden. Unsere Website kann grunds\u00e4tzlich ohne Registrierung besucht werden. Dabei werden Daten wie beispielsweise aufgerufene Seiten bzw. Namen der abgerufenen Datei, Datum und Uhrzeit zu statistischen Zwecken auf dem Server gespeichert, ohne dass diese Daten unmittelbar auf Ihre Person bezogen werden.<\/p>\n<p>Personenbezogene Daten, insbesondere Name, Adresse oder E-Mail-Adresse werden soweit m\u00f6glich auf freiwilliger Basis erhoben. Sofern wir ein Kontakt-Formular anbieten, erkl\u00e4ren Sie sich hiermit einverstanden.<\/p>\n<p>Ohne Ihre Einwilligung erfolgt keine Weitergabe der Daten an Dritte, es sei denn, wir sind aus rechtlichen Gr\u00fcnden hierzu verpflichtet.<\/p>\n<p><strong><span style=\"font-family: 'Calibri',sans-serif;\">Datenschutzerkl\u00e4rung f\u00fcr Cookies<\/span><\/strong><\/p>\n<p>Unsere Website verwendet Cookies. Das sind kleine Textdateien, die es m\u00f6glich machen, auf dem Endger\u00e4t des Nutzers spezifische, auf den Nutzer bezogene Informationen zu speichern, w\u00e4hrend er die Website nutzt. Cookies erm\u00f6glichen es, insbesondere Nutzungsh\u00e4ufigkeit und Nutzeranzahl der Seiten zu ermitteln, Verhaltensweisen der Seitennutzung zu analysieren, aber auch unser Angebot kundenfreundlicher zu gestalten. Cookies bleiben \u00fcber das Ende einer Browser-Sitzung gespeichert und k\u00f6nnen bei einem erneuten Seitenbesuch wieder aufgerufen werden. Wenn Sie das nicht w\u00fcnschen, sollten Sie Ihren Internetbrowser so einstellen, dass er die Annahme von Cookies verweigert.<\/p>\n<p><strong><span style=\"font-family: 'Calibri',sans-serif;\">Datenschutzerkl\u00e4rung f\u00fcr Twitter<\/span><\/strong><\/p>\n<p>Unsere Website verwendet Funktionen von Twitter, Inc., 1355 Market St, Suite 900, San Francisco, CA 94103, USA. Bei Aufruf unserer Seiten mit Twitter-Plug-Ins wird eine Verbindung zwischen Ihrem Browser und den Servern von Twitter aufgebaut. Dabei werden bereits Daten an Twitter \u00fcbertragen. Besitzen Sie einen Twitter-Account, k\u00f6nnen diese Daten damit verkn\u00fcpft werden. Wenn Sie keine Zuordnung dieser Daten zu Ihrem Twitter-Account w\u00fcnschen, loggen Sie sich bitte vor dem Besuch unserer Seite bei Twitter aus. Interaktionen, insbesondere das Anklicken eines \u201eRe-Tweet\u201c-Buttons werden ebenfalls an Twitter weitergegeben. Mehr erfahren Sie unter <a href=\"https:\/\/twitter.com\/privacy\">https:\/\/twitter.com\/privacy<\/a>.<\/p>\n","protected":false},"excerpt":{"rendered":"<p>Allgemeine Datenschutzerkl\u00e4rung Durch die Nutzung unserer Website erkl\u00e4ren Sie sich mit der Erhebung, Verarbeitung und Nutzung von Daten gem\u00e4\u00df der nachfolgenden Beschreibung einverstanden. Unsere Website kann grunds\u00e4tzlich ohne Registrierung besucht werden. Dabei werden Daten wie beispielsweise aufgerufene Seiten bzw. Namen<\/p>\n","protected":false},"author":1,"featured_media":0,"parent":0,"menu_order":0,"comment_status":"closed","ping_status":"closed","template":"","meta":{"jetpack_post_was_ever_published":false,"footnotes":""},"class_list":["post-1251","page","type-page","status-publish","hentry"],"translation":{"provider":"WPGlobus","version":"3.0.2","language":"de","enabled_languages":["en","de"],"languages":{"en":{"title":true,"content":true,"excerpt":false},"de":{"title":false,"content":false,"excerpt":false}}},"yoast_head":"<!-- This site is optimized with the Yoast SEO plugin v27.5 - https:\/\/yoast.com\/product\/yoast-seo-wordpress\/ -->\n<title>Datenschutzerkl\u00e4rung - knowlITge<\/title>\n<meta name=\"robots\" content=\"index, follow, max-snippet:-1, max-image-preview:large, max-video-preview:-1\" \/>\n<link rel=\"canonical\" href=\"https:\/\/knowlitge.de\/datenschutzerklaerung\/\" \/>\n<meta property=\"og:locale\" content=\"de_DE\" \/>\n<meta property=\"og:type\" content=\"article\" \/>\n<meta property=\"og:title\" content=\"Datenschutzerkl\u00e4rung - knowlITge\" \/>\n<meta property=\"og:url\" content=\"https:\/\/knowlitge.de\/datenschutzerklaerung\/\" \/>\n<meta property=\"og:site_name\" content=\"knowlITge\" \/>\n<meta name=\"twitter:card\" content=\"summary_large_image\" \/>\n<meta name=\"twitter:label1\" content=\"Gesch\u00e4tzte Lesezeit\" \/>\n\t<meta name=\"twitter:data1\" content=\"2\u00a0Minuten\" \/>\n<script type=\"application\/ld+json\" class=\"yoast-schema-graph\">{\"@context\":\"https:\\\/\\\/schema.org\",\"@graph\":[{\"@type\":\"WebPage\",\"@id\":\"https:\\\/\\\/knowlitge.de\\\/datenschutzerklaerung\\\/\",\"url\":\"https:\\\/\\\/knowlitge.de\\\/datenschutzerklaerung\\\/\",\"name\":\"Datenschutzerkl\u00e4rung - knowlITge\",\"isPartOf\":{\"@id\":\"https:\\\/\\\/knowlitge.de\\\/#website\"},\"datePublished\":\"2018-05-24T17:18:18+00:00\",\"description\":\"knowlITge GmbH, K\u00f6ln \\\/ Bonn \\\/ Sankt Augustin - IT-Dienstleister seid \u00fcber 20 Jahren ! Docusnap, F-Secure, Gateprotect, Zabbix Softwarerentwicklung - VB.Net, Access Support - Windows, Linux, Drucker, Telefon, Cloud - Schulung, Workshop, Seminare, Beratung, Consulting\",\"breadcrumb\":{\"@id\":\"https:\\\/\\\/knowlitge.de\\\/datenschutzerklaerung\\\/#breadcrumb\"},\"inLanguage\":\"de\",\"potentialAction\":[{\"@type\":\"ReadAction\",\"target\":[\"https:\\\/\\\/knowlitge.de\\\/datenschutzerklaerung\\\/\"]}]},{\"@type\":\"BreadcrumbList\",\"@id\":\"https:\\\/\\\/knowlitge.de\\\/datenschutzerklaerung\\\/#breadcrumb\",\"itemListElement\":[{\"@type\":\"ListItem\",\"position\":1,\"name\":\"Home\",\"item\":\"https:\\\/\\\/knowlitge.de\\\/\"},{\"@type\":\"ListItem\",\"position\":2,\"name\":\"Datenschutzerkl\u00e4rung\"}]},{\"@type\":\"WebSite\",\"@id\":\"https:\\\/\\\/knowlitge.de\\\/#website\",\"url\":\"https:\\\/\\\/knowlitge.de\\\/\",\"name\":\"knowlITge\",\"description\":\"IT Dienstleister\",\"potentialAction\":[{\"@type\":\"SearchAction\",\"target\":{\"@type\":\"EntryPoint\",\"urlTemplate\":\"https:\\\/\\\/knowlitge.de\\\/?s={search_term_string}\"},\"query-input\":{\"@type\":\"PropertyValueSpecification\",\"valueRequired\":true,\"valueName\":\"search_term_string\"}}],\"inLanguage\":\"de\"}]}<\/script>\n<!-- \/ Yoast SEO plugin. -->","yoast_head_json":{"title":"Datenschutzerkl\u00e4rung - knowlITge","robots":{"index":"index","follow":"follow","max-snippet":"max-snippet:-1","max-image-preview":"max-image-preview:large","max-video-preview":"max-video-preview:-1"},"canonical":"https:\/\/knowlitge.de\/datenschutzerklaerung\/","og_locale":"de_DE","og_type":"article","og_title":"Datenschutzerkl\u00e4rung - knowlITge","og_url":"https:\/\/knowlitge.de\/datenschutzerklaerung\/","og_site_name":"knowlITge","twitter_card":"summary_large_image","twitter_misc":{"Gesch\u00e4tzte Lesezeit":"2\u00a0Minuten"},"schema":{"@context":"https:\/\/schema.org","@graph":[{"@type":"WebPage","@id":"https:\/\/knowlitge.de\/datenschutzerklaerung\/","url":"https:\/\/knowlitge.de\/datenschutzerklaerung\/","name":"Datenschutzerkl\u00e4rung - knowlITge","isPartOf":{"@id":"https:\/\/knowlitge.de\/#website"},"datePublished":"2018-05-24T17:18:18+00:00","description":"knowlITge GmbH, K\u00f6ln \/ Bonn \/ Sankt Augustin - IT-Dienstleister seid \u00fcber 20 Jahren ! Docusnap, F-Secure, Gateprotect, Zabbix Softwarerentwicklung - VB.Net, Access Support - Windows, Linux, Drucker, Telefon, Cloud - Schulung, Workshop, Seminare, Beratung, Consulting","breadcrumb":{"@id":"https:\/\/knowlitge.de\/datenschutzerklaerung\/#breadcrumb"},"inLanguage":"de","potentialAction":[{"@type":"ReadAction","target":["https:\/\/knowlitge.de\/datenschutzerklaerung\/"]}]},{"@type":"BreadcrumbList","@id":"https:\/\/knowlitge.de\/datenschutzerklaerung\/#breadcrumb","itemListElement":[{"@type":"ListItem","position":1,"name":"Home","item":"https:\/\/knowlitge.de\/"},{"@type":"ListItem","position":2,"name":"Datenschutzerkl\u00e4rung"}]},{"@type":"WebSite","@id":"https:\/\/knowlitge.de\/#website","url":"https:\/\/knowlitge.de\/","name":"knowlITge","description":"IT Dienstleister","potentialAction":[{"@type":"SearchAction","target":{"@type":"EntryPoint","urlTemplate":"https:\/\/knowlitge.de\/?s={search_term_string}"},"query-input":{"@type":"PropertyValueSpecification","valueRequired":true,"valueName":"search_term_string"}}],"inLanguage":"de"}]}},"jetpack_sharing_enabled":true,"jetpack_shortlink":"https:\/\/wp.me\/P6NCzV-kb","jetpack-related-posts":[{"id":10,"url":"https:\/\/knowlitge.de\/de\/impressum\/","url_meta":{"origin":1251,"position":0},"title":"Impressum","author":"dvladmin","date":"21. September 2015","format":false,"excerpt":"knowlITge GmbH Sitz der Gesellschaft: 53840 Troisdorf . Hornackerstr. 4 Gesch\u00e4ftsf\u00fchrender Gesellschafter: Stefan Schreiner Telefon: 02241. 95581. 0 Telefax: 02241. 95581. 81 E-Mail: info@knowlitge.com AG Siegburg, HR B 7074 . Ust-IdNr.: DE215683362 Verantwortlich im Sinne des MDStV: Stefan Schreiner Quellenangaben f\u00fcr die verwendeten Bilder und Grafiken https:\/\/pixabay.com Lizenz: CC0 Public\u2026","rel":"","context":"\u00c4hnlicher Beitrag","block_context":{"text":"\u00c4hnlicher Beitrag","link":""},"img":{"alt_text":"","src":"","width":0,"height":0},"classes":[]},{"id":493,"url":"https:\/\/knowlitge.de\/de\/backup-in-der-cloud\/","url_meta":{"origin":1251,"position":1},"title":"Backup in der Cloud","author":"dvladmin","date":"24. Januar 2018","format":false,"excerpt":"Cloud Backup: Ihr hochsicherer Datenspeicher Ihr Gesch\u00e4ft ist von Daten abh\u00e4ngig. Ob es die Rechnungsadressen Ihrer Kunden, die Arbeitspapiere Ihrer Mitarbeiter oder die Vertr\u00e4ge mit Lieferanten sind: Ein Verlust hat schnell gravierende Folgen. Viele L\u00f6sungen zur Sicherung dieser Dokumente setzen weiterhin auf eine lokale, in Ihrem Unternehmen platzierte Datensicherung. Das\u2026","rel":"","context":"\u00c4hnlicher Beitrag","block_context":{"text":"\u00c4hnlicher Beitrag","link":""},"img":{"alt_text":"","src":"https:\/\/i0.wp.com\/knowlitge.de\/wp-content\/uploads\/2018\/02\/backup-in-cloud-klein.png?resize=350%2C200&ssl=1","width":350,"height":200},"classes":[]},{"id":489,"url":"https:\/\/knowlitge.de\/de\/cloud-computing\/","url_meta":{"origin":1251,"position":2},"title":"Cloud Computing","author":"dvladmin","date":"24. Januar 2018","format":false,"excerpt":"Die sichere Komplett-L\u00f6sung f\u00fcr Ihr Unternehmen Je nach Bedarf frei skalierbare L\u00f6sungen Erh\u00f6hte Datensicherheit durch Cloud-Backups Flexible Zug\u00e4nglichkeit Ihrer Daten Ortsunabh\u00e4ngig in sicheren Rechenzentrum Cloud: Sicher, unkompliziert, zukunftssicher Ortsunabh\u00e4ngig arbeiten und trotzdem schnellen Zugang zu allen wichtigen Daten haben, die Kooperation innerhalb Ihres Unternehmens erleichtern, Dokumente sicher und rechtskonform archivieren\u2026","rel":"","context":"\u00c4hnlicher Beitrag","block_context":{"text":"\u00c4hnlicher Beitrag","link":""},"img":{"alt_text":"","src":"","width":0,"height":0},"classes":[]},{"id":497,"url":"https:\/\/knowlitge.de\/de\/firewall-in-der-cloud\/","url_meta":{"origin":1251,"position":3},"title":"Firewall in der Cloud","author":"dvladmin","date":"24. Januar 2018","format":false,"excerpt":"Unternehmensnetzwerk umfassend absichern Wenn Sie mehrere Filialen\/Unternehmensstandorte besitzen, ist die Cloud Firewall eine ideale Erg\u00e4nzung. Gleiches gilt, wenn Sie von Ihrem Sitz aus auf Cloud-Dienste zur\u00fcckgreifen. Und das gilt auch, wenn Sie einen Teil Ihrer Infrastruktur in ein Rechenzentrum ausgelagert haben. Mit einer Firewall in der Cloud sch\u00fctzen Sie Ihr\u2026","rel":"","context":"\u00c4hnlicher Beitrag","block_context":{"text":"\u00c4hnlicher Beitrag","link":""},"img":{"alt_text":"","src":"https:\/\/i0.wp.com\/knowlitge.de\/wp-content\/uploads\/2018\/02\/firewall-in-cloud-klein.png?resize=350%2C200&ssl=1","width":350,"height":200},"classes":[]},{"id":438,"url":"https:\/\/knowlitge.de\/de\/backup-management\/","url_meta":{"origin":1251,"position":4},"title":"Backup Management","author":"dvladmin","date":"23. Januar 2018","format":false,"excerpt":"Datensicherung, so zuverl\u00e4ssig wie Sie In Ihrem Gesch\u00e4ftsalltag ist Vertrauen das h\u00f6chste Gut: Gegen\u00fcber Ihren Gesch\u00e4ftspartnern und Ihren Kunden genauso wie im Verh\u00e4ltnis zu Ihren Mitarbeitern. Ein Aspekt, auf denen dieses Vertrauen fu\u00dft, ist Ihre F\u00e4higkeit, die Sicherheit der Ihnen zur Verf\u00fcgung gestellten Daten jederzeit zu gew\u00e4hrleisten. Mit dem Backup\u2026","rel":"","context":"\u00c4hnlicher Beitrag","block_context":{"text":"\u00c4hnlicher Beitrag","link":""},"img":{"alt_text":"","src":"https:\/\/i0.wp.com\/knowlitge.de\/wp-content\/uploads\/2018\/01\/backup2.png?resize=350%2C200&ssl=1","width":350,"height":200},"classes":[]},{"id":431,"url":"https:\/\/knowlitge.de\/de\/it-sicherheit\/","url_meta":{"origin":1251,"position":5},"title":"IT-Sicherheit","author":"dvladmin","date":"23. Januar 2018","format":false,"excerpt":"Sicherheit umfassend und mit System Passgenaues IT-Sicherheitskonzept f\u00fcr Ihr Unternehmen Optimaler Schutz vor Viren, Trojanern und Hackern F\u00fcr eine rundum sichere Unternehmens-IT IT-Security: So sch\u00fctzen Sie sich vor Cyberkriminellen IT-Sicherheit wird f\u00fcr kleinere und mittelgro\u00dfe Unternehmen ein immer wichtigeres Thema. Das von Cyberangriffen ausgehende Risiko steigt kontinuierlich an, w\u00e4hrend die\u2026","rel":"","context":"\u00c4hnlicher Beitrag","block_context":{"text":"\u00c4hnlicher Beitrag","link":""},"img":{"alt_text":"","src":"","width":0,"height":0},"classes":[]}],"_links":{"self":[{"href":"https:\/\/knowlitge.de\/de\/wp-json\/wp\/v2\/pages\/1251","targetHints":{"allow":["GET"]}}],"collection":[{"href":"https:\/\/knowlitge.de\/de\/wp-json\/wp\/v2\/pages"}],"about":[{"href":"https:\/\/knowlitge.de\/de\/wp-json\/wp\/v2\/types\/page"}],"author":[{"embeddable":true,"href":"https:\/\/knowlitge.de\/de\/wp-json\/wp\/v2\/users\/1"}],"replies":[{"embeddable":true,"href":"https:\/\/knowlitge.de\/de\/wp-json\/wp\/v2\/comments?post=1251"}],"version-history":[{"count":1,"href":"https:\/\/knowlitge.de\/de\/wp-json\/wp\/v2\/pages\/1251\/revisions"}],"predecessor-version":[{"id":1252,"href":"https:\/\/knowlitge.de\/de\/wp-json\/wp\/v2\/pages\/1251\/revisions\/1252"}],"wp:attachment":[{"href":"https:\/\/knowlitge.de\/de\/wp-json\/wp\/v2\/media?parent=1251"}],"curies":[{"name":"wp","href":"https:\/\/api.w.org\/{rel}","templated":true}]}}