{"id":10,"date":"2015-09-21T14:12:43","date_gmt":"2015-09-21T12:12:43","guid":{"rendered":"http:\/\/144.76.215.140\/?page_id=10"},"modified":"2024-11-14T14:50:35","modified_gmt":"2024-11-14T13:50:35","slug":"impressum","status":"publish","type":"page","link":"https:\/\/knowlitge.de\/de\/impressum\/","title":{"rendered":"Impressum"},"content":{"rendered":"<p><strong>knowlITge GmbH<\/strong><\/p>\n<p>Sitz der Gesellschaft:<br \/>\n53840 Troisdorf . Hornackerstr. 4<br \/>\nGesch\u00e4ftsf\u00fchrender Gesellschafter: Stefan Schreiner<\/p>\n<p>Telefon: 02241. 95581. 0<br \/>\nTelefax: 02241. 95581. 81<br \/>\nE-Mail: info@knowlitge.com<\/p>\n<p>AG Siegburg, HR B 7074 . Ust-IdNr.: DE215683362<\/p>\n<p>Verantwortlich im Sinne des MDStV: Stefan Schreiner<\/p>\n<p>Quellenangaben f\u00fcr die verwendeten Bilder und Grafiken<br \/>\n<a href=\"https:\/\/pixabay.com\" target=\"_blank\" rel=\"noopener noreferrer\">https:\/\/pixabay.com<\/a> Lizenz: <a href=\"https:\/\/pixabay.com\/en\/service\/terms\/\" target=\"_blank\" rel=\"noopener noreferrer\">CC0 Public Domain<\/a><\/p>\n<p><strong>Haftungsausschluss<\/strong><\/p>\n<p>1. Inhalt des Onlineangebotes<\/p>\n<p>Der Autor \u00fcbernimmt keinerlei Gew\u00e4hr f\u00fcr die Aktualit\u00e4t, Korrektheit, Vollst\u00e4ndigkeit oder Qualit\u00e4t der bereitgestellten Informationen. Haftungsanspr\u00fcche gegen den Autor, welche sich auf Sch\u00e4den materieller oder ideeller Art beziehen, die durch die Nutzung oder Nichtnutzung der dargebotenen Informationen bzw. durch die Nutzung fehlerhafter und unvollst\u00e4ndiger Informationen verursacht wurden, sind grunds\u00e4tzlich ausgeschlossen, sofern seitens des Autors kein nachweislich vors\u00e4tzliches oder grob fahrl\u00e4ssiges Verschulden vorliegt. Alle Angebote sind freibleibend und unverbindlich. Der Autor beh\u00e4lt es sich ausdr\u00fccklich vor, Teile der Seiten oder das gesamte Angebot ohne gesonderte Ank\u00fcndigung zu ver\u00e4ndern, zu erg\u00e4nzen, zu l\u00f6schen oder die Ver\u00f6ffentlichung zeitweise oder endg\u00fcltig einzustellen.<\/p>\n<p>2. Verweise und Links<\/p>\n<p>Der Autor erkl\u00e4rt hiermit ausdr\u00fccklich, dass zum Zeitpunkt der Linksetzung keine illegalen Inhalte auf den zu verlinkenden Seiten erkennbar waren. Auf die aktuelle und zuk\u00fcnftige Gestaltung, die Inhalte oder die Urheberschaft der gelinkten\/verkn\u00fcpften Seiten hat der Autor keinerlei Einfluss. Deshalb distanziert er sich hiermit ausdr\u00fccklich von allen Inhalten aller gelinkten \/verkn\u00fcpften Seiten, die nach der Linksetzung ver\u00e4ndert wurden. Diese Feststellung gilt f\u00fcr alle innerhalb des eigenen Internetangebotes gesetzten Links und Verweise. F\u00fcr illegale, fehlerhafte oder unvollst\u00e4ndige Inhalte und insbesondere f\u00fcr Sch\u00e4den, die aus der Nutzung oder Nichtnutzung solcherart dargebotener Informationen entstehen, haftet allein der Anbieter der Seite, auf welche verwiesen wurde, nicht derjenige, der \u00fcber Links auf die jeweilige Ver\u00f6ffentlichung lediglich verweist.<\/p>\n<p>3. Urheber- und Kennzeichenrecht<\/p>\n<p>Alle innerhalb des Internetangebotes genannten und ggf. durch Dritte gesch\u00fctzten Marken- und Warenzeichen unterliegen uneingeschr\u00e4nkt den Bestimmungen des jeweils g\u00fcltigen Kennzeichenrechts und den Besitzrechten der jeweiligen eingetragenen Eigent\u00fcmer. Allein aufgrund der blo\u00dfen Nennung ist nicht der Schlu\u00df zu ziehen, dass Markenzeichen nicht durch Rechte Dritter gesch\u00fctzt sind! Das Copyright f\u00fcr ver\u00f6ffentlichte, vom Autor selbst erstellte Objekte bleibt allein beim Autor der Seiten. Eine Vervielf\u00e4ltigung oder Verwendung solcher Grafiken, Tondokumente, Videosequenzen und Texte in anderen elektronischen oder gedruckten Publikationen ist ohne ausdr\u00fcckliche Zustimmung des Autors nicht gestattet.<\/p>\n<p>4. Rechtswirksamkeit dieses Haftungsausschlusses<\/p>\n<p>Dieser Haftungsausschluss ist als Teil des Internetangebotes zu betrachten, von dem aus auf diese Seite verwiesen wurde. Sofern Teile oder einzelne Formulierungen dieses Textes der geltenden Rechtslage nicht, nicht mehr oder nicht vollst\u00e4ndig entsprechen sollten, bleiben die \u00fcbrigen Teile des Dokumentes in ihrem Inhalt und ihrer G\u00fcltigkeit davon unber\u00fchrt.<\/p>\n<p><strong><span style=\"font-family: 'Calibri','sans-serif';\"><span style=\"color: #000000;\">Allgemeine Datenschutzerkl\u00e4rung<\/span><\/span><\/strong><\/p>\n<p><span style=\"color: #000000; font-family: Times New Roman;\">Durch die Nutzung unserer Website erkl\u00e4ren Sie sich mit der Erhebung, Verarbeitung und Nutzung von Daten gem\u00e4\u00df der nachfolgenden Beschreibung einverstanden. Unsere Website kann grunds\u00e4tzlich ohne Registrierung besucht werden. Dabei werden Daten wie beispielsweise aufgerufene Seiten bzw. Namen der abgerufenen Datei, Datum und Uhrzeit zu statistischen Zwecken auf dem Server gespeichert, ohne dass diese Daten unmittelbar auf Ihre Person bezogen werden. Personenbezogene Daten, insbesondere Name, Adresse oder E-Mail-Adresse werden soweit m\u00f6glich auf freiwilliger Basis erhoben. Ohne Ihre Einwilligung erfolgt keine Weitergabe der Daten an Dritte.<\/span><\/p>\n<p><strong><span style=\"font-family: 'Calibri','sans-serif';\"><span style=\"color: #000000;\">Datenschutzerkl\u00e4rung f\u00fcr Cookies<\/span><\/span><\/strong><\/p>\n<p><span style=\"color: #000000; font-family: Times New Roman;\">Unsere Website verwendet Cookies. Das sind kleine Textdateien, die es m\u00f6glich machen, auf dem Endger\u00e4t des Nutzers spezifische, auf den Nutzer bezogene Informationen zu speichern, w\u00e4hrend er die Website nutzt. Cookies erm\u00f6glichen es, insbesondere Nutzungsh\u00e4ufigkeit und Nutzeranzahl der Seiten zu ermitteln, Verhaltensweisen der Seitennutzung zu analysieren, aber auch unser Angebot kundenfreundlicher zu gestalten. Cookies bleiben \u00fcber das Ende einer Browser-Sitzung gespeichert und k\u00f6nnen bei einem erneuten Seitenbesuch wieder aufgerufen werden. Wenn Sie das nicht w\u00fcnschen, sollten Sie Ihren Internetbrowser so einstellen, dass er die Annahme von Cookies verweigert.<\/span><\/p>\n<p><strong><span style=\"font-family: 'Calibri','sans-serif';\"><span style=\"color: #000000;\">Datenschutzerkl\u00e4rung f\u00fcr Twitter<\/span><\/span><\/strong><\/p>\n<p><span style=\"color: #000000; font-family: Times New Roman;\">Unsere Website verwendet Funktionen von Twitter, Inc., 1355 Market St, Suite 900, San Francisco, CA 94103, USA. Bei Aufruf unserer Seiten mit Twitter-Plug-Ins wird eine Verbindung zwischen Ihrem Browser und den Servern von Twitter aufgebaut. Dabei werden bereits Daten an Twitter \u00fcbertragen. Besitzen Sie einen Twitter-Account, k\u00f6nnen diese Daten damit verkn\u00fcpft werden. Wenn Sie keine Zuordnung dieser Daten zu Ihrem Twitter-Account w\u00fcnschen, loggen Sie sich bitte vor dem Besuch unserer Seite bei Twitter aus. Interaktionen, insbesondere das Anklicken eines \u201eRe-Tweet\u201c-Buttons werden ebenfalls an Twitter weitergegeben. Mehr erfahren Sie unter <\/span><a href=\"https:\/\/twitter.com\/privacy\">https:\/\/twitter.com\/privacy<\/a><span style=\"color: #000000; font-family: Times New Roman;\">.<\/span><\/p>\n","protected":false},"excerpt":{"rendered":"<p>knowlITge GmbH Sitz der Gesellschaft: 53840 Troisdorf . Hornackerstr. 4 Gesch\u00e4ftsf\u00fchrender Gesellschafter: Stefan Schreiner Telefon: 02241. 95581. 0 Telefax: 02241. 95581. 81 E-Mail: info@knowlitge.com AG Siegburg, HR B 7074 . Ust-IdNr.: DE215683362 Verantwortlich im Sinne des MDStV: Stefan Schreiner Quellenangaben<\/p>\n","protected":false},"author":1,"featured_media":0,"parent":0,"menu_order":0,"comment_status":"closed","ping_status":"closed","template":"","meta":{"jetpack_post_was_ever_published":false,"footnotes":""},"class_list":["post-10","page","type-page","status-publish","hentry"],"translation":{"provider":"WPGlobus","version":"3.0.2","language":"de","enabled_languages":["en","de"],"languages":{"en":{"title":true,"content":true,"excerpt":false},"de":{"title":false,"content":false,"excerpt":false}}},"yoast_head":"<!-- This site is optimized with the Yoast SEO plugin v27.5 - https:\/\/yoast.com\/product\/yoast-seo-wordpress\/ -->\n<title>Impressum - knowlITge<\/title>\n<meta name=\"robots\" content=\"index, follow, max-snippet:-1, max-image-preview:large, max-video-preview:-1\" \/>\n<link rel=\"canonical\" href=\"https:\/\/knowlitge.de\/impressum\/\" \/>\n<meta property=\"og:locale\" content=\"de_DE\" \/>\n<meta property=\"og:type\" content=\"article\" \/>\n<meta property=\"og:title\" content=\"Impressum - knowlITge\" \/>\n<meta property=\"og:url\" content=\"https:\/\/knowlitge.de\/impressum\/\" \/>\n<meta property=\"og:site_name\" content=\"knowlITge\" \/>\n<meta property=\"article:modified_time\" content=\"2024-11-14T13:50:35+00:00\" \/>\n<meta name=\"twitter:card\" content=\"summary_large_image\" \/>\n<meta name=\"twitter:label1\" content=\"Gesch\u00e4tzte Lesezeit\" \/>\n\t<meta name=\"twitter:data1\" content=\"4\u00a0Minuten\" \/>\n<script type=\"application\/ld+json\" class=\"yoast-schema-graph\">{\"@context\":\"https:\\\/\\\/schema.org\",\"@graph\":[{\"@type\":\"WebPage\",\"@id\":\"https:\\\/\\\/knowlitge.de\\\/impressum\\\/\",\"url\":\"https:\\\/\\\/knowlitge.de\\\/impressum\\\/\",\"name\":\"Impressum - knowlITge\",\"isPartOf\":{\"@id\":\"https:\\\/\\\/knowlitge.de\\\/#website\"},\"datePublished\":\"2015-09-21T12:12:43+00:00\",\"dateModified\":\"2024-11-14T13:50:35+00:00\",\"description\":\"knowlITge GmbH, K\u00f6ln \\\/ Bonn \\\/ Sankt Augustin - IT-Dienstleister seid \u00fcber 20 Jahren ! Docusnap, F-Secure, Gateprotect, Zabbix Softwarerentwicklung - VB.Net, Access Support - Windows, Linux, Drucker, Telefon, Cloud - Schulung, Workshop, Seminare, Beratung, Consulting\",\"breadcrumb\":{\"@id\":\"https:\\\/\\\/knowlitge.de\\\/impressum\\\/#breadcrumb\"},\"inLanguage\":\"de\",\"potentialAction\":[{\"@type\":\"ReadAction\",\"target\":[\"https:\\\/\\\/knowlitge.de\\\/impressum\\\/\"]}]},{\"@type\":\"BreadcrumbList\",\"@id\":\"https:\\\/\\\/knowlitge.de\\\/impressum\\\/#breadcrumb\",\"itemListElement\":[{\"@type\":\"ListItem\",\"position\":1,\"name\":\"Home\",\"item\":\"https:\\\/\\\/knowlitge.de\\\/\"},{\"@type\":\"ListItem\",\"position\":2,\"name\":\"Impressum\"}]},{\"@type\":\"WebSite\",\"@id\":\"https:\\\/\\\/knowlitge.de\\\/#website\",\"url\":\"https:\\\/\\\/knowlitge.de\\\/\",\"name\":\"knowlITge\",\"description\":\"IT Dienstleister\",\"potentialAction\":[{\"@type\":\"SearchAction\",\"target\":{\"@type\":\"EntryPoint\",\"urlTemplate\":\"https:\\\/\\\/knowlitge.de\\\/?s={search_term_string}\"},\"query-input\":{\"@type\":\"PropertyValueSpecification\",\"valueRequired\":true,\"valueName\":\"search_term_string\"}}],\"inLanguage\":\"de\"}]}<\/script>\n<!-- \/ Yoast SEO plugin. -->","yoast_head_json":{"title":"Impressum - knowlITge","robots":{"index":"index","follow":"follow","max-snippet":"max-snippet:-1","max-image-preview":"max-image-preview:large","max-video-preview":"max-video-preview:-1"},"canonical":"https:\/\/knowlitge.de\/impressum\/","og_locale":"de_DE","og_type":"article","og_title":"Impressum - knowlITge","og_url":"https:\/\/knowlitge.de\/impressum\/","og_site_name":"knowlITge","article_modified_time":"2024-11-14T13:50:35+00:00","twitter_card":"summary_large_image","twitter_misc":{"Gesch\u00e4tzte Lesezeit":"4\u00a0Minuten"},"schema":{"@context":"https:\/\/schema.org","@graph":[{"@type":"WebPage","@id":"https:\/\/knowlitge.de\/impressum\/","url":"https:\/\/knowlitge.de\/impressum\/","name":"Impressum - knowlITge","isPartOf":{"@id":"https:\/\/knowlitge.de\/#website"},"datePublished":"2015-09-21T12:12:43+00:00","dateModified":"2024-11-14T13:50:35+00:00","description":"knowlITge GmbH, K\u00f6ln \/ Bonn \/ Sankt Augustin - IT-Dienstleister seid \u00fcber 20 Jahren ! Docusnap, F-Secure, Gateprotect, Zabbix Softwarerentwicklung - VB.Net, Access Support - Windows, Linux, Drucker, Telefon, Cloud - Schulung, Workshop, Seminare, Beratung, Consulting","breadcrumb":{"@id":"https:\/\/knowlitge.de\/impressum\/#breadcrumb"},"inLanguage":"de","potentialAction":[{"@type":"ReadAction","target":["https:\/\/knowlitge.de\/impressum\/"]}]},{"@type":"BreadcrumbList","@id":"https:\/\/knowlitge.de\/impressum\/#breadcrumb","itemListElement":[{"@type":"ListItem","position":1,"name":"Home","item":"https:\/\/knowlitge.de\/"},{"@type":"ListItem","position":2,"name":"Impressum"}]},{"@type":"WebSite","@id":"https:\/\/knowlitge.de\/#website","url":"https:\/\/knowlitge.de\/","name":"knowlITge","description":"IT Dienstleister","potentialAction":[{"@type":"SearchAction","target":{"@type":"EntryPoint","urlTemplate":"https:\/\/knowlitge.de\/?s={search_term_string}"},"query-input":{"@type":"PropertyValueSpecification","valueRequired":true,"valueName":"search_term_string"}}],"inLanguage":"de"}]}},"jetpack_sharing_enabled":false,"jetpack_shortlink":"https:\/\/wp.me\/P6NCzV-a","jetpack-related-posts":[{"id":499,"url":"https:\/\/knowlitge.de\/de\/das-team\/","url_meta":{"origin":10,"position":0},"title":"Das Team","author":"dvladmin","date":"24. Januar 2018","format":false,"excerpt":"Stefan Schreiner Managing Director Telefon: +49 2241.95581.10 E-Mail: schreiner@knowlitge.com Elke Schmidt Finanzbuchhaltung Telefon: +49 2241.95581.11 E-Mail: schmidt@knowlitge.com Jens Okkenga Senior System Administrator Telefon: +49 2241.95581.20 E-Mail: okkenga@knowlitge.com Das Team erg\u00e4nzen wir regelm\u00e4\u00dfig um freie MitarbeiterInnen, die die besonderen Anforderungen unserer Kunden kennen und mit denen wir seit langem vertrauensvoll zusammenarbeiten.","rel":"","context":"\u00c4hnlicher Beitrag","block_context":{"text":"\u00c4hnlicher Beitrag","link":""},"img":{"alt_text":"","src":"","width":0,"height":0},"classes":[]},{"id":1251,"url":"https:\/\/knowlitge.de\/de\/datenschutzerklaerung\/","url_meta":{"origin":10,"position":1},"title":"Datenschutzerkl\u00e4rung","author":"dvladmin","date":"24. Mai 2018","format":false,"excerpt":"Allgemeine Datenschutzerkl\u00e4rung Durch die Nutzung unserer Website erkl\u00e4ren Sie sich mit der Erhebung, Verarbeitung und Nutzung von Daten gem\u00e4\u00df der nachfolgenden Beschreibung einverstanden. Unsere Website kann grunds\u00e4tzlich ohne Registrierung besucht werden. Dabei werden Daten wie beispielsweise aufgerufene Seiten bzw. Namen der abgerufenen Datei, Datum und Uhrzeit zu statistischen Zwecken auf\u2026","rel":"","context":"\u00c4hnlicher Beitrag","block_context":{"text":"\u00c4hnlicher Beitrag","link":""},"img":{"alt_text":"","src":"","width":0,"height":0},"classes":[]},{"id":495,"url":"https:\/\/knowlitge.de\/de\/server-und-arbeitsplaetze-in-der-cloud\/","url_meta":{"origin":10,"position":2},"title":"Server und Arbeitspl\u00e4tze in der Cloud","author":"dvladmin","date":"24. Januar 2018","format":false,"excerpt":"Cloud Server: Die Alternative zur eigenen Infrastruktur Server erf\u00fcllen f\u00fcr Ihr Unternehmen wichtige Funktionen, keine Frage. Von der zentralen Datenverwaltung bis zur Verf\u00fcgungstellung von Dienstprogrammen und Ressourcen. Aber wissen Sie, ob Ihre Server im Unternehmen stehen m\u00fcssen? Eins ist klar: Ihre Server in die Cloud auszulagern, f\u00fchrt zu maximal flexiblen\u2026","rel":"","context":"\u00c4hnlicher Beitrag","block_context":{"text":"\u00c4hnlicher Beitrag","link":""},"img":{"alt_text":"","src":"https:\/\/i0.wp.com\/knowlitge.de\/wp-content\/uploads\/2018\/02\/server-in-cloud-klein.png?resize=350%2C200&ssl=1","width":350,"height":200},"classes":[]},{"id":473,"url":"https:\/\/knowlitge.de\/de\/telefon-over-ip\/","url_meta":{"origin":10,"position":3},"title":"Telefon over IP","author":"dvladmin","date":"24. Januar 2018","format":false,"excerpt":"Verkn\u00fcpfung von PC und Telefon Eine moderne Telekommunikationsanlage bietet Ihnen mehr Flexibilit\u00e4t und kann Arbeitsprozesse deutlich effizienter gestalten. Grundlegend werden dabei zwei m\u00f6gliche Systeme unterschieden: die komplette Auslagerung der Telefonanlage in die Cloud oder die Nutzung eines hybriden Systems, das Ihre station\u00e4re Telefonanlage IP-f\u00e4hig macht und Ihnen so alle Anschlussm\u00f6glichkeiten\u2026","rel":"","context":"\u00c4hnlicher Beitrag","block_context":{"text":"\u00c4hnlicher Beitrag","link":""},"img":{"alt_text":"","src":"https:\/\/i0.wp.com\/knowlitge.de\/wp-content\/uploads\/2018\/01\/Telefon-over-ip.png?resize=350%2C200&ssl=1","width":350,"height":200},"classes":[]},{"id":477,"url":"https:\/\/knowlitge.de\/de\/dokusnap\/","url_meta":{"origin":10,"position":4},"title":"Dokusnap","author":"dvladmin","date":"24. Januar 2018","format":false,"excerpt":"Dokusnap-Schulung f\u00fcr IT-Mitarbeiter Die Inhalte und der Ablauf der Docusnap-Schulungen sind darauf ausgerichtet, den Teilnehmern die bestm\u00f6gliche Nutzung der Softwarefunktionen beizubringen. Neben dem Wissen aus dem Handbuch werden viele Tipps aus der Praxis vermittelt. Die Schulungen sind in drei Einheiten gegliedert: Schulung nach Ma\u00df Alle Schulungen werden ausschlie\u00dflich von qualifizierten\u2026","rel":"","context":"\u00c4hnlicher Beitrag","block_context":{"text":"\u00c4hnlicher Beitrag","link":""},"img":{"alt_text":"","src":"https:\/\/i0.wp.com\/knowlitge.de\/wp-content\/uploads\/2018\/01\/docusnap-2.png?resize=350%2C200&ssl=1","width":350,"height":200},"classes":[]},{"id":483,"url":"https:\/\/knowlitge.de\/de\/f-secure\/","url_meta":{"origin":10,"position":5},"title":"F-Secure","author":"dvladmin","date":"24. Januar 2018","format":false,"excerpt":"F-Secure Schulung f\u00fcr IT-Mitarbeiter Die Inhalte und der Ablauf der F-Secure Schulungen sind darauf ausgerichtet, den Teilnehmern die bestm\u00f6gliche Nutzung der Softwarefunktionen beizubringen. Neben dem Wissen aus dem Handbuch werden viele Tipps aus der Praxis vermittelt. Die Schulungen sind in drei Einheiten gegliedert: Schulung nach Ma\u00df Alle Schulungen werden ausschlie\u00dflich\u2026","rel":"","context":"\u00c4hnlicher Beitrag","block_context":{"text":"\u00c4hnlicher Beitrag","link":""},"img":{"alt_text":"","src":"https:\/\/i0.wp.com\/knowlitge.de\/wp-content\/uploads\/2018\/01\/f-secure-3.png?resize=350%2C200&ssl=1","width":350,"height":200},"classes":[]}],"_links":{"self":[{"href":"https:\/\/knowlitge.de\/de\/wp-json\/wp\/v2\/pages\/10","targetHints":{"allow":["GET"]}}],"collection":[{"href":"https:\/\/knowlitge.de\/de\/wp-json\/wp\/v2\/pages"}],"about":[{"href":"https:\/\/knowlitge.de\/de\/wp-json\/wp\/v2\/types\/page"}],"author":[{"embeddable":true,"href":"https:\/\/knowlitge.de\/de\/wp-json\/wp\/v2\/users\/1"}],"replies":[{"embeddable":true,"href":"https:\/\/knowlitge.de\/de\/wp-json\/wp\/v2\/comments?post=10"}],"version-history":[{"count":12,"href":"https:\/\/knowlitge.de\/de\/wp-json\/wp\/v2\/pages\/10\/revisions"}],"predecessor-version":[{"id":1479,"href":"https:\/\/knowlitge.de\/de\/wp-json\/wp\/v2\/pages\/10\/revisions\/1479"}],"wp:attachment":[{"href":"https:\/\/knowlitge.de\/de\/wp-json\/wp\/v2\/media?parent=10"}],"curies":[{"name":"wp","href":"https:\/\/api.w.org\/{rel}","templated":true}]}}